{"id":75,"date":"2014-09-18T10:21:02","date_gmt":"2014-09-18T09:21:02","guid":{"rendered":"http:\/\/agora.xtec.cat\/inssantquirzelloret\/?page_id=75"},"modified":"2022-03-10T12:31:26","modified_gmt":"2022-03-10T11:31:26","slug":"activitats-extraescolars","status":"publish","type":"page","link":"https:\/\/agora.xtec.cat\/inssantquirzelloret\/serveis\/activitats-extraescolars\/","title":{"rendered":"Activitats extraescolars"},"content":{"rendered":"<p>El nostre \u00e9s un centre petit, i, de moment, no t\u00e9 oferta pr\u00f2pia d&#8217;activitats extraescolars.<\/p>\n<p>El nostre alumnat pot gaudir dels avantatges que ofereix el Pla d&#8217;Entorn de Lloret de Mar en la realitzaci\u00f3 d&#8217;activitats extraescolars coordinades amb el municipi.<\/p>\n","protected":false},"excerpt":{"rendered":"<p>El nostre \u00e9s un centre petit, i, de moment, no t\u00e9 oferta pr\u00f2pia d&#8217;activitats extraescolars.<br \/>\nEl nostre alumnat pot gaudir dels avantatges que ofereix el Pla d&#8217;Entorn de Lloret de Mar en la realitzaci\u00f3 d&#8217;activitats extraescolars coordinades amb el municipi.<\/p>\n","protected":false},"author":1,"featured_media":0,"parent":63,"menu_order":40,"comment_status":"closed","ping_status":"closed","template":"page-templates\/side-menu.php","meta":{"_bbp_topic_count":0,"_bbp_reply_count":0,"_bbp_total_topic_count":0,"_bbp_total_reply_count":0,"_bbp_voice_count":0,"_bbp_anonymous_reply_count":0,"_bbp_topic_count_hidden":0,"_bbp_reply_count_hidden":0,"_bbp_forum_subforum_count":0,"footnotes":""},"class_list":["post-75","page","type-page","status-publish","hentry"],"post_mailing_queue_ids":[],"_links":{"self":[{"href":"https:\/\/agora.xtec.cat\/inssantquirzelloret\/wp-json\/wp\/v2\/pages\/75","targetHints":{"allow":["GET"]}}],"collection":[{"href":"https:\/\/agora.xtec.cat\/inssantquirzelloret\/wp-json\/wp\/v2\/pages"}],"about":[{"href":"https:\/\/agora.xtec.cat\/inssantquirzelloret\/wp-json\/wp\/v2\/types\/page"}],"author":[{"embeddable":true,"href":"https:\/\/agora.xtec.cat\/inssantquirzelloret\/wp-json\/wp\/v2\/users\/1"}],"replies":[{"embeddable":true,"href":"https:\/\/agora.xtec.cat\/inssantquirzelloret\/wp-json\/wp\/v2\/comments?post=75"}],"version-history":[{"count":1,"href":"https:\/\/agora.xtec.cat\/inssantquirzelloret\/wp-json\/wp\/v2\/pages\/75\/revisions"}],"predecessor-version":[{"id":1172,"href":"https:\/\/agora.xtec.cat\/inssantquirzelloret\/wp-json\/wp\/v2\/pages\/75\/revisions\/1172"}],"up":[{"embeddable":true,"href":"https:\/\/agora.xtec.cat\/inssantquirzelloret\/wp-json\/wp\/v2\/pages\/63"}],"wp:attachment":[{"href":"https:\/\/agora.xtec.cat\/inssantquirzelloret\/wp-json\/wp\/v2\/media?parent=75"}],"curies":[{"name":"wp","href":"https:\/\/api.w.org\/{rel}","templated":true}]}}