{"id":704,"date":"2019-11-28T20:22:39","date_gmt":"2019-11-28T19:22:39","guid":{"rendered":"https:\/\/agora.xtec.cat\/inssantquirzelloret\/?page_id=704"},"modified":"2022-02-28T09:59:12","modified_gmt":"2022-02-28T08:59:12","slug":"programacions-i-criteris-davaluacio-per-materies","status":"publish","type":"page","link":"https:\/\/agora.xtec.cat\/inssantquirzelloret\/programacions-i-criteris-davaluacio-per-materies\/","title":{"rendered":"Programacions i criteris d&#8217;avaluaci\u00f3 per mat\u00e8ries"},"content":{"rendered":"<p>&nbsp;<\/p>\n<h3 style=\"text-align: center;\">PROGRAMACIONS I CRITERIS D&#8217;AVALUACI\u00d3 PER MAT\u00c8RIES &#8211; CURS 2021-2022<\/h3>\n<h3><\/h3>\n<h3 style=\"text-align: center;\"><strong>PRIMER D&#8217;ESO<\/strong><\/h3>\n<p style=\"text-align: center;\"><a href=\"https:\/\/docs.google.com\/document\/d\/10Itst6p2IvbIRgKvVYJMXLiycrrw-Bar\/edit?usp=sharing&amp;ouid=101033403101427677516&amp;rtpof=true&amp;sd=true\">PROGRAMACI\u00d3 CATAL\u00c0<\/a><\/p>\n<p style=\"text-align: center;\"><a href=\"https:\/\/docs.google.com\/document\/d\/131QQCTB3dAeX5OMOe0PCiIEVrngK976S\/edit?usp=sharing&amp;ouid=101033403101427677516&amp;rtpof=true&amp;sd=true\">PROGRAMACI\u00d3 CASTELL\u00c0<\/a><\/p>\n<p style=\"text-align: center;\"><a href=\"https:\/\/docs.google.com\/document\/d\/1B-M4Bae6sRBBGtiQUuY-UdK5PM7XzIIA\/edit?usp=sharing&amp;ouid=101033403101427677516&amp;rtpof=true&amp;sd=true\">PROGRAMACI\u00d3 ANGL\u00c8S<\/a><\/p>\n<p style=\"text-align: center;\"><a href=\"https:\/\/docs.google.com\/document\/d\/1B-M4Bae6sRBBGtiQUuY-UdK5PM7XzIIA\/edit?usp=sharing&amp;ouid=101033403101427677516&amp;rtpof=true&amp;sd=true\">PROGRAMACI\u00d3 MATEM\u00c0TIQUES<\/a><\/p>\n<p style=\"text-align: center;\"><a href=\"https:\/\/docs.google.com\/document\/d\/1B-M4Bae6sRBBGtiQUuY-UdK5PM7XzIIA\/edit?usp=sharing&amp;ouid=101033403101427677516&amp;rtpof=true&amp;sd=true\">PROGRAMACI\u00d3 SOCIALS<\/a><\/p>\n<p style=\"text-align: center;\"><a href=\"https:\/\/docs.google.com\/document\/d\/1B-M4Bae6sRBBGtiQUuY-UdK5PM7XzIIA\/edit?usp=sharing&amp;ouid=101033403101427677516&amp;rtpof=true&amp;sd=true\">PROGRAMACI\u00d3 NATURALS<\/a><\/p>\n<p style=\"text-align: center;\"><a href=\"https:\/\/docs.google.com\/document\/d\/1B-M4Bae6sRBBGtiQUuY-UdK5PM7XzIIA\/edit?usp=sharing&amp;ouid=101033403101427677516&amp;rtpof=true&amp;sd=true\">PROGRAMACI\u00d3 TECNOLOGIA<\/a><\/p>\n<p style=\"text-align: center;\"><a href=\"https:\/\/docs.google.com\/document\/d\/1bIVCixL57klNeX-GJMwbGOdqTjx3wG0H\/edit?usp=sharing&amp;ouid=101033403101427677516&amp;rtpof=true&amp;sd=true\">PROGRAMACI\u00d3 M\u00daSICA<\/a><\/p>\n<p style=\"text-align: center;\"><a href=\"https:\/\/docs.google.com\/document\/d\/1LuvkANynzegKmh9NYSnSrLsf6ucvhln-\/edit?usp=sharing&amp;ouid=101033403101427677516&amp;rtpof=true&amp;sd=true\">PROGRAMACI\u00d3 EDUCACI\u00d3 F\u00cdSICA<\/a><\/p>\n<p style=\"text-align: center;\"><a href=\"https:\/\/docs.google.com\/document\/d\/1LuvkANynzegKmh9NYSnSrLsf6ucvhln-\/edit?usp=sharing&amp;ouid=101033403101427677516&amp;rtpof=true&amp;sd=true\">PROGRAMACI\u00d3 VISUAL I PL\u00c0STICA<\/a><\/p>\n<p style=\"text-align: center;\"><a href=\"https:\/\/docs.google.com\/document\/d\/1RLwANw83foGF2J4immZ8zq-68IR0Z3Aj\/edit?usp=sharing&amp;ouid=101033403101427677516&amp;rtpof=true&amp;sd=true\">PROGRAMACI\u00d3 OPTATIVA: &#8220;ESTRAT\u00c8GIES&#8221;<\/a><\/p>\n<p style=\"text-align: center;\"><a href=\"https:\/\/docs.google.com\/document\/d\/19brMaFPJgOWvDZHt60kc5RBGdhfFvqJt\/edit?usp=sharing&amp;ouid=101033403101427677516&amp;rtpof=true&amp;sd=true\">PROGRAMACI\u00d3 C.I.V.E.\/T.I.C. (Cultura i valors \u00e8tics)<\/a><\/p>\n<p>&nbsp;<\/p>\n<p>&nbsp;<\/p>\n<h3 style=\"text-align: center;\"><strong>SEGON D&#8217;ESO<\/strong><\/h3>\n<p style=\"text-align: center;\"><a href=\"https:\/\/docs.google.com\/document\/d\/1dKgby_lRdzI-uXPxdT73vnAUqeRI99V_\/edit?usp=sharing&amp;ouid=101033403101427677516&amp;rtpof=true&amp;sd=true\">PROGRAMACI\u00d3 CATAL\u00c0<\/a><\/p>\n<p style=\"text-align: center;\"><a href=\"https:\/\/docs.google.com\/document\/d\/1INW0B5Tkp7O2mkQjZoMPr4Jq_F2Gt3JD\/edit?usp=sharing&amp;ouid=101033403101427677516&amp;rtpof=true&amp;sd=true\">PROGRAMACI\u00d3 CASTELL\u00c0<\/a><\/p>\n<p style=\"text-align: center;\"><a href=\"https:\/\/docs.google.com\/document\/d\/1WYiHmwvKSEbZo9xIQ8Z6iEA5Usqj_6hp\/edit?usp=sharing&amp;ouid=101033403101427677516&amp;rtpof=true&amp;sd=true\">PROGRAMACI\u00d3 ANGL\u00c8S<\/a><\/p>\n<p style=\"text-align: center;\"><a href=\"https:\/\/docs.google.com\/document\/d\/1fEkannLvoR8zvv6p68ObRPK8fFHvCL4P\/edit?usp=sharing&amp;ouid=101033403101427677516&amp;rtpof=true&amp;sd=true\">PROGRAMACI\u00d3 MATEM\u00c0TIQUES<\/a><\/p>\n<p style=\"text-align: center;\"><a href=\"https:\/\/docs.google.com\/document\/d\/1T2MFyR6nn_mRHenO4WOp_WDbHR3m5GKN\/edit?usp=sharing&amp;ouid=101033403101427677516&amp;rtpof=true&amp;sd=true\">PROGRAMACI\u00d3 SOCIALS<\/a><\/p>\n<p style=\"text-align: center;\"><a href=\"https:\/\/docs.google.com\/document\/d\/1NLRB0oJrvTrmVQxQYp8qVhhzBZbzIIX3\/edit?usp=sharing&amp;ouid=101033403101427677516&amp;rtpof=true&amp;sd=true\">PROGRAMACI\u00d3 NATURALS<\/a><\/p>\n<p style=\"text-align: center;\"><a href=\"https:\/\/docs.google.com\/document\/d\/1OYKyQEXBsMtkNzfAOHG0PPPK9DKNFr2x\/edit?usp=sharing&amp;ouid=101033403101427677516&amp;rtpof=true&amp;sd=true\">PROGRAMACI\u00d3 TECNOLOGIA<\/a><\/p>\n<p style=\"text-align: center;\"><a href=\"https:\/\/docs.google.com\/document\/d\/14fxTIWO68BoJ_8bKVVnC0TLEudABxfwS\/edit?usp=sharing&amp;ouid=101033403101427677516&amp;rtpof=true&amp;sd=true\">PROGRAMACI\u00d3 VISUAL I PL\u00c0STICA<\/a><\/p>\n<p style=\"text-align: center;\"><a href=\"https:\/\/docs.google.com\/document\/d\/1ip3vEnNCD-Em7CrJLY308uojZADHKKdo\/edit?usp=sharing&amp;ouid=101033403101427677516&amp;rtpof=true&amp;sd=true\">PROGRAMACI\u00d3 OPTATIVA: &#8220;ESTRAT\u00c8GIES&#8221;<\/a><\/p>\n<h3><\/h3>\n<h3 style=\"text-align: center;\"><strong>TERCER D&#8217;ESO<\/strong><\/h3>\n<p style=\"text-align: center;\"><a href=\"https:\/\/docs.google.com\/document\/d\/1cd4m-dOSlcb_cAchOZMsh3hFqYX9mOaV\/edit?usp=sharing&amp;ouid=101033403101427677516&amp;rtpof=true&amp;sd=true\">PROGRAMACI\u00d3 CATAL\u00c0<\/a><\/p>\n<p style=\"text-align: center;\"><a href=\"https:\/\/docs.google.com\/document\/d\/1t4btpPz-qMF1xnRWxpcuF3S4qMv093Oe\/edit?usp=sharing&amp;ouid=101033403101427677516&amp;rtpof=true&amp;sd=true\">PROGRAMACI\u00d3 CASTELL\u00c0<\/a><\/p>\n<p style=\"text-align: center;\"><a href=\"https:\/\/docs.google.com\/document\/d\/12KllezgtkSRkwzp1L1rLr63fSOzXn5K_\/edit?usp=sharing&amp;ouid=101033403101427677516&amp;rtpof=true&amp;sd=true\">PROGRAMACI\u00d3 ANGL\u00c8S<\/a><\/p>\n<p style=\"text-align: center;\"><a href=\"https:\/\/docs.google.com\/document\/d\/10oLDVgfi0jLiOf5909V53Av1qXe5Q7gi\/edit?usp=sharing&amp;ouid=101033403101427677516&amp;rtpof=true&amp;sd=true\">PROGRAMACI\u00d3 MATEM\u00c0TIQUES<\/a><\/p>\n<p style=\"text-align: center;\"><a href=\"https:\/\/docs.google.com\/document\/d\/1tthTp3IQekMEZ9v7scSi09HARfVRSG9-\/edit?usp=sharing&amp;ouid=101033403101427677516&amp;rtpof=true&amp;sd=true\">PROGRAMACI\u00d3 SOCIALS<\/a><\/p>\n<p style=\"text-align: center;\"><a href=\"https:\/\/docs.google.com\/document\/d\/1tthTp3IQekMEZ9v7scSi09HARfVRSG9-\/edit?usp=sharing&amp;ouid=101033403101427677516&amp;rtpof=true&amp;sd=true\">PROGRAMACI\u00d3 F\u00cdSICA I QU\u00cdMICA<\/a><\/p>\n<p style=\"text-align: center;\"><a href=\"https:\/\/docs.google.com\/document\/d\/17t1O_AST33SifFmZt0Kii6Yk_dOJBYJB\/edit?usp=sharing&amp;ouid=101033403101427677516&amp;rtpof=true&amp;sd=true\">PROGRAMACI\u00d3 BIOLOGIA I GEOLOGIA<\/a><\/p>\n<p style=\"text-align: center;\"><a href=\"https:\/\/docs.google.com\/document\/d\/1Vw_p65qvn33gAnDQNYQGzh0HtwNWIPO-\/edit?usp=sharing&amp;ouid=101033403101427677516&amp;rtpof=true&amp;sd=true\">PROGRAMACI\u00d3 TECNOLOGIA<\/a><\/p>\n<p style=\"text-align: center;\"><a href=\"https:\/\/docs.google.com\/document\/d\/1ISOomnE6lrPDrROHhkjZw3N0GqqQhzCR\/edit?usp=sharing&amp;ouid=101033403101427677516&amp;rtpof=true&amp;sd=true\">PROGRAMACI\u00d3 M\u00daSICA<\/a><\/p>\n<p style=\"text-align: center;\"><a href=\"https:\/\/docs.google.com\/document\/d\/15RkU8IdJAApZC9b58n7x6WOE9T8Hw-sB\/edit?usp=sharing&amp;ouid=101033403101427677516&amp;rtpof=true&amp;sd=true\">PROGRAMACI\u00d3 OPTATIVA: &#8220;INTRODUCCI\u00d3 AL FRANC\u00c8S&#8221;<\/a><\/p>\n<p style=\"text-align: center;\"><a href=\"https:\/\/docs.google.com\/document\/d\/1NDWBR3MoDFdO5_NlO1haX_OlkVzafxzX\/edit?usp=sharing&amp;ouid=101033403101427677516&amp;rtpof=true&amp;sd=true\">PROGRAMACI\u00d3 OPTATIVA: &#8220;MEDIACI\u00d3&#8221;<\/a><\/p>\n<p style=\"text-align: center;\"><a href=\"https:\/\/docs.google.com\/document\/d\/1tx6OTrmJ7Ni5-S68_6x5sX-Mj19-i5pG\/edit?usp=sharing&amp;ouid=101033403101427677516&amp;rtpof=true&amp;sd=true\">PROGRAMACI\u00d3 OPTATIVA: &#8220;DIBUIX&#8221;<\/a><\/p>\n<p style=\"text-align: center;\"><a href=\"https:\/\/docs.google.com\/document\/d\/1RsccBQmNEMj9ViHKY1vS5MY4b7MkuwzC\/edit?usp=sharing&amp;ouid=101033403101427677516&amp;rtpof=true&amp;sd=true\">PROGRAMACI\u00d3 OPTATIVA: &#8220;ECONOMIA I EMPRENEDORIA&#8221;<\/a><\/p>\n<p>&nbsp;<\/p>\n","protected":false},"excerpt":{"rendered":"<p>&nbsp;<br \/>\nPROGRAMACIONS I CRITERIS D&#8217;AVALUACI\u00d3 PER MAT\u00c8RIES &#8211; CURS 2021-2022<\/p>\n<p>PRIMER D&#8217;ESO<br \/>\n<a href=\"https:\/\/docs.google.com\/document\/d\/10Itst6p2IvbIRgKvVYJMXLiycrrw-Bar\/edit?usp=sharing&amp;ouid=101033403101427677516&amp;rtpof=true&amp;sd=true\">PROGRAMACI\u00d3 CATAL\u00c0<\/a><br \/>\n<a href=\"https:\/\/docs.google.com\/document\/d\/131QQCTB3dAeX5OMOe0PCiIEVrngK976S\/edit?usp=sharing&amp;ouid=101033403101427677516&amp;rtpof=true&amp;sd=true\">PROGRAMACI\u00d3 CASTELL\u00c0<\/a><br \/>\n<a href=\"https:\/\/docs.google.com\/document\/d\/1B-M4Bae6sRBBGtiQUuY-UdK5PM7XzIIA\/edit?usp=sharing&amp;ouid=101033403101427677516&amp;rtpof=true&amp;sd=true\">PROGRAMACI\u00d3 ANGL\u00c8S<\/a><br \/>\n<a href=\"https:\/\/docs.google.com\/document\/d\/1B-M4Bae6sRBBGtiQUuY-UdK5PM7XzIIA\/edit?usp=sharing&amp;ouid=101033403101427677516&amp;rtpof=true&amp;sd=true\">PROGRAMACI\u00d3 MATEM\u00c0TIQUES<\/a><br \/>\n<a href=\"https:\/\/docs.google.com\/document\/d\/1B-M4Bae6sRBBGtiQUuY-UdK5PM7XzIIA\/edit?usp=sharing&amp;ouid=101033403101427677516&amp;rtpof=true&amp;sd=true\">PROGRAMACI\u00d3 SOCIALS<\/a><br \/>\n<a href=\"https:\/\/docs.google.com\/document\/d\/1B-M4Bae6sRBBGtiQUuY-UdK5PM7XzIIA\/edit?usp=sharing&amp;ouid=101033403101427677516&amp;rtpof=true&amp;sd=true\">PROGRAMACI\u00d3 NATURALS<\/a><br \/>\n<a href=\"https:\/\/docs.google.com\/document\/d\/1B-M4Bae6sRBBGtiQUuY-UdK5PM7XzIIA\/edit?usp=sharing&amp;ouid=101033403101427677516&amp;rtpof=true&amp;sd=true\">PROGRAMACI\u00d3 TECNOLOGIA<\/a><br \/>\n<a href=\"https:\/\/docs.google.com\/document\/d\/1bIVCixL57klNeX-GJMwbGOdqTjx3wG0H\/edit?usp=sharing&amp;ouid=101033403101427677516&amp;rtpof=true&amp;sd=true\">PROGRAMACI\u00d3 M\u00daSICA<\/a><br \/>\n<a href=\"https:\/\/docs.google.com\/document\/d\/1LuvkANynzegKmh9NYSnSrLsf6ucvhln-\/edit?usp=sharing&amp;ouid=101033403101427677516&amp;rtpof=true&amp;sd=true\">PROGRAMACI\u00d3 EDUCACI\u00d3 F\u00cdSICA<\/a><br \/>\n<a href=\"https:\/\/docs.google.com\/document\/d\/1LuvkANynzegKmh9NYSnSrLsf6ucvhln-\/edit?usp=sharing&amp;ouid=101033403101427677516&amp;rtpof=true&amp;sd=true\">PROGRAMACI\u00d3 VISUAL I PL\u00c0STICA<\/a><br \/>\n<a href=\"https:\/\/docs.google.com\/document\/d\/1RLwANw83foGF2J4immZ8zq-68IR0Z3Aj\/edit?usp=sharing&amp;ouid=101033403101427677516&amp;rtpof=true&amp;sd=true\">PROGRAMACI\u00d3 OPTATIVA: &#8220;ESTRAT\u00c8GIES&#8221;<\/a><br \/>\n<a href=\"https:\/\/docs.google.com\/document\/d\/19brMaFPJgOWvDZHt60kc5RBGdhfFvqJt\/edit?usp=sharing&amp;ouid=101033403101427677516&amp;rtpof=true&amp;sd=true\">PROGRAMACI\u00d3 C.I.V.E.\/T.I.C. (Cultura i valors \u00e8tics)<\/a><br \/>\n&nbsp;<br \/>\n&nbsp;<br \/>\nSEGON D&#8217;ESO<br \/>\n<a href=\"https:\/\/docs.google.com\/document\/d\/1dKgby_lRdzI-uXPxdT73vnAUqeRI99V_\/edit?usp=sharing&amp;ouid=101033403101427677516&amp;rtpof=true&amp;sd=true\">PROGRAMACI\u00d3 CATAL\u00c0<\/a><br \/>\n<a&hellip;  <a href=\"https:\/\/agora.xtec.cat\/inssantquirzelloret\/programacions-i-criteris-davaluacio-per-materies\/\" title=\"Read Programacions i criteris d&#8217;avaluaci\u00f3 per mat\u00e8ries\">Llegeix m\u00e9s\u00bb<\/a><\/p>\n","protected":false},"author":1,"featured_media":0,"parent":0,"menu_order":0,"comment_status":"closed","ping_status":"closed","template":"","meta":{"_bbp_topic_count":0,"_bbp_reply_count":0,"_bbp_total_topic_count":0,"_bbp_total_reply_count":0,"_bbp_voice_count":0,"_bbp_anonymous_reply_count":0,"_bbp_topic_count_hidden":0,"_bbp_reply_count_hidden":0,"_bbp_forum_subforum_count":0,"footnotes":""},"class_list":["post-704","page","type-page","status-publish","hentry"],"post_mailing_queue_ids":[],"_links":{"self":[{"href":"https:\/\/agora.xtec.cat\/inssantquirzelloret\/wp-json\/wp\/v2\/pages\/704","targetHints":{"allow":["GET"]}}],"collection":[{"href":"https:\/\/agora.xtec.cat\/inssantquirzelloret\/wp-json\/wp\/v2\/pages"}],"about":[{"href":"https:\/\/agora.xtec.cat\/inssantquirzelloret\/wp-json\/wp\/v2\/types\/page"}],"author":[{"embeddable":true,"href":"https:\/\/agora.xtec.cat\/inssantquirzelloret\/wp-json\/wp\/v2\/users\/1"}],"replies":[{"embeddable":true,"href":"https:\/\/agora.xtec.cat\/inssantquirzelloret\/wp-json\/wp\/v2\/comments?post=704"}],"version-history":[{"count":3,"href":"https:\/\/agora.xtec.cat\/inssantquirzelloret\/wp-json\/wp\/v2\/pages\/704\/revisions"}],"predecessor-version":[{"id":1151,"href":"https:\/\/agora.xtec.cat\/inssantquirzelloret\/wp-json\/wp\/v2\/pages\/704\/revisions\/1151"}],"wp:attachment":[{"href":"https:\/\/agora.xtec.cat\/inssantquirzelloret\/wp-json\/wp\/v2\/media?parent=704"}],"curies":[{"name":"wp","href":"https:\/\/api.w.org\/{rel}","templated":true}]}}