{"id":638,"date":"2019-09-23T20:45:18","date_gmt":"2019-09-23T18:45:18","guid":{"rendered":"https:\/\/agora.xtec.cat\/inssantquirzelloret\/?page_id=638"},"modified":"2022-03-10T11:50:11","modified_gmt":"2022-03-10T10:50:11","slug":"blogs-de-materies","status":"publish","type":"page","link":"https:\/\/agora.xtec.cat\/inssantquirzelloret\/blogs-de-materies\/","title":{"rendered":"Blogs de mat\u00e8ries"},"content":{"rendered":"<p>Aqu\u00ed trobareu els enlla\u00e7os a diferents blogs que el professorat ha preparat per a la seva mat\u00e8ria.<\/p>\n<p><a href=\"https:\/\/blocs.xtec.cat\/bibliotecaisq\/\">Blog del Pla Lector<\/a><\/p>\n<p>Llengua catalana<\/p>\n<p>&nbsp;<\/p>\n","protected":false},"excerpt":{"rendered":"<p>Aqu\u00ed trobareu els enlla\u00e7os a diferents blogs que el professorat ha preparat per a la seva mat\u00e8ria.<br \/>\n<a href=\"https:\/\/blocs.xtec.cat\/bibliotecaisq\/\">Blog del Pla Lector<\/a><br \/>\nLlengua catalana<br \/>\n&nbsp;<\/p>\n","protected":false},"author":1,"featured_media":0,"parent":0,"menu_order":0,"comment_status":"closed","ping_status":"closed","template":"","meta":{"_bbp_topic_count":0,"_bbp_reply_count":0,"_bbp_total_topic_count":0,"_bbp_total_reply_count":0,"_bbp_voice_count":0,"_bbp_anonymous_reply_count":0,"_bbp_topic_count_hidden":0,"_bbp_reply_count_hidden":0,"_bbp_forum_subforum_count":0,"footnotes":""},"class_list":["post-638","page","type-page","status-publish","hentry"],"post_mailing_queue_ids":[],"_links":{"self":[{"href":"https:\/\/agora.xtec.cat\/inssantquirzelloret\/wp-json\/wp\/v2\/pages\/638","targetHints":{"allow":["GET"]}}],"collection":[{"href":"https:\/\/agora.xtec.cat\/inssantquirzelloret\/wp-json\/wp\/v2\/pages"}],"about":[{"href":"https:\/\/agora.xtec.cat\/inssantquirzelloret\/wp-json\/wp\/v2\/types\/page"}],"author":[{"embeddable":true,"href":"https:\/\/agora.xtec.cat\/inssantquirzelloret\/wp-json\/wp\/v2\/users\/1"}],"replies":[{"embeddable":true,"href":"https:\/\/agora.xtec.cat\/inssantquirzelloret\/wp-json\/wp\/v2\/comments?post=638"}],"version-history":[{"count":3,"href":"https:\/\/agora.xtec.cat\/inssantquirzelloret\/wp-json\/wp\/v2\/pages\/638\/revisions"}],"predecessor-version":[{"id":1170,"href":"https:\/\/agora.xtec.cat\/inssantquirzelloret\/wp-json\/wp\/v2\/pages\/638\/revisions\/1170"}],"wp:attachment":[{"href":"https:\/\/agora.xtec.cat\/inssantquirzelloret\/wp-json\/wp\/v2\/media?parent=638"}],"curies":[{"name":"wp","href":"https:\/\/api.w.org\/{rel}","templated":true}]}}