{"id":632,"date":"2019-09-23T18:52:46","date_gmt":"2019-09-23T16:52:46","guid":{"rendered":"https:\/\/agora.xtec.cat\/inssantquirzelloret\/?page_id=632"},"modified":"2019-09-23T20:50:11","modified_gmt":"2019-09-23T18:50:11","slug":"pla-daccio-tutorial","status":"publish","type":"page","link":"https:\/\/agora.xtec.cat\/inssantquirzelloret\/projecte-educatiu\/pla-daccio-tutorial\/","title":{"rendered":"Pla d&#8217;acci\u00f3 tutorial"},"content":{"rendered":"<p>Aquest curs encetem institut i pla d&#8217;acci\u00f3 tutorial. Hem unit les hores de tutoria i les de Cultura i Valors. Hem tra\u00e7at les pautes generals en aquesta presentaci\u00f3:<\/p>\n<p><iframe loading=\"lazy\" src=\"https:\/\/docs.google.com\/presentation\/d\/1Vil9Ge_iU4M-h6wgna-voYFt_RrvvZOV3uxziBWY9jU\/embed?start=false&amp;loop=false&amp;delayms=3000\" width=\"960\" height=\"569\" frameborder=\"0\" allowfullscreen=\"allowfullscreen\"><\/iframe><\/p>\n","protected":false},"excerpt":{"rendered":"<p>Aquest curs encetem institut i pla d&#8217;acci\u00f3 tutorial. Hem unit les hores de tutoria i les de Cultura i Valors. Hem tra\u00e7at les pautes generals en aquesta presentaci\u00f3:<\/p>\n","protected":false},"author":1,"featured_media":0,"parent":57,"menu_order":10,"comment_status":"closed","ping_status":"closed","template":"","meta":{"_bbp_topic_count":0,"_bbp_reply_count":0,"_bbp_total_topic_count":0,"_bbp_total_reply_count":0,"_bbp_voice_count":0,"_bbp_anonymous_reply_count":0,"_bbp_topic_count_hidden":0,"_bbp_reply_count_hidden":0,"_bbp_forum_subforum_count":0,"footnotes":""},"class_list":["post-632","page","type-page","status-publish","hentry"],"post_mailing_queue_ids":[],"_links":{"self":[{"href":"https:\/\/agora.xtec.cat\/inssantquirzelloret\/wp-json\/wp\/v2\/pages\/632","targetHints":{"allow":["GET"]}}],"collection":[{"href":"https:\/\/agora.xtec.cat\/inssantquirzelloret\/wp-json\/wp\/v2\/pages"}],"about":[{"href":"https:\/\/agora.xtec.cat\/inssantquirzelloret\/wp-json\/wp\/v2\/types\/page"}],"author":[{"embeddable":true,"href":"https:\/\/agora.xtec.cat\/inssantquirzelloret\/wp-json\/wp\/v2\/users\/1"}],"replies":[{"embeddable":true,"href":"https:\/\/agora.xtec.cat\/inssantquirzelloret\/wp-json\/wp\/v2\/comments?post=632"}],"version-history":[{"count":3,"href":"https:\/\/agora.xtec.cat\/inssantquirzelloret\/wp-json\/wp\/v2\/pages\/632\/revisions"}],"predecessor-version":[{"id":637,"href":"https:\/\/agora.xtec.cat\/inssantquirzelloret\/wp-json\/wp\/v2\/pages\/632\/revisions\/637"}],"up":[{"embeddable":true,"href":"https:\/\/agora.xtec.cat\/inssantquirzelloret\/wp-json\/wp\/v2\/pages\/57"}],"wp:attachment":[{"href":"https:\/\/agora.xtec.cat\/inssantquirzelloret\/wp-json\/wp\/v2\/media?parent=632"}],"curies":[{"name":"wp","href":"https:\/\/api.w.org\/{rel}","templated":true}]}}