{"id":49,"date":"2014-09-17T16:55:55","date_gmt":"2014-09-17T16:55:55","guid":{"rendered":"http:\/\/agora.xtec.cat\/inssantquirzelloret\/?page_id=49"},"modified":"2025-09-30T11:35:58","modified_gmt":"2025-09-30T09:35:58","slug":"normes-dorganitzacio-i-funcionament","status":"publish","type":"page","link":"https:\/\/agora.xtec.cat\/inssantquirzelloret\/linstitut\/normes-dorganitzacio-i-funcionament\/","title":{"rendered":"Documents i normativa de centre"},"content":{"rendered":"<p>&nbsp;<\/p>\n<p style=\"text-align: center;\"><a href=\"https:\/\/drive.google.com\/file\/d\/1GXVwlA2ta_R7BRL9bp5VmetLCKbcBPLF\/view?usp=drive_link\"><strong>PROJECTE EDUCATIU\u00a0 (Aprovat en Consell Escolar 9-4-2024)<\/strong><\/a><\/p>\n<p style=\"text-align: center;\"><a href=\"https:\/\/drive.google.com\/file\/d\/1Fbfrjb4Fka9BhPTdov0fH_KV9DaYq3JT\/view?usp=sharing\"><strong>PROJECTE LING\u00dc\u00cdSTIC (Incl\u00f2s al P.E.C., aprovat en Consell Escolar 22-6-2021)<\/strong><\/a><\/p>\n<p style=\"text-align: center;\"><a href=\"https:\/\/drive.google.com\/file\/d\/1YRmHmro1Uq1JDnEhcnkNrzmJh4eJwWBy\/view?usp=drive_link\"><strong>NORMES D&#8217;ORGANITZACI\u00d3 I FUNCIONAMENT DEL CENTRE (NOFC) (Aprovades en Consell Escolar del dia 25-6-2025)<\/strong><\/a><\/p>\n<p style=\"text-align: center;\"><a href=\"file:\/\/\/C:\/Users\/cgrabule\/Downloads\/COMPET%C3%88NCIES%20TRANSVERSALS%2024-25.pdf\">COMPET\u00c8NCIES TRANSVERSALS &#8211; Quadre-resum de centre<\/a><\/p>\n<p style=\"text-align: center;\"><a href=\"https:\/\/drive.google.com\/file\/d\/13FTeAPRUPknq6J_XPqRfDS07cfV14x7Y\/view?usp=drive_link\">CONVENI D&#8217;\u00daS SOCIAL: PISTA ESPORTIVA MUNICIPAL<\/a><\/p>\n<p style=\"text-align: center;\"><a href=\"https:\/\/drive.google.com\/file\/d\/1-w4PUbAnQUjCmhWhLT9rrBysDjVDeioa\/view?usp=drive_link\">CONVENI D&#8217;\u00daS SOCIAL: TALLERS D&#8217;ESTUDI ASSISTIT ORGANITZATS PER L&#8217;AJUNTAMENT EN HORARI DE TARDES<\/a><\/p>\n<p style=\"text-align: center;\"><a href=\"https:\/\/drive.google.com\/file\/d\/12vzYFNl8MB7X5KxNqtzHo8btGWkoCaxh\/view?usp=drive_link\"><strong>PROCEDIMENT DE RECLAMACI\u00d3 (Qualificacions de final de curs&#8230;) (NOFC, 9.3)<\/strong><\/a><\/p>\n<p style=\"text-align: center;\"><a href=\"https:\/\/drive.google.com\/file\/d\/1TnDHpr99frSl0QkPYLL8_dSAlmkTodoc\/view?usp=sharing\"><strong>QUADRE DE FALTES I SANCIONS O MESURES CORRECTORES APLICABLES (NOFC Aprovades en Consell Escolar 25-6-2024)<\/strong><\/a><\/p>\n<p style=\"text-align: center;\"><a href=\"https:\/\/drive.google.com\/file\/d\/1TsFNJA5ho--Ep4dZ0IO36mrpnW7jhQVP\/view?usp=sharing\">NORMATIVA D&#8217;\u00daS DE DISPOSITIUS ELECTR\u00d2NICS (M\u00d2BILS I PORT\u00c0TILS) (NOFC, 25-6-2024)<\/a><\/p>\n<p style=\"text-align: center;\"><strong><a href=\"https:\/\/drive.google.com\/file\/d\/1We5U8wP0O5rzOL08pmgxkKJMG3GRDpJJ\/view?usp=sharing\">Carta de comprom\u00eds educatiu<\/a><\/strong><\/p>\n<p style=\"text-align: center;\"><strong>PRESSUPOST EXERCICI 2023<\/strong><\/p>\n<p style=\"text-align: center;\">QUOTA D&#8217;AFILIACI\u00d3 A L&#8217;A.F.A.:\u00a0 30 \u20ac\/curs<\/p>\n<p style=\"text-align: center;\">QUOTA DE MATERIAL D&#8217;\u00daS COL\u00b7LECTIU: 60\u20ac\/curs<\/p>\n<p style=\"text-align: center;\">QUOTA DE SORTIDES: 70\u20ac\/Curs<\/p>\n<h4 style=\"text-align: center;\"><\/h4>\n<p style=\"text-align: center;\"><a href=\"https:\/\/docs.google.com\/document\/d\/1nJYFIHcVNHNYErWdGin3rWMaTDxAj2qUDFElXoJy17o\/edit?usp=sharing\">SOL\u00b7LICITUDS DIVERSES ADRE\u00c7ADES A LA DIRECCI\u00d3 DEL CENTRE &#8211; MODEL D&#8217;INST\u00c0NCIA GEN\u00c8RICA<\/a><\/p>\n<p style=\"text-align: center;\"><a href=\"http:\/\/educacio.gencat.cat\/ca\/departament\/proteccio-dades\/drets-persones-interessades\/\">Acc\u00e9s a formularis relatius al tractament de dades personals (Generalitat de Catalunya)<\/a><\/p>\n<p>&nbsp;<\/p>\n<h3 style=\"text-align: center;\">LLIBRES I MATERIAL<\/h3>\n<p style=\"text-align: center;\"><a href=\"https:\/\/drive.google.com\/file\/d\/1DNWA9vKm13HKkW10V0kPcm9bKoNGK30T\/view?usp=sharing\">LLIBRES DE TEXT I MATERIAL INDIVIDUAL (1r. ESO)<\/a><\/p>\n<p style=\"text-align: center;\"><a href=\"https:\/\/drive.google.com\/file\/d\/17gSdasNWZw1eIlbXlqVo21m-HbJ6_DM9\/view?usp=sharing\">LLIBRES DE TEXT I MATERIAL INDIVIDUAL (2n. ESO)<\/a><\/p>\n<p style=\"text-align: center;\"><a href=\"https:\/\/drive.google.com\/file\/d\/1jJBJW_pubuCnQVB4RujLtZBYMuGZEWbW\/view?usp=sharing\">LLIBRES DE TEXT I MATERIAL INDIVIDUAL (3r. ESO)<\/a><\/p>\n<p style=\"text-align: center;\"><a href=\"https:\/\/drive.google.com\/file\/d\/1wEKN8igsu-kj5tFqznq6OC0qY3-Y3Agn\/view?usp=sharing\">LLIBRES DE TEXT I MATERIAL INDIVIDUAL (4t. ESO)<\/a><\/p>\n<p>&nbsp;<\/p>\n<p>&nbsp;<\/p>\n<p style=\"text-align: center;\">\n","protected":false},"excerpt":{"rendered":"<p>&nbsp;<br \/>\n<a href=\"https:\/\/drive.google.com\/file\/d\/1GXVwlA2ta_R7BRL9bp5VmetLCKbcBPLF\/view?usp=drive_link\">PROJECTE EDUCATIU\u00a0 (Aprovat en Consell Escolar 9-4-2024)<\/a><br \/>\n<a href=\"https:\/\/drive.google.com\/file\/d\/1Fbfrjb4Fka9BhPTdov0fH_KV9DaYq3JT\/view?usp=sharing\">PROJECTE LING\u00dc\u00cdSTIC (Incl\u00f2s al P.E.C., aprovat en Consell Escolar 22-6-2021)<\/a><br \/>\n<a href=\"https:\/\/drive.google.com\/file\/d\/1YRmHmro1Uq1JDnEhcnkNrzmJh4eJwWBy\/view?usp=drive_link\">NORMES D&#8217;ORGANITZACI\u00d3 I FUNCIONAMENT DEL CENTRE (NOFC) (Aprovades en Consell Escolar del dia 25-6-2025)<\/a><br \/>\n<a href=\"file:\/\/\/C:\/Users\/cgrabule\/Downloads\/COMPET%C3%88NCIES%20TRANSVERSALS%2024-25.pdf\">COMPET\u00c8NCIES TRANSVERSALS &#8211; Quadre-resum de centre<\/a><br \/>\n<a href=\"https:\/\/drive.google.com\/file\/d\/13FTeAPRUPknq6J_XPqRfDS07cfV14x7Y\/view?usp=drive_link\">CONVENI D&#8217;\u00daS SOCIAL: PISTA ESPORTIVA MUNICIPAL<\/a><br \/>\n<a href=\"https:\/\/drive.google.com\/file\/d\/1-w4PUbAnQUjCmhWhLT9rrBysDjVDeioa\/view?usp=drive_link\">CONVENI&hellip;  <a href=\"https:\/\/agora.xtec.cat\/inssantquirzelloret\/linstitut\/normes-dorganitzacio-i-funcionament\/\" title=\"Read Documents i normativa de centre\">Llegeix m\u00e9s\u00bb<\/a><\/p>\n","protected":false},"author":1,"featured_media":0,"parent":19,"menu_order":60,"comment_status":"closed","ping_status":"closed","template":"page-templates\/side-menu.php","meta":{"_bbp_topic_count":0,"_bbp_reply_count":0,"_bbp_total_topic_count":0,"_bbp_total_reply_count":0,"_bbp_voice_count":0,"_bbp_anonymous_reply_count":0,"_bbp_topic_count_hidden":0,"_bbp_reply_count_hidden":0,"_bbp_forum_subforum_count":0,"footnotes":""},"class_list":["post-49","page","type-page","status-publish","hentry"],"post_mailing_queue_ids":[],"_links":{"self":[{"href":"https:\/\/agora.xtec.cat\/inssantquirzelloret\/wp-json\/wp\/v2\/pages\/49","targetHints":{"allow":["GET"]}}],"collection":[{"href":"https:\/\/agora.xtec.cat\/inssantquirzelloret\/wp-json\/wp\/v2\/pages"}],"about":[{"href":"https:\/\/agora.xtec.cat\/inssantquirzelloret\/wp-json\/wp\/v2\/types\/page"}],"author":[{"embeddable":true,"href":"https:\/\/agora.xtec.cat\/inssantquirzelloret\/wp-json\/wp\/v2\/users\/1"}],"replies":[{"embeddable":true,"href":"https:\/\/agora.xtec.cat\/inssantquirzelloret\/wp-json\/wp\/v2\/comments?post=49"}],"version-history":[{"count":7,"href":"https:\/\/agora.xtec.cat\/inssantquirzelloret\/wp-json\/wp\/v2\/pages\/49\/revisions"}],"predecessor-version":[{"id":2396,"href":"https:\/\/agora.xtec.cat\/inssantquirzelloret\/wp-json\/wp\/v2\/pages\/49\/revisions\/2396"}],"up":[{"embeddable":true,"href":"https:\/\/agora.xtec.cat\/inssantquirzelloret\/wp-json\/wp\/v2\/pages\/19"}],"wp:attachment":[{"href":"https:\/\/agora.xtec.cat\/inssantquirzelloret\/wp-json\/wp\/v2\/media?parent=49"}],"curies":[{"name":"wp","href":"https:\/\/api.w.org\/{rel}","templated":true}]}}