{"id":27,"date":"2014-09-17T16:24:03","date_gmt":"2014-09-17T16:24:03","guid":{"rendered":"http:\/\/agora.xtec.cat\/inssantquirzelloret\/?page_id=27"},"modified":"2023-01-26T12:29:19","modified_gmt":"2023-01-26T11:29:19","slug":"historia","status":"publish","type":"page","link":"https:\/\/agora.xtec.cat\/inssantquirzelloret\/linstitut\/historia\/","title":{"rendered":"Hist\u00f2ria"},"content":{"rendered":"<p style=\"text-align: justify;\"><span style=\"font-weight: 400;\">L\u2019Institut Sant Quirze \u00e9s un centre p\u00fablic d\u2019ensenyament secundari que va obrir les portes a Lloret de Mar el curs 2019-2020, fruit del fort creixement de la poblaci\u00f3 al municipi, amb la finalitat d\u2019atendre i formar un alumnat molt divers, procedent de tots els barris de Lloret de Mar, i d\u2019or\u00edgens tamb\u00e9 molt diversos.<\/span><\/p>\n<p style=\"text-align: justify;\"><span style=\"font-weight: 400;\">L&#8217;institut neix per donar resposta a les necessitats educatives que genera aquest creixement demogr\u00e0fic, i vetlla perqu\u00e8 la poblaci\u00f3 nouvinguda trobi en l&#8217;institut la manera ideal d&#8217;incorporar-se i integrar-se a la vida del poble amb la resta dels seus companys i companyes i ajudi aix\u00ed a perfilar la nova ciutadania del Lloret contemporani.\u00a0<\/span><\/p>\n<p style=\"text-align: justify;\"><span style=\"font-weight: 400;\">l&#8217;Institut Sant Quirze t\u00e9 com a objectius fonamentals la formaci\u00f3, orientaci\u00f3 i acreditaci\u00f3 dels seus alumnes d&#8217;acord amb les finalitats marcades en les lleis educatives vigents i d&#8217;acord amb la identitat pr\u00f2pia de la zona educativa en qu\u00e8 s&#8217;emmarca. T\u00e9 com a trets propis la la\u00efcitat, la inclusivitat i el respecte a la pluralitat. Aix\u00f2 obliga a tenir una perspectiva globalitzadora i inclusiva.<\/span><\/p>\n<p style=\"text-align: justify;\">Tota la comunitat educativa hi est\u00e0 abocant molta il\u00b7lusi\u00f3 i energia de la bona, aix\u00ed que podem dir que la hist\u00f2ria s&#8217;est\u00e0 construint des del comprom\u00eds per una educaci\u00f3 de qualitat.<\/p>\n<p><a href=\"https:\/\/agora.xtec.cat\/inssantquirzelloret\/wp-content\/uploads\/usu996\/2023\/01\/1674127533641.jpg\"><img loading=\"lazy\" decoding=\"async\" class=\" wp-image-1262 aligncenter\" src=\"https:\/\/agora.xtec.cat\/inssantquirzelloret\/wp-content\/uploads\/usu996\/2023\/01\/1674127533641.jpg\" alt=\"\" width=\"443\" height=\"332\" srcset=\"https:\/\/agora.xtec.cat\/inssantquirzelloret\/wp-content\/uploads\/usu996\/2023\/01\/1674127533641.jpg 1600w, https:\/\/agora.xtec.cat\/inssantquirzelloret\/wp-content\/uploads\/usu996\/2023\/01\/1674127533641-300x225.jpg 300w, https:\/\/agora.xtec.cat\/inssantquirzelloret\/wp-content\/uploads\/usu996\/2023\/01\/1674127533641-1024x768.jpg 1024w, https:\/\/agora.xtec.cat\/inssantquirzelloret\/wp-content\/uploads\/usu996\/2023\/01\/1674127533641-768x576.jpg 768w, https:\/\/agora.xtec.cat\/inssantquirzelloret\/wp-content\/uploads\/usu996\/2023\/01\/1674127533641-1536x1152.jpg 1536w, https:\/\/agora.xtec.cat\/inssantquirzelloret\/wp-content\/uploads\/usu996\/2023\/01\/1674127533641-200x150.jpg 200w\" sizes=\"auto, (max-width: 443px) 100vw, 443px\" \/><\/a><\/p>\n<p style=\"text-align: justify;\">Ens situem al Puigvent\u00f3s, al carrer C\u00e0ndida Masgrau i Campeny, en homenatge a la primera habitant de Sant Quirze que es va caracteritzar pel seu esperit solidari i acollidor.<\/p>\n","protected":false},"excerpt":{"rendered":"<p>L\u2019Institut Sant Quirze \u00e9s un centre p\u00fablic d\u2019ensenyament secundari que va obrir les portes a Lloret de Mar el curs 2019-2020, fruit del fort creixement de la poblaci\u00f3 al municipi, amb la finalitat d\u2019atendre i formar un alumnat molt divers, procedent de tots els barris&hellip;  <a href=\"https:\/\/agora.xtec.cat\/inssantquirzelloret\/linstitut\/historia\/\" title=\"Read Hist\u00f2ria\">Llegeix m\u00e9s\u00bb<\/a><\/p>\n","protected":false},"author":1,"featured_media":0,"parent":19,"menu_order":20,"comment_status":"closed","ping_status":"closed","template":"page-templates\/side-menu.php","meta":{"_bbp_topic_count":0,"_bbp_reply_count":0,"_bbp_total_topic_count":0,"_bbp_total_reply_count":0,"_bbp_voice_count":0,"_bbp_anonymous_reply_count":0,"_bbp_topic_count_hidden":0,"_bbp_reply_count_hidden":0,"_bbp_forum_subforum_count":0,"footnotes":""},"class_list":["post-27","page","type-page","status-publish","hentry"],"post_mailing_queue_ids":[],"_links":{"self":[{"href":"https:\/\/agora.xtec.cat\/inssantquirzelloret\/wp-json\/wp\/v2\/pages\/27","targetHints":{"allow":["GET"]}}],"collection":[{"href":"https:\/\/agora.xtec.cat\/inssantquirzelloret\/wp-json\/wp\/v2\/pages"}],"about":[{"href":"https:\/\/agora.xtec.cat\/inssantquirzelloret\/wp-json\/wp\/v2\/types\/page"}],"author":[{"embeddable":true,"href":"https:\/\/agora.xtec.cat\/inssantquirzelloret\/wp-json\/wp\/v2\/users\/1"}],"replies":[{"embeddable":true,"href":"https:\/\/agora.xtec.cat\/inssantquirzelloret\/wp-json\/wp\/v2\/comments?post=27"}],"version-history":[{"count":3,"href":"https:\/\/agora.xtec.cat\/inssantquirzelloret\/wp-json\/wp\/v2\/pages\/27\/revisions"}],"predecessor-version":[{"id":1304,"href":"https:\/\/agora.xtec.cat\/inssantquirzelloret\/wp-json\/wp\/v2\/pages\/27\/revisions\/1304"}],"up":[{"embeddable":true,"href":"https:\/\/agora.xtec.cat\/inssantquirzelloret\/wp-json\/wp\/v2\/pages\/19"}],"wp:attachment":[{"href":"https:\/\/agora.xtec.cat\/inssantquirzelloret\/wp-json\/wp\/v2\/media?parent=27"}],"curies":[{"name":"wp","href":"https:\/\/api.w.org\/{rel}","templated":true}]}}