{"id":1641,"date":"2023-06-16T12:21:40","date_gmt":"2023-06-16T10:21:40","guid":{"rendered":"https:\/\/agora.xtec.cat\/inssantquirzelloret\/?page_id=1641"},"modified":"2023-06-16T12:21:51","modified_gmt":"2023-06-16T10:21:51","slug":"preinscripcio-2023-2024","status":"publish","type":"page","link":"https:\/\/agora.xtec.cat\/inssantquirzelloret\/preinscripcio-2023-2024\/","title":{"rendered":"PREINSCRIPCI\u00d3 2023-2024"},"content":{"rendered":"<h2><a href=\"https:\/\/docs.google.com\/presentation\/d\/10Tto_U443YLgNhbVY3yOZRpfy704wgRyzIL-Ul13Hn8\/edit?usp=sharing\">Enlla\u00e7 a informacions v\u00e0ries sobre el centre<\/a><\/h2>\n<h6>HORARI D\u2019ATENCI\u00d3 AL P\u00daBLIC (Administraci\u00f3 i secretaria): De dilluns a dijous, de 8,20h a 12,20h<\/h6>\n<h6>Tel\u00e8fon:\u00a0 972 654131 \u2013 677071297 \u2013 Correu electr\u00f2nic:\u00a0\u00a0<a href=\"mailto:b7010700@xtec.cat\">b7010700<span class=\"\">@xtec.cat<\/span><\/a><\/h6>\n<p>&nbsp;<\/p>\n<h4><a href=\"https:\/\/drive.google.com\/file\/d\/12u9pFdQKqs_lMyH6YkG-sh77EZY8b95K\/view?usp=drive_link\">LLISTA D\u2019ADMESOS (12-6-2023)<\/a><\/h4>\n<h4><a href=\"https:\/\/drive.google.com\/file\/d\/12t05aOl56p3FmyQu_fNb3Liuf3mbcksC\/view?usp=drive_link\">LLISTA D\u2019ESPERA (12-6-2023)<\/a><\/h4>\n<p>&nbsp;<\/p>\n<h6><\/h6>\n<p><a href=\"https:\/\/drive.google.com\/file\/d\/12TDqqKaKETRMKzteozr122J_s4R-NIBE\/view?usp=sharing\">PUBLICACI\u00d3 DE L\u2019OFERTA DEFINITIVA DE PLACES (9-6-2023)<\/a><\/p>\n<p><a href=\"https:\/\/drive.google.com\/file\/d\/1JN_WAC5chkUBOyQoduVm2hYJ5u4f8EPP\/view?usp=share_link\">PUBLICACI\u00d3 DE L\u2019OFERTA INICIAL DE PLACES ESO 2023-2024<\/a><\/p>\n<p><a href=\"https:\/\/drive.google.com\/file\/d\/15OT5iysu3yLFGxBBltiqDSOhYoUeWQch\/view?usp=sharing\"><strong>PUBLICACI\u00d3 DEL LLISTAT AMB BAREM PROVISIONAL (21-4-2023)<\/strong><\/a><\/p>\n<p><strong><a href=\"https:\/\/drive.google.com\/file\/d\/16zjm2kegyfr3CbJtgtdUOB9dBtt96eXR\/view?usp=sharing\">PUBLICACI\u00d3 DEL LLISTAT AMB BAREM, UN COP RESOLTES LES RECLAMACIONS (3-5-2023<\/a><\/strong><\/p>\n<p><strong>N\u00daMERO DE DESEMPAT: 66646<\/strong><\/p>\n<p><strong><a href=\"https:\/\/drive.google.com\/file\/d\/18JNmS6V2jpEMgoXkhbzfG8Jtqz0uy6ZO\/view?usp=share_link\">PUBLICACI\u00d3 DEL LLISTAT \u2013 BAREM DEFINITIU (11-5-2023)<\/a><\/strong><\/p>\n<p>&nbsp;<\/p>\n<p><a href=\"https:\/\/drive.google.com\/file\/d\/1H6MkSMmkrZcFY5l6bKYXrx735YevYrxe\/view?usp=share_link\">BATXILLERAT: RESOLUCI\u00d3 DE DELIMITACI\u00d3 DE ZONA EDUCATIVA DE LLORET DE MAR<\/a><\/p>\n","protected":false},"excerpt":{"rendered":"<p><a href=\"https:\/\/docs.google.com\/presentation\/d\/10Tto_U443YLgNhbVY3yOZRpfy704wgRyzIL-Ul13Hn8\/edit?usp=sharing\">Enlla\u00e7 a informacions v\u00e0ries sobre el centre<\/a><br \/>\nHORARI D\u2019ATENCI\u00d3 AL P\u00daBLIC (Administraci\u00f3 i secretaria): De dilluns a dijous, de 8,20h a 12,20h<br \/>\nTel\u00e8fon:\u00a0 972 654131 \u2013 677071297 \u2013 Correu electr\u00f2nic:\u00a0\u00a0<a href=\"mailto:b7010700@xtec.cat\">b7010700@xtec.cat<\/a><br \/>\n&nbsp;<br \/>\n<a href=\"https:\/\/drive.google.com\/file\/d\/12u9pFdQKqs_lMyH6YkG-sh77EZY8b95K\/view?usp=drive_link\">LLISTA D\u2019ADMESOS (12-6-2023)<\/a><br \/>\n<a href=\"https:\/\/drive.google.com\/file\/d\/12t05aOl56p3FmyQu_fNb3Liuf3mbcksC\/view?usp=drive_link\">LLISTA D\u2019ESPERA (12-6-2023)<\/a><br \/>\n&nbsp;<\/p>\n<p><a href=\"https:\/\/drive.google.com\/file\/d\/12TDqqKaKETRMKzteozr122J_s4R-NIBE\/view?usp=sharing\">PUBLICACI\u00d3 DE L\u2019OFERTA DEFINITIVA DE PLACES (9-6-2023)<\/a><br \/>\n<a href=\"https:\/\/drive.google.com\/file\/d\/1JN_WAC5chkUBOyQoduVm2hYJ5u4f8EPP\/view?usp=share_link\">PUBLICACI\u00d3 DE&hellip;  <a href=\"https:\/\/agora.xtec.cat\/inssantquirzelloret\/preinscripcio-2023-2024\/\" title=\"Read PREINSCRIPCI\u00d3 2023-2024\">Llegeix m\u00e9s\u00bb<\/a><\/p>\n","protected":false},"author":1,"featured_media":0,"parent":0,"menu_order":0,"comment_status":"closed","ping_status":"closed","template":"","meta":{"_bbp_topic_count":0,"_bbp_reply_count":0,"_bbp_total_topic_count":0,"_bbp_total_reply_count":0,"_bbp_voice_count":0,"_bbp_anonymous_reply_count":0,"_bbp_topic_count_hidden":0,"_bbp_reply_count_hidden":0,"_bbp_forum_subforum_count":0,"footnotes":""},"class_list":["post-1641","page","type-page","status-publish","hentry"],"post_mailing_queue_ids":[],"_links":{"self":[{"href":"https:\/\/agora.xtec.cat\/inssantquirzelloret\/wp-json\/wp\/v2\/pages\/1641","targetHints":{"allow":["GET"]}}],"collection":[{"href":"https:\/\/agora.xtec.cat\/inssantquirzelloret\/wp-json\/wp\/v2\/pages"}],"about":[{"href":"https:\/\/agora.xtec.cat\/inssantquirzelloret\/wp-json\/wp\/v2\/types\/page"}],"author":[{"embeddable":true,"href":"https:\/\/agora.xtec.cat\/inssantquirzelloret\/wp-json\/wp\/v2\/users\/1"}],"replies":[{"embeddable":true,"href":"https:\/\/agora.xtec.cat\/inssantquirzelloret\/wp-json\/wp\/v2\/comments?post=1641"}],"version-history":[{"count":1,"href":"https:\/\/agora.xtec.cat\/inssantquirzelloret\/wp-json\/wp\/v2\/pages\/1641\/revisions"}],"predecessor-version":[{"id":1642,"href":"https:\/\/agora.xtec.cat\/inssantquirzelloret\/wp-json\/wp\/v2\/pages\/1641\/revisions\/1642"}],"wp:attachment":[{"href":"https:\/\/agora.xtec.cat\/inssantquirzelloret\/wp-json\/wp\/v2\/media?parent=1641"}],"curies":[{"name":"wp","href":"https:\/\/api.w.org\/{rel}","templated":true}]}}