{"id":1051,"date":"2021-06-13T17:49:55","date_gmt":"2021-06-13T15:49:55","guid":{"rendered":"https:\/\/agora.xtec.cat\/inssantquirzelloret\/?page_id=1051"},"modified":"2021-06-13T17:49:55","modified_gmt":"2021-06-13T15:49:55","slug":"preinscripcio-i-matricula","status":"publish","type":"page","link":"https:\/\/agora.xtec.cat\/inssantquirzelloret\/preinscripcio-i-matricula\/","title":{"rendered":"PREINSCRIPCI\u00d3 I MATR\u00cdCULA"},"content":{"rendered":"<h1 style=\"text-align: center;\">MATR\u00cdCULA 2021-2022<\/h1>\n<p style=\"text-align: center;\"><a href=\"https:\/\/drive.google.com\/file\/d\/1tefg91sS98L_3CLvpGQ-EaRiNfLYCqWA\/view?usp=sharing\">ALUMNES DE PRIMER D&#8217;ESO, NOUS AL CENTRE:\u00a0 DEL 14 AL 18 DE JUNY (Instruccions per fer la matr\u00edcula)<\/a><\/p>\n<p style=\"text-align: center;\"><a href=\"https:\/\/drive.google.com\/file\/d\/1BeIp3rBYi_pTOcS_whW7cN8Xy2GD36YA\/view?usp=sharing\">ALUMNES QUE JA S\u00d3N AL CENTRE (2n. i 3r. ESO): DEL 28 DE JUNY AL 2 DE JULIOL (Instruccions per fer la matr\u00edcula)<\/a><\/p>\n<h5><\/h5>\n<h4 style=\"text-align: center;\">PREINSCRIPCI\u00d3 2021-2022<\/h4>\n<h6 style=\"text-align: center;\"><a href=\"https:\/\/drive.google.com\/file\/d\/1gvkmDZTgFtEvPVE19btXq2fdrivu99Jq\/view?usp=sharing\">ALUMNES ASSIGNATS AL CENTRE (7-6-2021)<\/a><\/h6>\n<h6 style=\"text-align: center;\"><a href=\"https:\/\/drive.google.com\/file\/d\/1Gwl68tbUxYHUUKSxNE7u8Sr9wgF32ZDJ\/view?usp=sharing\">LLISTA D&#8217;ESPERA (7-6-2021)<\/a><\/h6>\n<h6 style=\"text-align: center;\"><a href=\"https:\/\/drive.google.com\/file\/d\/1784phE-Ed7vr27GwX4GTbEZSUluuhclM\/view?usp=sharing\">LLISTA DE PREINSCRITS AL CENTRE EN PRIMERA OPCI\u00d3 (7-6-2021)<\/a><\/h6>\n<h6><\/h6>\n<pre style=\"text-align: center;\"><a href=\"https:\/\/drive.google.com\/file\/d\/1pvSbQxNWZnHIB_ccHspQ1uzYeGKguWLz\/view?usp=sharing\">LLISTA ORDENADA - BAREM DEFINITIU (7-5-2021)<\/a>\r\n\r\n\r\n<a href=\"https:\/\/drive.google.com\/file\/d\/1lil9z6oibjy-NlzJmndVJArLK1KhJpB8\/view?usp=sharing\">LLISTAT PUNTUACIONS - RECLAMACIONS RESOLTES (30-4-2021)<\/a>\r\n\r\n<a href=\"https:\/\/drive.google.com\/file\/d\/1KLZwjxMgrcVD6XDIHmgtqBRGmIJAJfWF\/view?usp=sharing\"> LLISTAT AMB PUNTUACI\u00d3 PROVISIONAL<\/a>\r\n\r\n<a href=\"https:\/\/drive.google.com\/file\/d\/1ry4-rOlTz7Jt8JgHIr5SHV1MGnf1wAe0\/view?usp=sharing\">PUBLICACI\u00d3 DE L'OFERTA DE PLACES<\/a><\/pre>\n<h6><\/h6>\n<h3 style=\"text-align: center;\"><a href=\"https:\/\/preinscripcio.gencat.cat\/ca\/estudis\/eso\/inici\/\">INFORMACI\u00d3 SOBRE EL PROC\u00c9S DE PREINSCRIPCI\u00d3 I MATR\u00cdCULA<\/a><\/h3>\n<h3 style=\"text-align: center;\"><a href=\"https:\/\/preinscripcio.gencat.cat\/ca\/estudis\/eso\/inici\/\"> (Enlla\u00e7 PREINSCRIPCIO.GENCAT.CAT)<\/a><\/h3>\n<p>&nbsp;<\/p>\n<h6 style=\"text-align: center;\">EN CAS DE DUBTES CONTACTEU AMB L&#8217;INSTITUT:<\/h6>\n<h6 style=\"text-align: center;\">\u00a0 \u00a0TEL\u00c8FON: 677071297 &#8211; 972654131<\/h6>\n<h6 style=\"text-align: center;\">MAIL:\u00a0 \u00a0<a href=\"mailto:b7010700@xtec.cat\">b7010700@xtec.cat<\/a><\/h6>\n","protected":false},"excerpt":{"rendered":"<p>MATR\u00cdCULA 2021-2022<br \/>\n<a href=\"https:\/\/drive.google.com\/file\/d\/1tefg91sS98L_3CLvpGQ-EaRiNfLYCqWA\/view?usp=sharing\">ALUMNES DE PRIMER D&#8217;ESO, NOUS AL CENTRE:\u00a0 DEL 14 AL 18 DE JUNY (Instruccions per fer la matr\u00edcula)<\/a><br \/>\n<a href=\"https:\/\/drive.google.com\/file\/d\/1BeIp3rBYi_pTOcS_whW7cN8Xy2GD36YA\/view?usp=sharing\">ALUMNES QUE JA S\u00d3N AL CENTRE (2n. i 3r. ESO): DEL 28 DE JUNY AL 2 DE JULIOL (Instruccions per fer la matr\u00edcula)<\/a><\/p>\n<p>PREINSCRIPCI\u00d3 2021-2022<br \/>\n<a href=\"https:\/\/drive.google.com\/file\/d\/1gvkmDZTgFtEvPVE19btXq2fdrivu99Jq\/view?usp=sharing\">ALUMNES&hellip;  <a href=\"https:\/\/agora.xtec.cat\/inssantquirzelloret\/preinscripcio-i-matricula\/\" title=\"Read PREINSCRIPCI\u00d3 I MATR\u00cdCULA\">Llegeix m\u00e9s\u00bb<\/a><\/p>\n","protected":false},"author":1,"featured_media":0,"parent":0,"menu_order":0,"comment_status":"closed","ping_status":"closed","template":"","meta":{"_bbp_topic_count":0,"_bbp_reply_count":0,"_bbp_total_topic_count":0,"_bbp_total_reply_count":0,"_bbp_voice_count":0,"_bbp_anonymous_reply_count":0,"_bbp_topic_count_hidden":0,"_bbp_reply_count_hidden":0,"_bbp_forum_subforum_count":0,"footnotes":""},"class_list":["post-1051","page","type-page","status-publish","hentry"],"post_mailing_queue_ids":[],"_links":{"self":[{"href":"https:\/\/agora.xtec.cat\/inssantquirzelloret\/wp-json\/wp\/v2\/pages\/1051","targetHints":{"allow":["GET"]}}],"collection":[{"href":"https:\/\/agora.xtec.cat\/inssantquirzelloret\/wp-json\/wp\/v2\/pages"}],"about":[{"href":"https:\/\/agora.xtec.cat\/inssantquirzelloret\/wp-json\/wp\/v2\/types\/page"}],"author":[{"embeddable":true,"href":"https:\/\/agora.xtec.cat\/inssantquirzelloret\/wp-json\/wp\/v2\/users\/1"}],"replies":[{"embeddable":true,"href":"https:\/\/agora.xtec.cat\/inssantquirzelloret\/wp-json\/wp\/v2\/comments?post=1051"}],"version-history":[{"count":1,"href":"https:\/\/agora.xtec.cat\/inssantquirzelloret\/wp-json\/wp\/v2\/pages\/1051\/revisions"}],"predecessor-version":[{"id":1052,"href":"https:\/\/agora.xtec.cat\/inssantquirzelloret\/wp-json\/wp\/v2\/pages\/1051\/revisions\/1052"}],"wp:attachment":[{"href":"https:\/\/agora.xtec.cat\/inssantquirzelloret\/wp-json\/wp\/v2\/media?parent=1051"}],"curies":[{"name":"wp","href":"https:\/\/api.w.org\/{rel}","templated":true}]}}