{"id":436,"date":"2014-12-09T12:04:45","date_gmt":"2014-12-09T11:04:45","guid":{"rendered":"http:\/\/agora.xtec.cat\/inssantandreu\/?page_id=436"},"modified":"2026-02-20T12:08:46","modified_gmt":"2026-02-20T11:08:46","slug":"documentacio-de-centre","status":"publish","type":"page","link":"https:\/\/agora.xtec.cat\/inssantandreu\/documentacio\/documentacio-de-centre\/","title":{"rendered":"Documentaci\u00f3 de centre"},"content":{"rendered":"<ul>\n<li><a href=\"https:\/\/drive.google.com\/file\/d\/19kJAIrkIJosUMsLpNGeuFr0DUXWDVt97\/view?usp=sharing\" target=\"_blank\" rel=\"noopener\">Carta de comprom\u00eds educatiu 25-26<\/a><\/li>\n<li><a href=\"https:\/\/drive.google.com\/file\/d\/1PL1hHwzVKoNKvsGRr8dtMDdOuN6yKISI\/view?usp=sharing\" target=\"_blank\" rel=\"noopener\">Normes d&#8217;organitzaci\u00f3 i funcionament de centre, desembre 2023 (NOFC)<\/a><\/li>\n<li><a href=\"https:\/\/drive.google.com\/file\/d\/1BtfUXm1wX0_TVRd8Pb0mmhwKYStj1UTQ\/view?usp=sharing\" target=\"_blank\" rel=\"noopener\">Projecte educatiu del centre, desembre 2023<\/a><\/li>\n<li><a href=\"https:\/\/drive.google.com\/file\/d\/1y_MijE56XDck4ROaX3ag7Gbs7zmmsLuK\/view?usp=sharing\" target=\"_blank\" rel=\"noopener\">Projecte Ling\u00fc\u00edstic de Centre<\/a><\/li>\n<li><a href=\"https:\/\/drive.google.com\/file\/d\/0BwiQa7YdCACfQ1ZOSGNHejNLbFk\/view?usp=sharing\" target=\"_blank\" rel=\"noopener noreferrer\">Protocol de trasp\u00e0s d&#8217;informaci\u00f3 prim\u00e0ria-secund\u00e0ria<\/a><\/li>\n<li><a href=\"https:\/\/drive.google.com\/file\/d\/1KJR2U69EOEG6uBl7pjiFL7inDvP6sI6I\/view?usp=sharing\" target=\"_blank\" rel=\"noopener\">Projecte de direcci\u00f3 2022-2026<\/a><\/li>\n<\/ul>\n","protected":false},"excerpt":{"rendered":"<ul>\n<li><a href=\"https:\/\/drive.google.com\/file\/d\/19kJAIrkIJosUMsLpNGeuFr0DUXWDVt97\/view?usp=sharing\" target=\"_blank\" rel=\"noopener\">Carta de comprom\u00eds educatiu 25-26<\/a><\/li>\n<li><a href=\"https:\/\/drive.google.com\/file\/d\/1PL1hHwzVKoNKvsGRr8dtMDdOuN6yKISI\/view?usp=sharing\" target=\"_blank\" rel=\"noopener\">Normes d&#8217;organitzaci\u00f3 i funcionament de centre, desembre 2023 (NOFC)<\/a><\/li>\n<li><a href=\"https:\/\/drive.google.com\/file\/d\/1BtfUXm1wX0_TVRd8Pb0mmhwKYStj1UTQ\/view?usp=sharing\" target=\"_blank\" rel=\"noopener\">Projecte educatiu del centre, desembre 2023<\/a><\/li>\n<li><a href=\"https:\/\/drive.google.com\/file\/d\/1y_MijE56XDck4ROaX3ag7Gbs7zmmsLuK\/view?usp=sharing\" target=\"_blank\" rel=\"noopener\">Projecte Ling\u00fc\u00edstic de Centre<\/a><\/li>\n<li><a href=\"https:\/\/drive.google.com\/file\/d\/0BwiQa7YdCACfQ1ZOSGNHejNLbFk\/view?usp=sharing\" target=\"_blank\" rel=\"noopener noreferrer\">Protocol de trasp\u00e0s d&#8217;informaci\u00f3 prim\u00e0ria-secund\u00e0ria<\/a><\/li>\n<li><a href=\"https:\/\/drive.google.com\/file\/d\/1KJR2U69EOEG6uBl7pjiFL7inDvP6sI6I\/view?usp=sharing\" target=\"_blank\" rel=\"noopener\">Projecte de&hellip;  <a href=\"https:\/\/agora.xtec.cat\/inssantandreu\/documentacio\/documentacio-de-centre\/\" title=\"Read Documentaci\u00f3 de centre\">Llegeix m\u00e9s\u00bb<\/a><br \/>\n","protected":false},"author":1,"featured_media":0,"parent":432,"menu_order":0,"comment_status":"closed","ping_status":"closed","template":"","meta":{"_bbp_topic_count":0,"_bbp_reply_count":0,"_bbp_total_topic_count":0,"_bbp_total_reply_count":0,"_bbp_voice_count":0,"_bbp_anonymous_reply_count":0,"_bbp_topic_count_hidden":0,"_bbp_reply_count_hidden":0,"_bbp_forum_subforum_count":0,"footnotes":""},"class_list":["post-436","page","type-page","status-publish","hentry"],"post_mailing_queue_ids":[],"_links":{"self":[{"href":"https:\/\/agora.xtec.cat\/inssantandreu\/wp-json\/wp\/v2\/pages\/436","targetHints":{"allow":["GET"]}}],"collection":[{"href":"https:\/\/agora.xtec.cat\/inssantandreu\/wp-json\/wp\/v2\/pages"}],"about":[{"href":"https:\/\/agora.xtec.cat\/inssantandreu\/wp-json\/wp\/v2\/types\/page"}],"author":[{"embeddable":true,"href":"https:\/\/agora.xtec.cat\/inssantandreu\/wp-json\/wp\/v2\/users\/1"}],"replies":[{"embeddable":true,"href":"https:\/\/agora.xtec.cat\/inssantandreu\/wp-json\/wp\/v2\/comments?post=436"}],"version-history":[{"count":6,"href":"https:\/\/agora.xtec.cat\/inssantandreu\/wp-json\/wp\/v2\/pages\/436\/revisions"}],"predecessor-version":[{"id":12510,"href":"https:\/\/agora.xtec.cat\/inssantandreu\/wp-json\/wp\/v2\/pages\/436\/revisions\/12510"}],"up":[{"embeddable":true,"href":"https:\/\/agora.xtec.cat\/inssantandreu\/wp-json\/wp\/v2\/pages\/432"}],"wp:attachment":[{"href":"https:\/\/agora.xtec.cat\/inssantandreu\/wp-json\/wp\/v2\/media?parent=436"}],"curies":[{"name":"wp","href":"https:\/\/api.w.org\/{rel}","templated":true}]}}