{"id":432,"date":"2014-12-09T11:57:39","date_gmt":"2014-12-09T10:57:39","guid":{"rendered":"http:\/\/agora.xtec.cat\/inssantandreu\/?page_id=432"},"modified":"2017-05-08T16:58:19","modified_gmt":"2017-05-08T14:58:19","slug":"documentacio","status":"publish","type":"page","link":"https:\/\/agora.xtec.cat\/inssantandreu\/documentacio\/","title":{"rendered":"Documentaci\u00f3"},"content":{"rendered":"<p>En aquesta p\u00e0gina trobareu tota la documentaci\u00f3 publicada al centre.<\/p>\n","protected":false},"excerpt":{"rendered":"<p>En aquesta p\u00e0gina trobareu tota la documentaci\u00f3 publicada al centre.<\/p>\n","protected":false},"author":1,"featured_media":0,"parent":0,"menu_order":0,"comment_status":"closed","ping_status":"closed","template":"","meta":{"_bbp_topic_count":0,"_bbp_reply_count":0,"_bbp_total_topic_count":0,"_bbp_total_reply_count":0,"_bbp_voice_count":0,"_bbp_anonymous_reply_count":0,"_bbp_topic_count_hidden":0,"_bbp_reply_count_hidden":0,"_bbp_forum_subforum_count":0,"footnotes":""},"class_list":["post-432","page","type-page","status-publish","hentry"],"post_mailing_queue_ids":[],"_links":{"self":[{"href":"https:\/\/agora.xtec.cat\/inssantandreu\/wp-json\/wp\/v2\/pages\/432","targetHints":{"allow":["GET"]}}],"collection":[{"href":"https:\/\/agora.xtec.cat\/inssantandreu\/wp-json\/wp\/v2\/pages"}],"about":[{"href":"https:\/\/agora.xtec.cat\/inssantandreu\/wp-json\/wp\/v2\/types\/page"}],"author":[{"embeddable":true,"href":"https:\/\/agora.xtec.cat\/inssantandreu\/wp-json\/wp\/v2\/users\/1"}],"replies":[{"embeddable":true,"href":"https:\/\/agora.xtec.cat\/inssantandreu\/wp-json\/wp\/v2\/comments?post=432"}],"version-history":[{"count":1,"href":"https:\/\/agora.xtec.cat\/inssantandreu\/wp-json\/wp\/v2\/pages\/432\/revisions"}],"predecessor-version":[{"id":433,"href":"https:\/\/agora.xtec.cat\/inssantandreu\/wp-json\/wp\/v2\/pages\/432\/revisions\/433"}],"wp:attachment":[{"href":"https:\/\/agora.xtec.cat\/inssantandreu\/wp-json\/wp\/v2\/media?parent=432"}],"curies":[{"name":"wp","href":"https:\/\/api.w.org\/{rel}","templated":true}]}}