{"id":27,"date":"2014-09-17T16:24:03","date_gmt":"2014-09-17T15:24:03","guid":{"rendered":"http:\/\/agora.xtec.cat\/inssantandreu\/\/?page_id=27"},"modified":"2026-02-19T10:00:29","modified_gmt":"2026-02-19T09:00:29","slug":"historia","status":"publish","type":"page","link":"https:\/\/agora.xtec.cat\/inssantandreu\/linstitut\/historia\/","title":{"rendered":"Premis i Concursos"},"content":{"rendered":"<h2 class=\"entry-title\" style=\"text-align: justify;\">Nou Segell de Qualitat Nacional eTwinning pel nostre centre<\/h2>\n<p style=\"text-align: justify;\">Un any m\u00e9s, aquest 2026, la nostra aposta per la internacionalitzaci\u00f3 i la compet\u00e8ncia digital rep el seu reconeixement. Aquest distintiu certifica l\u2019excel\u00b7l\u00e8ncia dels projectes digitals realitzats a les nostres aules en col\u00b7laboraci\u00f3 amb altres pa\u00efsos de la Uni\u00f3 Europea.<\/p>\n<p style=\"text-align: justify;\">El premi ha estat atorgat pel projecte titulat \u201cRiver Watchers\u201d, el qual hem desenvolupat conjuntament amb un centre soci de Fran\u00e7a. Com a mostra d\u2019agra\u00efment i felicitaci\u00f3 per la feina ben feta, tots els estudiants que van participar han rebut un obsequi molt especial: un got t\u00e8rmic i sostenible, alineat amb els valors mediambientals del projecte.<\/p>\n<p style=\"text-align: justify;\">La nostra activitat a eTwinning no s\u2019atura. Aquest curs ja tenim en marxa un nou projecte amb nous reptes. Smart Bites, Zero Waste! Els alumnes que hi estan participant actualment tamb\u00e9 han rebut el seu material de benvinguda: unes motxilles oficials amb el logotip eTwinning.<\/p>\n<p style=\"text-align: justify;\">Des del centre, volem felicitar tot l\u2019alumnat i professorat implicat. Seguim treballant i aprenent junts!<\/p>\n<p><a href=\"https:\/\/agora.xtec.cat\/inssantandreu\/wp-content\/uploads\/usu94\/2026\/02\/et.jpg\"><img loading=\"lazy\" decoding=\"async\" class=\"aligncenter size-full wp-image-12503\" src=\"https:\/\/agora.xtec.cat\/inssantandreu\/wp-content\/uploads\/usu94\/2026\/02\/et.jpg\" alt=\"\" width=\"2259\" height=\"1694\" srcset=\"https:\/\/agora.xtec.cat\/inssantandreu\/wp-content\/uploads\/usu94\/2026\/02\/et.jpg 2259w, https:\/\/agora.xtec.cat\/inssantandreu\/wp-content\/uploads\/usu94\/2026\/02\/et-300x225.jpg 300w, https:\/\/agora.xtec.cat\/inssantandreu\/wp-content\/uploads\/usu94\/2026\/02\/et-1024x768.jpg 1024w, https:\/\/agora.xtec.cat\/inssantandreu\/wp-content\/uploads\/usu94\/2026\/02\/et-768x576.jpg 768w, https:\/\/agora.xtec.cat\/inssantandreu\/wp-content\/uploads\/usu94\/2026\/02\/et-1536x1152.jpg 1536w, https:\/\/agora.xtec.cat\/inssantandreu\/wp-content\/uploads\/usu94\/2026\/02\/et-2048x1536.jpg 2048w, https:\/\/agora.xtec.cat\/inssantandreu\/wp-content\/uploads\/usu94\/2026\/02\/et-200x150.jpg 200w\" sizes=\"auto, (max-width: 2259px) 100vw, 2259px\" \/><\/a><\/p>\n<p>&nbsp;<\/p>\n<h3><span style=\"font-weight: 400;\">Lliurament premis Concurs de v\u00eddeos Kabua<\/span><\/h3>\n<p><span style=\"font-weight: 400;\">L&#8217;any 2022, el nostre equip de mediadors de l\u2019institut va participar en el Lliurament de Premis del Concurs de v\u00eddeos Kabua \u201cJoves per canviar el m\u00f3n!\u201d, celebrat al Departament de Joventut de Barcelona. Apostem per la participaci\u00f3 en plataformes d\u2019acci\u00f3 social com Kabua.<\/span><\/p>\n<p><img loading=\"lazy\" decoding=\"async\" class=\"aligncenter\" src=\"https:\/\/agora.xtec.cat\/inssantandreu\/wp-content\/uploads\/usu94\/2022\/05\/ka.jpg\" alt=\"\" width=\"429\" height=\"548\" \/><\/p>\n<p><a href=\"https:\/\/agora.xtec.cat\/inssantandreu\/portada\/lliurament-premis-concurs-de-videos-kabua\/\"><span style=\"font-weight: 400;\">https:\/\/agora.xtec.cat\/inssantandreu\/portada\/lliurament-premis-concurs-de-videos-kabua\/<\/span><\/a><\/p>\n<table>\n<tbody>\n<tr>\n<td><a href=\"https:\/\/agora.xtec.cat\/inssantandreu\/wp-content\/uploads\/usu94\/2023\/12\/fic.jpg\"><img loading=\"lazy\" decoding=\"async\" class=\"aligncenter size-full wp-image-11693\" src=\"https:\/\/agora.xtec.cat\/inssantandreu\/wp-content\/uploads\/usu94\/2023\/12\/fic.jpg\" alt=\"\" width=\"526\" height=\"182\" srcset=\"https:\/\/agora.xtec.cat\/inssantandreu\/wp-content\/uploads\/usu94\/2023\/12\/fic.jpg 526w, https:\/\/agora.xtec.cat\/inssantandreu\/wp-content\/uploads\/usu94\/2023\/12\/fic-300x104.jpg 300w\" sizes=\"auto, (max-width: 526px) 100vw, 526px\" \/><\/a><\/p>\n<p><b>GUANYADORES Premi ficcions 2019!<\/b><\/p>\n<p><span style=\"font-weight: 400;\">El 2019, les nostres alumnes Julieta Iriarte, Zaira P\u00e9rez i Emma Villarejo van guanyar l\u2019onzena edici\u00f3 del concurs literari juvenil Ficcions amb la pe\u00e7a \u20181944\u2019.<\/span><\/p>\n<p><span style=\"font-weight: 400;\">El concurs l\u2019organitza l\u2019Associaci\u00f3 de Mitjans d\u2019Informaci\u00f3 i Comunicaci\u00f3 (AMIC) per promoure la lectura i l\u2019escriptura en catal\u00e0 entre els joves.<\/span><\/p>\n<p><a href=\"https:\/\/agora.xtec.cat\/inssantandreu\/wp-content\/uploads\/usu94\/2023\/12\/fic-1.jpg\"><img loading=\"lazy\" decoding=\"async\" class=\"aligncenter size-full wp-image-11694\" src=\"https:\/\/agora.xtec.cat\/inssantandreu\/wp-content\/uploads\/usu94\/2023\/12\/fic-1.jpg\" alt=\"\" width=\"611\" height=\"271\" srcset=\"https:\/\/agora.xtec.cat\/inssantandreu\/wp-content\/uploads\/usu94\/2023\/12\/fic-1.jpg 611w, https:\/\/agora.xtec.cat\/inssantandreu\/wp-content\/uploads\/usu94\/2023\/12\/fic-1-300x133.jpg 300w\" sizes=\"auto, (max-width: 611px) 100vw, 611px\" \/><\/a><\/p>\n<p><b>Finalistes al concurs Ficcions 2018!<\/b><\/p>\n<p><span style=\"font-weight: 400;\">Les nostres alumnes Emma Villarejo i Aitana S\u00e1nchez van quedar finalistes al concurs narratiu FICCIONS amb el text \u201cL\u2019\u00faltim comp\u00e0s\u201d. La novel\u00b7la t\u00e9 com a punt de partida el llibre de Pilar Romera<\/span><i><span style=\"font-weight: 400;\"> Li deian Lola.<\/span><\/i><\/p>\n<p><a href=\"https:\/\/agora.xtec.cat\/inssantandreu\/wp-content\/uploads\/usu94\/2023\/12\/fic-2.jpg\"><img loading=\"lazy\" decoding=\"async\" class=\"aligncenter size-full wp-image-11695\" src=\"https:\/\/agora.xtec.cat\/inssantandreu\/wp-content\/uploads\/usu94\/2023\/12\/fic-2.jpg\" alt=\"\" width=\"392\" height=\"289\" srcset=\"https:\/\/agora.xtec.cat\/inssantandreu\/wp-content\/uploads\/usu94\/2023\/12\/fic-2.jpg 392w, https:\/\/agora.xtec.cat\/inssantandreu\/wp-content\/uploads\/usu94\/2023\/12\/fic-2-300x221.jpg 300w\" sizes=\"auto, (max-width: 392px) 100vw, 392px\" \/><\/a><\/p>\n<p><b>Finalistes al concurs Ficcions 2017!<\/b><\/p>\n<p><span style=\"font-weight: 400;\">Els nostres alumnes Mara Rodr\u00edguez, Marta Escol\u00e1 i Carlos Pinz\u00f3n han estat finalistes al concurs literari Ficcions, l\u2019aventura de crear hist\u00f2ries, impulsat per l\u2019Associaci\u00f3 de Mitjans de Comunicaci\u00f3 (AMIC).<\/span><\/p>\n<p><span style=\"font-weight: 400;\">El concurs, que ha rebut la participaci\u00f3 de 2.903 alumnes de 341 centres educatius dels Pa\u00efsos, ha esdevingut un punt de refer\u00e8ncia per aquells estudiants amb inquietuds liter\u00e0ries.<\/span><\/p>\n<p><a href=\"https:\/\/agora.xtec.cat\/inssantandreu\/wp-content\/uploads\/usu94\/2023\/12\/fic-3.jpg\"><img loading=\"lazy\" decoding=\"async\" class=\"aligncenter size-full wp-image-11696\" src=\"https:\/\/agora.xtec.cat\/inssantandreu\/wp-content\/uploads\/usu94\/2023\/12\/fic-3.jpg\" alt=\"\" width=\"458\" height=\"460\" srcset=\"https:\/\/agora.xtec.cat\/inssantandreu\/wp-content\/uploads\/usu94\/2023\/12\/fic-3.jpg 458w, https:\/\/agora.xtec.cat\/inssantandreu\/wp-content\/uploads\/usu94\/2023\/12\/fic-3-300x300.jpg 300w, https:\/\/agora.xtec.cat\/inssantandreu\/wp-content\/uploads\/usu94\/2023\/12\/fic-3-150x150.jpg 150w\" sizes=\"auto, (max-width: 458px) 100vw, 458px\" \/><\/a><\/td>\n<\/tr>\n<\/tbody>\n<\/table>\n<h1><span style=\"font-weight: 400;\">Premi proves Cangur<\/span><\/h1>\n<p><span style=\"font-weight: 400;\">El, dimarts 15 de maig de 2018, va tenir joc al Teatre Poliorama de Barcelona l\u2019acte d\u2019entrega de premis de la Prova Cangur 2018 que atorga la Societat Catalana de Matem\u00e0tiques.<\/span><\/p>\n<p><span style=\"font-weight: 400;\">El nostre alumne, Jos\u00e9 \u00c1ngel Conde Mateos, que cursava 3r d\u2019ESO, va obtenir un premi de categoria B en el seu nivell, concretament la posici\u00f3 10a de Catalunya. Enhorabona, Jos\u00e9 \u00c1ngel!<\/span><\/p>\n<p>&nbsp;<\/p>\n<p><a href=\"https:\/\/agora.xtec.cat\/inssantandreu\/wp-content\/uploads\/usu94\/2023\/12\/can.jpg\"><img loading=\"lazy\" decoding=\"async\" class=\"aligncenter size-full wp-image-11698\" src=\"https:\/\/agora.xtec.cat\/inssantandreu\/wp-content\/uploads\/usu94\/2023\/12\/can.jpg\" alt=\"\" width=\"534\" height=\"682\" srcset=\"https:\/\/agora.xtec.cat\/inssantandreu\/wp-content\/uploads\/usu94\/2023\/12\/can.jpg 534w, https:\/\/agora.xtec.cat\/inssantandreu\/wp-content\/uploads\/usu94\/2023\/12\/can-235x300.jpg 235w\" sizes=\"auto, (max-width: 534px) 100vw, 534px\" \/><\/a><\/p>\n<h1><span style=\"font-weight: 400;\">Concurs NanoEduca<\/span><\/h1>\n<p style=\"text-align: justify;\"><span style=\"font-weight: 400;\">Durant tot el curs els alumnes de 3r d\u2019ESO treballen diversos reptes nanotecnol\u00f2gics a partir de la maleta NanoEduca a la mat\u00e8ria de F\u00edsica i Qu\u00edmica. Al mes d\u2019abril, els grups seleccionat presenten posters o v\u00eddeos davant d\u2019un tribunal d\u2019experts: professors i doctors de la Universitat de Barcelona. La nostra participaci\u00f3 \u00e9s anual des del 2017. Al 2018 vam ser guanyadors d&#8217;\u00e0mbit regional.<\/span><\/p>\n<p><a href=\"https:\/\/agora.xtec.cat\/inssantandreu\/wp-content\/uploads\/usu94\/2024\/02\/ne.jpg\"><img loading=\"lazy\" decoding=\"async\" class=\"aligncenter size-full wp-image-11762\" src=\"https:\/\/agora.xtec.cat\/inssantandreu\/wp-content\/uploads\/usu94\/2024\/02\/ne.jpg\" alt=\"\" width=\"612\" height=\"597\" srcset=\"https:\/\/agora.xtec.cat\/inssantandreu\/wp-content\/uploads\/usu94\/2024\/02\/ne.jpg 612w, https:\/\/agora.xtec.cat\/inssantandreu\/wp-content\/uploads\/usu94\/2024\/02\/ne-300x293.jpg 300w\" sizes=\"auto, (max-width: 612px) 100vw, 612px\" \/><\/a><\/p>\n<p>&nbsp;<\/p>\n","protected":false},"excerpt":{"rendered":"<p>Nou Segell de Qualitat Nacional eTwinning pel nostre centre<br \/>\nUn any m\u00e9s, aquest 2026, la nostra aposta per la internacionalitzaci\u00f3 i la compet\u00e8ncia digital rep el seu reconeixement. Aquest distintiu certifica l\u2019excel\u00b7l\u00e8ncia dels projectes digitals realitzats a les nostres aules en col\u00b7laboraci\u00f3 amb altres pa\u00efsos de&hellip;  <a href=\"https:\/\/agora.xtec.cat\/inssantandreu\/linstitut\/historia\/\" title=\"Read Premis i Concursos\">Llegeix m\u00e9s\u00bb<\/a><\/p>\n","protected":false},"author":1,"featured_media":0,"parent":19,"menu_order":3,"comment_status":"open","ping_status":"closed","template":"page-templates\/side-menu.php","meta":{"_bbp_topic_count":0,"_bbp_reply_count":0,"_bbp_total_topic_count":0,"_bbp_total_reply_count":0,"_bbp_voice_count":0,"_bbp_anonymous_reply_count":0,"_bbp_topic_count_hidden":0,"_bbp_reply_count_hidden":0,"_bbp_forum_subforum_count":0,"footnotes":""},"class_list":["post-27","page","type-page","status-publish","hentry"],"post_mailing_queue_ids":[],"_links":{"self":[{"href":"https:\/\/agora.xtec.cat\/inssantandreu\/wp-json\/wp\/v2\/pages\/27","targetHints":{"allow":["GET"]}}],"collection":[{"href":"https:\/\/agora.xtec.cat\/inssantandreu\/wp-json\/wp\/v2\/pages"}],"about":[{"href":"https:\/\/agora.xtec.cat\/inssantandreu\/wp-json\/wp\/v2\/types\/page"}],"author":[{"embeddable":true,"href":"https:\/\/agora.xtec.cat\/inssantandreu\/wp-json\/wp\/v2\/users\/1"}],"replies":[{"embeddable":true,"href":"https:\/\/agora.xtec.cat\/inssantandreu\/wp-json\/wp\/v2\/comments?post=27"}],"version-history":[{"count":6,"href":"https:\/\/agora.xtec.cat\/inssantandreu\/wp-json\/wp\/v2\/pages\/27\/revisions"}],"predecessor-version":[{"id":12509,"href":"https:\/\/agora.xtec.cat\/inssantandreu\/wp-json\/wp\/v2\/pages\/27\/revisions\/12509"}],"up":[{"embeddable":true,"href":"https:\/\/agora.xtec.cat\/inssantandreu\/wp-json\/wp\/v2\/pages\/19"}],"wp:attachment":[{"href":"https:\/\/agora.xtec.cat\/inssantandreu\/wp-json\/wp\/v2\/media?parent=27"}],"curies":[{"name":"wp","href":"https:\/\/api.w.org\/{rel}","templated":true}]}}