{"id":19,"date":"2014-09-17T14:56:56","date_gmt":"2014-09-17T13:56:56","guid":{"rendered":"http:\/\/agora.xtec.cat\/inssantandreu\/\/?page_id=19"},"modified":"2014-12-09T12:08:11","modified_gmt":"2014-12-09T11:08:11","slug":"linstitut","status":"publish","type":"page","link":"https:\/\/agora.xtec.cat\/inssantandreu\/linstitut\/","title":{"rendered":"L&#8217;institut"},"content":{"rendered":"<p style=\"color: #444444;\">L&#8217;institut Sant Andreu inicia el seu funcionament el curs 2014-15. Amb dos grups de 1r d&#8217;ESO.<\/p>\n<p style=\"color: #444444;\">\u00c9s un centre que comparteix instal\u00b7lacions amb l&#8217;escola \u00c0ngel Guimer\u00e0, t\u00e9 entrada pr\u00f2pia i entitat pr\u00f2pia. S\u00f3n compartides algunes de les aules i espais generals.<\/p>\n<p style=\"color: #444444;\">El centre imparteix els estudis d&#8217;educaci\u00f3 secund\u00e0ria obligat\u00f2ria, \u00e9s a dir, de 1r a 4t d&#8217;ESO.<\/p>\n","protected":false},"excerpt":{"rendered":"<p>L&#8217;institut Sant Andreu inicia el seu funcionament el curs 2014-15. Amb dos grups de 1r d&#8217;ESO.<br \/>\n\u00c9s un centre que comparteix instal\u00b7lacions amb l&#8217;escola \u00c0ngel Guimer\u00e0, t\u00e9 entrada pr\u00f2pia i entitat pr\u00f2pia. S\u00f3n compartides algunes de les aules i espais generals.<br \/>\nEl centre imparteix els estudis d&#8217;educaci\u00f3&hellip;  <a href=\"https:\/\/agora.xtec.cat\/inssantandreu\/linstitut\/\" title=\"Read L&#8217;institut\">Llegeix m\u00e9s\u00bb<\/a><\/p>\n","protected":false},"author":1,"featured_media":0,"parent":0,"menu_order":1,"comment_status":"open","ping_status":"closed","template":"page-templates\/side-menu.php","meta":{"_bbp_topic_count":0,"_bbp_reply_count":0,"_bbp_total_topic_count":0,"_bbp_total_reply_count":0,"_bbp_voice_count":0,"_bbp_anonymous_reply_count":0,"_bbp_topic_count_hidden":0,"_bbp_reply_count_hidden":0,"_bbp_forum_subforum_count":0,"footnotes":""},"class_list":["post-19","page","type-page","status-publish","hentry"],"post_mailing_queue_ids":[],"_links":{"self":[{"href":"https:\/\/agora.xtec.cat\/inssantandreu\/wp-json\/wp\/v2\/pages\/19","targetHints":{"allow":["GET"]}}],"collection":[{"href":"https:\/\/agora.xtec.cat\/inssantandreu\/wp-json\/wp\/v2\/pages"}],"about":[{"href":"https:\/\/agora.xtec.cat\/inssantandreu\/wp-json\/wp\/v2\/types\/page"}],"author":[{"embeddable":true,"href":"https:\/\/agora.xtec.cat\/inssantandreu\/wp-json\/wp\/v2\/users\/1"}],"replies":[{"embeddable":true,"href":"https:\/\/agora.xtec.cat\/inssantandreu\/wp-json\/wp\/v2\/comments?post=19"}],"version-history":[{"count":2,"href":"https:\/\/agora.xtec.cat\/inssantandreu\/wp-json\/wp\/v2\/pages\/19\/revisions"}],"predecessor-version":[{"id":288,"href":"https:\/\/agora.xtec.cat\/inssantandreu\/wp-json\/wp\/v2\/pages\/19\/revisions\/288"}],"wp:attachment":[{"href":"https:\/\/agora.xtec.cat\/inssantandreu\/wp-json\/wp\/v2\/media?parent=19"}],"curies":[{"name":"wp","href":"https:\/\/api.w.org\/{rel}","templated":true}]}}