{"id":11999,"date":"2024-09-19T14:55:52","date_gmt":"2024-09-19T12:55:52","guid":{"rendered":"https:\/\/agora.xtec.cat\/inssantandreu\/?page_id=11999"},"modified":"2025-06-19T13:47:35","modified_gmt":"2025-06-19T11:47:35","slug":"fotografies-curs-2024-2025","status":"publish","type":"page","link":"https:\/\/agora.xtec.cat\/inssantandreu\/fotografies\/fotografies-curs-2024-2025\/","title":{"rendered":"Fotografies curs 2024-2025"},"content":{"rendered":"<ul>\n<li>19.06.25: <a href=\"https:\/\/photos.app.goo.gl\/FaUrkWV3Ap9y191U8\" target=\"_blank\" rel=\"noopener\"> Activitats de tancament de curs 24-25.<\/a><\/li>\n<li>10 i 18.06.25: <a href=\"https:\/\/photos.app.goo.gl\/r3HfR6QZLLJrzqY59\" target=\"_blank\" rel=\"noopener\"> 3r ESO al Cosmocaixa<\/a><\/li>\n<li>17.06.25: <a href=\"https:\/\/photos.app.goo.gl\/jNX9dL8Gjf9STjFAA\" target=\"_blank\" rel=\"noopener\">Graduaci\u00f3 4t ESO<\/a><\/li>\n<li>12.06.25: <a href=\"https:\/\/photos.app.goo.gl\/LVscRVsaexD5NT1b6\" target=\"_blank\" rel=\"noopener\">Jornada esportiva 2n ESO amb 6\u00e8 de prim\u00e0ria<\/a><\/li>\n<li>12.06.25: <a href=\"https:\/\/photos.app.goo.gl\/mkRVCo4jZBQ58Ta28\" target=\"_blank\" rel=\"noopener\">Funny Day 24-25, 3r ESO<\/a><\/li>\n<li>10.06.25: <a href=\"https:\/\/photos.app.goo.gl\/MbPoqckSyENAUzWz6\" target=\"_blank\" rel=\"noopener\">Mercat d\u2019economia 4t ESO<\/a><\/li>\n<li>01.06.25: <a href=\"https:\/\/photos.app.goo.gl\/Hpk66B2Gbtiev4eb8\" target=\"_blank\" rel=\"noopener\">Viatge 4t ESO 01-06 juny 2025<\/a><\/li>\n<li>30.05.25: <a href=\"https:\/\/photos.app.goo.gl\/rJMqXGABN5Zjx6F96\" target=\"_blank\" rel=\"noopener\">XV Trobada de Mediadors del Baix Llobregat<\/a><\/li>\n<li>22.05.25: <a href=\"https:\/\/photos.app.goo.gl\/vmzPzHjEU6S9uNvd6\" target=\"_blank\" rel=\"noopener\">Museu de les Matem\u00e0tiques, 1r ESO<\/a><\/li>\n<li>14.05.25: <a href=\"https:\/\/photos.app.goo.gl\/4EXJBA1ZgayFrAKN6\" target=\"_blank\" rel=\"noopener\">4t ESO Fisica i Qu\u00edmica al Fisidabo<\/a><\/li>\n<li>09.05.25: <a href=\"https:\/\/photos.app.goo.gl\/xPb7b1GZvs8sfUSo8\" target=\"_blank\" rel=\"noopener\">2n ESO Museu de la Ci\u00e8ncia<\/a><\/li>\n<li>06.05.25: <a href=\"https:\/\/photos.app.goo.gl\/q5hd1owKSnnDmob69\" target=\"_blank\" rel=\"noopener\">Col\u00f2nies 3r ESO a Llan\u00e7\u00e0 del 7 al 9 de maig<\/a><\/li>\n<li>25.04.25: <a href=\"https:\/\/photos.app.goo.gl\/EotvfTTQE5vkepJm6\" target=\"_blank\" rel=\"noopener\"><span style=\"font-family: inherit; font-size: 1em;\">Premis literaris Sant Jordi 2025 Ajuntament<\/span><\/a><\/li>\n<li>25.04.25: <a href=\"https:\/\/photos.app.goo.gl\/hBmAxk8hrnoWJqrr6\" target=\"_blank\" rel=\"noopener\">Pentatl\u00f3 Modern 3r ESO<\/a><\/li>\n<li>23.04.25: <a href=\"https:\/\/photos.app.goo.gl\/uJtPPyXFwzMXEmpT7\" target=\"_blank\" rel=\"noopener\">Sant Jordi 2025<\/a><\/li>\n<li>22.04.25: <a href=\"https:\/\/photos.app.goo.gl\/S1sTyWXW5SeHqnLZ6\" target=\"_blank\" rel=\"noopener\">3r ESO al CosmoCaixa<\/a><\/li>\n<li>22.04.25: <a href=\"https:\/\/photos.app.goo.gl\/Wj3s3xTKYKHCWYi47\" target=\"_blank\" rel=\"noopener\">4t ESO optativa visual i pl\u00e0stica<\/a><\/li>\n<li>09.04.25: <a href=\"https:\/\/photos.app.goo.gl\/tARfyofCUJrryuRQA\" target=\"_blank\" rel=\"noopener\">3r ESO taller de castellers<\/a><\/li>\n<li>01.04.25: <a href=\"https:\/\/photos.app.goo.gl\/iuE9mEChxLXpZwGM9\" target=\"_blank\" rel=\"noopener\">1r ESO Sortida Atletisme<\/a><\/li>\n<li>01.04.25: <a href=\"https:\/\/photos.app.goo.gl\/WKT8C86MZBp4MQf28\" target=\"_blank\" rel=\"noopener\">3r ESO Reptes Cient\u00edfics al concurs Nanoeduca<\/a><\/li>\n<li>11.03.25: <a href=\"https:\/\/photos.app.goo.gl\/mnB8W53GUzRdLULfA\" target=\"_blank\" rel=\"noopener\">Setmana de les matem\u00e0tiques<\/a><\/li>\n<li>07.03.25: <a href=\"https:\/\/photos.app.goo.gl\/78NK5HZK3cxiovZf6\" target=\"_blank\" rel=\"noopener\">1r ESO al delta del Llobregat<\/a><\/li>\n<li>07.03.25:\u00a0<a href=\"https:\/\/photos.app.goo.gl\/PgzfyzitXtNJsVD7A\" target=\"_blank\" rel=\"noopener\">3r ESO, M\u00f3n Sant Benet<\/a><\/li>\n<li>06.03.25: <a href=\"https:\/\/photos.app.goo.gl\/ju4AXqQ78SfRQvpX8\" target=\"_blank\" rel=\"noopener\">3r ESO, Educaci\u00f3 F\u00edsica i Rob\u00f2tica<\/a><\/li>\n<li>20.02.25:\u00a0<a href=\"https:\/\/photos.app.goo.gl\/38diQPPibv5AN2dV7\" target=\"_blank\" rel=\"noopener\">Dia internacional de les lleng\u00fces maternes<\/a><\/li>\n<li>28.01.25: <a href=\"https:\/\/photos.app.goo.gl\/HfZE1xDf7buJU2LdA\" target=\"_blank\" rel=\"noopener\">Esquiada 2n ESO<\/a><\/li>\n<li>13.01.25: <a href=\"https:\/\/photos.app.goo.gl\/6jgu2ijXfcULfRrA7\" target=\"_blank\" rel=\"noopener\">Diplomes campanya dia de la SIDA<\/a><\/li>\n<li>17.12.24: <a href=\"https:\/\/photos.app.goo.gl\/JP4zauhtFcum2AEG6\" target=\"_blank\" rel=\"noopener\">Teatre en Angl\u00e8s per 1r, 2n, 3r i 4t ESO<\/a><\/li>\n<li>05.12.24: <a href=\"https:\/\/photos.app.goo.gl\/wMF2LLFroPr1hEs47\" target=\"_blank\" rel=\"noopener\">Sortida 2 ESO, Barcelona Medieval<\/a><\/li>\n<li>25.11.24: <a href=\"https:\/\/photos.app.goo.gl\/zbQNJUKmdi9Nr7m6A\" target=\"_blank\" rel=\"noopener\">25 N &gt; Dia Internacional per a l&#8217;erradicaci\u00f3 de la viol\u00e8ncia vers les dones<\/a><\/li>\n<li>25.11.24: <a href=\"https:\/\/photos.app.goo.gl\/gWA2adArvncq5kHN7\" target=\"_blank\" rel=\"noopener\">2n ESO Sortida Roc\u00f2drom &#8220;Sharma Climbing Gav\u00e0&#8221;<\/a><\/li>\n<li>22.11.24:\u00a0<a href=\"https:\/\/photos.app.goo.gl\/3c9xuBaYwZEkAYj89\" target=\"_blank\" rel=\"noopener\">Cartells seleccionats per Santa Cec\u00edlia 2024<\/a><\/li>\n<li>15.11.24: <a href=\"https:\/\/photos.app.goo.gl\/HP6psFCdjt8i8WpGA\" target=\"_blank\" rel=\"noopener\">Setmana de la Ci\u00e8ncia 2024<\/a><\/li>\n<li>13.11.24: <a href=\"https:\/\/photos.app.goo.gl\/AWVaA9GPCBhJjfpJ8\" target=\"_blank\" rel=\"noopener\">Sortida 1r ESO sortida al teatre, obra &#8220;Mentida&#8221;<\/a><\/li>\n<li>25.10.24: <a href=\"https:\/\/photos.app.goo.gl\/ZPQsPdLvohr3Ddjr6\" target=\"_blank\" rel=\"noopener\">Amic Gran, 1r i 3r d\u2019ESO<\/a><\/li>\n<li>21.10.24: <a href=\"https:\/\/photos.app.goo.gl\/wwx23cE3mxUCYV5F9\" target=\"_blank\" rel=\"noopener\">Sortida al riu, optativa 3r ESO Reptes cient\u00edfics<\/a><\/li>\n<li>11.10.24: <a href=\"https:\/\/photos.app.goo.gl\/38qrqY5Pj2pCHP4e7\" target=\"_blank\" rel=\"noopener\">Taller de la prehist\u00f2ria, 1r ESO.<\/a><\/li>\n<li>03.10.24: <a href=\"https:\/\/photos.app.goo.gl\/PDtcPTqYZTnQqQpt8\" target=\"_blank\" rel=\"noopener\">Col\u00f2nies 1r ESO, 3-4 d\u2019octubre<\/a><\/li>\n<li>27.09.24: <a href=\"https:\/\/photos.app.goo.gl\/Y3V7FiohyHs71ZJcA\" target=\"_blank\" rel=\"noopener\">Grups, curs 2024-2025<\/a><\/li>\n<li>19.09.24: <a href=\"https:\/\/photos.app.goo.gl\/xX4edf65yCQs2j9r9\" target=\"_blank\" rel=\"noopener\">Escape Room 2n ESO Catal\u00e0<\/a><\/li>\n<\/ul>\n","protected":false},"excerpt":{"rendered":"<ul>\n<li>19.06.25: <a href=\"https:\/\/photos.app.goo.gl\/FaUrkWV3Ap9y191U8\" target=\"_blank\" rel=\"noopener\"> Activitats de tancament de curs 24-25.<\/a><\/li>\n<li>10 i 18.06.25: <a href=\"https:\/\/photos.app.goo.gl\/r3HfR6QZLLJrzqY59\" target=\"_blank\" rel=\"noopener\"> 3r ESO al Cosmocaixa<\/a><\/li>\n<li>17.06.25: <a href=\"https:\/\/photos.app.goo.gl\/jNX9dL8Gjf9STjFAA\" target=\"_blank\" rel=\"noopener\">Graduaci\u00f3 4t ESO<\/a><\/li>\n<li>12.06.25: <a href=\"https:\/\/photos.app.goo.gl\/LVscRVsaexD5NT1b6\" target=\"_blank\" rel=\"noopener\">Jornada esportiva 2n ESO amb 6\u00e8 de prim\u00e0ria<\/a><\/li>\n<li>12.06.25: <a href=\"https:\/\/photos.app.goo.gl\/mkRVCo4jZBQ58Ta28\" target=\"_blank\" rel=\"noopener\">Funny Day 24-25, 3r&hellip;  <a href=\"https:\/\/agora.xtec.cat\/inssantandreu\/fotografies\/fotografies-curs-2024-2025\/\" title=\"Read Fotografies curs 2024-2025\">Llegeix m\u00e9s\u00bb<\/a><br \/>\n","protected":false},"author":1,"featured_media":0,"parent":956,"menu_order":11,"comment_status":"closed","ping_status":"closed","template":"","meta":{"_bbp_topic_count":0,"_bbp_reply_count":0,"_bbp_total_topic_count":0,"_bbp_total_reply_count":0,"_bbp_voice_count":0,"_bbp_anonymous_reply_count":0,"_bbp_topic_count_hidden":0,"_bbp_reply_count_hidden":0,"_bbp_forum_subforum_count":0,"footnotes":""},"class_list":["post-11999","page","type-page","status-publish","hentry"],"post_mailing_queue_ids":[],"_links":{"self":[{"href":"https:\/\/agora.xtec.cat\/inssantandreu\/wp-json\/wp\/v2\/pages\/11999","targetHints":{"allow":["GET"]}}],"collection":[{"href":"https:\/\/agora.xtec.cat\/inssantandreu\/wp-json\/wp\/v2\/pages"}],"about":[{"href":"https:\/\/agora.xtec.cat\/inssantandreu\/wp-json\/wp\/v2\/types\/page"}],"author":[{"embeddable":true,"href":"https:\/\/agora.xtec.cat\/inssantandreu\/wp-json\/wp\/v2\/users\/1"}],"replies":[{"embeddable":true,"href":"https:\/\/agora.xtec.cat\/inssantandreu\/wp-json\/wp\/v2\/comments?post=11999"}],"version-history":[{"count":7,"href":"https:\/\/agora.xtec.cat\/inssantandreu\/wp-json\/wp\/v2\/pages\/11999\/revisions"}],"predecessor-version":[{"id":12275,"href":"https:\/\/agora.xtec.cat\/inssantandreu\/wp-json\/wp\/v2\/pages\/11999\/revisions\/12275"}],"up":[{"embeddable":true,"href":"https:\/\/agora.xtec.cat\/inssantandreu\/wp-json\/wp\/v2\/pages\/956"}],"wp:attachment":[{"href":"https:\/\/agora.xtec.cat\/inssantandreu\/wp-json\/wp\/v2\/media?parent=11999"}],"curies":[{"name":"wp","href":"https:\/\/api.w.org\/{rel}","templated":true}]}}