{"id":11565,"date":"2023-06-19T15:47:31","date_gmt":"2023-06-19T13:47:31","guid":{"rendered":"https:\/\/agora.xtec.cat\/inssantandreu\/?page_id=11565"},"modified":"2024-06-19T11:59:32","modified_gmt":"2024-06-19T09:59:32","slug":"fotografies-curs-2023-2024","status":"publish","type":"page","link":"https:\/\/agora.xtec.cat\/inssantandreu\/fotografies\/fotografies-curs-2023-2024\/","title":{"rendered":"Fotografies curs 2023-2024"},"content":{"rendered":"<ul>\n<li>19.06.24: <a href=\"https:\/\/photos.app.goo.gl\/XwUYft3KYgWX2jno8\" target=\"_blank\" rel=\"noopener\">Activitats de tancament de curs 23-24<\/a><\/li>\n<li>18.06.24: <a href=\"https:\/\/photos.app.goo.gl\/YsPRpht2PKmHhUQQA\" target=\"_blank\" rel=\"noopener\">Graduaci\u00f3 4t ESO<\/a><\/li>\n<li>07.06.24: <a href=\"https:\/\/photos.app.goo.gl\/5X7aUNRSZ4qpxiTN6\" target=\"_blank\" rel=\"noopener\">Concurs de conjugaci\u00f3, 1r ESO<\/a><\/li>\n<li>04.06.24: <a href=\"https:\/\/photos.app.goo.gl\/3qhpgu3N1jUvAczu5\" target=\"_blank\" rel=\"noopener\">Sortida Museu de la Ci\u00e8ncia 2n ESO<\/a><\/li>\n<li>26.05.24: <a href=\"https:\/\/photos.app.goo.gl\/MLxTJYZCUD5bm4B99\" target=\"_blank\" rel=\"noopener\">Viatge 4t ESO 25-30 maig 2024<\/a><\/li>\n<li>23.05.24: <a href=\"https:\/\/photos.app.goo.gl\/JYR5K5GqeSZfGbdq9\" target=\"_blank\" rel=\"noopener\">Sortida 3r ESO al MNAC<\/a><\/li>\n<li>16.05.24: <a href=\"https:\/\/photos.app.goo.gl\/5ohecwddurrkvhHJA\" target=\"_blank\" rel=\"noopener\">Sortida 3r ESO al Cosmocaixa<\/a><\/li>\n<li>08.05.24: <a href=\"https:\/\/photos.app.goo.gl\/Q4JsRqx9ud9o6fbL6\" target=\"_blank\" rel=\"noopener\">Col\u00f2nies 3r ESO a Llan\u00e7\u00e0 del 8 al 10 de maig 2024<\/a><\/li>\n<li>30.04.24: <a href=\"https:\/\/photos.app.goo.gl\/DRrMQKK5P6GBZJfRA\" target=\"_blank\" rel=\"noopener\">1r ESO Museu de les Matem\u00e0tiques<\/a><\/li>\n<li>23.04.24: <a href=\"https:\/\/photos.app.goo.gl\/tmoJMje8QU8z5D3F7\" target=\"_blank\" rel=\"noopener\">Sant Jordi 2024<\/a><\/li>\n<li>19.04.24: <a href=\"https:\/\/photos.app.goo.gl\/dGzZnd3UpmV9gmT1A\" target=\"_blank\" rel=\"noopener\">Projecte Rius 3r ESO<\/a><\/li>\n<li>19.04.24: <a href=\"https:\/\/photos.app.goo.gl\/vtP3rW9WLXRbqxDw6\" target=\"_blank\" rel=\"noopener\">1r ESO Taller animant hist\u00f2ries<\/a><\/li>\n<li>12.04.24: <a href=\"https:\/\/photos.app.goo.gl\/QD2LwUBLc45Dk9q17\" target=\"_blank\" rel=\"noopener\">Qui diu que la gram\u00e0tica \u00e9s avorrida? 2n ESO<\/a><\/li>\n<li>10.04.24: <a href=\"https:\/\/photos.app.goo.gl\/EvpprgHQ6CHRDbMY9\" target=\"_blank\" rel=\"noopener\">1r ESO senderisme a Montserrat<\/a><\/li>\n<li>09.04.24:\u00a0<a href=\"https:\/\/photos.app.goo.gl\/G4CStMGcoAsrAmzZ9\" target=\"_blank\" rel=\"noopener\">1rB ESO projectes Escola Joan Maragall<\/a><\/li>\n<li>04.04.24: <a href=\"https:\/\/photos.app.goo.gl\/U23JHRJdHwUHarxE7\" target=\"_blank\" rel=\"noopener\">Sortida 2n ESO Barcelona Medieval<\/a><\/li>\n<li>11.03.24: <a href=\"https:\/\/photos.app.goo.gl\/Zqrmug4mpMwhowTw5\" target=\"_blank\" rel=\"noopener\">Setmana de les matem\u00e0tiques<\/a><\/li>\n<li>05.03.24: <a href=\"https:\/\/photos.app.goo.gl\/irAJmpjbnLot7PjK7\" target=\"_blank\" rel=\"noopener\">Visita 4t ESO a l&#8217;IdesCat<\/a><\/li>\n<li>23.02.24: <a href=\"https:\/\/photos.app.goo.gl\/4HGnUtNoPusnqFDw9\" target=\"_blank\" rel=\"noopener\">3r ESO taller de castellers<\/a><\/li>\n<li>23.02.24: <a href=\"https:\/\/photos.app.goo.gl\/SQtJFCDv3FG1dra17\" target=\"_blank\" rel=\"noopener\">Taller de Kickboxing a 3r i 4t d&#8217;ESO<\/a><\/li>\n<li>20.02.24: <a href=\"https:\/\/photos.app.goo.gl\/yLGGKdaS2Evt9Cb26\" target=\"_blank\" rel=\"noopener\">Dioses en Sanan<\/a><\/li>\n<li>15.02.24: <a href=\"https:\/\/photos.app.goo.gl\/xwHoun4Nk5LqZz1W7\" target=\"_blank\" rel=\"noopener\">English Theatre Company<\/a><\/li>\n<li>14.02.24: <a href=\"https:\/\/photos.app.goo.gl\/2ceWWeKSKttuj6Ch9\" target=\"_blank\" rel=\"noopener\">Mercat d&#8217;economia 4t ESO<\/a><\/li>\n<li>05.02.24: <a href=\"https:\/\/photos.app.goo.gl\/mG1fCA9RRSTRNKZK8\" target=\"_blank\" rel=\"noopener\">Sortida al teatre, 3r i 4t d&#8217;ESO<\/a><\/li>\n<li>02.02.24: <a href=\"https:\/\/photos.app.goo.gl\/J7HA8uFVxTthPpe69\" target=\"_blank\" rel=\"noopener\">Projecte europeu eTwinning sobre els castellers, 3 ESO<\/a><\/li>\n<li>30\/31.01.24:\u00a0<a href=\"https:\/\/photos.app.goo.gl\/ALFF61ZCQwyXZv4C7\" target=\"_blank\" rel=\"noopener\">Esquiada 2n ESO<\/a><\/li>\n<li>25.01.24: <a href=\"https:\/\/photos.app.goo.gl\/LERyAvhQBCbN1DdG7\" target=\"_blank\" rel=\"noopener\"><span style=\"font-family: inherit; font-size: 1em;\">Sortida 4t ESO, Sitges<\/span><\/a><\/li>\n<li>22.01.24: <a href=\"https:\/\/photos.app.goo.gl\/ajnrgbf8W1TnHamF9\" target=\"_blank\" rel=\"noopener\">Sortida Educaci\u00f3 F\u00edsica 1r ESO<\/a><\/li>\n<li>17.01.24: <a href=\"https:\/\/photos.app.goo.gl\/WTvB5NtEt1JmpbBM6\" target=\"_blank\" rel=\"noopener\">Sortida al teatre 1r d&#8217;ESO<\/a><\/li>\n<li>20.12.23: <a href=\"https:\/\/photos.app.goo.gl\/r7vA9LyYWSu3A6KR6\" target=\"_blank\" rel=\"noopener\">Jornada de tancament del primer trimestre<\/a><\/li>\n<li>15.12.23: <a href=\"https:\/\/photos.app.goo.gl\/7pDbL7NBe5BnHd4x7\" target=\"_blank\" rel=\"noopener\">Escalada 2n ESO<\/a><\/li>\n<li>24.11.23: <a href=\"https:\/\/photos.app.goo.gl\/HBDitEdiX9Gkp8Xh9\" target=\"_blank\" rel=\"noopener\">Activitats 25N<\/a><\/li>\n<li>23.11.23: <a href=\"https:\/\/photos.app.goo.gl\/ta5jQ9UWWVF5HufA7\" target=\"_blank\" rel=\"noopener\">3r ESO Sortida al TNC a fer el taller sobre veu i doblatge<\/a><\/li>\n<li>22.11.23: <a href=\"https:\/\/photos.app.goo.gl\/kitQ1FUH7g5woyK9A\" target=\"_blank\" rel=\"noopener\">Santa Cec\u00edlia<\/a><\/li>\n<li>15.11.23:\u00a0<a href=\"https:\/\/photos.app.goo.gl\/fFb95knzbD3s9fmg6\" target=\"_blank\" rel=\"noopener\">Activitat d\u2019intercanvi, Setmana de la Ci\u00e8ncia<\/a><\/li>\n<li>10.11.23:\u00a0<a href=\"https:\/\/photos.app.goo.gl\/Lr4EZqRxbPqDiyKj8\" target=\"_blank\" rel=\"noopener\">Confer\u00e8ncia Escriptora 2n ESO<\/a><\/li>\n<li>09.11.23:\u00a0<a href=\"https:\/\/photos.app.goo.gl\/3NUQs8r63xn7zXqv7\" target=\"_blank\" rel=\"noopener\">Amic Gran, 1r i 3r d&#8217;ESO<\/a><\/li>\n<li>02 i 03.11.23: <a href=\"https:\/\/photos.app.goo.gl\/PnMDS79Pt7skFRZm6\" target=\"_blank\" rel=\"noopener\">Sortida 3r ESO, M\u00f3n Sant Benet<\/a><\/li>\n<li>31.10.23:\u00a0<a href=\"https:\/\/photos.app.goo.gl\/pYpSqh566r7r9oTw9\" target=\"_blank\" rel=\"noopener\">1r ESO al delta del Llobregat<\/a><\/li>\n<li>27.10.23: <a href=\"https:\/\/photos.app.goo.gl\/FwMQqHo6txdhGrag8\" target=\"_blank\" rel=\"noopener\">Projecte Rius 3r ESO<\/a><\/li>\n<li>05.10.23:\u00a0<a href=\"https:\/\/photos.app.goo.gl\/HTgJKabysgJc1dTv8\" target=\"_blank\" rel=\"noopener\">Col\u00f2nies 1r ESO, 5-6 d\u2019octubre\u201923<\/a><\/li>\n<li>03.10.23: <a href=\"https:\/\/photos.app.goo.gl\/fW7iNMnmzUXDXMu59\" target=\"_blank\" rel=\"noopener\">Taller de la prehist\u00f2ria, 1r ESO.<\/a><\/li>\n<li>29.09.23:\u00a0<a href=\"https:\/\/photos.app.goo.gl\/CB78SGKPvx3EQiHD8\" target=\"_blank\" rel=\"noopener\">Fotografies grups, curs 2023-2024<\/a><\/li>\n<\/ul>\n","protected":false},"excerpt":{"rendered":"<ul>\n<li>19.06.24: <a href=\"https:\/\/photos.app.goo.gl\/XwUYft3KYgWX2jno8\" target=\"_blank\" rel=\"noopener\">Activitats de tancament de curs 23-24<\/a><\/li>\n<li>18.06.24: <a href=\"https:\/\/photos.app.goo.gl\/YsPRpht2PKmHhUQQA\" target=\"_blank\" rel=\"noopener\">Graduaci\u00f3 4t ESO<\/a><\/li>\n<li>07.06.24: <a href=\"https:\/\/photos.app.goo.gl\/5X7aUNRSZ4qpxiTN6\" target=\"_blank\" rel=\"noopener\">Concurs de conjugaci\u00f3, 1r ESO<\/a><\/li>\n<li>04.06.24: <a href=\"https:\/\/photos.app.goo.gl\/3qhpgu3N1jUvAczu5\" target=\"_blank\" rel=\"noopener\">Sortida Museu de la Ci\u00e8ncia 2n ESO<\/a><\/li>\n<li>26.05.24: <a href=\"https:\/\/photos.app.goo.gl\/MLxTJYZCUD5bm4B99\" target=\"_blank\" rel=\"noopener\">Viatge 4t ESO 25-30 maig 2024<\/a><\/li>\n<li>23.05.24: <a href=\"https:\/\/photos.app.goo.gl\/JYR5K5GqeSZfGbdq9\"&hellip;  <a href=\"https:\/\/agora.xtec.cat\/inssantandreu\/fotografies\/fotografies-curs-2023-2024\/\" title=\"Read Fotografies curs 2023-2024\">Llegeix m\u00e9s\u00bb<\/a><br \/>\n","protected":false},"author":1,"featured_media":0,"parent":956,"menu_order":10,"comment_status":"closed","ping_status":"closed","template":"","meta":{"_bbp_topic_count":0,"_bbp_reply_count":0,"_bbp_total_topic_count":0,"_bbp_total_reply_count":0,"_bbp_voice_count":0,"_bbp_anonymous_reply_count":0,"_bbp_topic_count_hidden":0,"_bbp_reply_count_hidden":0,"_bbp_forum_subforum_count":0,"footnotes":""},"class_list":["post-11565","page","type-page","status-publish","hentry"],"post_mailing_queue_ids":[],"_links":{"self":[{"href":"https:\/\/agora.xtec.cat\/inssantandreu\/wp-json\/wp\/v2\/pages\/11565","targetHints":{"allow":["GET"]}}],"collection":[{"href":"https:\/\/agora.xtec.cat\/inssantandreu\/wp-json\/wp\/v2\/pages"}],"about":[{"href":"https:\/\/agora.xtec.cat\/inssantandreu\/wp-json\/wp\/v2\/types\/page"}],"author":[{"embeddable":true,"href":"https:\/\/agora.xtec.cat\/inssantandreu\/wp-json\/wp\/v2\/users\/1"}],"replies":[{"embeddable":true,"href":"https:\/\/agora.xtec.cat\/inssantandreu\/wp-json\/wp\/v2\/comments?post=11565"}],"version-history":[{"count":6,"href":"https:\/\/agora.xtec.cat\/inssantandreu\/wp-json\/wp\/v2\/pages\/11565\/revisions"}],"predecessor-version":[{"id":11972,"href":"https:\/\/agora.xtec.cat\/inssantandreu\/wp-json\/wp\/v2\/pages\/11565\/revisions\/11972"}],"up":[{"embeddable":true,"href":"https:\/\/agora.xtec.cat\/inssantandreu\/wp-json\/wp\/v2\/pages\/956"}],"wp:attachment":[{"href":"https:\/\/agora.xtec.cat\/inssantandreu\/wp-json\/wp\/v2\/media?parent=11565"}],"curies":[{"name":"wp","href":"https:\/\/api.w.org\/{rel}","templated":true}]}}