{"id":1156,"date":"2017-05-09T09:25:31","date_gmt":"2017-05-09T07:25:31","guid":{"rendered":"http:\/\/agora.xtec.cat\/inssantandreu\/?page_id=1156"},"modified":"2017-07-31T11:26:09","modified_gmt":"2017-07-31T09:26:09","slug":"robotica","status":"publish","type":"page","link":"https:\/\/agora.xtec.cat\/inssantandreu\/projectes\/robotica\/","title":{"rendered":"Programaci\u00f3 i rob\u00f2tica"},"content":{"rendered":"<p>Dins de la mat\u00e8ria de tecnologia,\u00a0l&#8217;alumnat treballa la programaci\u00f3 a 1r d&#8217;ESO, amb el programa scratch:<\/p>\n<p><a href=\"http:\/\/agora.xtec.cat\/inssantandreu\/wp-content\/uploads\/usu94\/2017\/05\/scratch.png\"><img loading=\"lazy\" decoding=\"async\" class=\"aligncenter size-full wp-image-1298\" src=\"http:\/\/agora.xtec.cat\/inssantandreu\/wp-content\/uploads\/usu94\/2017\/05\/scratch.png\" alt=\"\" width=\"544\" height=\"408\" srcset=\"https:\/\/agora.xtec.cat\/inssantandreu\/wp-content\/uploads\/usu94\/2017\/05\/scratch.png 544w, https:\/\/agora.xtec.cat\/inssantandreu\/wp-content\/uploads\/usu94\/2017\/05\/scratch-300x225.png 300w, https:\/\/agora.xtec.cat\/inssantandreu\/wp-content\/uploads\/usu94\/2017\/05\/scratch-200x150.png 200w\" sizes=\"auto, (max-width: 544px) 100vw, 544px\" \/><\/a><\/p>\n<p>D&#8217;altra banda, a 3r d&#8217;ESO, l&#8217;alumnat participa en el programa mschools student awards, dins de l&#8217;entorn del mobile world. Creant apps per a m\u00f2bils:<\/p>\n<p><a href=\"http:\/\/agora.xtec.cat\/inssantandreu\/wp-content\/uploads\/usu94\/2017\/05\/mschools.png\"><img loading=\"lazy\" decoding=\"async\" class=\"aligncenter size-full wp-image-1299\" src=\"http:\/\/agora.xtec.cat\/inssantandreu\/wp-content\/uploads\/usu94\/2017\/05\/mschools.png\" alt=\"\" width=\"371\" height=\"136\" srcset=\"https:\/\/agora.xtec.cat\/inssantandreu\/wp-content\/uploads\/usu94\/2017\/05\/mschools.png 371w, https:\/\/agora.xtec.cat\/inssantandreu\/wp-content\/uploads\/usu94\/2017\/05\/mschools-300x110.png 300w\" sizes=\"auto, (max-width: 371px) 100vw, 371px\" \/><\/a><\/p>\n<p><a href=\"http:\/\/agora.xtec.cat\/inssantandreu\/wp-content\/uploads\/usu94\/2017\/05\/port\u00e0tils.jpg\"><img loading=\"lazy\" decoding=\"async\" class=\"aligncenter size-full wp-image-1295\" src=\"http:\/\/agora.xtec.cat\/inssantandreu\/wp-content\/uploads\/usu94\/2017\/05\/port\u00e0tils.jpg\" alt=\"\" width=\"461\" height=\"260\" srcset=\"https:\/\/agora.xtec.cat\/inssantandreu\/wp-content\/uploads\/usu94\/2017\/05\/port\u00e0tils.jpg 461w, https:\/\/agora.xtec.cat\/inssantandreu\/wp-content\/uploads\/usu94\/2017\/05\/port\u00e0tils-300x169.jpg 300w\" sizes=\"auto, (max-width: 461px) 100vw, 461px\" \/><\/a><\/p>\n","protected":false},"excerpt":{"rendered":"<p>Dins de la mat\u00e8ria de tecnologia,\u00a0l&#8217;alumnat treballa la programaci\u00f3 a 1r d&#8217;ESO, amb el programa scratch:<br \/>\n<a href=\"http:\/\/agora.xtec.cat\/inssantandreu\/wp-content\/uploads\/usu94\/2017\/05\/scratch.png\"><\/a><br \/>\nD&#8217;altra banda, a 3r d&#8217;ESO, l&#8217;alumnat participa en el programa mschools student awards, dins de l&#8217;entorn del mobile world. Creant apps per a m\u00f2bils:<br \/>\n<a href=\"http:\/\/agora.xtec.cat\/inssantandreu\/wp-content\/uploads\/usu94\/2017\/05\/mschools.png\"><\/a><br \/>\n<a href=\"http:\/\/agora.xtec.cat\/inssantandreu\/wp-content\/uploads\/usu94\/2017\/05\/port\u00e0tils.jpg\"><\/a><\/p>\n","protected":false},"author":1,"featured_media":0,"parent":1133,"menu_order":0,"comment_status":"closed","ping_status":"closed","template":"page-templates\/side-menu.php","meta":{"_bbp_topic_count":0,"_bbp_reply_count":0,"_bbp_total_topic_count":0,"_bbp_total_reply_count":0,"_bbp_voice_count":0,"_bbp_anonymous_reply_count":0,"_bbp_topic_count_hidden":0,"_bbp_reply_count_hidden":0,"_bbp_forum_subforum_count":0,"footnotes":""},"class_list":["post-1156","page","type-page","status-publish","hentry"],"post_mailing_queue_ids":[],"_links":{"self":[{"href":"https:\/\/agora.xtec.cat\/inssantandreu\/wp-json\/wp\/v2\/pages\/1156","targetHints":{"allow":["GET"]}}],"collection":[{"href":"https:\/\/agora.xtec.cat\/inssantandreu\/wp-json\/wp\/v2\/pages"}],"about":[{"href":"https:\/\/agora.xtec.cat\/inssantandreu\/wp-json\/wp\/v2\/types\/page"}],"author":[{"embeddable":true,"href":"https:\/\/agora.xtec.cat\/inssantandreu\/wp-json\/wp\/v2\/users\/1"}],"replies":[{"embeddable":true,"href":"https:\/\/agora.xtec.cat\/inssantandreu\/wp-json\/wp\/v2\/comments?post=1156"}],"version-history":[{"count":3,"href":"https:\/\/agora.xtec.cat\/inssantandreu\/wp-json\/wp\/v2\/pages\/1156\/revisions"}],"predecessor-version":[{"id":1301,"href":"https:\/\/agora.xtec.cat\/inssantandreu\/wp-json\/wp\/v2\/pages\/1156\/revisions\/1301"}],"up":[{"embeddable":true,"href":"https:\/\/agora.xtec.cat\/inssantandreu\/wp-json\/wp\/v2\/pages\/1133"}],"wp:attachment":[{"href":"https:\/\/agora.xtec.cat\/inssantandreu\/wp-json\/wp\/v2\/media?parent=1156"}],"curies":[{"name":"wp","href":"https:\/\/api.w.org\/{rel}","templated":true}]}}