{"id":1154,"date":"2017-05-09T09:24:27","date_gmt":"2017-05-09T07:24:27","guid":{"rendered":"http:\/\/agora.xtec.cat\/inssantandreu\/?page_id=1154"},"modified":"2024-02-09T12:09:03","modified_gmt":"2024-02-09T11:09:03","slug":"activitats-dintercanvi","status":"publish","type":"page","link":"https:\/\/agora.xtec.cat\/inssantandreu\/projectes\/activitats-dintercanvi\/","title":{"rendered":"Activitats d&#8217;intercanvi"},"content":{"rendered":"<p style=\"text-align: justify;\">Al llarg del curs fem diverses activitats d&#8217;intercanvi amb l&#8217;alumnat d&#8217;educaci\u00f3 infantil i prim\u00e0ria, aquestes activitats fomenten el creixement personal i l&#8217;autonomia de l&#8217;alumnat.<\/p>\n<header class=\"entry-header\">\n<h1 class=\"entry-title\"><span style=\"color: #333399;\"><a style=\"color: #333399;\" title=\"Setmana de la ci\u00e8ncia 2016\" href=\"http:\/\/agora.xtec.cat\/inssantandreu\/portada\/setmana-de-la-ciencia-2016\/\" rel=\"bookmark\">Setmana de la ci\u00e8ncia<\/a><\/span><\/h1>\n<p class=\"edit-link\" style=\"text-align: justify;\">El nostre centre celebra del al novembre la Setmana de la Ci\u00e8ncia. Amb tot un seguit d\u2019activitats que l\u2019alumnat porta a terme amb companys d\u2019infantil i prim\u00e0ria de l\u2019escola \u00c0ngel Guimer\u00e0, les podeu consultar a: <a href=\"https:\/\/drive.google.com\/file\/d\/0BwiQa7YdCACfbGpnTHBienU4NDA\/view?usp=sharing\" target=\"_blank\" rel=\"noopener\">Tr\u00edptic Setmana de la Ci\u00e8ncia<\/a><\/p>\n<\/header>\n<div class=\"edit-link\" style=\"text-align: justify;\"><\/div>\n<div class=\"edit-link\" style=\"text-align: justify;\"><a href=\"http:\/\/agora.xtec.cat\/inssantandreu\/wp-content\/uploads\/usu94\/2017\/05\/web-1-1.jpg\"><img loading=\"lazy\" decoding=\"async\" class=\"aligncenter size-full wp-image-1270\" src=\"http:\/\/agora.xtec.cat\/inssantandreu\/wp-content\/uploads\/usu94\/2017\/05\/web-1-1.jpg\" alt=\"web-1\" width=\"484\" height=\"610\" srcset=\"https:\/\/agora.xtec.cat\/inssantandreu\/wp-content\/uploads\/usu94\/2017\/05\/web-1-1.jpg 484w, https:\/\/agora.xtec.cat\/inssantandreu\/wp-content\/uploads\/usu94\/2017\/05\/web-1-1-238x300.jpg 238w\" sizes=\"auto, (max-width: 484px) 100vw, 484px\" \/><\/a><\/div>\n<div class=\"edit-link\">\n<header class=\"entry-header\">\n<h1 class=\"entry-title\"><span style=\"color: #333399;\">Jornada intercanvi esportiu<\/span><\/h1>\n<\/header>\n<div class=\"entry-content\">\n<p style=\"text-align: justify;\">L\u2019alumnat de 3r d\u2019ESO ha fet un intercanvi esportiu amb l\u2019alumnat de 6\u00e8 d\u2019educaci\u00f3 prim\u00e0ria de l\u2019escola \u00c0ngel Guimer\u00e0.<\/p>\n<p style=\"text-align: justify;\">L\u2019alumnat d\u2019ESO ha preparat tota una s\u00e8rie d\u2019estacions, per les qual anava passant l\u2019alumnat de prim\u00e0ria, practicant diferents esports i jocs.<\/p>\n<p style=\"text-align: justify;\">D\u2019aquesta forma l\u2019alumnat de l\u2019escola, que est\u00e0 a punt d\u2019acabar l\u2019etapa d\u2019educaci\u00f3 prim\u00e0ria estableix vincles amb l\u2019institut.<\/p>\n<p style=\"text-align: justify;\"><a href=\"http:\/\/agora.xtec.cat\/inssantandreu\/wp-content\/uploads\/usu94\/2017\/05\/IMG_0801.jpg\"><img loading=\"lazy\" decoding=\"async\" class=\"size-full wp-image-1182 aligncenter\" src=\"http:\/\/agora.xtec.cat\/inssantandreu\/wp-content\/uploads\/usu94\/2017\/05\/IMG_0801.jpg\" alt=\"IMG_0801\" width=\"408\" height=\"291\" srcset=\"https:\/\/agora.xtec.cat\/inssantandreu\/wp-content\/uploads\/usu94\/2017\/05\/IMG_0801.jpg 408w, https:\/\/agora.xtec.cat\/inssantandreu\/wp-content\/uploads\/usu94\/2017\/05\/IMG_0801-300x214.jpg 300w\" sizes=\"auto, (max-width: 408px) 100vw, 408px\" \/><\/a><\/p>\n<header class=\"entry-header\">\n<div class=\"edit-link\">\n<h1 class=\"entry-title\"><span style=\"color: #333399;\">Expliquem un conte<\/span><\/h1>\n<\/div>\n<\/header>\n<div class=\"entry-content\">\n<p style=\"text-align: justify;\">L\u2019alumnat de 2n d\u2019ESO , dins de les activitats planificades per Sant Jordi, han anat a l\u2019escola \u00c0ngel Guimer\u00e0 a explicar un conte teatralitzat a l\u2019alumnat de 1r, 2n, 3r i 4t de prim\u00e0ria.<\/p>\n<p style=\"text-align: justify;\">Es tracta d\u2019una activitat d\u2019intercanvi cultural amb l\u2019escola on el nostre alumnat apr\u00e8n a fer-se responsable \u00a0i a treballar amb nens m\u00e9s petits a la vegada que estan assolint les compet\u00e8ncies ling\u00fc\u00edstiques.<\/p>\n<ul>\n<li><a href=\"https:\/\/goo.gl\/photos\/JSikqcEPiB5rBnCF8\" target=\"_blank\" rel=\"noopener\">Fotografies expliquem un conte<\/a><\/li>\n<\/ul>\n<p><a href=\"http:\/\/agora.xtec.cat\/inssantandreu\/wp-content\/uploads\/usu94\/2017\/05\/web-3-1.jpg\"><img loading=\"lazy\" decoding=\"async\" class=\"aligncenter size-full wp-image-1272\" src=\"http:\/\/agora.xtec.cat\/inssantandreu\/wp-content\/uploads\/usu94\/2017\/05\/web-3-1.jpg\" alt=\"web-3\" width=\"404\" height=\"303\" srcset=\"https:\/\/agora.xtec.cat\/inssantandreu\/wp-content\/uploads\/usu94\/2017\/05\/web-3-1.jpg 404w, https:\/\/agora.xtec.cat\/inssantandreu\/wp-content\/uploads\/usu94\/2017\/05\/web-3-1-300x225.jpg 300w, https:\/\/agora.xtec.cat\/inssantandreu\/wp-content\/uploads\/usu94\/2017\/05\/web-3-1-200x150.jpg 200w\" sizes=\"auto, (max-width: 404px) 100vw, 404px\" \/><\/a><\/p>\n<\/div>\n<header class=\"entry-header\">\n<div class=\"edit-link\">\n<h1 class=\"entry-title\"><span style=\"color: #333399;\">Funny Day<\/span><\/h1>\n<\/div>\n<\/header>\n<div class=\"entry-content\">\n<p style=\"text-align: justify;\">S\u2019ha cel\u00b7lebrat, en angl\u00e8s, un intercanvi del Institut Sant Andreu amb les escoles \u00c0ngel Guimer\u00e0 i Can Salvi.<\/p>\n<p style=\"text-align: justify;\">L\u2019alumnat de 3r d\u2019ESO i una part de segon d\u2019 ESO han fet uns jocs en angl\u00e8s amb els nens de les dues escoles de 5\u00e8 de prim\u00e0ria. Els nens han fet\u00a0les proves i han practicat l\u2019angl\u00e8s.<\/p>\n<p style=\"text-align: justify;\">D\u2019aquesta manera han jugat mentre empraven l\u2019angl\u00e8s. La jornada ha acabat amb la can\u00e7\u00f3 \u201cImagine\u201d de John Lennon. Els nens han apr\u00e8s molt i alhora s\u2019han divertit.<\/p>\n<ul>\n<li><a href=\"https:\/\/goo.gl\/photos\/sTrmBBy27wWVWqNP6\" target=\"_blank\" rel=\"noopener\">Fotografies Funny Day<\/a><\/li>\n<\/ul>\n<p><a href=\"http:\/\/agora.xtec.cat\/inssantandreu\/wp-content\/uploads\/usu94\/2017\/05\/web-10.jpg\"><img loading=\"lazy\" decoding=\"async\" class=\"aligncenter size-full wp-image-1273\" src=\"http:\/\/agora.xtec.cat\/inssantandreu\/wp-content\/uploads\/usu94\/2017\/05\/web-10.jpg\" alt=\"web\" width=\"484\" height=\"210\" srcset=\"https:\/\/agora.xtec.cat\/inssantandreu\/wp-content\/uploads\/usu94\/2017\/05\/web-10.jpg 484w, https:\/\/agora.xtec.cat\/inssantandreu\/wp-content\/uploads\/usu94\/2017\/05\/web-10-300x130.jpg 300w\" sizes=\"auto, (max-width: 484px) 100vw, 484px\" \/><\/a><\/p>\n<\/div>\n<\/div>\n<\/div>\n","protected":false},"excerpt":{"rendered":"<p>Al llarg del curs fem diverses activitats d&#8217;intercanvi amb l&#8217;alumnat d&#8217;educaci\u00f3 infantil i prim\u00e0ria, aquestes activitats fomenten el creixement personal i l&#8217;autonomia de l&#8217;alumnat.<\/p>\n<p><a style=\"color: #333399;\" title=\"Setmana de la ci\u00e8ncia 2016\" href=\"http:\/\/agora.xtec.cat\/inssantandreu\/portada\/setmana-de-la-ciencia-2016\/\" rel=\"bookmark\">Setmana de la ci\u00e8ncia<\/a><br \/>\nEl nostre centre celebra del al novembre la Setmana de&hellip;  <a href=\"https:\/\/agora.xtec.cat\/inssantandreu\/projectes\/activitats-dintercanvi\/\" title=\"Read Activitats d&#8217;intercanvi\">Llegeix m\u00e9s\u00bb<\/a><\/p>\n","protected":false},"author":1,"featured_media":0,"parent":1133,"menu_order":0,"comment_status":"closed","ping_status":"closed","template":"page-templates\/side-menu.php","meta":{"_bbp_topic_count":0,"_bbp_reply_count":0,"_bbp_total_topic_count":0,"_bbp_total_reply_count":0,"_bbp_voice_count":0,"_bbp_anonymous_reply_count":0,"_bbp_topic_count_hidden":0,"_bbp_reply_count_hidden":0,"_bbp_forum_subforum_count":0,"footnotes":""},"class_list":["post-1154","page","type-page","status-publish","hentry"],"post_mailing_queue_ids":[],"_links":{"self":[{"href":"https:\/\/agora.xtec.cat\/inssantandreu\/wp-json\/wp\/v2\/pages\/1154","targetHints":{"allow":["GET"]}}],"collection":[{"href":"https:\/\/agora.xtec.cat\/inssantandreu\/wp-json\/wp\/v2\/pages"}],"about":[{"href":"https:\/\/agora.xtec.cat\/inssantandreu\/wp-json\/wp\/v2\/types\/page"}],"author":[{"embeddable":true,"href":"https:\/\/agora.xtec.cat\/inssantandreu\/wp-json\/wp\/v2\/users\/1"}],"replies":[{"embeddable":true,"href":"https:\/\/agora.xtec.cat\/inssantandreu\/wp-json\/wp\/v2\/comments?post=1154"}],"version-history":[{"count":5,"href":"https:\/\/agora.xtec.cat\/inssantandreu\/wp-json\/wp\/v2\/pages\/1154\/revisions"}],"predecessor-version":[{"id":11768,"href":"https:\/\/agora.xtec.cat\/inssantandreu\/wp-json\/wp\/v2\/pages\/1154\/revisions\/11768"}],"up":[{"embeddable":true,"href":"https:\/\/agora.xtec.cat\/inssantandreu\/wp-json\/wp\/v2\/pages\/1133"}],"wp:attachment":[{"href":"https:\/\/agora.xtec.cat\/inssantandreu\/wp-json\/wp\/v2\/media?parent=1154"}],"curies":[{"name":"wp","href":"https:\/\/api.w.org\/{rel}","templated":true}]}}