{"id":1146,"date":"2017-05-09T09:15:23","date_gmt":"2017-05-09T07:15:23","guid":{"rendered":"http:\/\/agora.xtec.cat\/inssantandreu\/?page_id=1146"},"modified":"2024-02-09T12:06:13","modified_gmt":"2024-02-09T11:06:13","slug":"speaking-english","status":"publish","type":"page","link":"https:\/\/agora.xtec.cat\/inssantandreu\/projectes\/speaking-english\/","title":{"rendered":"Speaking English"},"content":{"rendered":"<p>El nostre centre aposta per la potenciaci\u00f3 de la llengua anglesa, treballant amb grups redu\u00efts.<\/p>\n<p><a href=\"http:\/\/agora.xtec.cat\/inssantandreu\/wp-content\/uploads\/usu94\/2017\/05\/wer.jpg\"><img loading=\"lazy\" decoding=\"async\" class=\"aligncenter size-full wp-image-1268\" src=\"http:\/\/agora.xtec.cat\/inssantandreu\/wp-content\/uploads\/usu94\/2017\/05\/wer.jpg\" alt=\"wer\" width=\"424\" height=\"303\" srcset=\"https:\/\/agora.xtec.cat\/inssantandreu\/wp-content\/uploads\/usu94\/2017\/05\/wer.jpg 424w, https:\/\/agora.xtec.cat\/inssantandreu\/wp-content\/uploads\/usu94\/2017\/05\/wer-300x214.jpg 300w\" sizes=\"auto, (max-width: 424px) 100vw, 424px\" \/><\/a><\/p>\n<p><b>3r ESO FUNNY DAY:<\/b><\/p>\n<p style=\"text-align: justify;\"><span style=\"font-weight: 400;\">Els alumnes de 3r ESO preparen una gimcana amb vuit proves en angl\u00e8s pels alumnes 5\u00e8 prim\u00e0ria de les escoles \u00c0ngel Guimer\u00e0, J.J.Ortiz i Maragall. \u00c9s una jornada divertida i una bona oportunitat per practicar l\u2019angl\u00e8s.<\/span><\/p>\n<p><a href=\"https:\/\/agora.xtec.cat\/inssantandreu\/wp-content\/uploads\/usu94\/2024\/02\/fd.jpg\"><img loading=\"lazy\" decoding=\"async\" class=\"aligncenter size-full wp-image-11765\" src=\"https:\/\/agora.xtec.cat\/inssantandreu\/wp-content\/uploads\/usu94\/2024\/02\/fd.jpg\" alt=\"\" width=\"585\" height=\"437\" srcset=\"https:\/\/agora.xtec.cat\/inssantandreu\/wp-content\/uploads\/usu94\/2024\/02\/fd.jpg 585w, https:\/\/agora.xtec.cat\/inssantandreu\/wp-content\/uploads\/usu94\/2024\/02\/fd-300x224.jpg 300w, https:\/\/agora.xtec.cat\/inssantandreu\/wp-content\/uploads\/usu94\/2024\/02\/fd-200x150.jpg 200w\" sizes=\"auto, (max-width: 585px) 100vw, 585px\" \/><\/a><\/p>\n<p style=\"text-align: justify;\"><b>4t ESO REAL WORLD SPEAKING:<\/b><\/p>\n<p style=\"text-align: justify;\"><span style=\"font-weight: 400;\">Cada setmana fem classe de conversa amb 4t d\u2019ESO en grups partits i ens apropem a l\u2019angl\u00e8s m\u00e9s real del dia a dia, fent petites converses i di\u00e0legs de forma m\u00e9s espont\u00e0nia.<\/span><\/p>\n","protected":false},"excerpt":{"rendered":"<p>El nostre centre aposta per la potenciaci\u00f3 de la llengua anglesa, treballant amb grups redu\u00efts.<br \/>\n<a href=\"http:\/\/agora.xtec.cat\/inssantandreu\/wp-content\/uploads\/usu94\/2017\/05\/wer.jpg\"><\/a><br \/>\n3r ESO FUNNY DAY:<br \/>\nEls alumnes de 3r ESO preparen una gimcana amb vuit proves en angl\u00e8s pels alumnes 5\u00e8 prim\u00e0ria de les escoles \u00c0ngel Guimer\u00e0, J.J.Ortiz i Maragall. \u00c9s una&hellip;  <a href=\"https:\/\/agora.xtec.cat\/inssantandreu\/projectes\/speaking-english\/\" title=\"Read Speaking English\">Llegeix m\u00e9s\u00bb<\/a><\/p>\n","protected":false},"author":1,"featured_media":0,"parent":1133,"menu_order":0,"comment_status":"closed","ping_status":"closed","template":"page-templates\/side-menu.php","meta":{"_bbp_topic_count":0,"_bbp_reply_count":0,"_bbp_total_topic_count":0,"_bbp_total_reply_count":0,"_bbp_voice_count":0,"_bbp_anonymous_reply_count":0,"_bbp_topic_count_hidden":0,"_bbp_reply_count_hidden":0,"_bbp_forum_subforum_count":0,"footnotes":""},"class_list":["post-1146","page","type-page","status-publish","hentry"],"post_mailing_queue_ids":[],"_links":{"self":[{"href":"https:\/\/agora.xtec.cat\/inssantandreu\/wp-json\/wp\/v2\/pages\/1146","targetHints":{"allow":["GET"]}}],"collection":[{"href":"https:\/\/agora.xtec.cat\/inssantandreu\/wp-json\/wp\/v2\/pages"}],"about":[{"href":"https:\/\/agora.xtec.cat\/inssantandreu\/wp-json\/wp\/v2\/types\/page"}],"author":[{"embeddable":true,"href":"https:\/\/agora.xtec.cat\/inssantandreu\/wp-json\/wp\/v2\/users\/1"}],"replies":[{"embeddable":true,"href":"https:\/\/agora.xtec.cat\/inssantandreu\/wp-json\/wp\/v2\/comments?post=1146"}],"version-history":[{"count":4,"href":"https:\/\/agora.xtec.cat\/inssantandreu\/wp-json\/wp\/v2\/pages\/1146\/revisions"}],"predecessor-version":[{"id":11766,"href":"https:\/\/agora.xtec.cat\/inssantandreu\/wp-json\/wp\/v2\/pages\/1146\/revisions\/11766"}],"up":[{"embeddable":true,"href":"https:\/\/agora.xtec.cat\/inssantandreu\/wp-json\/wp\/v2\/pages\/1133"}],"wp:attachment":[{"href":"https:\/\/agora.xtec.cat\/inssantandreu\/wp-json\/wp\/v2\/media?parent=1146"}],"curies":[{"name":"wp","href":"https:\/\/api.w.org\/{rel}","templated":true}]}}