{"id":1143,"date":"2017-05-09T08:51:25","date_gmt":"2017-05-09T06:51:25","guid":{"rendered":"http:\/\/agora.xtec.cat\/inssantandreu\/?page_id=1143"},"modified":"2024-02-09T12:01:51","modified_gmt":"2024-02-09T11:01:51","slug":"pla-de-foment-de-la-lectura","status":"publish","type":"page","link":"https:\/\/agora.xtec.cat\/inssantandreu\/projectes\/pla-de-foment-de-la-lectura\/","title":{"rendered":"Pla de foment de la lectura"},"content":{"rendered":"<p><b>TEMPS DE LECTURA<\/b><\/p>\n<p style=\"text-align: justify;\"><span style=\"font-weight: 400;\">El projecte consisteix a realitzar 20 minuts de lectura di\u00e0ria per grup-classe, oferint a l\u2019alumnat un espai de temps i recursos per llegir all\u00f2 que vulguin sense la pressi\u00f3 d\u2019ex\u00e0mens ni notes, creant un h\u00e0bit de lectura en silenci que es relacioni amb un moment agradable durant el dia.<\/span><\/p>\n<p style=\"text-align: justify;\"><b>Objectius<\/b><\/p>\n<ul style=\"text-align: justify;\">\n<li style=\"font-weight: 400;\" aria-level=\"1\"><span style=\"font-weight: 400;\">Fomentar el gust per llegir.<\/span><\/li>\n<li style=\"font-weight: 400;\" aria-level=\"1\"><span style=\"font-weight: 400;\">Desenvolupar l\u2019h\u00e0bit lector de l\u2019alumnat.\u00a0<\/span><\/li>\n<li style=\"font-weight: 400;\" aria-level=\"1\"><span style=\"font-weight: 400;\">Millorar la compet\u00e8ncia lectora per augmentar el rendiment acad\u00e8mic.<\/span><\/li>\n<li style=\"font-weight: 400;\" aria-level=\"1\"><span style=\"font-weight: 400;\">Aconseguir que els i les alumnes facin de la lectura una de les eines b\u00e0siques per a l\u2019aprenentatge en totes les \u00e0rees i mat\u00e8ries del curr\u00edculum.\u00a0<\/span><\/li>\n<li style=\"font-weight: 400;\" aria-level=\"1\"><span style=\"font-weight: 400;\">Afavorir la lectura aut\u00f2noma.\u00a0<\/span><\/li>\n<\/ul>\n<p style=\"text-align: justify;\"><b>Planificaci\u00f3<\/b><\/p>\n<p style=\"text-align: justify;\"><span style=\"font-weight: 400;\">Setmanalment es canvia la franja hor\u00e0ria. Es comen\u00e7a per la primera hora fins a la sisena, establint-se un calendari per tot el curs.<\/span><\/p>\n<p style=\"text-align: justify;\"><span style=\"font-weight: 400;\">Cada grup-classe tindr\u00e0 un delegat de lectura trimestral. A l\u2019inici de cada trimestre, els representants de la comissi\u00f3 de biblioteca es reuniran amb els delegats i delegades per explicar-los-hi les seves funcions, que s\u00f3n:\u00a0<\/span><\/p>\n<ul style=\"text-align: justify;\">\n<li style=\"font-weight: 400;\" aria-level=\"1\"><span style=\"font-weight: 400;\">Ser l\u2019enlla\u00e7 entre la comissi\u00f3 de biblioteca i els seus companys de classe.<\/span><\/li>\n<li style=\"font-weight: 400;\" aria-level=\"1\"><span style=\"font-weight: 400;\">Portar el control i repartir els llibres de lectura que hi hagi a l\u2019armariet de l\u2019aula.\u00a0<\/span><\/li>\n<\/ul>\n<p style=\"text-align: justify;\"><b>Lectures i selecci\u00f3 de materials<\/b><\/p>\n<p style=\"text-align: justify;\"><span style=\"font-weight: 400;\">Les lectures es trien lliurement. Es permet llegir llibres de qualsevol estil o g\u00e8nere. L\u2019alumnat ha de portar di\u00e0riament els seus llibres de casa i aquells que ho vulguin, tamb\u00e9 poden deixar els seus llibres a l\u2019armariet de la seva classe.\u00a0<\/span><\/p>\n<p style=\"text-align: justify;\"><b>Seguiment i avaluaci\u00f3 de l\u2019alumnat<\/b><\/p>\n<p style=\"text-align: justify;\"><span style=\"font-weight: 400;\">&#8211; Els alumnes hauran de registrar cada llibre llegit a les p\u00e0gines incloses en l&#8217;agenda per a tal efecte indicant la data d\u2019inici, el t\u00edtol, l\u2019autor, la valoraci\u00f3 que fan de la lectura i afegint un petit comentari.\u00a0<\/span><\/p>\n<p style=\"text-align: justify;\"><span style=\"font-weight: 400;\">&#8211; Es destinaran moments dins de la tutoria setmanal perqu\u00e8 el tutor\/a de grup vagi revisant els registres de lectura.\u00a0<\/span><\/p>\n<p style=\"text-align: justify;\"><span style=\"font-weight: 400;\">&#8211; El comportament durant els temps de lectura formar\u00e0 part del percentatge d\u2019actitud de cada assignatura.<\/span><\/p>\n","protected":false},"excerpt":{"rendered":"<p>TEMPS DE LECTURA<br \/>\nEl projecte consisteix a realitzar 20 minuts de lectura di\u00e0ria per grup-classe, oferint a l\u2019alumnat un espai de temps i recursos per llegir all\u00f2 que vulguin sense la pressi\u00f3 d\u2019ex\u00e0mens ni notes, creant un h\u00e0bit de lectura en silenci que es relacioni amb&hellip;  <a href=\"https:\/\/agora.xtec.cat\/inssantandreu\/projectes\/pla-de-foment-de-la-lectura\/\" title=\"Read Pla de foment de la lectura\">Llegeix m\u00e9s\u00bb<\/a><\/p>\n","protected":false},"author":1,"featured_media":0,"parent":1133,"menu_order":0,"comment_status":"closed","ping_status":"closed","template":"page-templates\/side-menu.php","meta":{"_bbp_topic_count":0,"_bbp_reply_count":0,"_bbp_total_topic_count":0,"_bbp_total_reply_count":0,"_bbp_voice_count":0,"_bbp_anonymous_reply_count":0,"_bbp_topic_count_hidden":0,"_bbp_reply_count_hidden":0,"_bbp_forum_subforum_count":0,"footnotes":""},"class_list":["post-1143","page","type-page","status-publish","hentry"],"post_mailing_queue_ids":[],"_links":{"self":[{"href":"https:\/\/agora.xtec.cat\/inssantandreu\/wp-json\/wp\/v2\/pages\/1143","targetHints":{"allow":["GET"]}}],"collection":[{"href":"https:\/\/agora.xtec.cat\/inssantandreu\/wp-json\/wp\/v2\/pages"}],"about":[{"href":"https:\/\/agora.xtec.cat\/inssantandreu\/wp-json\/wp\/v2\/types\/page"}],"author":[{"embeddable":true,"href":"https:\/\/agora.xtec.cat\/inssantandreu\/wp-json\/wp\/v2\/users\/1"}],"replies":[{"embeddable":true,"href":"https:\/\/agora.xtec.cat\/inssantandreu\/wp-json\/wp\/v2\/comments?post=1143"}],"version-history":[{"count":4,"href":"https:\/\/agora.xtec.cat\/inssantandreu\/wp-json\/wp\/v2\/pages\/1143\/revisions"}],"predecessor-version":[{"id":11764,"href":"https:\/\/agora.xtec.cat\/inssantandreu\/wp-json\/wp\/v2\/pages\/1143\/revisions\/11764"}],"up":[{"embeddable":true,"href":"https:\/\/agora.xtec.cat\/inssantandreu\/wp-json\/wp\/v2\/pages\/1133"}],"wp:attachment":[{"href":"https:\/\/agora.xtec.cat\/inssantandreu\/wp-json\/wp\/v2\/media?parent=1143"}],"curies":[{"name":"wp","href":"https:\/\/api.w.org\/{rel}","templated":true}]}}