{"id":1141,"date":"2017-05-09T08:50:06","date_gmt":"2017-05-09T06:50:06","guid":{"rendered":"http:\/\/agora.xtec.cat\/inssantandreu\/?page_id=1141"},"modified":"2017-07-05T12:11:41","modified_gmt":"2017-07-05T10:11:41","slug":"pla-daccio-tutorial","status":"publish","type":"page","link":"https:\/\/agora.xtec.cat\/inssantandreu\/projectes\/pla-daccio-tutorial\/","title":{"rendered":"Pla d&#8217;acci\u00f3 tutorial"},"content":{"rendered":"<p>Tots els cursos de l&#8217;educaci\u00f3 secund\u00e0ria obligat\u00f2ria tenen un pla d&#8217;acci\u00f3 tutorial espec\u00edfic, coordinat a cada nivell i amb un seguiment setmanal.<\/p>\n<p>Dins d&#8217;aquest pla s&#8217;inclouen activitats de cohesi\u00f3 de grup, xerrades de diferents tem\u00e0tiques, orientaci\u00f3 acad\u00e8mica i professional, coneixement personal&#8230;<\/p>\n<p>Podeu veure una mostra d&#8217;aquestes diverses activitats:<\/p>\n<header class=\"entry-header\">\n<h2 class=\"entry-title\"><a title=\"Xerrada internet segura, 2n ESO\" href=\"http:\/\/agora.xtec.cat\/inssantandreu\/portada\/xerrada-internet-segura-2n-eso\/\" rel=\"bookmark\">Xerrada internet segura<\/a><\/h2>\n<\/header>\n<div class=\"entry-summary\">\n<p>Avui els mossos d\u2019esquadra , sobre la xarxa internet segura.<\/p>\n<ul>\n<li><a href=\"https:\/\/goo.gl\/photos\/LcwwN9RJBhkUEGNBA\" target=\"_blank\">Fotografies internet segura 2n ESO 17.05.17<\/a><\/li>\n<\/ul>\n<p><a href=\"http:\/\/agora.xtec.cat\/inssantandreu\/wp-content\/uploads\/usu94\/2017\/05\/web-7-1.jpg\"><img loading=\"lazy\" decoding=\"async\" class=\"aligncenter size-full wp-image-1259\" src=\"http:\/\/agora.xtec.cat\/inssantandreu\/wp-content\/uploads\/usu94\/2017\/05\/web-7-1.jpg\" alt=\"web-7\" width=\"435\" height=\"320\" srcset=\"https:\/\/agora.xtec.cat\/inssantandreu\/wp-content\/uploads\/usu94\/2017\/05\/web-7-1.jpg 435w, https:\/\/agora.xtec.cat\/inssantandreu\/wp-content\/uploads\/usu94\/2017\/05\/web-7-1-300x221.jpg 300w\" sizes=\"auto, (max-width: 435px) 100vw, 435px\" \/><\/a><\/p>\n<header class=\"entry-header\">\n<h2 class=\"entry-title\"><a title=\"Reuni\u00f3 fam\u00edlies, orientaci\u00f3 4t ESO\" href=\"http:\/\/agora.xtec.cat\/inssantandreu\/portada\/reunio-families-orientacio-4t-eso\/\" rel=\"bookmark\">Orientaci\u00f3 4t ESO<\/a><\/h2>\n<\/header>\n<div class=\"entry-summary\">\n<p>Podeu consultar la presentaci\u00f3 amb tota la informaci\u00f3 al seg\u00fcent enlla\u00e7:<\/p>\n<ul>\n<li><a href=\"https:\/\/drive.google.com\/file\/d\/0BwiQa7YdCACfdEJ0ck5yaXFteUE\/view?usp=sharing\" target=\"_blank\">Orientaci\u00f3 4t d\u2019ESO<\/a><\/li>\n<\/ul>\n<header class=\"entry-header\">\n<h2 class=\"entry-title\"><a title=\"Xerrades 3r ESO viol\u00e8ncia de g\u00e8nere\" href=\"http:\/\/agora.xtec.cat\/inssantandreu\/portada\/xerrades-3r-eso-violencia-de-genere\/\" rel=\"bookmark\">Xerrades viol\u00e8ncia de g\u00e8nere<\/a><\/h2>\n<\/header>\n<div class=\"entry-summary\">\n<p dir=\"auto\">Ens han visitat els mossos d\u2019 esquadra per treballar amb l\u2019 alumnat el tema de la viol\u00e8ncia de g\u00e8nere. Es tracta de fer una feina d\u2019educaci\u00f3, prevenci\u00f3 i sensibilitzaci\u00f3 sobre un problema que per desgr\u00e0cia es continua repetint en la nostra societat. Aquesta xerrada est\u00e0 inclosa dins el nostre PAT i t\u00e9 com a objectiu treballar la compet\u00e8ncia social i ciutadana.<\/p>\n<ul>\n<li dir=\"auto\"><a href=\"https:\/\/goo.gl\/photos\/9AfRGwdEn1ekPQCPA\" target=\"_blank\">Fotografies xerrades 3r ESO, viol\u00e8ncia de g\u00e8nere<\/a><\/li>\n<\/ul>\n<header class=\"entry-header\">\n<h2 class=\"entry-title\"><a title=\"Tallers alimentaci\u00f3 saludable 1r ESO\" href=\"http:\/\/agora.xtec.cat\/inssantandreu\/portada\/tallers-alimentacio-saludable-1r-eso\/\" rel=\"bookmark\">Tallers alimentaci\u00f3 saludable<\/a><\/h2>\n<\/header>\n<div class=\"entry-summary\">\n<p>L\u2019alumnat \u00a0realitzar\u00e0 uns tallers de promoci\u00f3 de la salut impulsats per l\u2019ajuntament de Sant Andreu de la Barca. En aquest cas es tracta d\u2019un taller molt pr\u00e0ctic on l\u2019alumnat fa diferents activitats per incentivar l\u2019alimentaci\u00f3 saludable. Podran descobrir si la seva dieta \u00e9s saludable, si l\u2019alimentaci\u00f3 que segueixen \u00e9s adequada a les seves necessitat i quins s\u00f3n els efectes de no seguir una bona dieta.<\/p>\n<ul>\n<li><a href=\"https:\/\/goo.gl\/photos\/sT84L7gJZPGUKCN88\" target=\"_blank\">Fotografies alimentaci\u00f3 saludable 1r ESO<\/a><\/li>\n<\/ul>\n<header class=\"entry-header\">\n<h2 class=\"entry-title\"><a title=\"Xerrades de sexualitat a 3r d\u2019ESO\" href=\"http:\/\/agora.xtec.cat\/inssantandreu\/portada\/xerrades-de-sexualitat-a-3r-deso\/\" rel=\"bookmark\">Xerrades de sexualitat<\/a><\/h2>\n<div class=\"edit-link\">Dins del programa Salut i Escola.<\/div>\n<div class=\"edit-link\"><\/div>\n<\/header>\n<div class=\"entry-summary\">\n<p>Hem de pensar que l\u2019adolesc\u00e8ncia \u00e9s una etapa de creixement f\u00edsic i emocional que planteja nous temes vinculats a la cura de la salut. La sexualitat \u00e9s un proc\u00e9s din\u00e0mic i complex que comen\u00e7a quan naixem, es manifesta de diferents maneres al llarg de la nostra vida i involucra tamb\u00e9 els nostres sentiments, emocions i el proc\u00e9s de conformaci\u00f3 de la nostra identitat.<\/p>\n<p>El programa Salut i Escola pret\u00e9n ajudar al nostre alumnat a resoldre aquests dubtes i en la seva web ofereix un enlla\u00e7 amb aquest objectiu:\u00a0<a href=\"http:\/\/sexejoves.gencat.cat\/ca\/inici\/\" target=\"_blank\">Sexualitat Salut i Escola.<\/a><\/p>\n<\/div>\n<header class=\"entry-header\">\n<h2 class=\"entry-title\"><a title=\"Visita unitat canina 1r ESO\" href=\"http:\/\/agora.xtec.cat\/inssantandreu\/portada\/visita-unitat-canina-1r-eso\/\" rel=\"bookmark\">Visita unitat canina<\/a><\/h2>\n<\/header>\n<div class=\"entry-summary\">\n<p>Ens ha visitat la unitat canina de l\u2019ajuntament de Sant Andreu de la Barca.<\/p>\n<p>Volem agrair la col\u00b7laboraci\u00f3 d\u2019aquesta unitat.<\/p>\n<p>Podeu veure algunes imatges d\u2019aquesta xerrada al seg\u00fcent enlla\u00e7:<\/p>\n<ul>\n<li><a href=\"https:\/\/goo.gl\/photos\/spZHZBbR5ZEmksm66\" target=\"_blank\">Visita unitat canina 1r ESO<\/a><\/li>\n<\/ul>\n<header class=\"entry-header\">\n<h2 class=\"entry-title\"><a title=\"Xerrades prevenci\u00f3 tabaquisme 2n ESO\" href=\"http:\/\/agora.xtec.cat\/inssantandreu\/portada\/xerrades-prevencio-tabaquisme-2n-eso\/\" rel=\"bookmark\">Xerrades prevenci\u00f3 tabaquisme<\/a><\/h2>\n<p class=\"edit-link\">L\u2019alumnat de 2n d\u2019ESO ha assistit a unes xerrades organitzades per Salut P\u00fablica, realitzades per l\u2019infermer que fa el programa Salut-Escola al centre. Aquestes xerrades estan vinculades al programa \u201cclasses sense fum\u201d.<\/p>\n<div class=\"edit-link\">Podeu veure algunes fotografies al seg\u00fcent enlla\u00e7:\u00a0<a href=\"https:\/\/goo.gl\/photos\/Q2gUqSqfDbvfXxgx8\" target=\"_blank\">Classes sense fum 2ESO<\/a><\/div>\n<\/header>\n<\/div>\n<\/div>\n<\/div>\n<\/div>\n<\/div>\n<h2 class=\"edit-link\"><\/h2>\n<h2 class=\"edit-link\"><span style=\"color: #333399;\">Podeu consultar totes les altres activitats que s&#8217;han anat fent, dins del pla d&#8217;acci\u00f3 tutorial, a la web del centre, fent un recorregut per les not\u00edcies.<\/span><\/h2>\n<div class=\"entry-summary\">\n<div class=\"entry-summary\">\n<div class=\"entry-summary\">\n<div class=\"entry-summary\">\n<div class=\"entry-summary\">\n<div class=\"entry-summary\"><\/div>\n<\/div>\n<\/div>\n<\/div>\n<\/div>\n<\/div>\n","protected":false},"excerpt":{"rendered":"<p>Tots els cursos de l&#8217;educaci\u00f3 secund\u00e0ria obligat\u00f2ria tenen un pla d&#8217;acci\u00f3 tutorial espec\u00edfic, coordinat a cada nivell i amb un seguiment setmanal.<br \/>\nDins d&#8217;aquest pla s&#8217;inclouen activitats de cohesi\u00f3 de grup, xerrades de diferents tem\u00e0tiques, orientaci\u00f3 acad\u00e8mica i professional, coneixement personal&#8230;<br \/>\nPodeu veure una mostra d&#8217;aquestes diverses&hellip;  <a href=\"https:\/\/agora.xtec.cat\/inssantandreu\/projectes\/pla-daccio-tutorial\/\" title=\"Read Pla d&#8217;acci\u00f3 tutorial\">Llegeix m\u00e9s\u00bb<\/a><\/p>\n","protected":false},"author":1,"featured_media":0,"parent":1133,"menu_order":0,"comment_status":"closed","ping_status":"closed","template":"page-templates\/side-menu.php","meta":{"_bbp_topic_count":0,"_bbp_reply_count":0,"_bbp_total_topic_count":0,"_bbp_total_reply_count":0,"_bbp_voice_count":0,"_bbp_anonymous_reply_count":0,"_bbp_topic_count_hidden":0,"_bbp_reply_count_hidden":0,"_bbp_forum_subforum_count":0,"footnotes":""},"class_list":["post-1141","page","type-page","status-publish","hentry"],"post_mailing_queue_ids":[],"_links":{"self":[{"href":"https:\/\/agora.xtec.cat\/inssantandreu\/wp-json\/wp\/v2\/pages\/1141","targetHints":{"allow":["GET"]}}],"collection":[{"href":"https:\/\/agora.xtec.cat\/inssantandreu\/wp-json\/wp\/v2\/pages"}],"about":[{"href":"https:\/\/agora.xtec.cat\/inssantandreu\/wp-json\/wp\/v2\/types\/page"}],"author":[{"embeddable":true,"href":"https:\/\/agora.xtec.cat\/inssantandreu\/wp-json\/wp\/v2\/users\/1"}],"replies":[{"embeddable":true,"href":"https:\/\/agora.xtec.cat\/inssantandreu\/wp-json\/wp\/v2\/comments?post=1141"}],"version-history":[{"count":3,"href":"https:\/\/agora.xtec.cat\/inssantandreu\/wp-json\/wp\/v2\/pages\/1141\/revisions"}],"predecessor-version":[{"id":1262,"href":"https:\/\/agora.xtec.cat\/inssantandreu\/wp-json\/wp\/v2\/pages\/1141\/revisions\/1262"}],"up":[{"embeddable":true,"href":"https:\/\/agora.xtec.cat\/inssantandreu\/wp-json\/wp\/v2\/pages\/1133"}],"wp:attachment":[{"href":"https:\/\/agora.xtec.cat\/inssantandreu\/wp-json\/wp\/v2\/media?parent=1141"}],"curies":[{"name":"wp","href":"https:\/\/api.w.org\/{rel}","templated":true}]}}