{"id":1135,"date":"2017-05-08T17:06:08","date_gmt":"2017-05-08T15:06:08","guid":{"rendered":"http:\/\/agora.xtec.cat\/inssantandreu\/?page_id=1135"},"modified":"2017-05-10T22:31:16","modified_gmt":"2017-05-10T20:31:16","slug":"tutoria-compartida","status":"publish","type":"page","link":"https:\/\/agora.xtec.cat\/inssantandreu\/projectes\/tutoria-compartida\/","title":{"rendered":"Tutoria compartida"},"content":{"rendered":"<p style=\"text-align: justify;\"><span style=\"font-weight: 400;\">En el nostre centre donem\u00a0una gran import\u00e0ncia a la vinculaci\u00f3 fam\u00edlia-escola per a dur a terme l\u2019enc\u00e0rrec educatiu. Per fomentar aquesta relaci\u00f3 aix\u00ed com el seguiment acurat de l\u2019alumnat, es treballa amb el model de tutoria compartida. L\u2019alumnat, a part del seu tutor\/a de grup, tenen un tutor\/a individual que pot coincidir o no amb aquest. Sempre s\u00f3n professors o professores amb doc\u00e8ncia en el grup, que desenvolupen les funcions d\u2019acompanyament i orientaci\u00f3 personalitzada a l\u2019alumnat i les fam\u00edlies. Aquesta condici\u00f3 facilitar\u00e0 el desenvolupament de corresponsabilitat i el vincle entre els professionals i la fam\u00edlia.<\/span><\/p>\n<p style=\"text-align: justify;\">Tot el professorat del nostre centre \u00e9s tutor o tutora individual d&#8217;una s\u00e8rie d&#8217;alumnat, d&#8217;aquesta forma compartida, tothom \u00e9s responsable de l&#8217;orientaci\u00f3 de l&#8217;alumnat del centre.<\/p>\n<p style=\"text-align: justify;\"><span style=\"font-weight: 400;\">El treball conjunt amb les fam\u00edlies \u00e9s un element que afavorir\u00e0 la confian\u00e7a amb el centre i, per tant, possibilitar\u00e0 la continu\u00eftat dels estudis postobligatoris de l\u2019alumnat. Alhora, s\u2019ha de seguir treballant per la participaci\u00f3 i el vincle amb les institucions de la poblaci\u00f3.<\/span><\/p>\n<p style=\"text-align: justify;\"><a href=\"http:\/\/agora.xtec.cat\/inssantandreu\/wp-content\/uploads\/usu94\/2017\/05\/portafolis-digital-tutoria-5-638.jpg\"><img loading=\"lazy\" decoding=\"async\" class=\"aligncenter wp-image-1136\" src=\"http:\/\/agora.xtec.cat\/inssantandreu\/wp-content\/uploads\/usu94\/2017\/05\/portafolis-digital-tutoria-5-638.jpg\" alt=\"portafolis-digital-tutoria-5-638\" width=\"552\" height=\"391\" srcset=\"https:\/\/agora.xtec.cat\/inssantandreu\/wp-content\/uploads\/usu94\/2017\/05\/portafolis-digital-tutoria-5-638.jpg 479w, https:\/\/agora.xtec.cat\/inssantandreu\/wp-content\/uploads\/usu94\/2017\/05\/portafolis-digital-tutoria-5-638-300x212.jpg 300w\" sizes=\"auto, (max-width: 552px) 100vw, 552px\" \/><\/a><\/p>\n","protected":false},"excerpt":{"rendered":"<p>En el nostre centre donem\u00a0una gran import\u00e0ncia a la vinculaci\u00f3 fam\u00edlia-escola per a dur a terme l\u2019enc\u00e0rrec educatiu. Per fomentar aquesta relaci\u00f3 aix\u00ed com el seguiment acurat de l\u2019alumnat, es treballa amb el model de tutoria compartida. L\u2019alumnat, a part del seu tutor\/a de grup,&hellip;  <a href=\"https:\/\/agora.xtec.cat\/inssantandreu\/projectes\/tutoria-compartida\/\" title=\"Read Tutoria compartida\">Llegeix m\u00e9s\u00bb<\/a><\/p>\n","protected":false},"author":1,"featured_media":0,"parent":1133,"menu_order":0,"comment_status":"closed","ping_status":"closed","template":"page-templates\/side-menu.php","meta":{"_bbp_topic_count":0,"_bbp_reply_count":0,"_bbp_total_topic_count":0,"_bbp_total_reply_count":0,"_bbp_voice_count":0,"_bbp_anonymous_reply_count":0,"_bbp_topic_count_hidden":0,"_bbp_reply_count_hidden":0,"_bbp_forum_subforum_count":0,"footnotes":""},"class_list":["post-1135","page","type-page","status-publish","hentry"],"post_mailing_queue_ids":[],"_links":{"self":[{"href":"https:\/\/agora.xtec.cat\/inssantandreu\/wp-json\/wp\/v2\/pages\/1135","targetHints":{"allow":["GET"]}}],"collection":[{"href":"https:\/\/agora.xtec.cat\/inssantandreu\/wp-json\/wp\/v2\/pages"}],"about":[{"href":"https:\/\/agora.xtec.cat\/inssantandreu\/wp-json\/wp\/v2\/types\/page"}],"author":[{"embeddable":true,"href":"https:\/\/agora.xtec.cat\/inssantandreu\/wp-json\/wp\/v2\/users\/1"}],"replies":[{"embeddable":true,"href":"https:\/\/agora.xtec.cat\/inssantandreu\/wp-json\/wp\/v2\/comments?post=1135"}],"version-history":[{"count":3,"href":"https:\/\/agora.xtec.cat\/inssantandreu\/wp-json\/wp\/v2\/pages\/1135\/revisions"}],"predecessor-version":[{"id":1192,"href":"https:\/\/agora.xtec.cat\/inssantandreu\/wp-json\/wp\/v2\/pages\/1135\/revisions\/1192"}],"up":[{"embeddable":true,"href":"https:\/\/agora.xtec.cat\/inssantandreu\/wp-json\/wp\/v2\/pages\/1133"}],"wp:attachment":[{"href":"https:\/\/agora.xtec.cat\/inssantandreu\/wp-json\/wp\/v2\/media?parent=1135"}],"curies":[{"name":"wp","href":"https:\/\/api.w.org\/{rel}","templated":true}]}}