{"id":1133,"date":"2017-05-08T16:59:16","date_gmt":"2017-05-08T14:59:16","guid":{"rendered":"http:\/\/agora.xtec.cat\/inssantandreu\/?page_id=1133"},"modified":"2024-02-09T09:59:03","modified_gmt":"2024-02-09T08:59:03","slug":"projectes","status":"publish","type":"page","link":"https:\/\/agora.xtec.cat\/inssantandreu\/projectes\/","title":{"rendered":"Projectes"},"content":{"rendered":"<ul>\n<li><a href=\"https:\/\/drive.google.com\/file\/d\/1BtfUXm1wX0_TVRd8Pb0mmhwKYStj1UTQ\/view?usp=sharing\" target=\"_blank\" rel=\"noopener\">Projecte educatiu del centre, desembre 2023<\/a><\/li>\n<\/ul>\n<p>El recull dels projectes de centre, que <strong>conformen la nostra l\u00ednia educativa, <\/strong>els podeu consultar al men\u00fa lateral d&#8217;aquesta mateixa p\u00e0gina.<\/p>\n","protected":false},"excerpt":{"rendered":"<ul>\n<li><a href=\"https:\/\/drive.google.com\/file\/d\/1BtfUXm1wX0_TVRd8Pb0mmhwKYStj1UTQ\/view?usp=sharing\" target=\"_blank\" rel=\"noopener\">Projecte educatiu del centre, desembre 2023<\/a><\/li>\n<\/ul>\n<p>El recull dels projectes de centre, que conformen la nostra l\u00ednia educativa, els podeu consultar al men\u00fa lateral d&#8217;aquesta mateixa p\u00e0gina.<\/p>\n","protected":false},"author":1,"featured_media":0,"parent":0,"menu_order":0,"comment_status":"closed","ping_status":"closed","template":"page-templates\/side-menu.php","meta":{"_bbp_topic_count":0,"_bbp_reply_count":0,"_bbp_total_topic_count":0,"_bbp_total_reply_count":0,"_bbp_voice_count":0,"_bbp_anonymous_reply_count":0,"_bbp_topic_count_hidden":0,"_bbp_reply_count_hidden":0,"_bbp_forum_subforum_count":0,"footnotes":""},"class_list":["post-1133","page","type-page","status-publish","hentry"],"post_mailing_queue_ids":[],"_links":{"self":[{"href":"https:\/\/agora.xtec.cat\/inssantandreu\/wp-json\/wp\/v2\/pages\/1133","targetHints":{"allow":["GET"]}}],"collection":[{"href":"https:\/\/agora.xtec.cat\/inssantandreu\/wp-json\/wp\/v2\/pages"}],"about":[{"href":"https:\/\/agora.xtec.cat\/inssantandreu\/wp-json\/wp\/v2\/types\/page"}],"author":[{"embeddable":true,"href":"https:\/\/agora.xtec.cat\/inssantandreu\/wp-json\/wp\/v2\/users\/1"}],"replies":[{"embeddable":true,"href":"https:\/\/agora.xtec.cat\/inssantandreu\/wp-json\/wp\/v2\/comments?post=1133"}],"version-history":[{"count":4,"href":"https:\/\/agora.xtec.cat\/inssantandreu\/wp-json\/wp\/v2\/pages\/1133\/revisions"}],"predecessor-version":[{"id":11761,"href":"https:\/\/agora.xtec.cat\/inssantandreu\/wp-json\/wp\/v2\/pages\/1133\/revisions\/11761"}],"wp:attachment":[{"href":"https:\/\/agora.xtec.cat\/inssantandreu\/wp-json\/wp\/v2\/media?parent=1133"}],"curies":[{"name":"wp","href":"https:\/\/api.w.org\/{rel}","templated":true}]}}