{"id":11262,"date":"2022-10-20T07:38:52","date_gmt":"2022-10-20T05:38:52","guid":{"rendered":"https:\/\/agora.xtec.cat\/inssantandreu\/?page_id=11262"},"modified":"2024-09-06T10:35:59","modified_gmt":"2024-09-06T08:35:59","slug":"equip-directiu","status":"publish","type":"page","link":"https:\/\/agora.xtec.cat\/inssantandreu\/linstitut\/equip-directiu\/","title":{"rendered":"Equip directiu"},"content":{"rendered":"<p style=\"text-align: center;\"><b>PERFIL PROFESSIONAL DE L\u2019EQUIP DIRECTIU 2022-2026<\/b><\/p>\n<p><b><br \/>\n<a href=\"https:\/\/agora.xtec.cat\/inssantandreu\/wp-content\/uploads\/usu94\/2022\/10\/javi.jpg\"><img loading=\"lazy\" decoding=\"async\" class=\" wp-image-11263 alignleft\" src=\"https:\/\/agora.xtec.cat\/inssantandreu\/wp-content\/uploads\/usu94\/2022\/10\/javi.jpg\" alt=\"\" width=\"282\" height=\"335\" srcset=\"https:\/\/agora.xtec.cat\/inssantandreu\/wp-content\/uploads\/usu94\/2022\/10\/javi.jpg 417w, https:\/\/agora.xtec.cat\/inssantandreu\/wp-content\/uploads\/usu94\/2022\/10\/javi-253x300.jpg 253w\" sizes=\"auto, (max-width: 282px) 100vw, 282px\" \/><\/a><\/b><\/p>\n<p><b>Director: Javier Medina D\u00edaz<\/b><\/p>\n<p style=\"text-align: justify;\"><span style=\"font-family: inherit; font-size: 1em;\">Enginyer t\u00e8cnic industrial en mec\u00e0nica i catedr\u00e0tic de tecnologia a l\u2019educaci\u00f3 secund\u00e0ria.<\/span><\/p>\n<p style=\"text-align: justify;\"><span style=\"font-family: inherit; font-size: 1em;\">Vinculat al departament d\u2019educaci\u00f3 com a docent des de l\u2019any 1991, ha exercit diversos c\u00e0rrecs de gesti\u00f3 al llarg dels anys, coordinador inform\u00e0tic, cap de departament, cap d\u2019estudis i director.<\/span><\/p>\n<p style=\"text-align: justify;\"><span style=\"font-family: inherit; font-size: 1em;\">Ha participat com a forma<\/span><span style=\"font-family: inherit; font-size: 1em;\">dor en cursos de tecnologia digital, formador de professorat inter\u00ed i formador de directors novells. Tamb\u00e9 ha participat com a membre de tribunal d\u2019oposicions de tecnologia.<\/span><\/p>\n<p>&nbsp;<\/p>\n<p><a href=\"https:\/\/agora.xtec.cat\/inssantandreu\/wp-content\/uploads\/usu94\/2022\/10\/Georgina.jpg\"><img loading=\"lazy\" decoding=\"async\" class=\"wp-image-11264 alignright\" src=\"https:\/\/agora.xtec.cat\/inssantandreu\/wp-content\/uploads\/usu94\/2022\/10\/Georgina.jpg\" alt=\"\" width=\"304\" height=\"333\" srcset=\"https:\/\/agora.xtec.cat\/inssantandreu\/wp-content\/uploads\/usu94\/2022\/10\/Georgina.jpg 399w, https:\/\/agora.xtec.cat\/inssantandreu\/wp-content\/uploads\/usu94\/2022\/10\/Georgina-274x300.jpg 274w\" sizes=\"auto, (max-width: 304px) 100vw, 304px\" \/><\/a><\/p>\n<p>&nbsp;<\/p>\n<p>&nbsp;<\/p>\n<p style=\"text-align: justify;\"><b>Cap d\u2019estudis: Georgina Brichs Fernandez<\/b><\/p>\n<p style=\"text-align: justify;\"><span style=\"font-family: inherit; font-size: 1em;\">Llicenciada en Qu\u00edmiques i professora de f\u00edsica i qu\u00edmica a l\u2019educaci\u00f3 secund\u00e0ria.<\/span><\/p>\n<p style=\"text-align: justify;\"><span style=\"font-family: inherit; font-size: 1em;\">Vinculada al departament d\u2019educaci\u00f3 com a docent des de l\u2019any 2000, ha exercit diversos c\u00e0rrecs de gesti\u00f3 al llarg dels anys, coordinadora de batxillerat, cap de departament i, actualment, cap d\u2019estudis.\u00a0<\/span><\/p>\n<p style=\"text-align: justify;\"><span style=\"font-family: inherit; font-size: 1em;\">Ha participat com a formadora de professorat inter\u00ed.\u00a0<\/span><\/p>\n<p>&nbsp;<\/p>\n<p><a href=\"https:\/\/agora.xtec.cat\/inssantandreu\/wp-content\/uploads\/usu94\/2022\/10\/Ana.jpg\"><img loading=\"lazy\" decoding=\"async\" class=\" wp-image-11268 alignleft\" src=\"https:\/\/agora.xtec.cat\/inssantandreu\/wp-content\/uploads\/usu94\/2022\/10\/Ana.jpg\" alt=\"\" width=\"278\" height=\"354\" srcset=\"https:\/\/agora.xtec.cat\/inssantandreu\/wp-content\/uploads\/usu94\/2022\/10\/Ana.jpg 342w, https:\/\/agora.xtec.cat\/inssantandreu\/wp-content\/uploads\/usu94\/2022\/10\/Ana-235x300.jpg 235w\" sizes=\"auto, (max-width: 278px) 100vw, 278px\" \/><\/a><\/p>\n<p>&nbsp;<\/p>\n<p style=\"text-align: justify;\"><b>Secret\u00e0ria: Ana S\u00e1nchez Soto<\/b><\/p>\n<p style=\"text-align: justify;\"><span style=\"font-weight: 400;\">Llicenciada en Geografia i Hist\u00f2ria i professora de ci\u00e8ncies socials a l\u2019educaci\u00f3 secund\u00e0ria.<\/span><\/p>\n<p style=\"text-align: justify;\"><span style=\"font-weight: 400;\">Vinculada al departament d\u2019educaci\u00f3 com a docent des de l\u2019any 2002, ha exercit diversos c\u00e0rrecs de gesti\u00f3 al llarg dels anys, tutora, coordinadora de nivell, actualment, secret\u00e0ria.\u00a0<\/span><\/p>\n<p style=\"text-align: justify;\"><span style=\"font-weight: 400;\">Ha participat com a formadora de professorat inter\u00ed, del seminari internivells de prim\u00e0ria i secund\u00e0ria a Sant Andreu de la Barca i de la FIC a l\u2019Institut Sant Andreu sobre la metodologia SCAP.<\/span><\/p>\n<p>&nbsp;<\/p>\n<p>&nbsp;<\/p>\n<p><a style=\"color: #2795b6; text-align: justify;\" href=\"https:\/\/agora.xtec.cat\/inssantandreu\/wp-content\/uploads\/usu94\/2024\/09\/patri-1.jpeg\"><img loading=\"lazy\" decoding=\"async\" class=\"wp-image-11985 alignright\" src=\"https:\/\/agora.xtec.cat\/inssantandreu\/wp-content\/uploads\/usu94\/2024\/09\/patri-1.jpeg\" alt=\"\" width=\"296\" height=\"391\" srcset=\"https:\/\/agora.xtec.cat\/inssantandreu\/wp-content\/uploads\/usu94\/2024\/09\/patri-1.jpeg 606w, https:\/\/agora.xtec.cat\/inssantandreu\/wp-content\/uploads\/usu94\/2024\/09\/patri-1-227x300.jpeg 227w\" sizes=\"auto, (max-width: 296px) 100vw, 296px\" \/><\/a><\/p>\n<p>&nbsp;<\/p>\n<p>&nbsp;<\/p>\n<p style=\"text-align: justify;\"><b>Coordinadora Pedag\u00f2gica: Patricia Trevi\u00f1o Salda\u00f1a<\/b><\/p>\n<p>Llicenciada en Humanitats i professora de Llengua castellana i literatura a l\u2019educaci\u00f3 secund\u00e0ria.<\/p>\n<p>Vinculada al departament d\u2019educaci\u00f3 com a docent des de l\u2019any 2018, ha exercit diversos c\u00e0rrecs de gesti\u00f3 com tutora, coordinadora de nivell, cap de departament i, actualment, coordinadora pedag\u00f2gica.<\/p>\n<p>&nbsp;<\/p>\n","protected":false},"excerpt":{"rendered":"<p>PERFIL PROFESSIONAL DE L\u2019EQUIP DIRECTIU 2022-2026<\/p>\n<p><a href=\"https:\/\/agora.xtec.cat\/inssantandreu\/wp-content\/uploads\/usu94\/2022\/10\/javi.jpg\"><\/a><br \/>\nDirector: Javier Medina D\u00edaz<br \/>\nEnginyer t\u00e8cnic industrial en mec\u00e0nica i catedr\u00e0tic de tecnologia a l\u2019educaci\u00f3 secund\u00e0ria.<br \/>\nVinculat al departament d\u2019educaci\u00f3 com a docent des de l\u2019any 1991, ha exercit diversos c\u00e0rrecs de gesti\u00f3 al llarg dels anys, coordinador inform\u00e0tic, cap de&hellip;  <a href=\"https:\/\/agora.xtec.cat\/inssantandreu\/linstitut\/equip-directiu\/\" title=\"Read Equip directiu\">Llegeix m\u00e9s\u00bb<\/a><\/p>\n","protected":false},"author":1,"featured_media":0,"parent":19,"menu_order":10,"comment_status":"closed","ping_status":"closed","template":"","meta":{"_bbp_topic_count":0,"_bbp_reply_count":0,"_bbp_total_topic_count":0,"_bbp_total_reply_count":0,"_bbp_voice_count":0,"_bbp_anonymous_reply_count":0,"_bbp_topic_count_hidden":0,"_bbp_reply_count_hidden":0,"_bbp_forum_subforum_count":0,"footnotes":""},"class_list":["post-11262","page","type-page","status-publish","hentry"],"post_mailing_queue_ids":[],"_links":{"self":[{"href":"https:\/\/agora.xtec.cat\/inssantandreu\/wp-json\/wp\/v2\/pages\/11262","targetHints":{"allow":["GET"]}}],"collection":[{"href":"https:\/\/agora.xtec.cat\/inssantandreu\/wp-json\/wp\/v2\/pages"}],"about":[{"href":"https:\/\/agora.xtec.cat\/inssantandreu\/wp-json\/wp\/v2\/types\/page"}],"author":[{"embeddable":true,"href":"https:\/\/agora.xtec.cat\/inssantandreu\/wp-json\/wp\/v2\/users\/1"}],"replies":[{"embeddable":true,"href":"https:\/\/agora.xtec.cat\/inssantandreu\/wp-json\/wp\/v2\/comments?post=11262"}],"version-history":[{"count":5,"href":"https:\/\/agora.xtec.cat\/inssantandreu\/wp-json\/wp\/v2\/pages\/11262\/revisions"}],"predecessor-version":[{"id":11987,"href":"https:\/\/agora.xtec.cat\/inssantandreu\/wp-json\/wp\/v2\/pages\/11262\/revisions\/11987"}],"up":[{"embeddable":true,"href":"https:\/\/agora.xtec.cat\/inssantandreu\/wp-json\/wp\/v2\/pages\/19"}],"wp:attachment":[{"href":"https:\/\/agora.xtec.cat\/inssantandreu\/wp-json\/wp\/v2\/media?parent=11262"}],"curies":[{"name":"wp","href":"https:\/\/api.w.org\/{rel}","templated":true}]}}