{"id":10981,"date":"2022-01-28T09:04:57","date_gmt":"2022-01-28T08:04:57","guid":{"rendered":"https:\/\/agora.xtec.cat\/inssantandreu\/?page_id=10981"},"modified":"2022-01-28T09:39:36","modified_gmt":"2022-01-28T08:39:36","slug":"proves-per-completar-els-ensenyaments-de-leso-nomes-per-ex-alumnes-del-centre","status":"publish","type":"page","link":"https:\/\/agora.xtec.cat\/inssantandreu\/documentacio\/proves-per-completar-els-ensenyaments-de-leso-nomes-per-ex-alumnes-del-centre\/","title":{"rendered":"Proves per completar els ensenyaments de l\u2019ESO"},"content":{"rendered":"<p dir=\"ltr\" style=\"text-align: justify;\">Els alumnes que no obtenen el t\u00edtol de graduat en educaci\u00f3 secund\u00e0ria obligat\u00f2ria (ESO) en finalitzar l\u2019etapa es poden presentar a les proves que el mes de mar\u00e7 de cada any organitzen els centres educatius; a cada centre es constitueix una junta d\u2019avaluaci\u00f3 formada per professors de quart d\u2019ESO i presidida pel cap d\u2019estudis. Podeu trobar tota la informaci\u00f3 al seg\u00fcent enlla\u00e7:<\/p>\n<ul style=\"text-align: justify;\">\n<li dir=\"ltr\">\n<h5><a href=\"http:\/\/ensenyament.gencat.cat\/ca\/serveis-tramits\/proves\/proves-lliures-obtencio-titols\/obtencio-titol-eso\/#bloc1\" target=\"_blank\" rel=\"noopener noreferrer\" data-saferedirecturl=\"https:\/\/www.google.com\/url?q=http:\/\/ensenyament.gencat.cat\/ca\/serveis-tramits\/proves\/proves-lliures-obtencio-titols\/obtencio-titol-eso\/%23bloc1&amp;source=gmail&amp;ust=1580551692332000&amp;usg=AFQjCNFTZ_UY8fh2nkwzS8SLK2-wvGKqNw\">Proves per completar els ensenyaments de l\u2019ESO<\/a><\/h5>\n<\/li>\n<li dir=\"ltr\">\n<h5><a href=\"https:\/\/drive.google.com\/file\/d\/1yUt5MK97lRE2ZMs-1UA15iOP_CmD2FDD\/view?usp=sharing\" target=\"_blank\" rel=\"noopener\">Calendari del procediment<\/a><\/h5>\n<\/li>\n<\/ul>\n<p dir=\"ltr\" style=\"text-align: justify;\">Es poden presentar a la prova les persones que compleixen els requisits seg\u00fcents:<\/p>\n<ol>\n<li dir=\"ltr\" style=\"text-align: justify;\">\n<p dir=\"ltr\">Tenir 18 anys o complir-los dins l\u2019any natural de la prova. Tamb\u00e9 s\u2019hi poden presentar amb 17 anys o complir-los dins l\u2019any natural de la prova si es troben en alguna d\u2019aquestes situacions (cal presentar la documentaci\u00f3 que ho acrediti):<br \/>\n\u2013 tenir un contracte laboral que els impedeixi d\u2019assistir al centre educatiu en r\u00e8gim ordinari,<br \/>\n\u2013 trobar-se en proc\u00e9s d\u2019obtenir un perm\u00eds de treball o<br \/>\n\u2013 ser esportista d\u2019alt rendiment.<\/p>\n<\/li>\n<li dir=\"ltr\" style=\"text-align: justify;\">\n<p dir=\"ltr\">Haver finalitzat l\u2019ESO sense obtenir el t\u00edtol i no tenir m\u00e9s de 5 mat\u00e8ries pendents de qualificaci\u00f3 positiva (compten com una sola mat\u00e8ria les cursades amb el mateix nom en diferents cursos).<\/p>\n<\/li>\n<li dir=\"ltr\">\n<p dir=\"ltr\" style=\"text-align: justify;\">Haver finalitzat l\u2019ESO durant un dels 2 cursos anteriors al qual es presentin a les proves. La\u00a0<strong>sol\u00b7licitud<\/strong> per fer les proves s\u2019ha de presentar <strong>a la secretaria del centre on la persona sol\u00b7licitant va estar matriculada de quart d\u2019ESO per \u00faltima vegada.\u00a0 <\/strong><a href=\"http:\/\/ensenyament.gencat.cat\/ca\/serveis-tramits\/proves\/proves-lliures-obtencio-titols\/obtencio-titol-eso\/#bloc1\" target=\"_blank\" rel=\"noopener noreferrer\" data-saferedirecturl=\"https:\/\/www.google.com\/url?q=http:\/\/educacio.gencat.cat\/documents\/FormularisModels\/CentresGestioAcademica\/A665.pdf&amp;source=gmail&amp;ust=1580551692332000&amp;usg=AFQjCNEAREZdUhCrCnC5IUAUZDJkTl15BQ\">Impr\u00e8s de sol\u00b7licitud per l\u2019alumne<\/a>.<\/p>\n<\/li>\n<\/ol>\n<p><a href=\"https:\/\/agora.xtec.cat\/inssantandreu\/wp-content\/uploads\/usu94\/2020\/01\/unnamed.png\"><img loading=\"lazy\" decoding=\"async\" class=\"aligncenter size-full wp-image-10158\" src=\"https:\/\/agora.xtec.cat\/inssantandreu\/wp-content\/uploads\/usu94\/2020\/01\/unnamed.png\" alt=\"\" width=\"276\" height=\"182\" \/><\/a><\/p>\n","protected":false},"excerpt":{"rendered":"<p>Els alumnes que no obtenen el t\u00edtol de graduat en educaci\u00f3 secund\u00e0ria obligat\u00f2ria (ESO) en finalitzar l\u2019etapa es poden presentar a les proves que el mes de mar\u00e7 de cada any organitzen els centres educatius; a cada centre es constitueix una junta d\u2019avaluaci\u00f3 formada per&hellip;  <a href=\"https:\/\/agora.xtec.cat\/inssantandreu\/documentacio\/proves-per-completar-els-ensenyaments-de-leso-nomes-per-ex-alumnes-del-centre\/\" title=\"Read Proves per completar els ensenyaments de l\u2019ESO\">Llegeix m\u00e9s\u00bb<\/a><\/p>\n","protected":false},"author":1,"featured_media":0,"parent":432,"menu_order":0,"comment_status":"closed","ping_status":"closed","template":"","meta":{"_bbp_topic_count":0,"_bbp_reply_count":0,"_bbp_total_topic_count":0,"_bbp_total_reply_count":0,"_bbp_voice_count":0,"_bbp_anonymous_reply_count":0,"_bbp_topic_count_hidden":0,"_bbp_reply_count_hidden":0,"_bbp_forum_subforum_count":0,"footnotes":""},"class_list":["post-10981","page","type-page","status-publish","hentry"],"post_mailing_queue_ids":[],"_links":{"self":[{"href":"https:\/\/agora.xtec.cat\/inssantandreu\/wp-json\/wp\/v2\/pages\/10981","targetHints":{"allow":["GET"]}}],"collection":[{"href":"https:\/\/agora.xtec.cat\/inssantandreu\/wp-json\/wp\/v2\/pages"}],"about":[{"href":"https:\/\/agora.xtec.cat\/inssantandreu\/wp-json\/wp\/v2\/types\/page"}],"author":[{"embeddable":true,"href":"https:\/\/agora.xtec.cat\/inssantandreu\/wp-json\/wp\/v2\/users\/1"}],"replies":[{"embeddable":true,"href":"https:\/\/agora.xtec.cat\/inssantandreu\/wp-json\/wp\/v2\/comments?post=10981"}],"version-history":[{"count":3,"href":"https:\/\/agora.xtec.cat\/inssantandreu\/wp-json\/wp\/v2\/pages\/10981\/revisions"}],"predecessor-version":[{"id":10987,"href":"https:\/\/agora.xtec.cat\/inssantandreu\/wp-json\/wp\/v2\/pages\/10981\/revisions\/10987"}],"up":[{"embeddable":true,"href":"https:\/\/agora.xtec.cat\/inssantandreu\/wp-json\/wp\/v2\/pages\/432"}],"wp:attachment":[{"href":"https:\/\/agora.xtec.cat\/inssantandreu\/wp-json\/wp\/v2\/media?parent=10981"}],"curies":[{"name":"wp","href":"https:\/\/api.w.org\/{rel}","templated":true}]}}