{"id":10851,"date":"2021-10-04T08:59:56","date_gmt":"2021-10-04T06:59:56","guid":{"rendered":"https:\/\/agora.xtec.cat\/inssantandreu\/?page_id=10851"},"modified":"2022-06-29T10:09:38","modified_gmt":"2022-06-29T08:09:38","slug":"fotografies-curs-2021-2022","status":"publish","type":"page","link":"https:\/\/agora.xtec.cat\/inssantandreu\/fotografies\/fotografies-curs-2021-2022\/","title":{"rendered":"Fotografies curs 2021-2022"},"content":{"rendered":"<p>Fotografies curs 2021-2022:<\/p>\n<ul>\n<li>28.06.22: <a href=\"https:\/\/photos.app.goo.gl\/PXUFjyE4dVwjqjWt6\" target=\"_blank\" rel=\"noopener\">graduaci\u00f3 4t ESO<\/a><\/li>\n<li>22.06.22:\u00a0<a href=\"https:\/\/photos.app.goo.gl\/WGhnCabFw2kJucqU7\" target=\"_blank\" rel=\"noopener\">Activitats de tancament de curs 21-22<\/a><\/li>\n<li>14.06.22:\u00a0<a href=\"https:\/\/photos.app.goo.gl\/zgPR3he7QgdY3HZTA\" target=\"_blank\" rel=\"noopener\">Packaging, geometria 4t ESO<\/a><\/li>\n<li>8-12 jnuy&#8217;22: <a href=\"https:\/\/photos.app.goo.gl\/NxxpmFehCzWQzfxQ7\" target=\"_blank\" rel=\"noopener\">Escalada, 2n ESO<\/a><\/li>\n<li>08.06.22: <a href=\"https:\/\/photos.app.goo.gl\/tQFatx5aJSZ4k1ay6\" target=\"_blank\" rel=\"noopener\">Mercat solidari, optativa economia 4t ESO<\/a><\/li>\n<li>07.06.22: <a href=\"https:\/\/photos.app.goo.gl\/ppeUAqnZnr1i8fmJ6\" target=\"_blank\" rel=\"noopener\">Funny Day, 3r ESO<\/a><\/li>\n<li>03.06.22:\u00a0<a href=\"https:\/\/photos.app.goo.gl\/RjGPiRuCFFQ5LNup7\" target=\"_blank\" rel=\"noopener\">F\u00edsica i Qu\u00edmica 4t ESO, llan\u00e7ament de coets<\/a><\/li>\n<li>23.05.22: <a href=\"https:\/\/photos.app.goo.gl\/pjkuU8nDBwGkN5Wz6\" target=\"_blank\" rel=\"noopener\">Fisidabo 4t ESO F\u00edsica i Tecnologia<\/a><\/li>\n<li>17.05.22: <a href=\"https:\/\/photos.app.goo.gl\/YNFt3C43LvNmBrV77\" target=\"_blank\" rel=\"noopener\">XIV Trobada de Mediadors del Baix Llobregat<\/a><\/li>\n<li>09.05.22: <a href=\"https:\/\/photos.app.goo.gl\/HiAtfPntfa5aptTz8\" target=\"_blank\" rel=\"noopener\">Teatre en angl\u00e8s<\/a><\/li>\n<li>06.05.22: <a href=\"https:\/\/photos.app.goo.gl\/nD5qLxCk7Xq3ht9a7\" target=\"_blank\" rel=\"noopener\">sortida 3r ESO M\u00f3n Sant Benet<\/a><\/li>\n<li>03.05.22:\u00a0<a href=\"https:\/\/photos.app.goo.gl\/LK6C6uuo9n7pTLxEA\" target=\"_blank\" rel=\"noopener\">3r ESO al Cosmocaixa<\/a><\/li>\n<li>03.05.22:\u00a0<a href=\"https:\/\/youtu.be\/Nx8Z19SMssQ\" target=\"_blank\" rel=\"noopener\">V\u00eddeo finalista \u201cLGTBIQ+f\u00f2bia\u201d concurs Kabua<\/a><\/li>\n<li>29.04.22: <a href=\"https:\/\/photos.app.goo.gl\/TfqyAwxnZ9LAQ1ZY7\" target=\"_blank\" rel=\"noopener\">3r ESO MNAC<\/a><\/li>\n<li>29.04.22: <a href=\"https:\/\/photos.app.goo.gl\/DvwpA43vcjTPqqgg9\" target=\"_blank\" rel=\"noopener\">Premis Sant Jordi ajuntament 2022<\/a><\/li>\n<li>26-28 abril: <a href=\"https:\/\/photos.app.goo.gl\/1J2brwV8tMwTKqAd7\" target=\"_blank\" rel=\"noopener\">Museu de les Matem\u00e0tiques, 1r ESO. 26-28 abril 2022.<\/a><\/li>\n<li>26-28 abril: <a href=\"https:\/\/photos.app.goo.gl\/FeBbG2mMLNjdrKc16\" target=\"_blank\" rel=\"noopener\">Sortida en bicicleta 1r ESO. 25-29 abril.<\/a><\/li>\n<li>04.04.22:\u00a0<a href=\"https:\/\/photos.app.goo.gl\/7YFUi226idRSdNF59\" target=\"_blank\" rel=\"noopener\">Treball de s\u00edntesi 3r ESO a Llan\u00e7\u00e0, 4-6 d&#8217;abril de 2022<\/a><\/li>\n<li>02.04.22:\u00a0<a href=\"https:\/\/photos.app.goo.gl\/orX8jDDiBY1732zt5\" target=\"_blank\" rel=\"noopener\">Viatge 4t ESO a Berl\u00edn, abril de 2022<\/a><\/li>\n<li>14.03.22: <a href=\"https:\/\/photos.app.goo.gl\/4rxdSWUy9z1sw8wC7\" target=\"_blank\" rel=\"noopener\">II Jornades cargolades<\/a><\/li>\n<li>7-8.03.22: <a href=\"https:\/\/photos.app.goo.gl\/QEg6sqfK6exQEYBX7\" target=\"_blank\" rel=\"noopener\">Esquiada 2n ESO<\/a><\/li>\n<li>04.03.22: <a href=\"https:\/\/photos.app.goo.gl\/vdc5CYM3kvAdS82H6\" target=\"_blank\" rel=\"noopener\">Sortida 4t ESO visual i pl\u00e0stica<\/a><\/li>\n<li>02.03.22:\u00a0<a href=\"https:\/\/photos.app.goo.gl\/ZcQ9Y3MAHorfZKgW7\" target=\"_blank\" rel=\"noopener\">Proves compet\u00e8ncies B\u00e0siques 4t ESO<\/a><\/li>\n<li>21.02.22: <a href=\"https:\/\/photos.app.goo.gl\/MZGbPfnszDnxRsni8\" target=\"_blank\" rel=\"noopener\">4t ESO al riu<\/a><\/li>\n<li>18.02.22: <a href=\"https:\/\/photos.app.goo.gl\/3ehNj6TXoRtcjxAx7\" target=\"_blank\" rel=\"noopener\">Dioses en Sanan. 3r ESO.<\/a><\/li>\n<li>11.02.22:\u00a0<a href=\"https:\/\/photos.app.goo.gl\/gdshVoLDTNKk2cxPA\" target=\"_blank\" rel=\"noopener\">1r ESO. Sortida Bio-diversitat i qui viu al riu<\/a><\/li>\n<li>02.02.22: <a href=\"https:\/\/photos.app.goo.gl\/agdZT4aFCZqnFtFZA\" target=\"_blank\" rel=\"noopener\">Sortida 2n ESO Barcelona Medieval<\/a><\/li>\n<li>01.02.22:\u00a0<a href=\"https:\/\/photos.app.goo.gl\/LNGXEQHgj15bZnh26\" target=\"_blank\" rel=\"noopener\">Taller primers auxilis 4t ESO<\/a><\/li>\n<li>22.12.21: <a href=\"https:\/\/photos.app.goo.gl\/2ByrgCP8Wdm41Gzz5\" target=\"_blank\" rel=\"noopener\">Jornada de tancament del primer trimestre<\/a><\/li>\n<li>21.12.21:\u00a0<a href=\"https:\/\/photos.app.goo.gl\/cdVDQSNKSQ3NARRaA\" target=\"_blank\" rel=\"noopener\">Ti\u00f3 Led 1r ESO<\/a><\/li>\n<li>20.12.21: <a href=\"https:\/\/photos.app.goo.gl\/b9eBfPV3RtZrDoVA8\" target=\"_blank\" rel=\"noopener\">Diplomes campanya dia de la SIDA<\/a><\/li>\n<li>16.12.21:\u00a0<a href=\"https:\/\/photos.app.goo.gl\/QejVG5FUE8jBeFzw8\" target=\"_blank\" rel=\"noopener\">Sortida 4t ESO. Economia.<\/a><\/li>\n<li>Desembre&#8217;21: <a href=\"https:\/\/photos.app.goo.gl\/KcukGPcv9TAf6eRh8\" target=\"_blank\" rel=\"noopener\">sortida 1r ESO. Pi tallat.<\/a><\/li>\n<li>03.12.21: <a href=\"https:\/\/photos.app.goo.gl\/fzkdG65p9Evo9cJ79\" target=\"_blank\" rel=\"noopener\">Taller de la prehist\u00f2ria, 1r ESO<\/a><\/li>\n<li>02.12.21: <a href=\"https:\/\/photos.app.goo.gl\/ZqGGoLL3HkFavy9J6\" target=\"_blank\" rel=\"noopener\">Sortida al teatre 1r ESO<\/a><\/li>\n<li>22.11.21: <a href=\"https:\/\/photos.app.goo.gl\/KWzg7pQtjCCHta2G7\" target=\"_blank\" rel=\"noopener\">Planetari 1r ESO<\/a><\/li>\n<li>19.11.21:\u00a0<a href=\"https:\/\/drive.google.com\/drive\/folders\/14DizNogBQ_a7YxmsWBuB2dvE4_grNV_m?usp=sharing\" target=\"_blank\" rel=\"noopener\">Cartells commeratius Dia Mundial de la Sida, 4t ESO<\/a><\/li>\n<li>19.11.21:\u00a0<a href=\"https:\/\/photos.app.goo.gl\/gSEawmSJc37hCde77\" target=\"_blank\" rel=\"noopener\">Maquetes tecnologia 2n ESO<\/a><\/li>\n<li>17.11.21:\u00a0<a href=\"https:\/\/drive.google.com\/drive\/folders\/1RehVWaSfe1XcwEYMp3-Bp_7wVjtlu3um?usp=sharing\" target=\"_blank\" rel=\"noopener\">V\u00eddeos setmana de la ci\u00e8ncia 2021-2022<\/a><\/li>\n<li>03.11.21: <a href=\"https:\/\/photos.app.goo.gl\/Si2apuQ5s92KjJjV9\" target=\"_blank\" rel=\"noopener\">3r ESO &gt; &#8220;Projecte rius&#8221;<\/a><\/li>\n<li>27.10.21: <a href=\"https:\/\/photos.app.goo.gl\/9aBzMmP7wfbwzbWJ7\" target=\"_blank\" rel=\"noopener\">Cultura Cl\u00e0ssica al Labertint d&#8217;Horta<\/a><\/li>\n<li>20.10.21:\u00a0<a href=\"https:\/\/photos.app.goo.gl\/FoLADFopyxF8Ba1S6\" target=\"_blank\" rel=\"noopener\">Sortida 4t ESO, Economia i Biologia<\/a><\/li>\n<li>04-05.10.21:\u00a0<a href=\"https:\/\/photos.app.goo.gl\/gc4RFihPAQEMnJB77\" target=\"_blank\" rel=\"noopener\">Col\u00f2nies 1r ESO, 4-5 d&#8217;octubre&#8217;21<\/a><\/li>\n<li>01.10.21: <a href=\"https:\/\/photos.app.goo.gl\/yK3RnJhiX8tTCj1TA\" target=\"_blank\" rel=\"noopener\">Sortida 1r ESO, tastet de teatre, Tricicle<\/a><\/li>\n<li>Setembre&#8217;21:\u00a0<a href=\"https:\/\/photos.app.goo.gl\/dRmt7yarXKHKeMvq5\" target=\"_blank\" rel=\"noopener\">Fotografies grups, curs 2021-2022<\/a><\/li>\n<\/ul>\n","protected":false},"excerpt":{"rendered":"<p>Fotografies curs 2021-2022:<\/p>\n<ul>\n<li>28.06.22: <a href=\"https:\/\/photos.app.goo.gl\/PXUFjyE4dVwjqjWt6\" target=\"_blank\" rel=\"noopener\">graduaci\u00f3 4t ESO<\/a><\/li>\n<li>22.06.22:\u00a0<a href=\"https:\/\/photos.app.goo.gl\/WGhnCabFw2kJucqU7\" target=\"_blank\" rel=\"noopener\">Activitats de tancament de curs 21-22<\/a><\/li>\n<li>14.06.22:\u00a0<a href=\"https:\/\/photos.app.goo.gl\/zgPR3he7QgdY3HZTA\" target=\"_blank\" rel=\"noopener\">Packaging, geometria 4t ESO<\/a><\/li>\n<li>8-12 jnuy&#8217;22: <a href=\"https:\/\/photos.app.goo.gl\/NxxpmFehCzWQzfxQ7\" target=\"_blank\" rel=\"noopener\">Escalada, 2n ESO<\/a><\/li>\n<li>08.06.22: <a href=\"https:\/\/photos.app.goo.gl\/tQFatx5aJSZ4k1ay6\" target=\"_blank\" rel=\"noopener\">Mercat solidari, optativa economia 4t ESO<\/a><\/li>\n<li>07.06.22: <a href=\"https:\/\/photos.app.goo.gl\/ppeUAqnZnr1i8fmJ6\" target=\"_blank\" rel=\"noopener\">Funny Day, 3r&hellip;  <a href=\"https:\/\/agora.xtec.cat\/inssantandreu\/fotografies\/fotografies-curs-2021-2022\/\" title=\"Read Fotografies curs 2021-2022\">Llegeix m\u00e9s\u00bb<\/a><br \/>\n","protected":false},"author":1,"featured_media":0,"parent":956,"menu_order":8,"comment_status":"closed","ping_status":"closed","template":"","meta":{"_bbp_topic_count":0,"_bbp_reply_count":0,"_bbp_total_topic_count":0,"_bbp_total_reply_count":0,"_bbp_voice_count":0,"_bbp_anonymous_reply_count":0,"_bbp_topic_count_hidden":0,"_bbp_reply_count_hidden":0,"_bbp_forum_subforum_count":0,"footnotes":""},"class_list":["post-10851","page","type-page","status-publish","hentry"],"post_mailing_queue_ids":[],"_links":{"self":[{"href":"https:\/\/agora.xtec.cat\/inssantandreu\/wp-json\/wp\/v2\/pages\/10851","targetHints":{"allow":["GET"]}}],"collection":[{"href":"https:\/\/agora.xtec.cat\/inssantandreu\/wp-json\/wp\/v2\/pages"}],"about":[{"href":"https:\/\/agora.xtec.cat\/inssantandreu\/wp-json\/wp\/v2\/types\/page"}],"author":[{"embeddable":true,"href":"https:\/\/agora.xtec.cat\/inssantandreu\/wp-json\/wp\/v2\/users\/1"}],"replies":[{"embeddable":true,"href":"https:\/\/agora.xtec.cat\/inssantandreu\/wp-json\/wp\/v2\/comments?post=10851"}],"version-history":[{"count":3,"href":"https:\/\/agora.xtec.cat\/inssantandreu\/wp-json\/wp\/v2\/pages\/10851\/revisions"}],"predecessor-version":[{"id":11215,"href":"https:\/\/agora.xtec.cat\/inssantandreu\/wp-json\/wp\/v2\/pages\/10851\/revisions\/11215"}],"up":[{"embeddable":true,"href":"https:\/\/agora.xtec.cat\/inssantandreu\/wp-json\/wp\/v2\/pages\/956"}],"wp:attachment":[{"href":"https:\/\/agora.xtec.cat\/inssantandreu\/wp-json\/wp\/v2\/media?parent=10851"}],"curies":[{"name":"wp","href":"https:\/\/api.w.org\/{rel}","templated":true}]}}