{"id":10431,"date":"2020-09-28T12:59:44","date_gmt":"2020-09-28T10:59:44","guid":{"rendered":"https:\/\/agora.xtec.cat\/inssantandreu\/?page_id=10431"},"modified":"2021-06-28T17:39:45","modified_gmt":"2021-06-28T15:39:45","slug":"fotografies-curs-2020-2021","status":"publish","type":"page","link":"https:\/\/agora.xtec.cat\/inssantandreu\/fotografies\/fotografies-curs-2020-2021\/","title":{"rendered":"Fotografies curs 2020-2021"},"content":{"rendered":"<p>Fotografies curs 2020-2021:<\/p>\n<ul>\n<li>28.06.21:\u00a0<a href=\"https:\/\/photos.app.goo.gl\/8T3YmuAmsXsVMsLs8\" target=\"_blank\" rel=\"noopener noreferrer\">Fotografies graduaci\u00f3 4t ESO curs 2021. 28.06.21<\/a><\/li>\n<li>28.06.21: <a href=\"https:\/\/youtu.be\/vIVghKMOvKw\" target=\"_blank\" rel=\"noopener noreferrer\">V\u00eddeo de l\u2019acte de graduaci\u00f3 de 4t ESO curs 2021<\/a><\/li>\n<li>Juny&#8217;21: <a href=\"https:\/\/photos.app.goo.gl\/kYU5xStdT2ukAsdZ8\" target=\"_blank\" rel=\"noopener noreferrer\">Obsequi socis AMPA, promoci\u00f3 2017-2021<\/a><\/li>\n<li>Juny&#8217;21: <a href=\"https:\/\/photos.app.goo.gl\/dXG3Pg7dpTPvS1UR6\" target=\"_blank\" rel=\"noopener noreferrer\">F\u00edsica i Qu\u00edmica 4t ESO, llan\u00e7ament de coets<\/a><\/li>\n<li>Juny&#8217;21:\u00a0<a href=\"https:\/\/photos.app.goo.gl\/52BZTTG4qHJcCA2v9\" target=\"_blank\" rel=\"noopener noreferrer\">Sortides bicicleta 1r i 2n ESO<\/a><\/li>\n<li>Juny&#8217;21: <a href=\"https:\/\/photos.google.com\/u\/2\/photo\/AF1QipOTe-gd_TbEUVybbHCXeJq8qS9jJSQ-iPMGVRCa\" target=\"_blank\" rel=\"noopener noreferrer\">StopMotion a tecnologia de 3r d&#8217;ESO<\/a><\/li>\n<li>03.06.21: <a href=\"https:\/\/photos.app.goo.gl\/7Sj1u9KKDB4EEzaG7\" target=\"_blank\" rel=\"noopener noreferrer\">Mercat de venda de sab\u00f3 artes\u00e0, 4t ESO<\/a><\/li>\n<li>26.05.21: <a href=\"https:\/\/photos.app.goo.gl\/9iWuEXpH3d5i5SMv7\" target=\"_blank\" rel=\"noopener noreferrer\">3r ESO, cultura cl\u00e0ssica, laberint d&#8217;Horta<\/a><\/li>\n<li>17-21 maig&#8217;21: <a href=\"https:\/\/photos.app.goo.gl\/BT6eUm1Lw4PeGsNM8\" target=\"_blank\" rel=\"noopener noreferrer\">Roc\u00f2drom 2n ESO<\/a><\/li>\n<li>20-21 maig&#8217;21: <a href=\"https:\/\/photos.app.goo.gl\/J5sa34kjnUzFCXxt5\" target=\"_blank\" rel=\"noopener noreferrer\">Col\u00f2nies 1r ESO<\/a><\/li>\n<li>18.05.21:\u00a0<a href=\"https:\/\/photos.app.goo.gl\/bUefoS2VUYRgTwmE6\" target=\"_blank\" rel=\"noopener noreferrer\">Impressora 3D, a 3r ESO<\/a><\/li>\n<li>14.05.21: <a href=\"https:\/\/photos.app.goo.gl\/z1nECsKmoKcWGiBM7\" target=\"_blank\" rel=\"noopener noreferrer\">Optativa F\u00edsica i Qu\u00edmica, taller cuina sense pares<\/a><\/li>\n<li>04-07 maig&#8217;21:\u00a0<a href=\"https:\/\/photos.app.goo.gl\/AXzLdSDXk4HK7zer6\" target=\"_blank\" rel=\"noopener noreferrer\">Rugbi 1r ESO<\/a><\/li>\n<li>07.05.21:\u00a0<a href=\"https:\/\/photos.app.goo.gl\/GXVXivTpHFGG7sfJ7\" target=\"_blank\" rel=\"noopener noreferrer\">Geometria 2n ESO<\/a><\/li>\n<li>23.04.21: <a href=\"https:\/\/photos.app.goo.gl\/bLPnm3MHNxZb5TpK9\" target=\"_blank\" rel=\"noopener noreferrer\">Sant Jordi\u201921<\/a><\/li>\n<li>22.04.21: <a href=\"https:\/\/photos.app.goo.gl\/RNmk6WHiMPAx9sx76\" target=\"_blank\" rel=\"noopener noreferrer\">Cr\u00eapes 4t franc\u00e8s<\/a><\/li>\n<li>21.04.21:\u00a0<a href=\"https:\/\/www.instagram.com\/ins_sant_andreu\/\" target=\"_blank\" rel=\"noopener noreferrer\">Preparaci\u00f3 Sant Jordi&#8217;21<\/a><\/li>\n<li>15.04.21: <a href=\"https:\/\/photos.app.goo.gl\/W4XWYF8MgLTmMcum8\" target=\"_blank\" rel=\"noopener noreferrer\">Fem sab\u00f3, 4t ESO<\/a><\/li>\n<li>06-09 abril&#8217;21: <a href=\"https:\/\/photos.app.goo.gl\/yK1BzPJUmfwxcmzA9\" target=\"_blank\" rel=\"noopener noreferrer\">3r ESO CosmoCaixa<\/a><\/li>\n<li>22-25 mar\u00e7&#8217;21: <a href=\"https:\/\/photos.app.goo.gl\/2HAVTuRiz4fgVUTU6\" target=\"_blank\" rel=\"noopener noreferrer\">Fem esport, fem salut! 1r ESO<\/a><\/li>\n<li>24.03.21: <a href=\"https:\/\/photos.app.goo.gl\/915CCkWGaSpge7Ko7\" target=\"_blank\" rel=\"noopener noreferrer\">Sortida 3r ESO, Les Deus Aventura<\/a><\/li>\n<li>23.03.21: <a href=\"https:\/\/photos.app.goo.gl\/dw5VmUWWGMgowy997\" target=\"_blank\" rel=\"noopener noreferrer\">Sortida 2n ESO al Delta del Llobregat<\/a><\/li>\n<li>15.03.21: <a href=\"https:\/\/photos.app.goo.gl\/DvFVPBDADAaZntTs5\" target=\"_blank\" rel=\"noopener noreferrer\">Jornades Cargolades<\/a><\/li>\n<li>05.03.21: <a href=\"https:\/\/photos.app.goo.gl\/8giWn27bPB3JG9ZV9\" target=\"_blank\" rel=\"noopener noreferrer\">Xerrada divulgativa sobre impostos, 4t ESO<\/a><\/li>\n<li>1 mar\u00e7&#8217;21: <a href=\"https:\/\/photos.app.goo.gl\/UPfkagBRj1SpBH1DA\" target=\"_blank\" rel=\"noopener noreferrer\">V\u00eddeo portes obertes 2021<\/a><\/li>\n<li>Feb&#8217;21:\u00a0<a href=\"https:\/\/photos.app.goo.gl\/n7SAouRDhuaP52Re9\" target=\"_blank\" rel=\"noopener noreferrer\">Sorbitos de amor \u00a1S\u00edrvete t\u00fa mismo!<\/a><\/li>\n<li>12.02.21:\u00a0<a href=\"https:\/\/photos.app.goo.gl\/BTC9BDX1CAHMsyFm8\" target=\"_blank\" rel=\"noopener noreferrer\">Esmorzar premis concurs de Nadal<\/a><\/li>\n<li>Febrer&#8217;21:\u00a0<a href=\"https:\/\/photos.app.goo.gl\/ucWyQ6oFgdwSGxHS7\" target=\"_blank\" rel=\"noopener noreferrer\">1r ESO: \u201cAt the doctor\u201d. We hope you like it!<\/a><\/li>\n<li>29.01.21: <a href=\"https:\/\/photos.app.goo.gl\/mJDcCgtdNzCHzyuv7\" target=\"_blank\" rel=\"noopener noreferrer\">Fira AntiCOVID, Economia 4t ESO<\/a><\/li>\n<li>22.01.21:\u00a0<a href=\"https:\/\/drive.google.com\/file\/d\/1GdO3XPFNjRkrJaP6wlXN98_rOIEC5S7-\/view?usp=sharing\" target=\"_blank\" rel=\"noopener noreferrer\">Obra de teatre Dioses en Sanan<\/a><\/li>\n<li dir=\"auto\">22.01.21: <a href=\"https:\/\/photos.app.goo.gl\/GQNqFbWGYEHJk1i97\" target=\"_blank\" rel=\"noopener noreferrer\">Fotografies de l&#8217;obra Dioses en Sanan<\/a><\/li>\n<li>23.11.20: <a href=\"https:\/\/photos.app.goo.gl\/x2rXnHq53djPziqd6\" target=\"_blank\" rel=\"noopener noreferrer\">V Festival de nanoci\u00e8ncia 3r ESO<\/a><\/li>\n<li>22.11.20: <a href=\"https:\/\/photos.app.goo.gl\/mbNHZfpQYH81Tbmf9\" target=\"_blank\" rel=\"noopener noreferrer\">Santa Cec\u00edlia 2020<\/a><\/li>\n<li>20.11.20:\u00a0<a href=\"https:\/\/drive.google.com\/drive\/folders\/1VNX7x9CpGtkw_llj32006Dh5CP0LXASw?usp=sharing\" target=\"_blank\" rel=\"noopener noreferrer\">V\u00eddeos setmana de la ci\u00e8ncia 2020-2021<\/a><\/li>\n<li>20.11.20:\u00a0<a href=\"https:\/\/photos.app.goo.gl\/DKAgiAbH9sgQNsvC8\" target=\"_blank\" rel=\"noopener noreferrer\">Cartells dia mundial de la Sida, 4t ESO<\/a><\/li>\n<li>17.11.20: <a href=\"https:\/\/photos.app.goo.gl\/UbfPNFckyZvbSic49\" target=\"_blank\" rel=\"noopener noreferrer\">Setmana de la ci\u00e8ncia a tecnologia, 2n ESO<\/a><\/li>\n<li>16.11.20: <a href=\"https:\/\/photos.app.goo.gl\/J2bJND2uuvNyMdgd9\" target=\"_blank\" rel=\"noopener noreferrer\">Taller fem les Am\u00e8riques. 3r ESO<\/a><\/li>\n<li>novembre&#8217;20: <a href=\"https:\/\/photos.app.goo.gl\/bQKhygTVt6xs6qtJ9\" target=\"_blank\" rel=\"noopener noreferrer\">Sortida pi tallat. 1r ESO<\/a><\/li>\n<li>10.11.20: <a href=\"https:\/\/photos.app.goo.gl\/Sq5qSYeGbdHzrcA88\" target=\"_blank\" rel=\"noopener noreferrer\">Taller medieval 2n ESO<\/a><\/li>\n<li>05.11.20:\u00a0<a href=\"https:\/\/photos.app.goo.gl\/GQwyxj4iHbF6JakB6\" target=\"_blank\" rel=\"noopener noreferrer\">Quizlet 4t ESO<\/a><\/li>\n<li>04.11.20:\u00a0<a href=\"https:\/\/photos.app.goo.gl\/hTjsFxyXMqZtnUEfA\" target=\"_blank\" rel=\"noopener noreferrer\">Planetari 1r ESO<\/a><\/li>\n<li>octubre&#8217;20: <a href=\"https:\/\/photos.app.goo.gl\/R3RKsmDL2wgQnSBQ6\" target=\"_blank\" rel=\"noopener noreferrer\">La Marat\u00f3 de TV3<\/a><\/li>\n<li>16.10.20:\u00a0<a href=\"https:\/\/photos.app.goo.gl\/SknGGxQqkg3kAUfp7\" target=\"_blank\" rel=\"noopener noreferrer\">Taller de la prehist\u00f2ria, 1r ESO<\/a><\/li>\n<li>14.10.20: <a href=\"https:\/\/photos.app.goo.gl\/1n2iHA2q9YaK4uEX9\" target=\"_blank\" rel=\"noopener noreferrer\">\u201cDebat a bat: Tot tornar\u00e0 a comen\u00e7ar\u201d, 3r ESO<\/a><\/li>\n<li>28.09.20: Grups de tutoria: <a href=\"https:\/\/drive.google.com\/file\/d\/1gTloSHxq1oSsQYUmmn-vxeo06ZHe1Ds1\/view\" target=\"_blank\" rel=\"noopener noreferrer\">1r ESO<\/a>, <a href=\"https:\/\/drive.google.com\/file\/d\/1twFCry3bMcW_QSkPwVniwHd4rPXXk54d\/view\" target=\"_blank\" rel=\"noopener noreferrer\">2n ESO<\/a>, <a href=\"https:\/\/drive.google.com\/file\/d\/1BhpRc-MXpQGhF-NA9bFcjt_RMvpUE39W\/view\" target=\"_blank\" rel=\"noopener noreferrer\">3r ESO<\/a>, <a href=\"https:\/\/drive.google.com\/file\/d\/1urr0It6TM6bO7dcIqhsr2by7p5yJ4xUk\/view\" target=\"_blank\" rel=\"noopener noreferrer\">4t ESO<\/a><\/li>\n<\/ul>\n","protected":false},"excerpt":{"rendered":"<p>Fotografies curs 2020-2021:<\/p>\n<ul>\n<li>28.06.21:\u00a0<a href=\"https:\/\/photos.app.goo.gl\/8T3YmuAmsXsVMsLs8\" target=\"_blank\" rel=\"noopener noreferrer\">Fotografies graduaci\u00f3 4t ESO curs 2021. 28.06.21<\/a><\/li>\n<li>28.06.21: <a href=\"https:\/\/youtu.be\/vIVghKMOvKw\" target=\"_blank\" rel=\"noopener noreferrer\">V\u00eddeo de l\u2019acte de graduaci\u00f3 de 4t ESO curs 2021<\/a><\/li>\n<li>Juny&#8217;21: <a href=\"https:\/\/photos.app.goo.gl\/kYU5xStdT2ukAsdZ8\" target=\"_blank\" rel=\"noopener noreferrer\">Obsequi socis AMPA, promoci\u00f3 2017-2021<\/a><\/li>\n<li>Juny&#8217;21: <a href=\"https:\/\/photos.app.goo.gl\/dXG3Pg7dpTPvS1UR6\" target=\"_blank\" rel=\"noopener noreferrer\">F\u00edsica i Qu\u00edmica 4t ESO,&hellip;  <a href=\"https:\/\/agora.xtec.cat\/inssantandreu\/fotografies\/fotografies-curs-2020-2021\/\" title=\"Read Fotografies curs 2020-2021\">Llegeix m\u00e9s\u00bb<\/a><br \/>\n","protected":false},"author":1,"featured_media":0,"parent":956,"menu_order":7,"comment_status":"closed","ping_status":"closed","template":"","meta":{"_bbp_topic_count":0,"_bbp_reply_count":0,"_bbp_total_topic_count":0,"_bbp_total_reply_count":0,"_bbp_voice_count":0,"_bbp_anonymous_reply_count":0,"_bbp_topic_count_hidden":0,"_bbp_reply_count_hidden":0,"_bbp_forum_subforum_count":0,"footnotes":""},"class_list":["post-10431","page","type-page","status-publish","hentry"],"post_mailing_queue_ids":[],"_links":{"self":[{"href":"https:\/\/agora.xtec.cat\/inssantandreu\/wp-json\/wp\/v2\/pages\/10431","targetHints":{"allow":["GET"]}}],"collection":[{"href":"https:\/\/agora.xtec.cat\/inssantandreu\/wp-json\/wp\/v2\/pages"}],"about":[{"href":"https:\/\/agora.xtec.cat\/inssantandreu\/wp-json\/wp\/v2\/types\/page"}],"author":[{"embeddable":true,"href":"https:\/\/agora.xtec.cat\/inssantandreu\/wp-json\/wp\/v2\/users\/1"}],"replies":[{"embeddable":true,"href":"https:\/\/agora.xtec.cat\/inssantandreu\/wp-json\/wp\/v2\/comments?post=10431"}],"version-history":[{"count":4,"href":"https:\/\/agora.xtec.cat\/inssantandreu\/wp-json\/wp\/v2\/pages\/10431\/revisions"}],"predecessor-version":[{"id":10810,"href":"https:\/\/agora.xtec.cat\/inssantandreu\/wp-json\/wp\/v2\/pages\/10431\/revisions\/10810"}],"up":[{"embeddable":true,"href":"https:\/\/agora.xtec.cat\/inssantandreu\/wp-json\/wp\/v2\/pages\/956"}],"wp:attachment":[{"href":"https:\/\/agora.xtec.cat\/inssantandreu\/wp-json\/wp\/v2\/media?parent=10431"}],"curies":[{"name":"wp","href":"https:\/\/api.w.org\/{rel}","templated":true}]}}