{"id":81,"date":"2014-09-18T10:38:05","date_gmt":"2014-09-18T10:38:05","guid":{"rendered":"http:\/\/agora.xtec.cat\/inssalvadorsunyer\/?page_id=81"},"modified":"2023-06-30T10:18:56","modified_gmt":"2023-06-30T08:18:56","slug":"secretaria","status":"publish","type":"page","link":"https:\/\/agora.xtec.cat\/inssalvadorsunyer\/secretaria-2\/secretaria\/","title":{"rendered":"Horari i contacte"},"content":{"rendered":"<p>La Secretaria de l\u2019Institut Salvador Sunyer ofereix tant atenci\u00f3 presencial com a dist\u00e0ncia.<\/p>\n<p>Per a informaci\u00f3 general, us recomanem que abans d\u2019adre\u00e7ar-vos a la Secretaria consulteu els continguts de la p\u00e0gina web. L\u2019atenci\u00f3 a dist\u00e0ncia (per correu electr\u00f2nic o per tel\u00e8fon) us pot estalviar despla\u00e7aments.<\/p>\n<p><strong>HORARI:<\/strong><\/p>\n<p>L\u2019horari d\u2019atenci\u00f3 al p\u00fablic \u00e9s:<br \/>\nPresencial<br \/>\n<strong>Horari d\u2019hivern:<\/strong> (del 15 de setembre al 20 de juny) de dilluns a divendres de 9:00 a 13:00 i de 13:30 a 16:00 hores.<br \/>\n<strong>Horari d\u2019estiu:<\/strong> (del 21 de juny al 14 de setembre) de dilluns a divendres de 9:00 a 13:00 hores<\/p>\n<p>Per tel\u00e8fon (en horari d\u2019Oficina), trucant al <strong>972234975<\/strong><br \/>\nAtenci\u00f3 telem\u00e0tica, per e-mail: <strong>b7008407@xtec.cat<\/strong><\/p>\n","protected":false},"excerpt":{"rendered":"<p>La Secretaria de l\u2019Institut Salvador Sunyer ofereix tant atenci\u00f3 presencial com a dist\u00e0ncia. Per a informaci\u00f3 general, us recomanem que abans d\u2019adre\u00e7ar-vos a la Secretaria consulteu els continguts de la p\u00e0gina web. L\u2019atenci\u00f3 a dist\u00e0ncia (per correu electr\u00f2nic o per tel\u00e8fon) us pot estalviar despla\u00e7aments. HORARI: L\u2019horari d\u2019atenci\u00f3 al p\u00fablic \u00e9s: Presencial Horari d\u2019hivern: (del [&hellip;]<\/p>\n","protected":false},"author":1,"featured_media":0,"parent":14076,"menu_order":0,"comment_status":"closed","ping_status":"closed","template":"page-templates\/side-menu.php","meta":{"_bbp_topic_count":0,"_bbp_reply_count":0,"_bbp_total_topic_count":0,"_bbp_total_reply_count":0,"_bbp_voice_count":0,"_bbp_anonymous_reply_count":0,"_bbp_topic_count_hidden":0,"_bbp_reply_count_hidden":0,"_bbp_forum_subforum_count":0,"site-sidebar-layout":"default","site-content-layout":"","ast-site-content-layout":"","site-content-style":"default","site-sidebar-style":"default","ast-global-header-display":"","ast-banner-title-visibility":"","ast-main-header-display":"","ast-hfb-above-header-display":"","ast-hfb-below-header-display":"","ast-hfb-mobile-header-display":"","site-post-title":"","ast-breadcrumbs-content":"","ast-featured-img":"","footer-sml-layout":"","theme-transparent-header-meta":"","adv-header-id-meta":"","stick-header-meta":"","header-above-stick-meta":"","header-main-stick-meta":"","header-below-stick-meta":"","astra-migrate-meta-layouts":"default","ast-page-background-enabled":"default","ast-page-background-meta":{"desktop":{"background-color":"var(--ast-global-color-4)","background-image":"","background-repeat":"repeat","background-position":"center center","background-size":"auto","background-attachment":"scroll","background-type":"","background-media":"","overlay-type":"","overlay-color":"","overlay-opacity":"","overlay-gradient":""},"tablet":{"background-color":"","background-image":"","background-repeat":"repeat","background-position":"center center","background-size":"auto","background-attachment":"scroll","background-type":"","background-media":"","overlay-type":"","overlay-color":"","overlay-opacity":"","overlay-gradient":""},"mobile":{"background-color":"","background-image":"","background-repeat":"repeat","background-position":"center center","background-size":"auto","background-attachment":"scroll","background-type":"","background-media":"","overlay-type":"","overlay-color":"","overlay-opacity":"","overlay-gradient":""}},"ast-content-background-meta":{"desktop":{"background-color":"var(--ast-global-color-5)","background-image":"","background-repeat":"repeat","background-position":"center center","background-size":"auto","background-attachment":"scroll","background-type":"","background-media":"","overlay-type":"","overlay-color":"","overlay-opacity":"","overlay-gradient":""},"tablet":{"background-color":"var(--ast-global-color-5)","background-image":"","background-repeat":"repeat","background-position":"center center","background-size":"auto","background-attachment":"scroll","background-type":"","background-media":"","overlay-type":"","overlay-color":"","overlay-opacity":"","overlay-gradient":""},"mobile":{"background-color":"var(--ast-global-color-5)","background-image":"","background-repeat":"repeat","background-position":"center center","background-size":"auto","background-attachment":"scroll","background-type":"","background-media":"","overlay-type":"","overlay-color":"","overlay-opacity":"","overlay-gradient":""}},"footnotes":""},"class_list":["post-81","page","type-page","status-publish","hentry"],"post_mailing_queue_ids":[],"_links":{"self":[{"href":"https:\/\/agora.xtec.cat\/inssalvadorsunyer\/wp-json\/wp\/v2\/pages\/81","targetHints":{"allow":["GET"]}}],"collection":[{"href":"https:\/\/agora.xtec.cat\/inssalvadorsunyer\/wp-json\/wp\/v2\/pages"}],"about":[{"href":"https:\/\/agora.xtec.cat\/inssalvadorsunyer\/wp-json\/wp\/v2\/types\/page"}],"author":[{"embeddable":true,"href":"https:\/\/agora.xtec.cat\/inssalvadorsunyer\/wp-json\/wp\/v2\/users\/1"}],"replies":[{"embeddable":true,"href":"https:\/\/agora.xtec.cat\/inssalvadorsunyer\/wp-json\/wp\/v2\/comments?post=81"}],"version-history":[{"count":3,"href":"https:\/\/agora.xtec.cat\/inssalvadorsunyer\/wp-json\/wp\/v2\/pages\/81\/revisions"}],"predecessor-version":[{"id":14992,"href":"https:\/\/agora.xtec.cat\/inssalvadorsunyer\/wp-json\/wp\/v2\/pages\/81\/revisions\/14992"}],"up":[{"embeddable":true,"href":"https:\/\/agora.xtec.cat\/inssalvadorsunyer\/wp-json\/wp\/v2\/pages\/14076"}],"wp:attachment":[{"href":"https:\/\/agora.xtec.cat\/inssalvadorsunyer\/wp-json\/wp\/v2\/media?parent=81"}],"curies":[{"name":"wp","href":"https:\/\/api.w.org\/{rel}","templated":true}]}}