{"id":15912,"date":"2026-02-24T08:44:41","date_gmt":"2026-02-24T07:44:41","guid":{"rendered":"https:\/\/agora.xtec.cat\/inssalvadorsunyer\/?page_id=15912"},"modified":"2026-02-24T08:54:14","modified_gmt":"2026-02-24T07:54:14","slug":"documents-de-centre-2","status":"publish","type":"page","link":"https:\/\/agora.xtec.cat\/inssalvadorsunyer\/institut\/documents-de-centre-2\/","title":{"rendered":"Documents de centre"},"content":{"rendered":"<p>&nbsp;<\/p>\n<table style=\"border-collapse: collapse; width: 68.7073%;\">\n<tbody>\n<tr>\n<td style=\"width: 20.8605%; text-align: center; vertical-align: middle;\"><a href=\"https:\/\/docs.google.com\/document\/d\/1_G_bHejby70Bjd8ARg8k1TxoQzqhPkSKlwstp492p6Y\/edit?usp=sharing\">PEC<\/a><\/td>\n<td style=\"width: 21.7307%; text-align: center; vertical-align: middle;\"><a href=\"https:\/\/docs.google.com\/document\/d\/13Vp4f4XG1xihDfe4EA50OfbLHnjW6tPagq-z5o9XB8A\/edit?usp=sharing\">NOFC<\/a><\/td>\n<td style=\"width: 14.42%; text-align: center; vertical-align: middle;\"><a href=\"https:\/\/docs.google.com\/document\/d\/1JcEV7mum0XV3UC5eKhxQLL9QrlE9A670InT3AddQ9rU\/edit?usp=sharing\"> Estrat\u00e8gia Digital de Centre (EDC)<\/a><\/td>\n<td style=\"width: 14.42%; text-align: center; vertical-align: middle;\"><a href=\"https:\/\/agora.xtec.cat\/inssalvadorsunyer\/wp-content\/uploads\/usu1009\/2021\/03\/DPE_Document-Pedag%C3%B2gic-dEspais.pdf\">Document Pedag\u00f2gic d&#8217;Espais<\/a><\/td>\n<\/tr>\n<tr>\n<td style=\"width: 20.8605%; text-align: center; vertical-align: middle;\"><a href=\"https:\/\/docs.google.com\/document\/d\/1ngmoqAWxi-_z3OjWbx5UhAxf-wMGbbuLn0OaDI2ab7U\/edit\">Projecte ling\u00fc\u00edstic<\/a><\/td>\n<td style=\"width: 21.7307%; text-align: center; vertical-align: middle;\"><a href=\"https:\/\/docs.google.com\/document\/d\/1sT9qC9UC26cqylA8Of-_EAUaEryiYKXi-5bwihMhJHE\/edit?usp=sharing\">Projecte de conviv\u00e8ncia<\/a><\/td>\n<td style=\"width: 14.42%; text-align: center; vertical-align: middle;\"><a href=\"https:\/\/docs.google.com\/document\/d\/1a4_LhLXtDC1SsgExEXyW5EWmV4-PzlMr-5Y2-75Bz3Q\/edit?usp=share_link\">Carta de comprom\u00eds educatiu<\/a><\/td>\n<td style=\"width: 14.42%; text-align: center; vertical-align: middle;\"><a href=\"https:\/\/agora.xtec.cat\/inssalvadorsunyer\/linstitut\/pla-demergencia\/\">Pla d&#8217;emerg\u00e8ncia<\/a><\/td>\n<\/tr>\n<\/tbody>\n<\/table>\n","protected":false},"excerpt":{"rendered":"<p>&nbsp; PEC NOFC Estrat\u00e8gia Digital de Centre (EDC) Document Pedag\u00f2gic d&#8217;Espais Projecte ling\u00fc\u00edstic Projecte de conviv\u00e8ncia Carta de comprom\u00eds educatiu Pla d&#8217;emerg\u00e8ncia<\/p>\n","protected":false},"author":1,"featured_media":0,"parent":15892,"menu_order":3,"comment_status":"closed","ping_status":"closed","template":"","meta":{"_bbp_topic_count":0,"_bbp_reply_count":0,"_bbp_total_topic_count":0,"_bbp_total_reply_count":0,"_bbp_voice_count":0,"_bbp_anonymous_reply_count":0,"_bbp_topic_count_hidden":0,"_bbp_reply_count_hidden":0,"_bbp_forum_subforum_count":0,"site-sidebar-layout":"default","site-content-layout":"","ast-site-content-layout":"default","site-content-style":"default","site-sidebar-style":"default","ast-global-header-display":"","ast-banner-title-visibility":"","ast-main-header-display":"","ast-hfb-above-header-display":"","ast-hfb-below-header-display":"","ast-hfb-mobile-header-display":"","site-post-title":"","ast-breadcrumbs-content":"","ast-featured-img":"","footer-sml-layout":"","theme-transparent-header-meta":"default","adv-header-id-meta":"","stick-header-meta":"","header-above-stick-meta":"","header-main-stick-meta":"","header-below-stick-meta":"","astra-migrate-meta-layouts":"set","ast-page-background-enabled":"default","ast-page-background-meta":{"desktop":{"background-color":"var(--ast-global-color-4)","background-image":"","background-repeat":"repeat","background-position":"center center","background-size":"auto","background-attachment":"scroll","background-type":"","background-media":"","overlay-type":"","overlay-color":"","overlay-opacity":"","overlay-gradient":""},"tablet":{"background-color":"","background-image":"","background-repeat":"repeat","background-position":"center center","background-size":"auto","background-attachment":"scroll","background-type":"","background-media":"","overlay-type":"","overlay-color":"","overlay-opacity":"","overlay-gradient":""},"mobile":{"background-color":"","background-image":"","background-repeat":"repeat","background-position":"center center","background-size":"auto","background-attachment":"scroll","background-type":"","background-media":"","overlay-type":"","overlay-color":"","overlay-opacity":"","overlay-gradient":""}},"ast-content-background-meta":{"desktop":{"background-color":"var(--ast-global-color-5)","background-image":"","background-repeat":"repeat","background-position":"center center","background-size":"auto","background-attachment":"scroll","background-type":"","background-media":"","overlay-type":"","overlay-color":"","overlay-opacity":"","overlay-gradient":""},"tablet":{"background-color":"var(--ast-global-color-5)","background-image":"","background-repeat":"repeat","background-position":"center center","background-size":"auto","background-attachment":"scroll","background-type":"","background-media":"","overlay-type":"","overlay-color":"","overlay-opacity":"","overlay-gradient":""},"mobile":{"background-color":"var(--ast-global-color-5)","background-image":"","background-repeat":"repeat","background-position":"center center","background-size":"auto","background-attachment":"scroll","background-type":"","background-media":"","overlay-type":"","overlay-color":"","overlay-opacity":"","overlay-gradient":""}},"footnotes":""},"class_list":["post-15912","page","type-page","status-publish","hentry"],"post_mailing_queue_ids":[],"_links":{"self":[{"href":"https:\/\/agora.xtec.cat\/inssalvadorsunyer\/wp-json\/wp\/v2\/pages\/15912","targetHints":{"allow":["GET"]}}],"collection":[{"href":"https:\/\/agora.xtec.cat\/inssalvadorsunyer\/wp-json\/wp\/v2\/pages"}],"about":[{"href":"https:\/\/agora.xtec.cat\/inssalvadorsunyer\/wp-json\/wp\/v2\/types\/page"}],"author":[{"embeddable":true,"href":"https:\/\/agora.xtec.cat\/inssalvadorsunyer\/wp-json\/wp\/v2\/users\/1"}],"replies":[{"embeddable":true,"href":"https:\/\/agora.xtec.cat\/inssalvadorsunyer\/wp-json\/wp\/v2\/comments?post=15912"}],"version-history":[{"count":5,"href":"https:\/\/agora.xtec.cat\/inssalvadorsunyer\/wp-json\/wp\/v2\/pages\/15912\/revisions"}],"predecessor-version":[{"id":15915,"href":"https:\/\/agora.xtec.cat\/inssalvadorsunyer\/wp-json\/wp\/v2\/pages\/15912\/revisions\/15915"}],"up":[{"embeddable":true,"href":"https:\/\/agora.xtec.cat\/inssalvadorsunyer\/wp-json\/wp\/v2\/pages\/15892"}],"wp:attachment":[{"href":"https:\/\/agora.xtec.cat\/inssalvadorsunyer\/wp-json\/wp\/v2\/media?parent=15912"}],"curies":[{"name":"wp","href":"https:\/\/api.w.org\/{rel}","templated":true}]}}