{"id":15074,"date":"2023-11-16T12:20:14","date_gmt":"2023-11-16T11:20:14","guid":{"rendered":"https:\/\/agora.xtec.cat\/inssalvadorsunyer\/?page_id=15074"},"modified":"2023-11-17T09:13:59","modified_gmt":"2023-11-17T08:13:59","slug":"paisos-del-projecte","status":"publish","type":"page","link":"https:\/\/agora.xtec.cat\/inssalvadorsunyer\/paisos-del-projecte\/","title":{"rendered":"Pa\u00efsos del projecte"},"content":{"rendered":"<p><a class=\"custom-logo-link\" href=\"https:\/\/lyc-nadar-draveil.ac-versailles.fr\/\" rel=\"home\" aria-current=\"page\"><img loading=\"lazy\" decoding=\"async\" class=\"custom-logo\" src=\"https:\/\/lyc-nadar-draveil.ac-versailles.fr\/wp-content\/uploads\/sites\/312\/2023\/09\/cropped-cropped-AC-Versailles-2020-200x151-1.png\" sizes=\"auto, (max-width: 767px) 89vw, (max-width: 1000px) 54vw, (max-width: 1071px) 543px, 580px\" alt=\"Lyc\u00e9e Nadar\" width=\"70\" height=\"62\" \/><\/a><\/p>\n<div class=\"site-branding-text\">\n<h1 class=\"site-title\"><a href=\"https:\/\/lyc-nadar-draveil.ac-versailles.fr\/\" rel=\"home\">LYC\u00c9E NADAR<\/a><\/h1>\n<p class=\"site-description\">42 bis Rue Charles Mory \u2013 91210 DRAVEIL (FRANCE)<\/p>\n<p>&nbsp;<\/p>\n<p><a href=\"https:\/\/agora.xtec.cat\/inssalvadorsunyer\/wp-content\/uploads\/usu1009\/2023\/11\/logo_erasmus-e1700133825632.jpg\"><img loading=\"lazy\" decoding=\"async\" class=\"alignnone wp-image-15069\" src=\"https:\/\/agora.xtec.cat\/inssalvadorsunyer\/wp-content\/uploads\/usu1009\/2023\/11\/logo_erasmus-e1700133825632-300x255.jpg\" alt=\"\" width=\"83\" height=\"71\" srcset=\"https:\/\/agora.xtec.cat\/inssalvadorsunyer\/wp-content\/uploads\/usu1009\/2023\/11\/logo_erasmus-e1700133825632-300x255.jpg 300w, https:\/\/agora.xtec.cat\/inssalvadorsunyer\/wp-content\/uploads\/usu1009\/2023\/11\/logo_erasmus-e1700133825632.jpg 424w\" sizes=\"auto, (max-width: 83px) 100vw, 83px\" \/><\/a><a href=\"https:\/\/agora.xtec.cat\/inssalvadorsunyer\/wp-content\/uploads\/usu1009\/2023\/11\/lo-co-funded.png\"><img loading=\"lazy\" decoding=\"async\" class=\"alignnone wp-image-15112\" src=\"https:\/\/agora.xtec.cat\/inssalvadorsunyer\/wp-content\/uploads\/usu1009\/2023\/11\/lo-co-funded-300x127.png\" alt=\"\" width=\"158\" height=\"67\" srcset=\"https:\/\/agora.xtec.cat\/inssalvadorsunyer\/wp-content\/uploads\/usu1009\/2023\/11\/lo-co-funded-300x127.png 300w, https:\/\/agora.xtec.cat\/inssalvadorsunyer\/wp-content\/uploads\/usu1009\/2023\/11\/lo-co-funded.png 344w\" sizes=\"auto, (max-width: 158px) 100vw, 158px\" \/><\/a><a href=\"http:\/\/www.sepie.es\/\"><img loading=\"lazy\" decoding=\"async\" class=\"alignnone wp-image-15113\" src=\"https:\/\/agora.xtec.cat\/inssalvadorsunyer\/wp-content\/uploads\/usu1009\/2023\/11\/sepie-300x111.jpg\" alt=\"\" width=\"187\" height=\"69\" srcset=\"https:\/\/agora.xtec.cat\/inssalvadorsunyer\/wp-content\/uploads\/usu1009\/2023\/11\/sepie-300x111.jpg 300w, https:\/\/agora.xtec.cat\/inssalvadorsunyer\/wp-content\/uploads\/usu1009\/2023\/11\/sepie.jpg 369w\" sizes=\"auto, (max-width: 187px) 100vw, 187px\" \/><\/a>\u00a0 <a href=\"https:\/\/agora.xtec.cat\/inssalvadorsunyer\/wp-content\/uploads\/usu1009\/2023\/11\/logo-departament.png\"><img loading=\"lazy\" decoding=\"async\" class=\"alignnone wp-image-15114\" src=\"https:\/\/agora.xtec.cat\/inssalvadorsunyer\/wp-content\/uploads\/usu1009\/2023\/11\/logo-departament-300x48.png\" alt=\"\" width=\"263\" height=\"42\" srcset=\"https:\/\/agora.xtec.cat\/inssalvadorsunyer\/wp-content\/uploads\/usu1009\/2023\/11\/logo-departament-300x48.png 300w, https:\/\/agora.xtec.cat\/inssalvadorsunyer\/wp-content\/uploads\/usu1009\/2023\/11\/logo-departament.png 562w\" sizes=\"auto, (max-width: 263px) 100vw, 263px\" \/><\/a>\u00a0 <a href=\"https:\/\/agora.xtec.cat\/inssalvadorsunyer\/wp-content\/uploads\/usu1009\/2023\/11\/LOGO-CETE.png\"><img loading=\"lazy\" decoding=\"async\" class=\"alignnone wp-image-15068\" src=\"https:\/\/agora.xtec.cat\/inssalvadorsunyer\/wp-content\/uploads\/usu1009\/2023\/11\/LOGO-CETE.png\" alt=\"\" width=\"70\" height=\"70\" srcset=\"https:\/\/agora.xtec.cat\/inssalvadorsunyer\/wp-content\/uploads\/usu1009\/2023\/11\/LOGO-CETE.png 224w, https:\/\/agora.xtec.cat\/inssalvadorsunyer\/wp-content\/uploads\/usu1009\/2023\/11\/LOGO-CETE-150x150.png 150w\" sizes=\"auto, (max-width: 70px) 100vw, 70px\" \/> \u00a0<\/a><a href=\"https:\/\/agora.xtec.cat\/inssalvadorsunyer\/wp-content\/uploads\/usu1009\/2023\/11\/institut-sunyer-logo-2.png\"><img loading=\"lazy\" decoding=\"async\" class=\"alignnone wp-image-15115\" src=\"https:\/\/agora.xtec.cat\/inssalvadorsunyer\/wp-content\/uploads\/usu1009\/2023\/11\/institut-sunyer-logo-2-300x189.png\" alt=\"\" width=\"109\" height=\"69\" srcset=\"https:\/\/agora.xtec.cat\/inssalvadorsunyer\/wp-content\/uploads\/usu1009\/2023\/11\/institut-sunyer-logo-2-300x189.png 300w, https:\/\/agora.xtec.cat\/inssalvadorsunyer\/wp-content\/uploads\/usu1009\/2023\/11\/institut-sunyer-logo-2-768x483.png 768w, https:\/\/agora.xtec.cat\/inssalvadorsunyer\/wp-content\/uploads\/usu1009\/2023\/11\/institut-sunyer-logo-2.png 866w\" sizes=\"auto, (max-width: 109px) 100vw, 109px\" \/><\/a><\/p>\n<p>&nbsp;<\/p>\n<p style=\"text-align: center;\">El proyecto &#8220;Jobshadowing Ins Salvador Sunyer -Lyc\u00e9e Nadar&#8221; est\u00e1 cofinanciado por el programa Erasmus+ de la Uni\u00f3n Europea. El contenido de esta publicaci\u00f3n es responsabilidad exclusiva del Institut Salvador Sunyer i Aimeric y ni la Comisi\u00f3n Europea, ni el Servicio Espa\u00f1ol para la Internacionalizaci\u00f3n de la Educaci\u00f3n (SEPIE) son responsables del uso que pueda hacerse de la informaci\u00f3n aqu\u00ed difundida.<\/p>\n<\/div>\n","protected":false},"excerpt":{"rendered":"<p>LYC\u00c9E NADAR 42 bis Rue Charles Mory \u2013 91210 DRAVEIL (FRANCE) &nbsp; \u00a0 \u00a0 \u00a0 &nbsp; El proyecto &#8220;Jobshadowing Ins Salvador Sunyer -Lyc\u00e9e Nadar&#8221; est\u00e1 cofinanciado por el programa Erasmus+ de la Uni\u00f3n Europea. El contenido de esta publicaci\u00f3n es responsabilidad exclusiva del Institut Salvador Sunyer i Aimeric y ni la Comisi\u00f3n Europea, ni el [&hellip;]<\/p>\n","protected":false},"author":1,"featured_media":0,"parent":0,"menu_order":0,"comment_status":"closed","ping_status":"closed","template":"","meta":{"_bbp_topic_count":0,"_bbp_reply_count":0,"_bbp_total_topic_count":0,"_bbp_total_reply_count":0,"_bbp_voice_count":0,"_bbp_anonymous_reply_count":0,"_bbp_topic_count_hidden":0,"_bbp_reply_count_hidden":0,"_bbp_forum_subforum_count":0,"site-sidebar-layout":"default","site-content-layout":"","ast-site-content-layout":"","site-content-style":"default","site-sidebar-style":"default","ast-global-header-display":"","ast-banner-title-visibility":"","ast-main-header-display":"","ast-hfb-above-header-display":"","ast-hfb-below-header-display":"","ast-hfb-mobile-header-display":"","site-post-title":"","ast-breadcrumbs-content":"","ast-featured-img":"","footer-sml-layout":"","theme-transparent-header-meta":"","adv-header-id-meta":"","stick-header-meta":"","header-above-stick-meta":"","header-main-stick-meta":"","header-below-stick-meta":"","astra-migrate-meta-layouts":"default","ast-page-background-enabled":"default","ast-page-background-meta":{"desktop":{"background-color":"var(--ast-global-color-4)","background-image":"","background-repeat":"repeat","background-position":"center center","background-size":"auto","background-attachment":"scroll","background-type":"","background-media":"","overlay-type":"","overlay-color":"","overlay-opacity":"","overlay-gradient":""},"tablet":{"background-color":"","background-image":"","background-repeat":"repeat","background-position":"center center","background-size":"auto","background-attachment":"scroll","background-type":"","background-media":"","overlay-type":"","overlay-color":"","overlay-opacity":"","overlay-gradient":""},"mobile":{"background-color":"","background-image":"","background-repeat":"repeat","background-position":"center center","background-size":"auto","background-attachment":"scroll","background-type":"","background-media":"","overlay-type":"","overlay-color":"","overlay-opacity":"","overlay-gradient":""}},"ast-content-background-meta":{"desktop":{"background-color":"var(--ast-global-color-5)","background-image":"","background-repeat":"repeat","background-position":"center center","background-size":"auto","background-attachment":"scroll","background-type":"","background-media":"","overlay-type":"","overlay-color":"","overlay-opacity":"","overlay-gradient":""},"tablet":{"background-color":"var(--ast-global-color-5)","background-image":"","background-repeat":"repeat","background-position":"center center","background-size":"auto","background-attachment":"scroll","background-type":"","background-media":"","overlay-type":"","overlay-color":"","overlay-opacity":"","overlay-gradient":""},"mobile":{"background-color":"var(--ast-global-color-5)","background-image":"","background-repeat":"repeat","background-position":"center center","background-size":"auto","background-attachment":"scroll","background-type":"","background-media":"","overlay-type":"","overlay-color":"","overlay-opacity":"","overlay-gradient":""}},"footnotes":""},"class_list":["post-15074","page","type-page","status-publish","hentry"],"post_mailing_queue_ids":[],"_links":{"self":[{"href":"https:\/\/agora.xtec.cat\/inssalvadorsunyer\/wp-json\/wp\/v2\/pages\/15074","targetHints":{"allow":["GET"]}}],"collection":[{"href":"https:\/\/agora.xtec.cat\/inssalvadorsunyer\/wp-json\/wp\/v2\/pages"}],"about":[{"href":"https:\/\/agora.xtec.cat\/inssalvadorsunyer\/wp-json\/wp\/v2\/types\/page"}],"author":[{"embeddable":true,"href":"https:\/\/agora.xtec.cat\/inssalvadorsunyer\/wp-json\/wp\/v2\/users\/1"}],"replies":[{"embeddable":true,"href":"https:\/\/agora.xtec.cat\/inssalvadorsunyer\/wp-json\/wp\/v2\/comments?post=15074"}],"version-history":[{"count":6,"href":"https:\/\/agora.xtec.cat\/inssalvadorsunyer\/wp-json\/wp\/v2\/pages\/15074\/revisions"}],"predecessor-version":[{"id":15150,"href":"https:\/\/agora.xtec.cat\/inssalvadorsunyer\/wp-json\/wp\/v2\/pages\/15074\/revisions\/15150"}],"wp:attachment":[{"href":"https:\/\/agora.xtec.cat\/inssalvadorsunyer\/wp-json\/wp\/v2\/media?parent=15074"}],"curies":[{"name":"wp","href":"https:\/\/api.w.org\/{rel}","templated":true}]}}