{"id":15072,"date":"2023-11-16T12:20:14","date_gmt":"2023-11-16T11:20:14","guid":{"rendered":"https:\/\/agora.xtec.cat\/inssalvadorsunyer\/?page_id=15072"},"modified":"2023-11-17T09:13:15","modified_gmt":"2023-11-17T08:13:15","slug":"objectius","status":"publish","type":"page","link":"https:\/\/agora.xtec.cat\/inssalvadorsunyer\/objectius\/","title":{"rendered":"Objectius generals"},"content":{"rendered":"<p>Aprenentatge per l&#8217;observaci\u00f3 en el centre Lyc\u00e9e Professionnel Nadar amb els seg\u00fcents objectius generals:<\/p>\n<div id=\"genially-animated-bf3b6ca3-8c39-4400-b505-0f4a6ceb1c5e\" class=\"genially-animated-wrapper\" data-initial-left=\"201.84195737629943px\" data-initial-top=\"178.42726867917466px\" data-item-id=\"bf3b6ca3-8c39-4400-b505-0f4a6ceb1c5e\">\n<div class=\"genially-view-absolute\">\n<div id=\"bf3b6ca3-8c39-4400-b505-0f4a6ceb1c5e\" class=\"genially-view-item genially-view-group\" data-title=\"\" data-title-is-item-name=\"true\" data-genially-id=\"634f1741c19536001864d747\">\n<div class=\"sc-iFMAIt\" data-item-id=\"ad00d7e7-a34a-406a-a98f-45e7c06ef629\">\n<div id=\"ad00d7e7-a34a-406a-a98f-45e7c06ef629\" class=\"genially-view-text interparagraph_small genially-view-text-indent-list-v4 genially-view-text-indent-paragraph-v5\" data-genially-id=\"634f1741c19536001864d747\">\n<ul>\n<li>Con\u00e9ixer l&#8217;estructura organitzativa d&#8217;un centre de secund\u00e0ria en relaci\u00f3 a l&#8217;educaci\u00f3 per a la ciutadania i a la inclusi\u00f3 de tot el seu alumnat.<\/li>\n<\/ul>\n<div id=\"genially-animated-c07385ac-8d89-4326-a559-5e1f7cce6420\" class=\"genially-animated-wrapper\" data-initial-left=\"201.84023124608356px\" data-initial-top=\"301.6263170604827px\" data-item-id=\"c07385ac-8d89-4326-a559-5e1f7cce6420\">\n<div class=\"genially-view-absolute\">\n<div id=\"c07385ac-8d89-4326-a559-5e1f7cce6420\" class=\"genially-view-item genially-view-group\" data-title=\"\" data-title-is-item-name=\"true\" data-genially-id=\"634f1741c19536001864d747\">\n<div class=\"sc-iFMAIt\" data-item-id=\"8e69cba5-e3ff-4508-8181-1927370c64d1\">\n<div id=\"8e69cba5-e3ff-4508-8181-1927370c64d1\" class=\"genially-view-text interparagraph_small genially-view-text-indent-list-v4 genially-view-text-indent-paragraph-v5\" data-genially-id=\"634f1741c19536001864d747\">\n<ul>\n<li>Observar les activitats que es realitzen en un centre franc\u00e9s relacionades amb la inclusi\u00f3 i l&#8217;educaci\u00f3 per a la ciutadania.<\/li>\n<\/ul>\n<div id=\"genially-animated-0487dff0-2f52-405b-932a-41f650b2bf79\" class=\"genially-animated-wrapper\" data-initial-left=\"203.12106616069457px\" data-initial-top=\"426.182078073878px\" data-item-id=\"0487dff0-2f52-405b-932a-41f650b2bf79\">\n<div class=\"genially-view-absolute\">\n<div id=\"0487dff0-2f52-405b-932a-41f650b2bf79\" class=\"genially-view-item genially-view-group\" data-title=\"\" data-title-is-item-name=\"true\" data-genially-id=\"634f1741c19536001864d747\">\n<div class=\"sc-iFMAIt\" data-item-id=\"559e651e-9fef-4d39-9619-5db390510adc\">\n<div id=\"559e651e-9fef-4d39-9619-5db390510adc\" class=\"genially-view-text interparagraph_small genially-view-text-indent-list-v4 genially-view-text-indent-paragraph-v5\" data-genially-id=\"634f1741c19536001864d747\">\n<ul>\n<li>Obtenir recursos educatius per implantar a la nostra pr\u00e0ctica docent.<\/li>\n<\/ul>\n<\/div>\n<ul>\n<li>Participar en una xarxa d&#8217;intercanvi d&#8217;experi\u00e8ncies en Servei Comunitari<\/li>\n<\/ul>\n<\/div>\n<\/div>\n<div><\/div>\n<\/div>\n<\/div>\n<div><\/div>\n<div><\/div>\n<div><\/div>\n<div><a href=\"https:\/\/agora.xtec.cat\/inssalvadorsunyer\/wp-content\/uploads\/usu1009\/2023\/11\/logo_erasmus-e1700133825632.jpg\"><img loading=\"lazy\" decoding=\"async\" class=\"alignnone wp-image-15069\" src=\"https:\/\/agora.xtec.cat\/inssalvadorsunyer\/wp-content\/uploads\/usu1009\/2023\/11\/logo_erasmus-e1700133825632-300x255.jpg\" alt=\"\" width=\"83\" height=\"71\" srcset=\"https:\/\/agora.xtec.cat\/inssalvadorsunyer\/wp-content\/uploads\/usu1009\/2023\/11\/logo_erasmus-e1700133825632-300x255.jpg 300w, https:\/\/agora.xtec.cat\/inssalvadorsunyer\/wp-content\/uploads\/usu1009\/2023\/11\/logo_erasmus-e1700133825632.jpg 424w\" sizes=\"auto, (max-width: 83px) 100vw, 83px\" \/><\/a><a href=\"https:\/\/agora.xtec.cat\/inssalvadorsunyer\/wp-content\/uploads\/usu1009\/2023\/11\/lo-co-funded.png\"><img loading=\"lazy\" decoding=\"async\" class=\"alignnone wp-image-15112\" src=\"https:\/\/agora.xtec.cat\/inssalvadorsunyer\/wp-content\/uploads\/usu1009\/2023\/11\/lo-co-funded-300x127.png\" alt=\"\" width=\"158\" height=\"67\" srcset=\"https:\/\/agora.xtec.cat\/inssalvadorsunyer\/wp-content\/uploads\/usu1009\/2023\/11\/lo-co-funded-300x127.png 300w, https:\/\/agora.xtec.cat\/inssalvadorsunyer\/wp-content\/uploads\/usu1009\/2023\/11\/lo-co-funded.png 344w\" sizes=\"auto, (max-width: 158px) 100vw, 158px\" \/><\/a><a href=\"http:\/\/www.sepie.es\/\"><img loading=\"lazy\" decoding=\"async\" class=\"alignnone wp-image-15113\" src=\"https:\/\/agora.xtec.cat\/inssalvadorsunyer\/wp-content\/uploads\/usu1009\/2023\/11\/sepie-300x111.jpg\" alt=\"\" width=\"187\" height=\"69\" srcset=\"https:\/\/agora.xtec.cat\/inssalvadorsunyer\/wp-content\/uploads\/usu1009\/2023\/11\/sepie-300x111.jpg 300w, https:\/\/agora.xtec.cat\/inssalvadorsunyer\/wp-content\/uploads\/usu1009\/2023\/11\/sepie.jpg 369w\" sizes=\"auto, (max-width: 187px) 100vw, 187px\" \/><\/a>\u00a0 <a href=\"https:\/\/agora.xtec.cat\/inssalvadorsunyer\/wp-content\/uploads\/usu1009\/2023\/11\/logo-departament.png\"><img loading=\"lazy\" decoding=\"async\" class=\"alignnone wp-image-15114\" src=\"https:\/\/agora.xtec.cat\/inssalvadorsunyer\/wp-content\/uploads\/usu1009\/2023\/11\/logo-departament-300x48.png\" alt=\"\" width=\"263\" height=\"42\" srcset=\"https:\/\/agora.xtec.cat\/inssalvadorsunyer\/wp-content\/uploads\/usu1009\/2023\/11\/logo-departament-300x48.png 300w, https:\/\/agora.xtec.cat\/inssalvadorsunyer\/wp-content\/uploads\/usu1009\/2023\/11\/logo-departament.png 562w\" sizes=\"auto, (max-width: 263px) 100vw, 263px\" \/><\/a>\u00a0 <a href=\"https:\/\/agora.xtec.cat\/inssalvadorsunyer\/wp-content\/uploads\/usu1009\/2023\/11\/LOGO-CETE.png\"><img loading=\"lazy\" decoding=\"async\" class=\"alignnone wp-image-15068\" src=\"https:\/\/agora.xtec.cat\/inssalvadorsunyer\/wp-content\/uploads\/usu1009\/2023\/11\/LOGO-CETE.png\" alt=\"\" width=\"70\" height=\"70\" srcset=\"https:\/\/agora.xtec.cat\/inssalvadorsunyer\/wp-content\/uploads\/usu1009\/2023\/11\/LOGO-CETE.png 224w, https:\/\/agora.xtec.cat\/inssalvadorsunyer\/wp-content\/uploads\/usu1009\/2023\/11\/LOGO-CETE-150x150.png 150w\" sizes=\"auto, (max-width: 70px) 100vw, 70px\" \/> \u00a0<\/a><a href=\"https:\/\/agora.xtec.cat\/inssalvadorsunyer\/wp-content\/uploads\/usu1009\/2023\/11\/institut-sunyer-logo-2.png\"><img loading=\"lazy\" decoding=\"async\" class=\"alignnone wp-image-15115\" src=\"https:\/\/agora.xtec.cat\/inssalvadorsunyer\/wp-content\/uploads\/usu1009\/2023\/11\/institut-sunyer-logo-2-300x189.png\" alt=\"\" width=\"109\" height=\"69\" srcset=\"https:\/\/agora.xtec.cat\/inssalvadorsunyer\/wp-content\/uploads\/usu1009\/2023\/11\/institut-sunyer-logo-2-300x189.png 300w, https:\/\/agora.xtec.cat\/inssalvadorsunyer\/wp-content\/uploads\/usu1009\/2023\/11\/institut-sunyer-logo-2-768x483.png 768w, https:\/\/agora.xtec.cat\/inssalvadorsunyer\/wp-content\/uploads\/usu1009\/2023\/11\/institut-sunyer-logo-2.png 866w\" sizes=\"auto, (max-width: 109px) 100vw, 109px\" \/><\/a><\/div>\n<\/div>\n<\/div>\n<\/div>\n<\/div>\n<\/div>\n<div><\/div>\n<div id=\"genially-animated-c07385ac-8d89-4326-a559-5e1f7cce6420\" class=\"genially-animated-wrapper\" data-initial-left=\"201.84023124608356px\" data-initial-top=\"301.6263170604827px\" data-item-id=\"c07385ac-8d89-4326-a559-5e1f7cce6420\">\n<div class=\"genially-view-absolute\">\n<div id=\"c07385ac-8d89-4326-a559-5e1f7cce6420\" class=\"genially-view-item genially-view-group\" data-title=\"\" data-title-is-item-name=\"true\" data-genially-id=\"634f1741c19536001864d747\">\n<div><\/div>\n<div class=\"sc-iFMAIt\" data-item-id=\"8e69cba5-e3ff-4508-8181-1927370c64d1\">\n<div id=\"8e69cba5-e3ff-4508-8181-1927370c64d1\" class=\"genially-view-text interparagraph_small genially-view-text-indent-list-v4 genially-view-text-indent-paragraph-v5\" data-genially-id=\"634f1741c19536001864d747\">\n<div><\/div>\n<p>&nbsp;<\/p>\n<p style=\"text-align: center;\">El proyecto &#8220;Jobshadowing Ins Salvador Sunyer -Lyc\u00e9e Nadar&#8221; est\u00e1 cofinanciado por el programa Erasmus+ de la Uni\u00f3n Europea. El contenido de esta publicaci\u00f3n es responsabilidad exclusiva del Institut Salvador Sunyer i Aimeric y ni la Comisi\u00f3n Europea, ni el Servicio Espa\u00f1ol para la Internacionalizaci\u00f3n de la Educaci\u00f3n (SEPIE) son responsables del uso que pueda hacerse de la informaci\u00f3n aqu\u00ed difundida.<\/p>\n<div><\/div>\n<\/div>\n<\/div>\n<\/div>\n<\/div>\n<\/div>\n<\/div>\n<\/div>\n<\/div>\n<\/div>\n<\/div>\n","protected":false},"excerpt":{"rendered":"<p>Aprenentatge per l&#8217;observaci\u00f3 en el centre Lyc\u00e9e Professionnel Nadar amb els seg\u00fcents objectius generals: Con\u00e9ixer l&#8217;estructura organitzativa d&#8217;un centre de secund\u00e0ria en relaci\u00f3 a l&#8217;educaci\u00f3 per a la ciutadania i a la inclusi\u00f3 de tot el seu alumnat. Observar les activitats que es realitzen en un centre franc\u00e9s relacionades amb la inclusi\u00f3 i l&#8217;educaci\u00f3 per [&hellip;]<\/p>\n","protected":false},"author":1,"featured_media":0,"parent":0,"menu_order":0,"comment_status":"closed","ping_status":"closed","template":"","meta":{"_bbp_topic_count":0,"_bbp_reply_count":0,"_bbp_total_topic_count":0,"_bbp_total_reply_count":0,"_bbp_voice_count":0,"_bbp_anonymous_reply_count":0,"_bbp_topic_count_hidden":0,"_bbp_reply_count_hidden":0,"_bbp_forum_subforum_count":0,"site-sidebar-layout":"default","site-content-layout":"","ast-site-content-layout":"","site-content-style":"default","site-sidebar-style":"default","ast-global-header-display":"","ast-banner-title-visibility":"","ast-main-header-display":"","ast-hfb-above-header-display":"","ast-hfb-below-header-display":"","ast-hfb-mobile-header-display":"","site-post-title":"","ast-breadcrumbs-content":"","ast-featured-img":"","footer-sml-layout":"","theme-transparent-header-meta":"","adv-header-id-meta":"","stick-header-meta":"","header-above-stick-meta":"","header-main-stick-meta":"","header-below-stick-meta":"","astra-migrate-meta-layouts":"default","ast-page-background-enabled":"default","ast-page-background-meta":{"desktop":{"background-color":"var(--ast-global-color-4)","background-image":"","background-repeat":"repeat","background-position":"center center","background-size":"auto","background-attachment":"scroll","background-type":"","background-media":"","overlay-type":"","overlay-color":"","overlay-opacity":"","overlay-gradient":""},"tablet":{"background-color":"","background-image":"","background-repeat":"repeat","background-position":"center center","background-size":"auto","background-attachment":"scroll","background-type":"","background-media":"","overlay-type":"","overlay-color":"","overlay-opacity":"","overlay-gradient":""},"mobile":{"background-color":"","background-image":"","background-repeat":"repeat","background-position":"center center","background-size":"auto","background-attachment":"scroll","background-type":"","background-media":"","overlay-type":"","overlay-color":"","overlay-opacity":"","overlay-gradient":""}},"ast-content-background-meta":{"desktop":{"background-color":"var(--ast-global-color-5)","background-image":"","background-repeat":"repeat","background-position":"center center","background-size":"auto","background-attachment":"scroll","background-type":"","background-media":"","overlay-type":"","overlay-color":"","overlay-opacity":"","overlay-gradient":""},"tablet":{"background-color":"var(--ast-global-color-5)","background-image":"","background-repeat":"repeat","background-position":"center center","background-size":"auto","background-attachment":"scroll","background-type":"","background-media":"","overlay-type":"","overlay-color":"","overlay-opacity":"","overlay-gradient":""},"mobile":{"background-color":"var(--ast-global-color-5)","background-image":"","background-repeat":"repeat","background-position":"center center","background-size":"auto","background-attachment":"scroll","background-type":"","background-media":"","overlay-type":"","overlay-color":"","overlay-opacity":"","overlay-gradient":""}},"footnotes":""},"class_list":["post-15072","page","type-page","status-publish","hentry"],"post_mailing_queue_ids":[],"_links":{"self":[{"href":"https:\/\/agora.xtec.cat\/inssalvadorsunyer\/wp-json\/wp\/v2\/pages\/15072","targetHints":{"allow":["GET"]}}],"collection":[{"href":"https:\/\/agora.xtec.cat\/inssalvadorsunyer\/wp-json\/wp\/v2\/pages"}],"about":[{"href":"https:\/\/agora.xtec.cat\/inssalvadorsunyer\/wp-json\/wp\/v2\/types\/page"}],"author":[{"embeddable":true,"href":"https:\/\/agora.xtec.cat\/inssalvadorsunyer\/wp-json\/wp\/v2\/users\/1"}],"replies":[{"embeddable":true,"href":"https:\/\/agora.xtec.cat\/inssalvadorsunyer\/wp-json\/wp\/v2\/comments?post=15072"}],"version-history":[{"count":7,"href":"https:\/\/agora.xtec.cat\/inssalvadorsunyer\/wp-json\/wp\/v2\/pages\/15072\/revisions"}],"predecessor-version":[{"id":15148,"href":"https:\/\/agora.xtec.cat\/inssalvadorsunyer\/wp-json\/wp\/v2\/pages\/15072\/revisions\/15148"}],"wp:attachment":[{"href":"https:\/\/agora.xtec.cat\/inssalvadorsunyer\/wp-json\/wp\/v2\/media?parent=15072"}],"curies":[{"name":"wp","href":"https:\/\/api.w.org\/{rel}","templated":true}]}}