{"id":15071,"date":"2023-11-16T12:20:14","date_gmt":"2023-11-16T11:20:14","guid":{"rendered":"https:\/\/agora.xtec.cat\/inssalvadorsunyer\/?page_id=15071"},"modified":"2026-02-24T00:09:37","modified_gmt":"2026-02-23T23:09:37","slug":"erasmus-2","status":"publish","type":"page","link":"https:\/\/agora.xtec.cat\/inssalvadorsunyer\/programes\/erasmus-2\/","title":{"rendered":"ERASMUS"},"content":{"rendered":"<p><strong>ERASMUS +<\/strong><\/p>\n<ul>\n<li><a href=\"https:\/\/agora.xtec.cat\/inssalvadorsunyer\/objectius\/\">OBJECTIUS GENERALS<\/a><\/li>\n<li><a href=\"https:\/\/agora.xtec.cat\/inssalvadorsunyer\/resum-del-projecte-de-laccio\/\">RESUM DEL PROJECTE<\/a><\/li>\n<li><a href=\"https:\/\/agora.xtec.cat\/inssalvadorsunyer\/paisos-del-projecte\/\">PA\u00cfSOS DEL PROJECTE<\/a><\/li>\n<li><a href=\"https:\/\/agora.xtec.cat\/inssalvadorsunyer\/evidencies\/\">EVID\u00c8NCIES<\/a><\/li>\n<\/ul>\n<p><strong>ERASMUS +K120 (2024 &#8211; 2025)<\/strong><\/p>\n<ul>\n<li><a href=\"https:\/\/sites.google.com\/xtec.cat\/diarismobilitat\/p%C3%A0gina-principal\">EVID\u00c8NCIES<\/a><\/li>\n<\/ul>\n","protected":false},"excerpt":{"rendered":"<p>ERASMUS + OBJECTIUS GENERALS RESUM DEL PROJECTE PA\u00cfSOS DEL PROJECTE EVID\u00c8NCIES ERASMUS +K120 (2024 &#8211; 2025) EVID\u00c8NCIES<\/p>\n","protected":false},"author":1,"featured_media":0,"parent":15070,"menu_order":0,"comment_status":"closed","ping_status":"closed","template":"","meta":{"_bbp_topic_count":0,"_bbp_reply_count":0,"_bbp_total_topic_count":0,"_bbp_total_reply_count":0,"_bbp_voice_count":0,"_bbp_anonymous_reply_count":0,"_bbp_topic_count_hidden":0,"_bbp_reply_count_hidden":0,"_bbp_forum_subforum_count":0,"site-sidebar-layout":"default","site-content-layout":"","ast-site-content-layout":"","site-content-style":"default","site-sidebar-style":"default","ast-global-header-display":"","ast-banner-title-visibility":"","ast-main-header-display":"","ast-hfb-above-header-display":"","ast-hfb-below-header-display":"","ast-hfb-mobile-header-display":"","site-post-title":"","ast-breadcrumbs-content":"","ast-featured-img":"","footer-sml-layout":"","theme-transparent-header-meta":"","adv-header-id-meta":"","stick-header-meta":"","header-above-stick-meta":"","header-main-stick-meta":"","header-below-stick-meta":"","astra-migrate-meta-layouts":"default","ast-page-background-enabled":"default","ast-page-background-meta":{"desktop":{"background-color":"var(--ast-global-color-4)","background-image":"","background-repeat":"repeat","background-position":"center center","background-size":"auto","background-attachment":"scroll","background-type":"","background-media":"","overlay-type":"","overlay-color":"","overlay-opacity":"","overlay-gradient":""},"tablet":{"background-color":"","background-image":"","background-repeat":"repeat","background-position":"center center","background-size":"auto","background-attachment":"scroll","background-type":"","background-media":"","overlay-type":"","overlay-color":"","overlay-opacity":"","overlay-gradient":""},"mobile":{"background-color":"","background-image":"","background-repeat":"repeat","background-position":"center center","background-size":"auto","background-attachment":"scroll","background-type":"","background-media":"","overlay-type":"","overlay-color":"","overlay-opacity":"","overlay-gradient":""}},"ast-content-background-meta":{"desktop":{"background-color":"var(--ast-global-color-5)","background-image":"","background-repeat":"repeat","background-position":"center center","background-size":"auto","background-attachment":"scroll","background-type":"","background-media":"","overlay-type":"","overlay-color":"","overlay-opacity":"","overlay-gradient":""},"tablet":{"background-color":"var(--ast-global-color-5)","background-image":"","background-repeat":"repeat","background-position":"center center","background-size":"auto","background-attachment":"scroll","background-type":"","background-media":"","overlay-type":"","overlay-color":"","overlay-opacity":"","overlay-gradient":""},"mobile":{"background-color":"var(--ast-global-color-5)","background-image":"","background-repeat":"repeat","background-position":"center center","background-size":"auto","background-attachment":"scroll","background-type":"","background-media":"","overlay-type":"","overlay-color":"","overlay-opacity":"","overlay-gradient":""}},"footnotes":""},"class_list":["post-15071","page","type-page","status-publish","hentry"],"post_mailing_queue_ids":[],"_links":{"self":[{"href":"https:\/\/agora.xtec.cat\/inssalvadorsunyer\/wp-json\/wp\/v2\/pages\/15071","targetHints":{"allow":["GET"]}}],"collection":[{"href":"https:\/\/agora.xtec.cat\/inssalvadorsunyer\/wp-json\/wp\/v2\/pages"}],"about":[{"href":"https:\/\/agora.xtec.cat\/inssalvadorsunyer\/wp-json\/wp\/v2\/types\/page"}],"author":[{"embeddable":true,"href":"https:\/\/agora.xtec.cat\/inssalvadorsunyer\/wp-json\/wp\/v2\/users\/1"}],"replies":[{"embeddable":true,"href":"https:\/\/agora.xtec.cat\/inssalvadorsunyer\/wp-json\/wp\/v2\/comments?post=15071"}],"version-history":[{"count":5,"href":"https:\/\/agora.xtec.cat\/inssalvadorsunyer\/wp-json\/wp\/v2\/pages\/15071\/revisions"}],"predecessor-version":[{"id":15698,"href":"https:\/\/agora.xtec.cat\/inssalvadorsunyer\/wp-json\/wp\/v2\/pages\/15071\/revisions\/15698"}],"up":[{"embeddable":true,"href":"https:\/\/agora.xtec.cat\/inssalvadorsunyer\/wp-json\/wp\/v2\/pages\/15070"}],"wp:attachment":[{"href":"https:\/\/agora.xtec.cat\/inssalvadorsunyer\/wp-json\/wp\/v2\/media?parent=15071"}],"curies":[{"name":"wp","href":"https:\/\/api.w.org\/{rel}","templated":true}]}}