{"id":14869,"date":"2023-05-17T10:20:19","date_gmt":"2023-05-17T08:20:19","guid":{"rendered":"https:\/\/agora.xtec.cat\/inssalvadorsunyer\/?page_id=14869"},"modified":"2023-05-17T11:46:11","modified_gmt":"2023-05-17T09:46:11","slug":"estrategia-digital-de-centre-edc","status":"publish","type":"page","link":"https:\/\/agora.xtec.cat\/inssalvadorsunyer\/estrategia-digital-de-centre-edc\/","title":{"rendered":"Estrat\u00e8gia Digital de Centre (EDC)"},"content":{"rendered":"<p>L\u2019Estrat\u00e8gia Digital de Centre (EDC) \u00e9s un document que recull totes les accions que es realitzen en un centre, i les que es realitzaran a mitj\u00e0 termini, per aconseguir la m\u00e0xima compet\u00e8ncia digital de l\u2019alumnat, del professorat i del centre educatiu. Ha de tenir com a referent el Pla d\u2019educaci\u00f3 digital de Catalunya (PEDC), on s\u2019indica la necessitat d\u2019assolir la fita d\u2019una societat digitalment competent, fent \u00e8mfasi en l\u2019equitat i tenint en compte l\u2019evoluci\u00f3 del context social i tecnol\u00f2gic.<br \/>\nL\u2019estrat\u00e8gia digital de centre t\u00e9 dues parts diferenciades: ESTRAT\u00c8GIA (Diagnosi \/ Objectius \/ Planificaci\u00f3 \/ Seguiment) I CULTURA (conjunt de documents que reflecteixen l\u2019organitzaci\u00f3 del centre en l\u2019\u00e0mbit digital).<\/p>\n<p>Seguint les indicacions del document de definici\u00f3 de l&#8217;EDC, s&#8217;ha estructurat aquesta part en 4 fases: Diagnosi, Objectius, Planificaci\u00f3 i Seguiment, i Avaluaci\u00f3 i millora.<\/p>\n<p class=\"CDt4Ke zfr3Q\" dir=\"ltr\">El centre ha fet servir l&#8217;eina <span class=\" aw5Odc\"><a class=\"XqQF9c\" href=\"https:\/\/www.google.com\/url?q=https%3A%2F%2Feducation.ec.europa.eu%2Fes%2Fnode%2F1736&amp;sa=D&amp;sntz=1&amp;usg=AOvVaw3z_zoQR6U9FhNZRG4QmRb2\" target=\"_blank\" rel=\"noopener\"><strong>SELFIE<\/strong><\/a><\/span> amb l&#8217;objectiu de fomentar la reflexi\u00f3 personal en relaci\u00f3 amb l&#8217;\u00fas de les tecnologies digitals per al doc\u00e8ncia i l&#8217;aprenentatge.<\/p>\n<p class=\"CDt4Ke zfr3Q\" dir=\"ltr\">SELFIE ha sigut desenvolupat per la Comissi\u00f3 Europea amb un equip internacional d&#8217;experts.<\/p>\n<p class=\"CDt4Ke zfr3Q\" dir=\"ltr\">Les dades obtingudes permeten<span class=\" aw5Odc\"><a class=\"XqQF9c\" href=\"https:\/\/docs.google.com\/document\/d\/1Qely3xpSa62lMfhytUfgaDmo5trZasok3UpeIJ8pgZs\/edit?usp=sharing\" target=\"_blank\" rel=\"noopener\"> extreure conclusions<\/a><\/span> per a fer un diagn\u00f2stic de l&#8217;estat actual i tamb\u00e9 per a plantejar-nos objectius a assolir en l&#8217;\u00e0mbit digital.<\/p>\n<p class=\"CDt4Ke zfr3Q\" dir=\"ltr\"><strong><span class=\" gBYvFf\">Valoraci\u00f3 general<\/span><span class=\" jgG6ef\">:<\/span><\/strong><\/p>\n<p class=\"CDt4Ke zfr3Q\" dir=\"ltr\">La valoraci\u00f3 general \u00e9s bona, amb unes mitjanes elevades en totes les \u00e0rees, especialment en les relacionades amb la pedagogia (E i F). Per altre costat, encara que els resultats no s\u00f3n dolents, les mitjanes m\u00e9s baixes estan relacionades amb l&#8217;\u00e0rea de les pr\u00e0ctiques d&#8217;avaluaci\u00f3 (G).<\/p>\n<p class=\"CDt4Ke zfr3Q\" dir=\"ltr\">Aqu\u00ed es pot veure un petit resum d&#8217;aquestes dades:<\/p>\n<ul class=\"n8H08c UVNKR\">\n<li class=\"TYR86d zfr3Q\" dir=\"ltr\">\n<p class=\"CDt4Ke zfr3Q\" dir=\"ltr\">S&#8217;utilitzen plataformes en l\u00ednia, a les quals els alumnes tamb\u00e9 podem contribuir, amb l\u2019objectiu de facilitar el seu aprenentatge.<\/p>\n<\/li>\n<li class=\"TYR86d zfr3Q\" dir=\"ltr\">\n<p class=\"CDt4Ke zfr3Q\" dir=\"ltr\">S&#8217;assignen diferents activitats que els alumnes han de realitzar fent servir tecnologies segons les seves necessitats, utilitzant aquestes per dur a terme activitats creatives, de manera individual, treballant en grup i en projectes multidisciplinaris.<\/p>\n<\/li>\n<li class=\"TYR86d zfr3Q\" dir=\"ltr\">\n<p class=\"CDt4Ke zfr3Q\" dir=\"ltr\">S&#8217;ha de millorar a l&#8217;hora d&#8217;emprar la tecnologia per a donar retroalimentaci\u00f3 adequada (feedback) sobre l&#8217;aprenentatge dels alumnes, perqu\u00e8 l\u2019alumnat reflexioni sobre el seu aprenentatge i perqu\u00e8 puguin dur a terme observacions sobre el treball dels seus companys.<\/p>\n<\/li>\n<\/ul>\n","protected":false},"excerpt":{"rendered":"<p>L\u2019Estrat\u00e8gia Digital de Centre (EDC) \u00e9s un document que recull totes les accions que es realitzen en un centre, i les que es realitzaran a mitj\u00e0 termini, per aconseguir la m\u00e0xima compet\u00e8ncia digital de l\u2019alumnat, del professorat i del centre educatiu. Ha de tenir com a referent el Pla d\u2019educaci\u00f3 digital de Catalunya (PEDC), on [&hellip;]<\/p>\n","protected":false},"author":1,"featured_media":0,"parent":0,"menu_order":0,"comment_status":"closed","ping_status":"closed","template":"","meta":{"_bbp_topic_count":0,"_bbp_reply_count":0,"_bbp_total_topic_count":0,"_bbp_total_reply_count":0,"_bbp_voice_count":0,"_bbp_anonymous_reply_count":0,"_bbp_topic_count_hidden":0,"_bbp_reply_count_hidden":0,"_bbp_forum_subforum_count":0,"site-sidebar-layout":"default","site-content-layout":"","ast-site-content-layout":"","site-content-style":"default","site-sidebar-style":"default","ast-global-header-display":"","ast-banner-title-visibility":"","ast-main-header-display":"","ast-hfb-above-header-display":"","ast-hfb-below-header-display":"","ast-hfb-mobile-header-display":"","site-post-title":"","ast-breadcrumbs-content":"","ast-featured-img":"","footer-sml-layout":"","theme-transparent-header-meta":"","adv-header-id-meta":"","stick-header-meta":"","header-above-stick-meta":"","header-main-stick-meta":"","header-below-stick-meta":"","astra-migrate-meta-layouts":"default","ast-page-background-enabled":"default","ast-page-background-meta":{"desktop":{"background-color":"var(--ast-global-color-4)","background-image":"","background-repeat":"repeat","background-position":"center center","background-size":"auto","background-attachment":"scroll","background-type":"","background-media":"","overlay-type":"","overlay-color":"","overlay-opacity":"","overlay-gradient":""},"tablet":{"background-color":"","background-image":"","background-repeat":"repeat","background-position":"center center","background-size":"auto","background-attachment":"scroll","background-type":"","background-media":"","overlay-type":"","overlay-color":"","overlay-opacity":"","overlay-gradient":""},"mobile":{"background-color":"","background-image":"","background-repeat":"repeat","background-position":"center center","background-size":"auto","background-attachment":"scroll","background-type":"","background-media":"","overlay-type":"","overlay-color":"","overlay-opacity":"","overlay-gradient":""}},"ast-content-background-meta":{"desktop":{"background-color":"var(--ast-global-color-5)","background-image":"","background-repeat":"repeat","background-position":"center center","background-size":"auto","background-attachment":"scroll","background-type":"","background-media":"","overlay-type":"","overlay-color":"","overlay-opacity":"","overlay-gradient":""},"tablet":{"background-color":"var(--ast-global-color-5)","background-image":"","background-repeat":"repeat","background-position":"center center","background-size":"auto","background-attachment":"scroll","background-type":"","background-media":"","overlay-type":"","overlay-color":"","overlay-opacity":"","overlay-gradient":""},"mobile":{"background-color":"var(--ast-global-color-5)","background-image":"","background-repeat":"repeat","background-position":"center center","background-size":"auto","background-attachment":"scroll","background-type":"","background-media":"","overlay-type":"","overlay-color":"","overlay-opacity":"","overlay-gradient":""}},"footnotes":""},"class_list":["post-14869","page","type-page","status-publish","hentry"],"post_mailing_queue_ids":[],"_links":{"self":[{"href":"https:\/\/agora.xtec.cat\/inssalvadorsunyer\/wp-json\/wp\/v2\/pages\/14869","targetHints":{"allow":["GET"]}}],"collection":[{"href":"https:\/\/agora.xtec.cat\/inssalvadorsunyer\/wp-json\/wp\/v2\/pages"}],"about":[{"href":"https:\/\/agora.xtec.cat\/inssalvadorsunyer\/wp-json\/wp\/v2\/types\/page"}],"author":[{"embeddable":true,"href":"https:\/\/agora.xtec.cat\/inssalvadorsunyer\/wp-json\/wp\/v2\/users\/1"}],"replies":[{"embeddable":true,"href":"https:\/\/agora.xtec.cat\/inssalvadorsunyer\/wp-json\/wp\/v2\/comments?post=14869"}],"version-history":[{"count":3,"href":"https:\/\/agora.xtec.cat\/inssalvadorsunyer\/wp-json\/wp\/v2\/pages\/14869\/revisions"}],"predecessor-version":[{"id":14874,"href":"https:\/\/agora.xtec.cat\/inssalvadorsunyer\/wp-json\/wp\/v2\/pages\/14869\/revisions\/14874"}],"wp:attachment":[{"href":"https:\/\/agora.xtec.cat\/inssalvadorsunyer\/wp-json\/wp\/v2\/media?parent=14869"}],"curies":[{"name":"wp","href":"https:\/\/api.w.org\/{rel}","templated":true}]}}