{"id":14093,"date":"2022-04-08T18:25:53","date_gmt":"2022-04-08T16:25:53","guid":{"rendered":"https:\/\/agora.xtec.cat\/inssalvadorsunyer\/?page_id=14093"},"modified":"2026-02-18T09:04:32","modified_gmt":"2026-02-18T08:04:32","slug":"preinscripcio-i-matricula","status":"publish","type":"page","link":"https:\/\/agora.xtec.cat\/inssalvadorsunyer\/secretaria-2\/preinscripcio-i-matricula\/","title":{"rendered":"Preinscripci\u00f3 i matr\u00edcula"},"content":{"rendered":"<table style=\"border-collapse: collapse; width: 62.1612%;\">\n<tbody>\n<tr>\n<td style=\"width: 100%;\"><a href=\"https:\/\/docs.google.com\/document\/d\/1UdNdtDe8KhGPAhflflH4fFMxt5WGMvf5\/edit?usp=sharing&amp;ouid=104875662066740464513&amp;rtpof=true&amp;sd=true\">Matr\u00edcula Eso<\/a><\/td>\n<\/tr>\n<tr>\n<td style=\"width: 100%;\"><a href=\"https:\/\/docs.google.com\/document\/d\/1X1qsCUqF8rVKgd3C_1HI0tX2C159MHbM\/edit?usp=sharing&amp;ouid=104875662066740464513&amp;rtpof=true&amp;sd=true\">Matr\u00edcula CFGM A. Comercials<\/a><\/td>\n<\/tr>\n<tr>\n<td style=\"width: 100%;\"><a href=\"https:\/\/docs.google.com\/document\/d\/1yoP87MGF-Gmx75byQPnxdKIzKGdv58Yj\/edit?usp=share_link&amp;ouid=104875662066740464513&amp;rtpof=true&amp;sd=true\">Matr\u00edcula PFI\u00a0<\/a><\/td>\n<\/tr>\n<\/tbody>\n<\/table>\n<table style=\"border-collapse: collapse; width: 62.4383%;\">\n<tbody>\n<tr>\n<td style=\"width: 100%;\"><a href=\"https:\/\/docs.google.com\/document\/d\/1z23CYsqAtlv6-awM0cy2zcavK0N3Vm3s\/edit?usp=sharing&amp;ouid=104875662066740464513&amp;rtpof=true&amp;sd=true\">Calendari preinscripci\u00f3 i matr\u00edcula ESO<\/a><\/td>\n<\/tr>\n<tr>\n<td style=\"width: 100%;\"><a href=\"https:\/\/docs.google.com\/document\/d\/1J0qn78u9XUAcUgJIuoYWPI3zc3zk_ki7\/edit?usp=sharing&amp;ouid=104875662066740464513&amp;rtpof=true&amp;sd=true\">Calendari preinscripci\u00f3 i matr\u00edcula CFGM<\/a><\/td>\n<\/tr>\n<tr>\n<td style=\"width: 100%;\"><a href=\"https:\/\/docs.google.com\/document\/d\/1hfxZ35kEFmIe3Yo1vHsScRFXvbY4Wu4E\/edit?usp=share_link&amp;ouid=104875662066740464513&amp;rtpof=true&amp;sd=true\">Calendari preinscripci\u00f3 i matr\u00edcula PFI<\/a><\/td>\n<\/tr>\n<\/tbody>\n<\/table>\n<table style=\"border-collapse: collapse; width: 62.3067%;\">\n<tbody>\n<tr>\n<td style=\"width: 100%;\"><a href=\"https:\/\/drive.google.com\/drive\/folders\/1Vv3vdKj4z9b6DglOP-rzr2mzLW1WWP_I?usp=sharing\">Documentaci\u00f3 matr\u00edcula 1r Cicle<\/a><\/td>\n<\/tr>\n<tr>\n<td style=\"width: 100%;\"><a href=\"https:\/\/drive.google.com\/drive\/folders\/1DUJQo7VYy8PC-KOZbSSKKAduFugLsDHB?usp=sharing\">Documentaci\u00f3 matr\u00edcula 2n Cicle<\/a><\/td>\n<\/tr>\n<tr>\n<td style=\"width: 100%;\"><a href=\"https:\/\/drive.google.com\/drive\/folders\/1Tluy6Y9Qy4mvacCSRMPr8SEa7OVnd9AX?usp=sharing\">Documentaci\u00f3 matr\u00edcula CFGM<\/a><\/td>\n<\/tr>\n<tr>\n<td style=\"width: 100%;\"><a href=\"https:\/\/drive.google.com\/drive\/folders\/1u8DuDoxa9GZ9YaIuJpU5fqL4j0FjjKtq?usp=share_link\">Documentaci\u00f3 matr\u00edcula PFI<\/a><\/td>\n<\/tr>\n<\/tbody>\n<\/table>\n<table style=\"border-collapse: collapse; width: 62.2133%;\">\n<tbody>\n<tr>\n<td style=\"width: 100%;\"><a href=\"https:\/\/agora.xtec.cat\/inssalvadorsunyer\/wp-content\/uploads\/usu1009\/2022\/06\/OPTATIVES-1r-ESO.docx\">OPTATIVES 1r ESO<\/a><\/td>\n<\/tr>\n<\/tbody>\n<\/table>\n","protected":false},"excerpt":{"rendered":"<p>Matr\u00edcula Eso Matr\u00edcula CFGM A. Comercials Matr\u00edcula PFI\u00a0 Calendari preinscripci\u00f3 i matr\u00edcula ESO Calendari preinscripci\u00f3 i matr\u00edcula CFGM Calendari preinscripci\u00f3 i matr\u00edcula PFI Documentaci\u00f3 matr\u00edcula 1r Cicle Documentaci\u00f3 matr\u00edcula 2n Cicle Documentaci\u00f3 matr\u00edcula CFGM Documentaci\u00f3 matr\u00edcula PFI OPTATIVES 1r ESO<\/p>\n","protected":false},"author":1,"featured_media":0,"parent":14076,"menu_order":1,"comment_status":"closed","ping_status":"closed","template":"","meta":{"_bbp_topic_count":0,"_bbp_reply_count":0,"_bbp_total_topic_count":0,"_bbp_total_reply_count":0,"_bbp_voice_count":0,"_bbp_anonymous_reply_count":0,"_bbp_topic_count_hidden":0,"_bbp_reply_count_hidden":0,"_bbp_forum_subforum_count":0,"site-sidebar-layout":"default","site-content-layout":"","ast-site-content-layout":"default","site-content-style":"default","site-sidebar-style":"default","ast-global-header-display":"","ast-banner-title-visibility":"","ast-main-header-display":"","ast-hfb-above-header-display":"","ast-hfb-below-header-display":"","ast-hfb-mobile-header-display":"","site-post-title":"","ast-breadcrumbs-content":"","ast-featured-img":"","footer-sml-layout":"","theme-transparent-header-meta":"default","adv-header-id-meta":"","stick-header-meta":"","header-above-stick-meta":"","header-main-stick-meta":"","header-below-stick-meta":"","astra-migrate-meta-layouts":"set","ast-page-background-enabled":"default","ast-page-background-meta":{"desktop":{"background-color":"var(--ast-global-color-4)","background-image":"","background-repeat":"repeat","background-position":"center center","background-size":"auto","background-attachment":"scroll","background-type":"","background-media":"","overlay-type":"","overlay-color":"","overlay-opacity":"","overlay-gradient":""},"tablet":{"background-color":"","background-image":"","background-repeat":"repeat","background-position":"center center","background-size":"auto","background-attachment":"scroll","background-type":"","background-media":"","overlay-type":"","overlay-color":"","overlay-opacity":"","overlay-gradient":""},"mobile":{"background-color":"","background-image":"","background-repeat":"repeat","background-position":"center center","background-size":"auto","background-attachment":"scroll","background-type":"","background-media":"","overlay-type":"","overlay-color":"","overlay-opacity":"","overlay-gradient":""}},"ast-content-background-meta":{"desktop":{"background-color":"var(--ast-global-color-5)","background-image":"","background-repeat":"repeat","background-position":"center center","background-size":"auto","background-attachment":"scroll","background-type":"","background-media":"","overlay-type":"","overlay-color":"","overlay-opacity":"","overlay-gradient":""},"tablet":{"background-color":"var(--ast-global-color-5)","background-image":"","background-repeat":"repeat","background-position":"center center","background-size":"auto","background-attachment":"scroll","background-type":"","background-media":"","overlay-type":"","overlay-color":"","overlay-opacity":"","overlay-gradient":""},"mobile":{"background-color":"var(--ast-global-color-5)","background-image":"","background-repeat":"repeat","background-position":"center center","background-size":"auto","background-attachment":"scroll","background-type":"","background-media":"","overlay-type":"","overlay-color":"","overlay-opacity":"","overlay-gradient":""}},"footnotes":""},"class_list":["post-14093","page","type-page","status-publish","hentry"],"post_mailing_queue_ids":[],"_links":{"self":[{"href":"https:\/\/agora.xtec.cat\/inssalvadorsunyer\/wp-json\/wp\/v2\/pages\/14093","targetHints":{"allow":["GET"]}}],"collection":[{"href":"https:\/\/agora.xtec.cat\/inssalvadorsunyer\/wp-json\/wp\/v2\/pages"}],"about":[{"href":"https:\/\/agora.xtec.cat\/inssalvadorsunyer\/wp-json\/wp\/v2\/types\/page"}],"author":[{"embeddable":true,"href":"https:\/\/agora.xtec.cat\/inssalvadorsunyer\/wp-json\/wp\/v2\/users\/1"}],"replies":[{"embeddable":true,"href":"https:\/\/agora.xtec.cat\/inssalvadorsunyer\/wp-json\/wp\/v2\/comments?post=14093"}],"version-history":[{"count":4,"href":"https:\/\/agora.xtec.cat\/inssalvadorsunyer\/wp-json\/wp\/v2\/pages\/14093\/revisions"}],"predecessor-version":[{"id":15873,"href":"https:\/\/agora.xtec.cat\/inssalvadorsunyer\/wp-json\/wp\/v2\/pages\/14093\/revisions\/15873"}],"up":[{"embeddable":true,"href":"https:\/\/agora.xtec.cat\/inssalvadorsunyer\/wp-json\/wp\/v2\/pages\/14076"}],"wp:attachment":[{"href":"https:\/\/agora.xtec.cat\/inssalvadorsunyer\/wp-json\/wp\/v2\/media?parent=14093"}],"curies":[{"name":"wp","href":"https:\/\/api.w.org\/{rel}","templated":true}]}}