{"id":14075,"date":"2022-04-08T18:05:23","date_gmt":"2022-04-08T16:05:23","guid":{"rendered":"https:\/\/agora.xtec.cat\/inssalvadorsunyer\/?page_id=14075"},"modified":"2022-04-08T19:05:12","modified_gmt":"2022-04-08T17:05:12","slug":"sollicituds","status":"publish","type":"page","link":"https:\/\/agora.xtec.cat\/inssalvadorsunyer\/secretaria-2\/sollicituds\/","title":{"rendered":"Sol\u00b7licituds"},"content":{"rendered":"<table style=\"border-collapse: collapse; width: 33.8651%;\">\n<tbody>\n<tr>\n<td style=\"width: 100%;\"><a href=\"https:\/\/drive.google.com\/file\/d\/1qSVCPhN1AcbQGOC8o3gJxWXBCC4ypoU6\/view?usp=sharing\">Sol\u00b7licitud de t\u00edtol acad\u00e8mic<\/a><\/td>\n<\/tr>\n<tr>\n<td style=\"width: 100%;\"><a href=\"https:\/\/docs.google.com\/document\/d\/1r4S0DsvmNKkfrdQLF2t3V-ccFw7OES7i\/edit?usp=sharing&amp;ouid=104875662066740464513&amp;rtpof=true&amp;sd=true\">Sol.licitud gen\u00e8rica<\/a><\/td>\n<\/tr>\n<tr>\n<td style=\"width: 100%;\"><a href=\"https:\/\/docs.google.com\/document\/d\/1HX1hvQOZWQcdzw9hmHoHFUYeaCVfwvf0\/edit?usp=sharing&amp;ouid=104875662066740464513&amp;rtpof=true&amp;sd=true\">Sol.licitud recollida t\u00edtol sense resguard<\/a><\/td>\n<\/tr>\n<tr>\n<td style=\"width: 100%;\"><a href=\"https:\/\/drive.google.com\/file\/d\/1iAHQURuuQhdA7HF1ZDiizrv6--7nYesr\/view?usp=sharing\">Sol.licitud duplicat de t\u00edtol acad\u00e8mic<\/a><\/td>\n<\/tr>\n<tr>\n<td style=\"width: 100%;\"><a href=\"https:\/\/drive.google.com\/file\/d\/1nXmacLwYF7BuyVe2_RxfZ5l5pqfYvtDp\/view?usp=sharing\">Sol.licitud certificat catal\u00e0<\/a><\/td>\n<\/tr>\n<tr>\n<td style=\"width: 100%;\"><a href=\"https:\/\/docs.google.com\/document\/d\/1EWYWOXQezY0ajbLfLJ4e2HlpZ99WY_jB\/edit?usp=sharing&amp;ouid=104875662066740464513&amp;rtpof=true&amp;sd=true\">Sol.licitud baixa voluntaria<\/a><\/td>\n<\/tr>\n<\/tbody>\n<\/table>\n","protected":false},"excerpt":{"rendered":"<p>Sol\u00b7licitud de t\u00edtol acad\u00e8mic Sol.licitud gen\u00e8rica Sol.licitud recollida t\u00edtol sense resguard Sol.licitud duplicat de t\u00edtol acad\u00e8mic Sol.licitud certificat catal\u00e0 Sol.licitud baixa voluntaria<\/p>\n","protected":false},"author":1,"featured_media":0,"parent":14076,"menu_order":2,"comment_status":"closed","ping_status":"closed","template":"page-templates\/side-menu.php","meta":{"_bbp_topic_count":0,"_bbp_reply_count":0,"_bbp_total_topic_count":0,"_bbp_total_reply_count":0,"_bbp_voice_count":0,"_bbp_anonymous_reply_count":0,"_bbp_topic_count_hidden":0,"_bbp_reply_count_hidden":0,"_bbp_forum_subforum_count":0,"site-sidebar-layout":"default","site-content-layout":"","ast-site-content-layout":"","site-content-style":"default","site-sidebar-style":"default","ast-global-header-display":"","ast-banner-title-visibility":"","ast-main-header-display":"","ast-hfb-above-header-display":"","ast-hfb-below-header-display":"","ast-hfb-mobile-header-display":"","site-post-title":"","ast-breadcrumbs-content":"","ast-featured-img":"","footer-sml-layout":"","theme-transparent-header-meta":"","adv-header-id-meta":"","stick-header-meta":"","header-above-stick-meta":"","header-main-stick-meta":"","header-below-stick-meta":"","astra-migrate-meta-layouts":"default","ast-page-background-enabled":"default","ast-page-background-meta":{"desktop":{"background-color":"var(--ast-global-color-4)","background-image":"","background-repeat":"repeat","background-position":"center center","background-size":"auto","background-attachment":"scroll","background-type":"","background-media":"","overlay-type":"","overlay-color":"","overlay-opacity":"","overlay-gradient":""},"tablet":{"background-color":"","background-image":"","background-repeat":"repeat","background-position":"center center","background-size":"auto","background-attachment":"scroll","background-type":"","background-media":"","overlay-type":"","overlay-color":"","overlay-opacity":"","overlay-gradient":""},"mobile":{"background-color":"","background-image":"","background-repeat":"repeat","background-position":"center center","background-size":"auto","background-attachment":"scroll","background-type":"","background-media":"","overlay-type":"","overlay-color":"","overlay-opacity":"","overlay-gradient":""}},"ast-content-background-meta":{"desktop":{"background-color":"var(--ast-global-color-5)","background-image":"","background-repeat":"repeat","background-position":"center center","background-size":"auto","background-attachment":"scroll","background-type":"","background-media":"","overlay-type":"","overlay-color":"","overlay-opacity":"","overlay-gradient":""},"tablet":{"background-color":"var(--ast-global-color-5)","background-image":"","background-repeat":"repeat","background-position":"center center","background-size":"auto","background-attachment":"scroll","background-type":"","background-media":"","overlay-type":"","overlay-color":"","overlay-opacity":"","overlay-gradient":""},"mobile":{"background-color":"var(--ast-global-color-5)","background-image":"","background-repeat":"repeat","background-position":"center center","background-size":"auto","background-attachment":"scroll","background-type":"","background-media":"","overlay-type":"","overlay-color":"","overlay-opacity":"","overlay-gradient":""}},"footnotes":""},"class_list":["post-14075","page","type-page","status-publish","hentry"],"post_mailing_queue_ids":[],"_links":{"self":[{"href":"https:\/\/agora.xtec.cat\/inssalvadorsunyer\/wp-json\/wp\/v2\/pages\/14075","targetHints":{"allow":["GET"]}}],"collection":[{"href":"https:\/\/agora.xtec.cat\/inssalvadorsunyer\/wp-json\/wp\/v2\/pages"}],"about":[{"href":"https:\/\/agora.xtec.cat\/inssalvadorsunyer\/wp-json\/wp\/v2\/types\/page"}],"author":[{"embeddable":true,"href":"https:\/\/agora.xtec.cat\/inssalvadorsunyer\/wp-json\/wp\/v2\/users\/1"}],"replies":[{"embeddable":true,"href":"https:\/\/agora.xtec.cat\/inssalvadorsunyer\/wp-json\/wp\/v2\/comments?post=14075"}],"version-history":[{"count":3,"href":"https:\/\/agora.xtec.cat\/inssalvadorsunyer\/wp-json\/wp\/v2\/pages\/14075\/revisions"}],"predecessor-version":[{"id":14115,"href":"https:\/\/agora.xtec.cat\/inssalvadorsunyer\/wp-json\/wp\/v2\/pages\/14075\/revisions\/14115"}],"up":[{"embeddable":true,"href":"https:\/\/agora.xtec.cat\/inssalvadorsunyer\/wp-json\/wp\/v2\/pages\/14076"}],"wp:attachment":[{"href":"https:\/\/agora.xtec.cat\/inssalvadorsunyer\/wp-json\/wp\/v2\/media?parent=14075"}],"curies":[{"name":"wp","href":"https:\/\/api.w.org\/{rel}","templated":true}]}}