{"id":12915,"date":"2021-10-21T13:04:36","date_gmt":"2021-10-21T11:04:36","guid":{"rendered":"https:\/\/agora.xtec.cat\/inssalvadorsunyer\/?page_id=12915"},"modified":"2021-10-21T13:06:24","modified_gmt":"2021-10-21T11:06:24","slug":"perfil-del-contractant","status":"publish","type":"page","link":"https:\/\/agora.xtec.cat\/inssalvadorsunyer\/serveis\/perfil-del-contractant\/","title":{"rendered":"Perfil del contractant"},"content":{"rendered":"<p><strong>Contracte de neteja 2022-2025<\/strong><\/p>\n<ul>\n<li>L\u2019anunci de licitaci\u00f3 i la resta de la documentaci\u00f3 de l\u2019expedient del contracte de neteja de l\u2019Institut Salvador Sunyer de Salt de l\u2019any 2022 ja est\u00e0 publicada a la Plataforma de Serveis de Contractaci\u00f3 P\u00fablica (PSCP).<\/li>\n<li>Podeu accedir-hi a trav\u00e9s de l&#8217;<a href=\"https:\/\/contractaciopublica.gencat.cat\/ecofin_pscp\/AppJava\/notice.pscp?reqCode=viewCn&amp;idDoc=89792868&amp;lawType\">enlla\u00e7<\/a><\/li>\n<li>El termini per presentar proposicions acaba el 4 de novembre de 2021.<\/li>\n<\/ul>\n","protected":false},"excerpt":{"rendered":"<p>Contracte de neteja 2022-2025 L\u2019anunci de licitaci\u00f3 i la resta de la documentaci\u00f3 de l\u2019expedient del contracte de neteja de l\u2019Institut Salvador Sunyer de Salt de l\u2019any 2022 ja est\u00e0 publicada a la Plataforma de Serveis de Contractaci\u00f3 P\u00fablica (PSCP). Podeu accedir-hi a trav\u00e9s de l&#8217;enlla\u00e7 El termini per presentar proposicions acaba el 4 de [&hellip;]<\/p>\n","protected":false},"author":1,"featured_media":0,"parent":63,"menu_order":6,"comment_status":"closed","ping_status":"closed","template":"page-templates\/side-menu.php","meta":{"_bbp_topic_count":0,"_bbp_reply_count":0,"_bbp_total_topic_count":0,"_bbp_total_reply_count":0,"_bbp_voice_count":0,"_bbp_anonymous_reply_count":0,"_bbp_topic_count_hidden":0,"_bbp_reply_count_hidden":0,"_bbp_forum_subforum_count":0,"site-sidebar-layout":"default","site-content-layout":"","ast-site-content-layout":"","site-content-style":"default","site-sidebar-style":"default","ast-global-header-display":"","ast-banner-title-visibility":"","ast-main-header-display":"","ast-hfb-above-header-display":"","ast-hfb-below-header-display":"","ast-hfb-mobile-header-display":"","site-post-title":"","ast-breadcrumbs-content":"","ast-featured-img":"","footer-sml-layout":"","theme-transparent-header-meta":"","adv-header-id-meta":"","stick-header-meta":"","header-above-stick-meta":"","header-main-stick-meta":"","header-below-stick-meta":"","astra-migrate-meta-layouts":"default","ast-page-background-enabled":"default","ast-page-background-meta":{"desktop":{"background-color":"var(--ast-global-color-4)","background-image":"","background-repeat":"repeat","background-position":"center center","background-size":"auto","background-attachment":"scroll","background-type":"","background-media":"","overlay-type":"","overlay-color":"","overlay-opacity":"","overlay-gradient":""},"tablet":{"background-color":"","background-image":"","background-repeat":"repeat","background-position":"center center","background-size":"auto","background-attachment":"scroll","background-type":"","background-media":"","overlay-type":"","overlay-color":"","overlay-opacity":"","overlay-gradient":""},"mobile":{"background-color":"","background-image":"","background-repeat":"repeat","background-position":"center center","background-size":"auto","background-attachment":"scroll","background-type":"","background-media":"","overlay-type":"","overlay-color":"","overlay-opacity":"","overlay-gradient":""}},"ast-content-background-meta":{"desktop":{"background-color":"var(--ast-global-color-5)","background-image":"","background-repeat":"repeat","background-position":"center center","background-size":"auto","background-attachment":"scroll","background-type":"","background-media":"","overlay-type":"","overlay-color":"","overlay-opacity":"","overlay-gradient":""},"tablet":{"background-color":"var(--ast-global-color-5)","background-image":"","background-repeat":"repeat","background-position":"center center","background-size":"auto","background-attachment":"scroll","background-type":"","background-media":"","overlay-type":"","overlay-color":"","overlay-opacity":"","overlay-gradient":""},"mobile":{"background-color":"var(--ast-global-color-5)","background-image":"","background-repeat":"repeat","background-position":"center center","background-size":"auto","background-attachment":"scroll","background-type":"","background-media":"","overlay-type":"","overlay-color":"","overlay-opacity":"","overlay-gradient":""}},"footnotes":""},"class_list":["post-12915","page","type-page","status-publish","hentry"],"post_mailing_queue_ids":[],"_links":{"self":[{"href":"https:\/\/agora.xtec.cat\/inssalvadorsunyer\/wp-json\/wp\/v2\/pages\/12915","targetHints":{"allow":["GET"]}}],"collection":[{"href":"https:\/\/agora.xtec.cat\/inssalvadorsunyer\/wp-json\/wp\/v2\/pages"}],"about":[{"href":"https:\/\/agora.xtec.cat\/inssalvadorsunyer\/wp-json\/wp\/v2\/types\/page"}],"author":[{"embeddable":true,"href":"https:\/\/agora.xtec.cat\/inssalvadorsunyer\/wp-json\/wp\/v2\/users\/1"}],"replies":[{"embeddable":true,"href":"https:\/\/agora.xtec.cat\/inssalvadorsunyer\/wp-json\/wp\/v2\/comments?post=12915"}],"version-history":[{"count":3,"href":"https:\/\/agora.xtec.cat\/inssalvadorsunyer\/wp-json\/wp\/v2\/pages\/12915\/revisions"}],"predecessor-version":[{"id":12918,"href":"https:\/\/agora.xtec.cat\/inssalvadorsunyer\/wp-json\/wp\/v2\/pages\/12915\/revisions\/12918"}],"up":[{"embeddable":true,"href":"https:\/\/agora.xtec.cat\/inssalvadorsunyer\/wp-json\/wp\/v2\/pages\/63"}],"wp:attachment":[{"href":"https:\/\/agora.xtec.cat\/inssalvadorsunyer\/wp-json\/wp\/v2\/media?parent=12915"}],"curies":[{"name":"wp","href":"https:\/\/api.w.org\/{rel}","templated":true}]}}