{"id":12138,"date":"2021-05-10T08:59:42","date_gmt":"2021-05-10T06:59:42","guid":{"rendered":"http:\/\/agora.xtec.cat\/inssalvadorsunyer\/?page_id=12138"},"modified":"2026-04-09T11:03:25","modified_gmt":"2026-04-09T09:03:25","slug":"sortides-professionals-del-modul","status":"publish","type":"page","link":"https:\/\/agora.xtec.cat\/inssalvadorsunyer\/estudis\/presentacio-cfgm-comerc-i-marqueting\/sortides-professionals-del-modul\/","title":{"rendered":"SORTIDES PROFESSIONALS"},"content":{"rendered":"<ul>\n<li style=\"font-weight: 400;\" aria-level=\"1\"><span style=\"text-decoration: underline;\"><strong>Venedor\/a en un comer\u00e7<\/strong><\/span><\/li>\n<\/ul>\n<p style=\"padding-left: 80px;\"><span style=\"font-weight: 400;\">\u00a0\u00c9s la persona que ven productes en un comer\u00e7 (col\u00b7loca els productes a la botiga i at\u00e9n els clients)<\/span><\/p>\n<ul>\n<li style=\"font-weight: 400;\" aria-level=\"1\"><span style=\"text-decoration: underline;\"><strong>Caixer\/a en un comer\u00e7<\/strong><\/span><\/li>\n<\/ul>\n<p style=\"padding-left: 80px;\"><span style=\"font-weight: 400;\">El caixer registra i cobra les operacions de compravenda (prepara, embolica els productes, proporciona accions publicit\u00e0ries i rep les reclamacions)<\/span><\/p>\n<ul>\n<li style=\"font-weight: 400;\" aria-level=\"1\"><span style=\"text-decoration: underline;\"><strong>Reposador\/a de mercaderies<\/strong><\/span><\/li>\n<\/ul>\n<p style=\"padding-left: 80px;\"><span style=\"font-weight: 400;\">Consisteix en rebre mercaderies, reposar-les i col\u00b7locaci\u00f3 del producte a la botiga.<\/span><\/p>\n<ul>\n<li style=\"font-weight: 400;\" aria-level=\"1\"><span style=\"text-decoration: underline;\"><strong>Control i gesti\u00f3 del magatzem<\/strong><\/span><\/li>\n<\/ul>\n<p style=\"padding-left: 80px;\"><span style=\"font-weight: 400;\">La persona que realitza aquesta feina ha de controlar totes les mercaderies que estan al magatzem (classificar les mercaderies, organitzar el mobiliari i les zones del magatzem, recollir les entrades i les sortides de les mercaderies i fer inventari)<\/span><\/p>\n<ul>\n<li style=\"font-weight: 400;\" aria-level=\"1\"><span style=\"text-decoration: underline;\"><strong>Recepci\u00f3 i expedici\u00f3 de mercaderies<\/strong><\/span><\/li>\n<\/ul>\n<p style=\"padding-left: 80px;\"><span style=\"font-weight: 400;\">Aquestes persones s\u2019ocupen de controlar les entrades i sortides de les mercaderies al magatzem (comprovar que les mercaderies que han arribat al magatzem a la zona d\u2019entrada siguin correctes i les comandes dels clients, preparar-les i portar-les a la zona de recollida dels camions que les venen a buscar)<\/span><\/p>\n<ul>\n<li style=\"font-weight: 400;\" aria-level=\"1\"><span style=\"text-decoration: underline;\"><strong>Gerent en un petit comer\u00e7<\/strong><\/span><\/li>\n<\/ul>\n<p style=\"padding-left: 80px;\"><span style=\"font-weight: 400;\">El gerent de la botiga \u00e9s el cap o responsable de secci\u00f3 i s\u2019encarrega de diverses tasques, com la gesti\u00f3 del personal, control dels inventaris, gesti\u00f3 de la imatge de la botiga, manteniment de la botiga i compliment dels objectius establerts.<\/span><\/p>\n<ul>\n<li style=\"font-weight: 400;\" aria-level=\"1\"><span style=\"text-decoration: underline;\"><strong>Departament Comercial<\/strong><\/span><\/li>\n<\/ul>\n<p style=\"padding-left: 80px;\"><span style=\"font-weight: 400;\">Les funcions del departament comercial s\u00f3n analitzar el mercat, dissenyar les estrat\u00e8gies de m\u00e0rqueting, organitzar les vendes i tamb\u00e9 es pot treballar de\u00a0 representant comercial.<\/span><\/p>\n<ul>\n<li style=\"font-weight: 400;\" aria-level=\"1\"><span style=\"text-decoration: underline;\"><strong>Televenedor\/a (per tel\u00e8fon)<\/strong><\/span><\/li>\n<\/ul>\n<p style=\"padding-left: 80px;\"><span style=\"font-weight: 400;\">Aquesta feina \u00e9s per empreses que realitzen venda a dist\u00e0ncia, per tel\u00e8fon (fer trucades per vendre els productes de l&#8217;empresa i rebre trucades d\u2019atenci\u00f3 al client per a facilitar-los informaci\u00f3 o rebre reclamacions i queixes).<\/span><\/p>\n<ul>\n<li style=\"font-weight: 400;\" aria-level=\"1\"><span style=\"text-decoration: underline;\"><strong>Venda on-line<\/strong><\/span><\/li>\n<\/ul>\n<p style=\"padding-left: 80px;\"><span style=\"font-weight: 400;\">Gestionar totes les vendes d\u2019una empresa a trav\u00e9s de la seva p\u00e0gina web i botiga virtual, execuci\u00f3 del pla de m\u00e0rqueting i la comunicaci\u00f3 de la web.<\/span><\/p>\n<ul>\n<li style=\"font-weight: 400;\" aria-level=\"1\"><span style=\"text-decoration: underline;\"><strong>Informaci\u00f3 i atenci\u00f3 al client<\/strong><\/span><\/li>\n<\/ul>\n<p style=\"padding-left: 80px;\"><span style=\"font-weight: 400;\">Hi han empreses grans que necessiten contractar persones que realitzin tasques telef\u00f2niques per a facilitar informaci\u00f3 als clients que ho necessitin i per rebre les reclamacions i queixes que hi puguin haver.<\/span><\/p>\n<ul>\n<li style=\"font-weight: 400;\" aria-level=\"1\"><span style=\"text-decoration: underline;\"><strong>Negoci propi<\/strong><\/span><\/li>\n<\/ul>\n<p style=\"padding-left: 80px;\"><span style=\"font-weight: 400;\">Tamb\u00e9 podeu obrir el vostre propi negoci i treballar-hi realitzant totes les tasques explicades abans o controlar i gestionar l\u2019empresa amb treballadors contractats.<\/span><\/p>\n","protected":false},"excerpt":{"rendered":"<p>Venedor\/a en un comer\u00e7 \u00a0\u00c9s la persona que ven productes en un comer\u00e7 (col\u00b7loca els productes a la botiga i at\u00e9n els clients) Caixer\/a en un comer\u00e7 El caixer registra i cobra les operacions de compravenda (prepara, embolica els productes, proporciona accions publicit\u00e0ries i rep les reclamacions) Reposador\/a de mercaderies Consisteix en rebre mercaderies, reposar-les [&hellip;]<\/p>\n","protected":false},"author":1,"featured_media":0,"parent":12150,"menu_order":0,"comment_status":"closed","ping_status":"closed","template":"","meta":{"_bbp_topic_count":0,"_bbp_reply_count":0,"_bbp_total_topic_count":0,"_bbp_total_reply_count":0,"_bbp_voice_count":0,"_bbp_anonymous_reply_count":0,"_bbp_topic_count_hidden":0,"_bbp_reply_count_hidden":0,"_bbp_forum_subforum_count":0,"site-sidebar-layout":"default","site-content-layout":"","ast-site-content-layout":"default","site-content-style":"default","site-sidebar-style":"default","ast-global-header-display":"","ast-banner-title-visibility":"","ast-main-header-display":"","ast-hfb-above-header-display":"","ast-hfb-below-header-display":"","ast-hfb-mobile-header-display":"","site-post-title":"","ast-breadcrumbs-content":"","ast-featured-img":"","footer-sml-layout":"","theme-transparent-header-meta":"default","adv-header-id-meta":"","stick-header-meta":"","header-above-stick-meta":"","header-main-stick-meta":"","header-below-stick-meta":"","astra-migrate-meta-layouts":"set","ast-page-background-enabled":"default","ast-page-background-meta":{"desktop":{"background-color":"var(--ast-global-color-4)","background-image":"","background-repeat":"repeat","background-position":"center center","background-size":"auto","background-attachment":"scroll","background-type":"","background-media":"","overlay-type":"","overlay-color":"","overlay-opacity":"","overlay-gradient":""},"tablet":{"background-color":"","background-image":"","background-repeat":"repeat","background-position":"center center","background-size":"auto","background-attachment":"scroll","background-type":"","background-media":"","overlay-type":"","overlay-color":"","overlay-opacity":"","overlay-gradient":""},"mobile":{"background-color":"","background-image":"","background-repeat":"repeat","background-position":"center center","background-size":"auto","background-attachment":"scroll","background-type":"","background-media":"","overlay-type":"","overlay-color":"","overlay-opacity":"","overlay-gradient":""}},"ast-content-background-meta":{"desktop":{"background-color":"var(--ast-global-color-5)","background-image":"","background-repeat":"repeat","background-position":"center center","background-size":"auto","background-attachment":"scroll","background-type":"","background-media":"","overlay-type":"","overlay-color":"","overlay-opacity":"","overlay-gradient":""},"tablet":{"background-color":"var(--ast-global-color-5)","background-image":"","background-repeat":"repeat","background-position":"center center","background-size":"auto","background-attachment":"scroll","background-type":"","background-media":"","overlay-type":"","overlay-color":"","overlay-opacity":"","overlay-gradient":""},"mobile":{"background-color":"var(--ast-global-color-5)","background-image":"","background-repeat":"repeat","background-position":"center center","background-size":"auto","background-attachment":"scroll","background-type":"","background-media":"","overlay-type":"","overlay-color":"","overlay-opacity":"","overlay-gradient":""}},"footnotes":""},"class_list":["post-12138","page","type-page","status-publish","hentry"],"post_mailing_queue_ids":[],"_links":{"self":[{"href":"https:\/\/agora.xtec.cat\/inssalvadorsunyer\/wp-json\/wp\/v2\/pages\/12138","targetHints":{"allow":["GET"]}}],"collection":[{"href":"https:\/\/agora.xtec.cat\/inssalvadorsunyer\/wp-json\/wp\/v2\/pages"}],"about":[{"href":"https:\/\/agora.xtec.cat\/inssalvadorsunyer\/wp-json\/wp\/v2\/types\/page"}],"author":[{"embeddable":true,"href":"https:\/\/agora.xtec.cat\/inssalvadorsunyer\/wp-json\/wp\/v2\/users\/1"}],"replies":[{"embeddable":true,"href":"https:\/\/agora.xtec.cat\/inssalvadorsunyer\/wp-json\/wp\/v2\/comments?post=12138"}],"version-history":[{"count":4,"href":"https:\/\/agora.xtec.cat\/inssalvadorsunyer\/wp-json\/wp\/v2\/pages\/12138\/revisions"}],"predecessor-version":[{"id":16038,"href":"https:\/\/agora.xtec.cat\/inssalvadorsunyer\/wp-json\/wp\/v2\/pages\/12138\/revisions\/16038"}],"up":[{"embeddable":true,"href":"https:\/\/agora.xtec.cat\/inssalvadorsunyer\/wp-json\/wp\/v2\/pages\/12150"}],"wp:attachment":[{"href":"https:\/\/agora.xtec.cat\/inssalvadorsunyer\/wp-json\/wp\/v2\/media?parent=12138"}],"curies":[{"name":"wp","href":"https:\/\/api.w.org\/{rel}","templated":true}]}}