{"id":12134,"date":"2021-05-10T08:58:08","date_gmt":"2021-05-10T06:58:08","guid":{"rendered":"http:\/\/agora.xtec.cat\/inssalvadorsunyer\/?page_id=12134"},"modified":"2026-04-09T11:59:52","modified_gmt":"2026-04-09T09:59:52","slug":"horaris","status":"publish","type":"page","link":"https:\/\/agora.xtec.cat\/inssalvadorsunyer\/estudis\/presentacio-cfgm-comerc-i-marqueting\/horaris\/","title":{"rendered":"HORARIS CFGM"},"content":{"rendered":"<p style=\"text-align: center;\"><b>HORARI ALUMNES PRIMER CURS<\/b><\/p>\n<p>&nbsp;<\/p>\n<p><b>Els alumnes de primer\u00a0 nom\u00e9s faran\u00a0 classes i els que facin DUAL, potser poden comen\u00e7ar les pr\u00e0ctiques al 3r trimestre, 4 hores al mat\u00ed, que continuaran tot el curs de 2n.<\/b><\/p>\n<table style=\"height: 303px; width: 71.8431%;\">\n<tbody>\n<tr style=\"height: 43px;\">\n<th style=\"border-color: #448af2; background-color: #448af2; height: 43px; width: 18.3139%;\"><b>HORA\u00a0 \u00a0 \u00a0 \u00a0 \u00a0 \u00a0 \u00a0<\/b><\/th>\n<td style=\"width: 15.2777%; border-color: #448af2; background-color: #448af2; height: 43px;\"><b>DILLUNS\u00a0\u00a0<\/b><\/td>\n<td style=\"width: 18.2076%; border-color: #448af2; background-color: #448af2; height: 43px;\"><b>DIMARTS<\/b><\/td>\n<td style=\"width: 15.714%; border-color: #448af2; background-color: #448af2; height: 43px;\"><b>DIMECRES<\/b><\/td>\n<td style=\"width: 16.1409%; border-color: #448af2; background-color: #448af2; height: 43px;\"><b>DIJOUS\u00a0 \u00a0<\/b><\/td>\n<td style=\"width: 25.5677%; border-color: #448af2; background-color: #448af2; height: 43px;\"><b>DIVENDRES<\/b><\/td>\n<\/tr>\n<tr style=\"height: 39px;\">\n<th style=\"border-color: #448af2; background-color: #448af2; height: 39px; width: 18.3139%;\"><span style=\"font-weight: 400;\">14:00-14:55<\/span><\/th>\n<td style=\"width: 15.2777%; border-color: #f27f6f; background-color: #f27f6f; height: 39px;\"><\/td>\n<td style=\"width: 18.2076%; border-color: #f27f6f; background-color: #f27f6f; height: 39px;\"><\/td>\n<td style=\"width: 15.714%; border-color: #f27f6f; background-color: #f27f6f; height: 39px;\"><\/td>\n<td style=\"width: 16.1409%; border-color: #f27f6f; background-color: #f27f6f; height: 39px;\"><\/td>\n<td style=\"width: 25.5677%; border-color: #f27f6f; background-color: #f27f6f; height: 39px;\"><\/td>\n<\/tr>\n<tr style=\"height: 35px;\">\n<th style=\"border-color: #448af2; background-color: #448af2; height: 35px; width: 18.3139%;\"><span style=\"font-weight: 400;\">14:55-15:50<\/span><\/th>\n<td style=\"width: 15.2777%; border-color: #f27f6f; background-color: #f27f6f; height: 35px;\"><\/td>\n<td style=\"width: 18.2076%; border-color: #f27f6f; background-color: #f27f6f; height: 35px;\"><\/td>\n<td style=\"width: 15.714%; border-color: #f27f6f; background-color: #f27f6f; height: 35px;\"><\/td>\n<td style=\"width: 16.1409%; border-color: #f27f6f; background-color: #f27f6f; height: 35px;\"><\/td>\n<td style=\"width: 25.5677%; border-color: #f27f6f; background-color: #f27f6f; height: 35px;\"><\/td>\n<\/tr>\n<tr style=\"height: 33px;\">\n<th style=\"border-color: #448af2; background-color: #448af2; height: 33px; width: 18.3139%;\"><span style=\"font-weight: 400;\">15:50-16:45<\/span><\/th>\n<td style=\"width: 15.2777%; border-color: #f27f6f; background-color: #f27f6f; height: 33px;\"><\/td>\n<td style=\"width: 18.2076%; border-color: #f27f6f; background-color: #f27f6f; height: 33px;\"><\/td>\n<td style=\"width: 15.714%; border-color: #f27f6f; background-color: #f27f6f; height: 33px;\"><\/td>\n<td style=\"width: 16.1409%; border-color: #f27f6f; background-color: #f27f6f; height: 33px;\"><\/td>\n<td style=\"width: 25.5677%; border-color: #f27f6f; background-color: #f27f6f; height: 33px;\"><\/td>\n<\/tr>\n<tr style=\"height: 75px;\">\n<th style=\"border-color: #448af2; background-color: #448af2; height: 75px; width: 18.3139%;\"><span style=\"font-weight: 400;\">16:45-17:15<\/span><\/th>\n<td style=\"width: 90.9079%; height: 75px;\" colspan=\"5\">\n<p style=\"text-align: center;\"><b>P\u00a0 \u00a0 \u00a0 \u00a0 A\u00a0 \u00a0 \u00a0 \u00a0 T\u00a0 \u00a0 \u00a0 \u00a0 I\u00a0<\/b><\/p>\n<\/td>\n<\/tr>\n<tr style=\"height: 36px;\">\n<th style=\"border-color: #448af2; background-color: #448af2; height: 36px; width: 18.3139%;\"><span style=\"font-weight: 400;\">17:15-18:10<\/span><\/th>\n<td style=\"width: 15.2777%; border-color: #f27f6f; background-color: #f27f6f; height: 36px;\"><\/td>\n<td style=\"width: 18.2076%; border-color: #f27f6f; background-color: #f27f6f; height: 36px;\"><\/td>\n<td style=\"width: 15.714%; border-color: #f27f6f; background-color: #f27f6f; height: 36px;\"><\/td>\n<td style=\"width: 16.1409%; border-color: #f27f6f; background-color: #f27f6f; height: 36px;\"><\/td>\n<td style=\"width: 25.5677%; border-color: #f27f6f; background-color: #f27f6f; height: 36px;\"><\/td>\n<\/tr>\n<tr style=\"height: 32px;\">\n<th style=\"border-color: #448af2; background-color: #448af2; height: 32px; width: 18.3139%;\"><span style=\"font-weight: 400;\">18:10-19:05<\/span><\/th>\n<td style=\"width: 15.2777%; border-color: #f27f6f; background-color: #f27f6f; height: 32px;\"><\/td>\n<td style=\"width: 18.2076%; border-color: #f27f6f; background-color: #f27f6f; height: 32px;\"><\/td>\n<td style=\"width: 15.714%; border-color: #f27f6f; background-color: #f27f6f; height: 32px;\"><\/td>\n<td style=\"width: 16.1409%; border-color: #f27f6f; background-color: #f27f6f; height: 32px;\"><\/td>\n<td style=\"width: 25.5677%; border-color: #f27f6f; background-color: #f27f6f; height: 32px;\"><\/td>\n<\/tr>\n<tr style=\"height: 22px;\">\n<th style=\"border-color: #448af2; background-color: #448af2; height: 10px; width: 18.3139%;\"><span style=\"font-weight: 400;\">19:05-20:00<\/span><\/th>\n<td style=\"width: 15.2777%; border-color: #f27f6f; background-color: #f27f6f; height: 10px;\"><\/td>\n<td style=\"width: 18.2076%; border-color: #f27f6f; background-color: #f27f6f; height: 10px;\"><\/td>\n<td style=\"width: 15.714%; border-color: #f27f6f; background-color: #f27f6f; height: 10px;\"><\/td>\n<td style=\"width: 16.1409%; border-color: #f27f6f; background-color: #f27f6f; height: 10px;\"><\/td>\n<td style=\"width: 25.5677%; border-color: #f27f6f; background-color: #f27f6f; height: 10px;\"><\/td>\n<\/tr>\n<\/tbody>\n<\/table>\n<p>&nbsp;<\/p>\n<p><b>HORARI ALUMNES SEGON CURS<\/b><\/p>\n<p><b>Els alumnes de segon fan un horari diferent, perqu\u00e8 combinen les classes amb les pr\u00e0ctiques a l\u2019empresa<\/b><b>.<\/b><\/p>\n<p><b>AQUEST \u00c9S L\u2019HORARI DELS ALUMNES QUE FAN MODALITAT FCT<\/b><\/p>\n<table class=\" aligncenter\" style=\"width: 120.414%; height: 277px;\">\n<tbody>\n<tr style=\"height: 32px;\">\n<td style=\"text-align: center; vertical-align: middle; border-color: #448af2; background-color: #448af2; height: 32px; width: 8.83418%;\"><b>HORA<\/b><\/td>\n<td style=\"text-align: center; vertical-align: middle; border-color: #448af2; background-color: #448af2; height: 32px; width: 8.18248%;\"><b>DILLUNS<\/b><\/td>\n<td style=\"text-align: center; vertical-align: middle; border-color: #448af2; background-color: #448af2; height: 32px; width: 8.39971%;\"><b>DIMARTS<\/b><\/td>\n<td style=\"text-align: center; vertical-align: middle; border-color: #448af2; background-color: #448af2; height: 32px; width: 9.26865%;\"><b>DIMECRES<\/b><\/td>\n<td style=\"text-align: center; vertical-align: middle; border-color: #448af2; background-color: #448af2; height: 32px; width: 16.332%;\"><b>DIJOUS<\/b><\/td>\n<td style=\"text-align: center; vertical-align: middle; border-color: #448af2; background-color: #448af2; height: 32px; width: 19.6564%;\"><b>DIVENDRES<\/b><\/td>\n<\/tr>\n<tr style=\"height: 32px;\">\n<td style=\"text-align: center; vertical-align: middle; border-color: #448af2; background-color: #448af2; height: 32px; width: 8.83418%;\"><span style=\"font-weight: 400;\">14:00-14:55<\/span><\/td>\n<td style=\"text-align: center; vertical-align: middle; height: 32px; width: 8.18248%;\"><\/td>\n<td style=\"text-align: center; vertical-align: middle; height: 32px; width: 8.39971%;\"><\/td>\n<td style=\"text-align: center; vertical-align: middle; height: 32px; width: 9.26865%;\"><\/td>\n<td style=\"text-align: center; vertical-align: middle; height: 32px; width: 16.332%;\"><\/td>\n<td style=\"text-align: center; vertical-align: middle; height: 32px; width: 19.6564%;\"><\/td>\n<\/tr>\n<tr style=\"height: 32px;\">\n<td style=\"text-align: center; vertical-align: middle; border-color: #448af2; background-color: #448af2; height: 32px; width: 8.83418%;\"><span style=\"font-weight: 400;\">14:55-15:50<\/span><\/td>\n<td style=\"background-color: #f27f6f; vertical-align: middle; height: 32px; border-style: solid; border-color: #000000; width: 8.18248%;\">Projecte<\/td>\n<td style=\"background-color: #f27f6f; vertical-align: middle; height: 32px; border-style: solid; border-color: #000000; width: 8.39971%;\">Projecte<\/td>\n<td style=\"vertical-align: middle; background-color: #f27f6f; height: 32px; border-style: solid; border-color: #000000; width: 9.26865%;\">Projecte<\/td>\n<td style=\"vertical-align: middle; background-color: #f27f6f; height: 32px; border-style: solid; border-color: #000000; width: 16.332%;\">Projecte<\/td>\n<td style=\"text-align: center; vertical-align: middle; height: 32px; width: 19.6564%;\"><\/td>\n<\/tr>\n<tr style=\"height: 32px;\">\n<td style=\"text-align: center; vertical-align: middle; border-color: #448af2; background-color: #448af2; height: 32px; width: 8.83418%;\"><span style=\"font-weight: 400;\">15:50-16:45<\/span><\/td>\n<td style=\"vertical-align: middle; background-color: #f27f6f; height: 32px; border-style: solid; border-color: #000000; width: 8.18248%;\">Projecte<\/td>\n<td style=\"vertical-align: middle; background-color: #f27f6f; height: 32px; border-style: solid; border-color: #000000; width: 8.39971%;\">Projecte<\/td>\n<td style=\"vertical-align: middle; background-color: #f27f6f; height: 32px; border-style: solid; border-color: #000000; width: 9.26865%;\">Projecte<\/td>\n<td style=\"vertical-align: middle; background-color: #f27f6f; height: 32px; border-style: solid; border-color: #000000; width: 16.332%;\">Projecte<\/td>\n<td style=\"text-align: center; vertical-align: middle; height: 32px; width: 19.6564%;\"><\/td>\n<\/tr>\n<tr style=\"height: 32px;\">\n<td style=\"text-align: center; vertical-align: middle; border-color: #448af2; background-color: #448af2; height: 32px; width: 8.83418%;\"><span style=\"font-weight: 400;\">16:45-17:15<\/span><\/td>\n<td style=\"text-align: center; vertical-align: middle; height: 32px; width: 61.8393%;\" colspan=\"5\"><b>P\u00a0 \u00a0 \u00a0 \u00a0 A\u00a0 \u00a0 \u00a0 \u00a0 T\u00a0 \u00a0 \u00a0 \u00a0 I\u00a0<\/b><\/td>\n<\/tr>\n<tr style=\"height: 32px;\">\n<td style=\"text-align: center; vertical-align: middle; border-color: #448af2; background-color: #448af2; height: 32px; width: 8.83418%;\"><span style=\"font-weight: 400;\">17:15-18:10<\/span><\/td>\n<td style=\"text-align: center; vertical-align: middle; background-color: #f27f6f; height: 32px; border-style: solid; border-color: #000000; width: 8.18248%;\"><\/td>\n<td style=\"text-align: center; vertical-align: middle; background-color: #f27f6f; height: 32px; border-style: solid; border-color: #000000; width: 8.39971%;\"><\/td>\n<td style=\"text-align: center; vertical-align: middle; background-color: #f27f6f; height: 32px; border-style: solid; border-color: #000000; width: 9.26865%;\"><\/td>\n<td style=\"text-align: center; vertical-align: middle; background-color: #f27f6f; height: 32px; border-style: solid; border-color: #000000; width: 16.332%;\"><\/td>\n<td style=\"text-align: center; vertical-align: middle; height: 32px; width: 19.6564%;\"><\/td>\n<\/tr>\n<tr style=\"height: 32px;\">\n<td style=\"text-align: center; vertical-align: middle; border-color: #448af2; background-color: #448af2; height: 32px; width: 8.83418%;\"><span style=\"font-weight: 400;\">18:10-19:05<\/span><\/td>\n<td style=\"text-align: center; vertical-align: middle; background-color: #f27f6f; height: 32px; border-style: solid; border-color: #000000; width: 8.18248%;\"><\/td>\n<td style=\"text-align: center; vertical-align: middle; background-color: #f27f6f; height: 32px; border-style: solid; border-color: #000000; width: 8.39971%;\"><\/td>\n<td style=\"text-align: center; vertical-align: middle; background-color: #f27f6f; height: 32px; border-style: solid; border-color: #000000; width: 9.26865%;\"><\/td>\n<td style=\"text-align: center; vertical-align: middle; background-color: #f27f6f; height: 32px; border-style: solid; border-color: #000000; width: 16.332%;\"><\/td>\n<td style=\"text-align: center; vertical-align: middle; height: 32px; width: 19.6564%;\"><\/td>\n<\/tr>\n<tr style=\"height: 32px;\">\n<td style=\"text-align: center; vertical-align: middle; border-color: #448af2; background-color: #448af2; height: 32px; width: 8.83418%;\"><span style=\"font-weight: 400;\">19:05-20:00<\/span><\/td>\n<td style=\"border-color: #000000; background-color: #f27f6f; height: 32px; border-style: solid; text-align: center; vertical-align: middle; width: 8.18248%;\"><\/td>\n<td style=\"border-color: #000000; background-color: #f27f6f; height: 32px; border-style: solid; text-align: center; vertical-align: middle; width: 8.39971%;\"><\/td>\n<td style=\"border-color: #000000; background-color: #f27f6f; height: 32px; text-align: center; vertical-align: middle; width: 9.26865%;\"><\/td>\n<td style=\"border-color: #000000; background-color: #f27f6f; height: 32px; border-style: solid; text-align: center; vertical-align: middle; width: 16.332%;\"><\/td>\n<td style=\"text-align: center; vertical-align: middle; height: 32px; width: 19.6564%;\"><\/td>\n<\/tr>\n<\/tbody>\n<\/table>\n<p>&nbsp;<\/p>\n<p>&nbsp;<\/p>\n<p>&nbsp;<\/p>\n<p><b>AQUEST \u00c9S L\u2019HORARI DELS ALUMNES QUE FAN MODALITAT DUAL<\/b><\/p>\n<table style=\"width: 73.1123%; height: 634px;\">\n<tbody>\n<tr style=\"height: 48px;\">\n<td style=\"text-align: center; border-color: #448af2; background-color: #448af2; width: 16.8539%; height: 48px;\"><b>HORA<\/b><\/td>\n<td style=\"text-align: center; border-color: #448af2; background-color: #448af2; width: 16.7109%; height: 48px;\"><b>DILLUNS<\/b><\/td>\n<td style=\"text-align: center; border-color: #448af2; background-color: #448af2; width: 18.0888%; height: 48px;\"><b>DIMARTS<\/b><\/td>\n<td style=\"text-align: center; border-color: #448af2; background-color: #448af2; width: 16.4723%; height: 48px;\"><b>DIMECRES<\/b><\/td>\n<td style=\"text-align: center; border-color: #448af2; background-color: #448af2; width: 16.4705%; height: 48px;\"><b>DIJOUS<\/b><\/td>\n<td style=\"text-align: center; border-color: #448af2; background-color: #448af2; width: 34.5488%; height: 48px;\"><b>DIVENDRES<\/b><\/td>\n<\/tr>\n<tr style=\"height: 48px;\">\n<td style=\"text-align: center; border-color: #448af2; background-color: #448af2; width: 16.8539%; height: 48px;\"><span style=\"font-weight: 400;\">14:00-14:55<\/span><\/td>\n<td style=\"text-align: center; width: 16.7109%; height: 48px;\"><\/td>\n<td style=\"text-align: center; width: 18.0888%; height: 48px;\"><\/td>\n<td style=\"text-align: center; width: 16.4723%; height: 48px;\"><\/td>\n<td style=\"text-align: center; width: 16.4705%; height: 48px;\"><\/td>\n<td style=\"text-align: center; width: 34.5488%; height: 48px;\"><\/td>\n<\/tr>\n<tr style=\"height: 45px;\">\n<td style=\"text-align: center; border-color: #448af2; background-color: #448af2; width: 16.8539%; height: 45px;\"><span style=\"font-weight: 400;\">14:55-15:50<\/span><\/td>\n<td style=\"text-align: center; width: 16.7109%; height: 45px;\"><\/td>\n<td style=\"text-align: center; width: 18.0888%; height: 45px;\"><\/td>\n<td style=\"text-align: center; width: 16.4723%; height: 45px;\"><\/td>\n<td style=\"text-align: center; width: 16.4705%; height: 45px;\"><\/td>\n<td style=\"text-align: center; width: 34.5488%; height: 45px;\"><\/td>\n<\/tr>\n<tr style=\"height: 48px;\">\n<td style=\"text-align: center; border-color: #448af2; background-color: #448af2; width: 16.8539%; height: 48px;\"><span style=\"font-weight: 400;\">15:50-16:45<\/span><\/td>\n<td style=\"text-align: center; width: 16.7109%; height: 48px;\"><\/td>\n<td style=\"text-align: center; width: 18.0888%; height: 48px;\"><\/td>\n<td style=\"text-align: center; width: 16.4723%; height: 48px;\"><\/td>\n<td style=\"text-align: center; width: 16.4705%; height: 48px;\"><\/td>\n<td style=\"text-align: center; width: 34.5488%; height: 48px;\"><\/td>\n<\/tr>\n<tr style=\"height: 48px;\">\n<td style=\"text-align: center; border-color: #448af2; background-color: #448af2; width: 16.8539%; height: 48px;\"><span style=\"font-weight: 400;\">16:45-17:15<\/span><\/td>\n<td style=\"text-align: center; width: 102.291%; height: 48px;\" colspan=\"5\"><b>P\u00a0 \u00a0 \u00a0 \u00a0 A\u00a0 \u00a0 \u00a0 \u00a0 T\u00a0 \u00a0 \u00a0 \u00a0 I\u00a0<\/b><\/td>\n<\/tr>\n<tr style=\"height: 48px;\">\n<td style=\"text-align: center; border-color: #448af2; background-color: #448af2; width: 16.8539%; height: 48px;\"><span style=\"font-weight: 400;\">17:15-18:10<\/span><\/td>\n<td style=\"text-align: center; background-color: #f27f6f; width: 16.7109%; height: 48px; border-style: solid; border-color: #000000;\"><\/td>\n<td style=\"text-align: center; background-color: #f27f6f; width: 18.0888%; height: 48px; border-style: solid; border-color: #000000;\"><\/td>\n<td style=\"text-align: center; background-color: #f27f6f; width: 16.4723%; height: 48px; border-style: solid; border-color: #000000;\"><\/td>\n<td style=\"text-align: center; background-color: #f27f6f; width: 16.4705%; height: 48px; border-style: solid; border-color: #000000;\"><\/td>\n<td style=\"text-align: center; width: 34.5488%; height: 48px;\"><\/td>\n<\/tr>\n<tr style=\"height: 48px;\">\n<td style=\"text-align: center; border-color: #448af2; background-color: #448af2; width: 16.8539%; height: 48px;\"><span style=\"font-weight: 400;\">18:10-19:05<\/span><\/td>\n<td style=\"text-align: center; background-color: #f27f6f; width: 16.7109%; height: 48px; border-style: solid; border-color: #000000;\"><\/td>\n<td style=\"text-align: center; background-color: #f27f6f; width: 18.0888%; height: 48px; border-style: solid; border-color: #000000;\"><\/td>\n<td style=\"text-align: center; background-color: #f27f6f; width: 16.4723%; height: 48px; border-style: solid; border-color: #000000;\"><\/td>\n<td style=\"text-align: center; background-color: #f27f6f; width: 16.4705%; height: 48px; border-style: solid; border-color: #000000;\"><\/td>\n<td style=\"text-align: center; width: 34.5488%; height: 48px;\"><\/td>\n<\/tr>\n<tr style=\"height: 48px;\">\n<td style=\"text-align: center; border-color: #448af2; background-color: #448af2; width: 16.8539%; height: 48px;\"><span style=\"font-weight: 400;\">19:05-20:00<\/span><\/td>\n<td style=\"text-align: center; background-color: #f27f6f; width: 16.7109%; height: 48px; border-style: solid; border-color: #000000;\"><\/td>\n<td style=\"text-align: center; background-color: #f27f6f; width: 18.0888%; height: 48px; border-style: solid; border-color: #000000;\"><\/td>\n<td style=\"text-align: center; background-color: #f27f6f; width: 16.4723%; height: 48px; border-style: solid; border-color: #000000;\"><\/td>\n<td style=\"text-align: center; background-color: #f27f6f; width: 16.4705%; height: 48px; border-style: solid; border-color: #000000;\"><\/td>\n<td style=\"text-align: center; width: 34.5488%; height: 48px;\"><\/td>\n<\/tr>\n<\/tbody>\n<\/table>\n","protected":false},"excerpt":{"rendered":"<p>HORARI ALUMNES PRIMER CURS &nbsp; Els alumnes de primer\u00a0 nom\u00e9s faran\u00a0 classes i els que facin DUAL, potser poden comen\u00e7ar les pr\u00e0ctiques al 3r trimestre, 4 hores al mat\u00ed, que continuaran tot el curs de 2n. HORA\u00a0 \u00a0 \u00a0 \u00a0 \u00a0 \u00a0 \u00a0 DILLUNS\u00a0\u00a0 DIMARTS DIMECRES DIJOUS\u00a0 \u00a0 DIVENDRES 14:00-14:55 14:55-15:50 15:50-16:45 16:45-17:15 P\u00a0 \u00a0 [&hellip;]<\/p>\n","protected":false},"author":1,"featured_media":0,"parent":12150,"menu_order":0,"comment_status":"closed","ping_status":"closed","template":"","meta":{"_bbp_topic_count":0,"_bbp_reply_count":0,"_bbp_total_topic_count":0,"_bbp_total_reply_count":0,"_bbp_voice_count":0,"_bbp_anonymous_reply_count":0,"_bbp_topic_count_hidden":0,"_bbp_reply_count_hidden":0,"_bbp_forum_subforum_count":0,"site-sidebar-layout":"default","site-content-layout":"","ast-site-content-layout":"default","site-content-style":"default","site-sidebar-style":"default","ast-global-header-display":"","ast-banner-title-visibility":"","ast-main-header-display":"","ast-hfb-above-header-display":"","ast-hfb-below-header-display":"","ast-hfb-mobile-header-display":"","site-post-title":"","ast-breadcrumbs-content":"","ast-featured-img":"","footer-sml-layout":"","theme-transparent-header-meta":"default","adv-header-id-meta":"","stick-header-meta":"","header-above-stick-meta":"","header-main-stick-meta":"","header-below-stick-meta":"","astra-migrate-meta-layouts":"set","ast-page-background-enabled":"default","ast-page-background-meta":{"desktop":{"background-color":"var(--ast-global-color-4)","background-image":"","background-repeat":"repeat","background-position":"center center","background-size":"auto","background-attachment":"scroll","background-type":"","background-media":"","overlay-type":"","overlay-color":"","overlay-opacity":"","overlay-gradient":""},"tablet":{"background-color":"","background-image":"","background-repeat":"repeat","background-position":"center center","background-size":"auto","background-attachment":"scroll","background-type":"","background-media":"","overlay-type":"","overlay-color":"","overlay-opacity":"","overlay-gradient":""},"mobile":{"background-color":"","background-image":"","background-repeat":"repeat","background-position":"center center","background-size":"auto","background-attachment":"scroll","background-type":"","background-media":"","overlay-type":"","overlay-color":"","overlay-opacity":"","overlay-gradient":""}},"ast-content-background-meta":{"desktop":{"background-color":"var(--ast-global-color-5)","background-image":"","background-repeat":"repeat","background-position":"center center","background-size":"auto","background-attachment":"scroll","background-type":"","background-media":"","overlay-type":"","overlay-color":"","overlay-opacity":"","overlay-gradient":""},"tablet":{"background-color":"var(--ast-global-color-5)","background-image":"","background-repeat":"repeat","background-position":"center center","background-size":"auto","background-attachment":"scroll","background-type":"","background-media":"","overlay-type":"","overlay-color":"","overlay-opacity":"","overlay-gradient":""},"mobile":{"background-color":"var(--ast-global-color-5)","background-image":"","background-repeat":"repeat","background-position":"center center","background-size":"auto","background-attachment":"scroll","background-type":"","background-media":"","overlay-type":"","overlay-color":"","overlay-opacity":"","overlay-gradient":""}},"footnotes":""},"class_list":["post-12134","page","type-page","status-publish","hentry"],"post_mailing_queue_ids":[],"_links":{"self":[{"href":"https:\/\/agora.xtec.cat\/inssalvadorsunyer\/wp-json\/wp\/v2\/pages\/12134","targetHints":{"allow":["GET"]}}],"collection":[{"href":"https:\/\/agora.xtec.cat\/inssalvadorsunyer\/wp-json\/wp\/v2\/pages"}],"about":[{"href":"https:\/\/agora.xtec.cat\/inssalvadorsunyer\/wp-json\/wp\/v2\/types\/page"}],"author":[{"embeddable":true,"href":"https:\/\/agora.xtec.cat\/inssalvadorsunyer\/wp-json\/wp\/v2\/users\/1"}],"replies":[{"embeddable":true,"href":"https:\/\/agora.xtec.cat\/inssalvadorsunyer\/wp-json\/wp\/v2\/comments?post=12134"}],"version-history":[{"count":6,"href":"https:\/\/agora.xtec.cat\/inssalvadorsunyer\/wp-json\/wp\/v2\/pages\/12134\/revisions"}],"predecessor-version":[{"id":16044,"href":"https:\/\/agora.xtec.cat\/inssalvadorsunyer\/wp-json\/wp\/v2\/pages\/12134\/revisions\/16044"}],"up":[{"embeddable":true,"href":"https:\/\/agora.xtec.cat\/inssalvadorsunyer\/wp-json\/wp\/v2\/pages\/12150"}],"wp:attachment":[{"href":"https:\/\/agora.xtec.cat\/inssalvadorsunyer\/wp-json\/wp\/v2\/media?parent=12134"}],"curies":[{"name":"wp","href":"https:\/\/api.w.org\/{rel}","templated":true}]}}