{"id":12118,"date":"2021-05-10T08:47:20","date_gmt":"2021-05-10T06:47:20","guid":{"rendered":"http:\/\/agora.xtec.cat\/inssalvadorsunyer\/?page_id=12118"},"modified":"2026-04-09T09:48:14","modified_gmt":"2026-04-09T07:48:14","slug":"presentacio-de-cicle-formatiu-de-comerc","status":"publish","type":"page","link":"https:\/\/agora.xtec.cat\/inssalvadorsunyer\/estudis\/presentacio-cfgm-comerc-i-marqueting\/presentacio-de-cicle-formatiu-de-comerc\/","title":{"rendered":"PRESENTACI\u00d3 CFGM"},"content":{"rendered":"<p><a href=\"https:\/\/drive.google.com\/file\/d\/1wsuB9i-cvY7Gd06mxhn-FNxsWutEMuF2\/view?usp=sharing\">VIDEO PRESENTACI\u00d3 ACTIVITATS COMERCIALS<\/a><\/p>\n<p><span style=\"font-weight: 400;\">NOM DEL CICLE<\/span><span style=\"font-weight: 400;\">: <\/span><b>Activitats Comercials<\/b><\/p>\n<p><span style=\"font-weight: 400;\">NIVELL<\/span><span style=\"font-weight: 400;\">: <\/span><b>Formaci\u00f3 professional de grau mitj\u00e0<\/b><\/p>\n<p><span style=\"font-weight: 400;\">FAM\u00cdLIA<\/span><span style=\"font-weight: 400;\">: <\/span><b>Comer\u00e7 i m\u00e0rqueting<\/b><\/p>\n<p><span style=\"font-weight: 400;\">DURADA<\/span><span style=\"font-weight: 400;\">:\u00a0 <\/span><b>2.000 hores<\/b><\/p>\n<p><span style=\"font-weight: 400;\">El nostre institut \u00e9s molt <\/span><b>familiar i acollidor<\/b><span style=\"font-weight: 400;\">. Tindr\u00e0s una bona atenci\u00f3 personalitzada, ja que \u00e9s un institut petit, nom\u00e9s hi ha ESO i el nostre CFGM d\u2019Activitats Comercials, les classes s\u00f3n de 20 alumnes i el formem 4 professores.<\/span><\/p>\n<p><span style=\"font-weight: 400;\">Aquest cicle es fa durant 2 anys i en horari de tardes (14h-20h), de dilluns a divendres, en modalitat DUAL i FCT.<\/span><\/p>\n<p><span style=\"font-weight: 400;\">Els alumnes poden cursar el cicle en modalitat DUAL o modalitat FCT:<\/span><\/p>\n<table class=\" aligncenter\" style=\"height: 100px; width: 79.1111%;\" width=\"592\">\n<tbody>\n<tr style=\"height: 39px;\">\n<td style=\"height: 39px; width: 154px; text-align: left;\"><span style=\"text-decoration: underline;\"><b>FCT<\/b><\/span><\/td>\n<td style=\"height: 39px; width: 218px;\"><span style=\"font-weight: 400;\">HORES EMPRESA FCT 515 <\/span><\/td>\n<td style=\"height: 39px; width: 196px;\"><span style=\"font-weight: 400;\">PROJECTE\u00a0 198h<\/span><\/td>\n<\/tr>\n<tr style=\"height: 28px;\">\n<td style=\"height: 28px; width: 154px; text-align: left;\"><span style=\"text-decoration: underline;\"><b>DUAL<\/b><\/span><\/td>\n<td style=\"height: 28px; width: 414px; vertical-align: middle; text-align: left;\" colspan=\"2\">\n<p style=\"text-align: center;\"><span style=\"font-weight: 400;\">HORES EMPRESA DUAL 713<\/span><\/p>\n<\/td>\n<\/tr>\n<\/tbody>\n<\/table>\n<p>&nbsp;<\/p>\n<p><span style=\"text-decoration: underline;\"><span style=\"font-weight: 400;\">Modalitat FCT<\/span><\/span><span style=\"font-weight: 400;\">: els alumnes fan pr\u00e0ctiques a l\u2019empresa, s\u00f3n uns 5 mesos (4 hores al mat\u00ed)\u00a0 i no cobren.<\/span><\/p>\n<p><span style=\"text-decoration: underline;\"><span style=\"font-weight: 400;\">Modalitat\u00a0 DUAL<\/span><\/span><span style=\"font-weight: 400;\">: els alumnes s\u00f3n aprenents, les hores a l\u2019empresa duren 1 any (4 hores al mat\u00ed) i els alumnes cobren la part proporcional al salari m\u00ednim.<\/span><\/p>\n<p><span style=\"font-weight: 400;\">Algunes de les <\/span><b>empreses on els nostres alumnes fan les pr\u00e0ctiques<\/b><span style=\"font-weight: 400;\"> s\u00f3n:<\/span><\/p>\n<p><a href=\"https:\/\/agora.xtec.cat\/inssalvadorsunyer\/wp-content\/uploads\/usu1009\/2021\/05\/Leroy-Merlin-Logo.png\"><img loading=\"lazy\" decoding=\"async\" class=\"alignnone wp-image-12214\" src=\"https:\/\/agora.xtec.cat\/inssalvadorsunyer\/wp-content\/uploads\/usu1009\/2021\/05\/Leroy-Merlin-Logo-300x169.png\" alt=\"\" width=\"216\" height=\"122\" srcset=\"https:\/\/agora.xtec.cat\/inssalvadorsunyer\/wp-content\/uploads\/usu1009\/2021\/05\/Leroy-Merlin-Logo-300x169.png 300w, https:\/\/agora.xtec.cat\/inssalvadorsunyer\/wp-content\/uploads\/usu1009\/2021\/05\/Leroy-Merlin-Logo-768x432.png 768w, https:\/\/agora.xtec.cat\/inssalvadorsunyer\/wp-content\/uploads\/usu1009\/2021\/05\/Leroy-Merlin-Logo-1024x576.png 1024w, https:\/\/agora.xtec.cat\/inssalvadorsunyer\/wp-content\/uploads\/usu1009\/2021\/05\/Leroy-Merlin-Logo.png 1280w\" sizes=\"auto, (max-width: 216px) 100vw, 216px\" \/>\u00a0 <\/a>\u00a0 \u00a0 \u00a0 \u00a0 \u00a0 \u00a0 \u00a0 \u00a0 \u00a0 \u00a0 \u00a0 \u00a0 \u00a0\u00a0 \u00a0\u00a0 \u00a0<a href=\"https:\/\/agora.xtec.cat\/inssalvadorsunyer\/wp-content\/uploads\/usu1009\/2021\/05\/1280px-Media_Markt_logo.svg_-e1620734582249.png\"><img loading=\"lazy\" decoding=\"async\" class=\"alignnone wp-image-12208 \" src=\"https:\/\/agora.xtec.cat\/inssalvadorsunyer\/wp-content\/uploads\/usu1009\/2021\/05\/1280px-Media_Markt_logo.svg_-e1620734582249-300x55.png\" alt=\"\" width=\"322\" height=\"59\" srcset=\"https:\/\/agora.xtec.cat\/inssalvadorsunyer\/wp-content\/uploads\/usu1009\/2021\/05\/1280px-Media_Markt_logo.svg_-e1620734582249-300x55.png 300w, https:\/\/agora.xtec.cat\/inssalvadorsunyer\/wp-content\/uploads\/usu1009\/2021\/05\/1280px-Media_Markt_logo.svg_-e1620734582249-768x142.png 768w, https:\/\/agora.xtec.cat\/inssalvadorsunyer\/wp-content\/uploads\/usu1009\/2021\/05\/1280px-Media_Markt_logo.svg_-e1620734582249-1024x189.png 1024w, https:\/\/agora.xtec.cat\/inssalvadorsunyer\/wp-content\/uploads\/usu1009\/2021\/05\/1280px-Media_Markt_logo.svg_-e1620734582249.png 1280w\" sizes=\"auto, (max-width: 322px) 100vw, 322px\" \/><\/a> \u00a0<a href=\"https:\/\/agora.xtec.cat\/inssalvadorsunyer\/wp-content\/uploads\/usu1009\/2021\/05\/Leroy-Merlin-Logo.png\">\u00a0<\/a><\/p>\n<p><a href=\"https:\/\/agora.xtec.cat\/inssalvadorsunyer\/wp-content\/uploads\/usu1009\/2021\/05\/slider-logo-fefac.jpg\"><img loading=\"lazy\" decoding=\"async\" class=\"alignnone wp-image-12218 \" src=\"https:\/\/agora.xtec.cat\/inssalvadorsunyer\/wp-content\/uploads\/usu1009\/2021\/05\/slider-logo-fefac-e1620734184498-300x136.jpg\" alt=\"\" width=\"267\" height=\"121\" srcset=\"https:\/\/agora.xtec.cat\/inssalvadorsunyer\/wp-content\/uploads\/usu1009\/2021\/05\/slider-logo-fefac-e1620734184498-300x136.jpg 300w, https:\/\/agora.xtec.cat\/inssalvadorsunyer\/wp-content\/uploads\/usu1009\/2021\/05\/slider-logo-fefac-e1620734184498-768x349.jpg 768w, https:\/\/agora.xtec.cat\/inssalvadorsunyer\/wp-content\/uploads\/usu1009\/2021\/05\/slider-logo-fefac-e1620734184498.jpg 1024w\" sizes=\"auto, (max-width: 267px) 100vw, 267px\" \/><\/a> \u00a0 \u00a0 \u00a0 \u00a0 \u00a0 \u00a0 \u00a0 \u00a0 \u00a0 <a href=\"https:\/\/agora.xtec.cat\/inssalvadorsunyer\/wp-content\/uploads\/usu1009\/2021\/05\/ias_h.jpg\"><img loading=\"lazy\" decoding=\"async\" class=\"alignnone size-medium wp-image-12213\" src=\"https:\/\/agora.xtec.cat\/inssalvadorsunyer\/wp-content\/uploads\/usu1009\/2021\/05\/ias_h-300x77.jpg\" alt=\"\" width=\"300\" height=\"77\" srcset=\"https:\/\/agora.xtec.cat\/inssalvadorsunyer\/wp-content\/uploads\/usu1009\/2021\/05\/ias_h-300x77.jpg 300w, https:\/\/agora.xtec.cat\/inssalvadorsunyer\/wp-content\/uploads\/usu1009\/2021\/05\/ias_h-768x198.jpg 768w, https:\/\/agora.xtec.cat\/inssalvadorsunyer\/wp-content\/uploads\/usu1009\/2021\/05\/ias_h.jpg 881w\" sizes=\"auto, (max-width: 300px) 100vw, 300px\" \/> <\/a><\/p>\n<p><a href=\"https:\/\/agora.xtec.cat\/inssalvadorsunyer\/wp-content\/uploads\/usu1009\/2021\/05\/logo-conforama-e1620734284407.jpg\"><img loading=\"lazy\" decoding=\"async\" class=\"alignnone wp-image-12217 size-medium\" src=\"https:\/\/agora.xtec.cat\/inssalvadorsunyer\/wp-content\/uploads\/usu1009\/2021\/05\/logo-conforama-e1620734284407-300x101.jpg\" alt=\"\" width=\"300\" height=\"101\" \/><\/a> \u00a0 \u00a0 \u00a0 \u00a0 \u00a0 \u00a0 \u00a0 <a href=\"https:\/\/agora.xtec.cat\/inssalvadorsunyer\/wp-content\/uploads\/usu1009\/2021\/05\/logo-calbet.jpg\"><img loading=\"lazy\" decoding=\"async\" class=\"alignnone size-medium wp-image-12216\" src=\"https:\/\/agora.xtec.cat\/inssalvadorsunyer\/wp-content\/uploads\/usu1009\/2021\/05\/logo-calbet-300x77.jpg\" alt=\"\" width=\"300\" height=\"77\" srcset=\"https:\/\/agora.xtec.cat\/inssalvadorsunyer\/wp-content\/uploads\/usu1009\/2021\/05\/logo-calbet-300x77.jpg 300w, https:\/\/agora.xtec.cat\/inssalvadorsunyer\/wp-content\/uploads\/usu1009\/2021\/05\/logo-calbet.jpg 443w\" sizes=\"auto, (max-width: 300px) 100vw, 300px\" \/><\/a> \u00a0 \u00a0 \u00a0 \u00a0 \u00a0 <a href=\"https:\/\/agora.xtec.cat\/inssalvadorsunyer\/wp-content\/uploads\/usu1009\/2021\/05\/descarga-e1620734469372.png\"><img loading=\"lazy\" decoding=\"async\" class=\"alignnone wp-image-12212 \" src=\"https:\/\/agora.xtec.cat\/inssalvadorsunyer\/wp-content\/uploads\/usu1009\/2021\/05\/descarga-e1620734469372-300x95.png\" alt=\"\" width=\"256\" height=\"81\" srcset=\"https:\/\/agora.xtec.cat\/inssalvadorsunyer\/wp-content\/uploads\/usu1009\/2021\/05\/descarga-e1620734469372-300x95.png 300w, https:\/\/agora.xtec.cat\/inssalvadorsunyer\/wp-content\/uploads\/usu1009\/2021\/05\/descarga-e1620734469372.png 309w\" sizes=\"auto, (max-width: 256px) 100vw, 256px\" \/> \u00a0 \u00a0 <\/a><\/p>\n<p><a href=\"https:\/\/agora.xtec.cat\/inssalvadorsunyer\/wp-content\/uploads\/usu1009\/2021\/05\/Bauhaus-Logo-e1620734388564.png\"><img loading=\"lazy\" decoding=\"async\" class=\"alignnone wp-image-12210 \" src=\"https:\/\/agora.xtec.cat\/inssalvadorsunyer\/wp-content\/uploads\/usu1009\/2021\/05\/Bauhaus-Logo-e1620734388564-300x59.png\" alt=\"\" width=\"346\" height=\"68\" srcset=\"https:\/\/agora.xtec.cat\/inssalvadorsunyer\/wp-content\/uploads\/usu1009\/2021\/05\/Bauhaus-Logo-e1620734388564-300x59.png 300w, https:\/\/agora.xtec.cat\/inssalvadorsunyer\/wp-content\/uploads\/usu1009\/2021\/05\/Bauhaus-Logo-e1620734388564-768x152.png 768w, https:\/\/agora.xtec.cat\/inssalvadorsunyer\/wp-content\/uploads\/usu1009\/2021\/05\/Bauhaus-Logo-e1620734388564-1024x202.png 1024w\" sizes=\"auto, (max-width: 346px) 100vw, 346px\" \/><\/a> \u00a0 \u00a0 \u00a0 <a href=\"https:\/\/agora.xtec.cat\/inssalvadorsunyer\/wp-content\/uploads\/usu1009\/2021\/05\/Zeemanlogo.jpg\"><img loading=\"lazy\" decoding=\"async\" class=\"alignnone wp-image-12219\" src=\"https:\/\/agora.xtec.cat\/inssalvadorsunyer\/wp-content\/uploads\/usu1009\/2021\/05\/Zeemanlogo-300x83.jpg\" alt=\"\" width=\"231\" height=\"64\" srcset=\"https:\/\/agora.xtec.cat\/inssalvadorsunyer\/wp-content\/uploads\/usu1009\/2021\/05\/Zeemanlogo-300x83.jpg 300w, https:\/\/agora.xtec.cat\/inssalvadorsunyer\/wp-content\/uploads\/usu1009\/2021\/05\/Zeemanlogo-768x213.jpg 768w, https:\/\/agora.xtec.cat\/inssalvadorsunyer\/wp-content\/uploads\/usu1009\/2021\/05\/Zeemanlogo-1024x283.jpg 1024w, https:\/\/agora.xtec.cat\/inssalvadorsunyer\/wp-content\/uploads\/usu1009\/2021\/05\/Zeemanlogo.jpg 1651w\" sizes=\"auto, (max-width: 231px) 100vw, 231px\" \/>\u00a0<\/a> \u00a0 \u00a0 \u00a0 \u00a0 \u00a0 \u00a0 \u00a0 \u00a0 \u00a0\u00a0<a href=\"https:\/\/agora.xtec.cat\/inssalvadorsunyer\/wp-content\/uploads\/usu1009\/2021\/05\/44795350_979438875593082_2297962607513960448_n-e1620734434991.jpg\"><img loading=\"lazy\" decoding=\"async\" class=\"alignnone wp-image-12209\" src=\"https:\/\/agora.xtec.cat\/inssalvadorsunyer\/wp-content\/uploads\/usu1009\/2021\/05\/44795350_979438875593082_2297962607513960448_n-e1620734434991-300x163.jpg\" alt=\"\" width=\"223\" height=\"121\" srcset=\"https:\/\/agora.xtec.cat\/inssalvadorsunyer\/wp-content\/uploads\/usu1009\/2021\/05\/44795350_979438875593082_2297962607513960448_n-e1620734434991-300x163.jpg 300w, https:\/\/agora.xtec.cat\/inssalvadorsunyer\/wp-content\/uploads\/usu1009\/2021\/05\/44795350_979438875593082_2297962607513960448_n-e1620734434991.jpg 583w\" sizes=\"auto, (max-width: 223px) 100vw, 223px\" \/><\/a><\/p>\n<p><b>COL\u00b7LABORACIONS AMB EL CENTRE<\/b><\/p>\n<p><span style=\"font-weight: 400;\">Des del cicle de comer\u00e7, realitzem diverses activitats treballats a l\u2019aula en un dels m\u00f2duls pr\u00e0ctics i des del taller. Els projectes, s\u00f3n:<\/span><\/p>\n<ul>\n<li style=\"font-weight: 400;\" aria-level=\"1\"><span style=\"font-weight: 400;\">Decoracions<\/span><span style=\"font-weight: 400;\">: al taller decorem diferents espais de centre, com Halloween, tardor, Nadal i primavera.<\/span><\/li>\n<li style=\"font-weight: 400;\" aria-level=\"1\"><span style=\"font-weight: 400;\">El nadal entra per la porta<\/span><span style=\"font-weight: 400;\">: tots els alumnes de l\u2019institut ESO i cicles, fem un concurs de les portes de les classes, per nadal.<\/span><\/li>\n<li style=\"font-weight: 400;\" aria-level=\"1\"><span style=\"font-weight: 400;\">El dia de la Pau<\/span><span style=\"font-weight: 400;\">: aquest dia, el centre fa un acte, on hi col\u00b7laborem amb la decoraci\u00f3 de l\u2019escenari i d\u2019alguns espais del centre.<\/span><\/li>\n<li style=\"font-weight: 400;\" aria-level=\"1\"><span style=\"font-weight: 400;\">St. Jordi<\/span><span style=\"font-weight: 400;\">: col\u00b7laborem amb la parada de St. Jordi i la venda de llibres. Preparant tots els llibres, amb el seu llistat corresponent i el posterior control de les vendes, des de la parada i despr\u00e9s des de l\u2019aula.<\/span><\/li>\n<\/ul>\n","protected":false},"excerpt":{"rendered":"<p>VIDEO PRESENTACI\u00d3 ACTIVITATS COMERCIALS NOM DEL CICLE: Activitats Comercials NIVELL: Formaci\u00f3 professional de grau mitj\u00e0 FAM\u00cdLIA: Comer\u00e7 i m\u00e0rqueting DURADA:\u00a0 2.000 hores El nostre institut \u00e9s molt familiar i acollidor. Tindr\u00e0s una bona atenci\u00f3 personalitzada, ja que \u00e9s un institut petit, nom\u00e9s hi ha ESO i el nostre CFGM d\u2019Activitats Comercials, les classes s\u00f3n de [&hellip;]<\/p>\n","protected":false},"author":1,"featured_media":0,"parent":12150,"menu_order":0,"comment_status":"closed","ping_status":"closed","template":"","meta":{"_bbp_topic_count":0,"_bbp_reply_count":0,"_bbp_total_topic_count":0,"_bbp_total_reply_count":0,"_bbp_voice_count":0,"_bbp_anonymous_reply_count":0,"_bbp_topic_count_hidden":0,"_bbp_reply_count_hidden":0,"_bbp_forum_subforum_count":0,"site-sidebar-layout":"default","site-content-layout":"","ast-site-content-layout":"default","site-content-style":"default","site-sidebar-style":"default","ast-global-header-display":"","ast-banner-title-visibility":"","ast-main-header-display":"","ast-hfb-above-header-display":"","ast-hfb-below-header-display":"","ast-hfb-mobile-header-display":"","site-post-title":"","ast-breadcrumbs-content":"","ast-featured-img":"","footer-sml-layout":"","theme-transparent-header-meta":"default","adv-header-id-meta":"","stick-header-meta":"","header-above-stick-meta":"","header-main-stick-meta":"","header-below-stick-meta":"","astra-migrate-meta-layouts":"set","ast-page-background-enabled":"default","ast-page-background-meta":{"desktop":{"background-color":"var(--ast-global-color-4)","background-image":"","background-repeat":"repeat","background-position":"center center","background-size":"auto","background-attachment":"scroll","background-type":"","background-media":"","overlay-type":"","overlay-color":"","overlay-opacity":"","overlay-gradient":""},"tablet":{"background-color":"","background-image":"","background-repeat":"repeat","background-position":"center center","background-size":"auto","background-attachment":"scroll","background-type":"","background-media":"","overlay-type":"","overlay-color":"","overlay-opacity":"","overlay-gradient":""},"mobile":{"background-color":"","background-image":"","background-repeat":"repeat","background-position":"center center","background-size":"auto","background-attachment":"scroll","background-type":"","background-media":"","overlay-type":"","overlay-color":"","overlay-opacity":"","overlay-gradient":""}},"ast-content-background-meta":{"desktop":{"background-color":"var(--ast-global-color-5)","background-image":"","background-repeat":"repeat","background-position":"center center","background-size":"auto","background-attachment":"scroll","background-type":"","background-media":"","overlay-type":"","overlay-color":"","overlay-opacity":"","overlay-gradient":""},"tablet":{"background-color":"var(--ast-global-color-5)","background-image":"","background-repeat":"repeat","background-position":"center center","background-size":"auto","background-attachment":"scroll","background-type":"","background-media":"","overlay-type":"","overlay-color":"","overlay-opacity":"","overlay-gradient":""},"mobile":{"background-color":"var(--ast-global-color-5)","background-image":"","background-repeat":"repeat","background-position":"center center","background-size":"auto","background-attachment":"scroll","background-type":"","background-media":"","overlay-type":"","overlay-color":"","overlay-opacity":"","overlay-gradient":""}},"footnotes":""},"class_list":["post-12118","page","type-page","status-publish","hentry"],"post_mailing_queue_ids":[],"_links":{"self":[{"href":"https:\/\/agora.xtec.cat\/inssalvadorsunyer\/wp-json\/wp\/v2\/pages\/12118","targetHints":{"allow":["GET"]}}],"collection":[{"href":"https:\/\/agora.xtec.cat\/inssalvadorsunyer\/wp-json\/wp\/v2\/pages"}],"about":[{"href":"https:\/\/agora.xtec.cat\/inssalvadorsunyer\/wp-json\/wp\/v2\/types\/page"}],"author":[{"embeddable":true,"href":"https:\/\/agora.xtec.cat\/inssalvadorsunyer\/wp-json\/wp\/v2\/users\/1"}],"replies":[{"embeddable":true,"href":"https:\/\/agora.xtec.cat\/inssalvadorsunyer\/wp-json\/wp\/v2\/comments?post=12118"}],"version-history":[{"count":5,"href":"https:\/\/agora.xtec.cat\/inssalvadorsunyer\/wp-json\/wp\/v2\/pages\/12118\/revisions"}],"predecessor-version":[{"id":16029,"href":"https:\/\/agora.xtec.cat\/inssalvadorsunyer\/wp-json\/wp\/v2\/pages\/12118\/revisions\/16029"}],"up":[{"embeddable":true,"href":"https:\/\/agora.xtec.cat\/inssalvadorsunyer\/wp-json\/wp\/v2\/pages\/12150"}],"wp:attachment":[{"href":"https:\/\/agora.xtec.cat\/inssalvadorsunyer\/wp-json\/wp\/v2\/media?parent=12118"}],"curies":[{"name":"wp","href":"https:\/\/api.w.org\/{rel}","templated":true}]}}