{"id":11467,"date":"2021-03-02T17:07:10","date_gmt":"2021-03-02T16:07:10","guid":{"rendered":"http:\/\/agora.xtec.cat\/inssalvadorsunyer\/?page_id=11467"},"modified":"2021-03-02T17:12:08","modified_gmt":"2021-03-02T16:12:08","slug":"activitats-del-pee-pla-dentorn-educatiu-juguem","status":"publish","type":"page","link":"https:\/\/agora.xtec.cat\/inssalvadorsunyer\/activitats-del-pee-pla-dentorn-educatiu-juguem\/","title":{"rendered":"Activitats del PEE (Pla d&#8217;Entorn Educatiu) Juguem?"},"content":{"rendered":"<p dir=\"ltr\">El centre participa del Programa Juguem? del Pla d\u2019Entorn educatiu. Aquest Programa dona la oportunitat als joves i infants de Salt a fer activitats extraescolars esportives, culturals i de lleure en horari no lectiu dins el mateix municipi. L\u2019oferta extraescolar que proporciona \u00e9s variada i a l\u2019abast de tothom. \u00c9s tamb\u00e9 una manera de fomentar la participaci\u00f3 i la interrelaci\u00f3 dels joves de Salt, a la vegada que dona l\u2019oportunitat de con\u00e8ixer les entitats del poble.<\/p>\n<p dir=\"ltr\">Els joves es poden informar i inscriure a les activitats al propi institut a trav\u00e9s del referent del centre, en el nostre cas la TIS, que es la persona que fa de nexe entre el centre educatiu i el programa Juguem. Podeu clicar el seg\u00fcent <a href=\"https:\/\/agora.xtec.cat\/inssalvadorsunyer\/wp-content\/uploads\/usu1009\/2021\/03\/Programa-Juguem-2020-21.pdf\">enlla\u00e7<\/a> per veure tota la informaci\u00f3 de les activitats d\u2019enguany.<\/p>\n","protected":false},"excerpt":{"rendered":"<p>El centre participa del Programa Juguem? del Pla d\u2019Entorn educatiu. Aquest Programa dona la oportunitat als joves i infants de Salt a fer activitats extraescolars esportives, culturals i de lleure en horari no lectiu dins el mateix municipi. L\u2019oferta extraescolar que proporciona \u00e9s variada i a l\u2019abast de tothom. \u00c9s tamb\u00e9 una manera de fomentar [&hellip;]<\/p>\n","protected":false},"author":1,"featured_media":0,"parent":0,"menu_order":0,"comment_status":"closed","ping_status":"closed","template":"","meta":{"_bbp_topic_count":0,"_bbp_reply_count":0,"_bbp_total_topic_count":0,"_bbp_total_reply_count":0,"_bbp_voice_count":0,"_bbp_anonymous_reply_count":0,"_bbp_topic_count_hidden":0,"_bbp_reply_count_hidden":0,"_bbp_forum_subforum_count":0,"site-sidebar-layout":"default","site-content-layout":"","ast-site-content-layout":"","site-content-style":"default","site-sidebar-style":"default","ast-global-header-display":"","ast-banner-title-visibility":"","ast-main-header-display":"","ast-hfb-above-header-display":"","ast-hfb-below-header-display":"","ast-hfb-mobile-header-display":"","site-post-title":"","ast-breadcrumbs-content":"","ast-featured-img":"","footer-sml-layout":"","theme-transparent-header-meta":"","adv-header-id-meta":"","stick-header-meta":"","header-above-stick-meta":"","header-main-stick-meta":"","header-below-stick-meta":"","astra-migrate-meta-layouts":"default","ast-page-background-enabled":"default","ast-page-background-meta":{"desktop":{"background-color":"var(--ast-global-color-4)","background-image":"","background-repeat":"repeat","background-position":"center center","background-size":"auto","background-attachment":"scroll","background-type":"","background-media":"","overlay-type":"","overlay-color":"","overlay-opacity":"","overlay-gradient":""},"tablet":{"background-color":"","background-image":"","background-repeat":"repeat","background-position":"center center","background-size":"auto","background-attachment":"scroll","background-type":"","background-media":"","overlay-type":"","overlay-color":"","overlay-opacity":"","overlay-gradient":""},"mobile":{"background-color":"","background-image":"","background-repeat":"repeat","background-position":"center center","background-size":"auto","background-attachment":"scroll","background-type":"","background-media":"","overlay-type":"","overlay-color":"","overlay-opacity":"","overlay-gradient":""}},"ast-content-background-meta":{"desktop":{"background-color":"var(--ast-global-color-5)","background-image":"","background-repeat":"repeat","background-position":"center center","background-size":"auto","background-attachment":"scroll","background-type":"","background-media":"","overlay-type":"","overlay-color":"","overlay-opacity":"","overlay-gradient":""},"tablet":{"background-color":"var(--ast-global-color-5)","background-image":"","background-repeat":"repeat","background-position":"center center","background-size":"auto","background-attachment":"scroll","background-type":"","background-media":"","overlay-type":"","overlay-color":"","overlay-opacity":"","overlay-gradient":""},"mobile":{"background-color":"var(--ast-global-color-5)","background-image":"","background-repeat":"repeat","background-position":"center center","background-size":"auto","background-attachment":"scroll","background-type":"","background-media":"","overlay-type":"","overlay-color":"","overlay-opacity":"","overlay-gradient":""}},"footnotes":""},"class_list":["post-11467","page","type-page","status-publish","hentry"],"post_mailing_queue_ids":[],"_links":{"self":[{"href":"https:\/\/agora.xtec.cat\/inssalvadorsunyer\/wp-json\/wp\/v2\/pages\/11467","targetHints":{"allow":["GET"]}}],"collection":[{"href":"https:\/\/agora.xtec.cat\/inssalvadorsunyer\/wp-json\/wp\/v2\/pages"}],"about":[{"href":"https:\/\/agora.xtec.cat\/inssalvadorsunyer\/wp-json\/wp\/v2\/types\/page"}],"author":[{"embeddable":true,"href":"https:\/\/agora.xtec.cat\/inssalvadorsunyer\/wp-json\/wp\/v2\/users\/1"}],"replies":[{"embeddable":true,"href":"https:\/\/agora.xtec.cat\/inssalvadorsunyer\/wp-json\/wp\/v2\/comments?post=11467"}],"version-history":[{"count":3,"href":"https:\/\/agora.xtec.cat\/inssalvadorsunyer\/wp-json\/wp\/v2\/pages\/11467\/revisions"}],"predecessor-version":[{"id":11469,"href":"https:\/\/agora.xtec.cat\/inssalvadorsunyer\/wp-json\/wp\/v2\/pages\/11467\/revisions\/11469"}],"wp:attachment":[{"href":"https:\/\/agora.xtec.cat\/inssalvadorsunyer\/wp-json\/wp\/v2\/media?parent=11467"}],"curies":[{"name":"wp","href":"https:\/\/api.w.org\/{rel}","templated":true}]}}