{"id":11461,"date":"2021-03-02T17:02:36","date_gmt":"2021-03-02T16:02:36","guid":{"rendered":"http:\/\/agora.xtec.cat\/inssalvadorsunyer\/?page_id=11461"},"modified":"2021-03-02T17:02:36","modified_gmt":"2021-03-02T16:02:36","slug":"activitats-del-pce-pla-catala-de-lesport","status":"publish","type":"page","link":"https:\/\/agora.xtec.cat\/inssalvadorsunyer\/activitats-del-pce-pla-catala-de-lesport\/","title":{"rendered":"Activitats del PCE (Pla Catal\u00e0 de l&#8217;Esport)"},"content":{"rendered":"<p>El passat dimecres 16 de desembre es varen iniciar les activitats extraescolars esportives que ofereix el centre dins el marc del\u00a0<strong>Pla Catal\u00e0 de l\u2019Esport<\/strong>. Durant aquest curs 2020-21, els\/les alumnes tindran l\u2019oportunitat de participar en entrenaments de futbol i de defensa personal. Les activitats varen ser escollides en funci\u00f3 de la demanda del mateix alumnat i es realitzen en instal\u00b7lacions municipals, el futbol en el camp de gespa artificial i la defensa personal en una sala del pavell\u00f3 de gimn\u00e0stica ben equipada amb tatami.<\/p>\n<p>Per tant, gr\u00e0cies a l\u2019Ajuntament de Salt i a l\u2019Associaci\u00f3 de Girona Judo, les activitats es poden dur a terme en espais \u00f2ptims per a la seva pr\u00e0ctica a cinc minuts caminant de l\u2019institut.<\/p>\n<p><img decoding=\"async\" src=\"https:\/\/agora.xtec.cat\/inssalvadorsunyer\/wp-content\/uploads\/usu1009\/2020\/12\/1r-dia-Futbol-PCEE-16-12-20.jpeg\" \/><\/p>\n","protected":false},"excerpt":{"rendered":"<p>El passat dimecres 16 de desembre es varen iniciar les activitats extraescolars esportives que ofereix el centre dins el marc del\u00a0Pla Catal\u00e0 de l\u2019Esport. Durant aquest curs 2020-21, els\/les alumnes tindran l\u2019oportunitat de participar en entrenaments de futbol i de defensa personal. Les activitats varen ser escollides en funci\u00f3 de la demanda del mateix alumnat [&hellip;]<\/p>\n","protected":false},"author":1,"featured_media":0,"parent":0,"menu_order":0,"comment_status":"closed","ping_status":"closed","template":"","meta":{"_bbp_topic_count":0,"_bbp_reply_count":0,"_bbp_total_topic_count":0,"_bbp_total_reply_count":0,"_bbp_voice_count":0,"_bbp_anonymous_reply_count":0,"_bbp_topic_count_hidden":0,"_bbp_reply_count_hidden":0,"_bbp_forum_subforum_count":0,"site-sidebar-layout":"default","site-content-layout":"","ast-site-content-layout":"","site-content-style":"default","site-sidebar-style":"default","ast-global-header-display":"","ast-banner-title-visibility":"","ast-main-header-display":"","ast-hfb-above-header-display":"","ast-hfb-below-header-display":"","ast-hfb-mobile-header-display":"","site-post-title":"","ast-breadcrumbs-content":"","ast-featured-img":"","footer-sml-layout":"","theme-transparent-header-meta":"","adv-header-id-meta":"","stick-header-meta":"","header-above-stick-meta":"","header-main-stick-meta":"","header-below-stick-meta":"","astra-migrate-meta-layouts":"default","ast-page-background-enabled":"default","ast-page-background-meta":{"desktop":{"background-color":"var(--ast-global-color-4)","background-image":"","background-repeat":"repeat","background-position":"center center","background-size":"auto","background-attachment":"scroll","background-type":"","background-media":"","overlay-type":"","overlay-color":"","overlay-opacity":"","overlay-gradient":""},"tablet":{"background-color":"","background-image":"","background-repeat":"repeat","background-position":"center center","background-size":"auto","background-attachment":"scroll","background-type":"","background-media":"","overlay-type":"","overlay-color":"","overlay-opacity":"","overlay-gradient":""},"mobile":{"background-color":"","background-image":"","background-repeat":"repeat","background-position":"center center","background-size":"auto","background-attachment":"scroll","background-type":"","background-media":"","overlay-type":"","overlay-color":"","overlay-opacity":"","overlay-gradient":""}},"ast-content-background-meta":{"desktop":{"background-color":"var(--ast-global-color-5)","background-image":"","background-repeat":"repeat","background-position":"center center","background-size":"auto","background-attachment":"scroll","background-type":"","background-media":"","overlay-type":"","overlay-color":"","overlay-opacity":"","overlay-gradient":""},"tablet":{"background-color":"var(--ast-global-color-5)","background-image":"","background-repeat":"repeat","background-position":"center center","background-size":"auto","background-attachment":"scroll","background-type":"","background-media":"","overlay-type":"","overlay-color":"","overlay-opacity":"","overlay-gradient":""},"mobile":{"background-color":"var(--ast-global-color-5)","background-image":"","background-repeat":"repeat","background-position":"center center","background-size":"auto","background-attachment":"scroll","background-type":"","background-media":"","overlay-type":"","overlay-color":"","overlay-opacity":"","overlay-gradient":""}},"footnotes":""},"class_list":["post-11461","page","type-page","status-publish","hentry"],"post_mailing_queue_ids":[],"_links":{"self":[{"href":"https:\/\/agora.xtec.cat\/inssalvadorsunyer\/wp-json\/wp\/v2\/pages\/11461","targetHints":{"allow":["GET"]}}],"collection":[{"href":"https:\/\/agora.xtec.cat\/inssalvadorsunyer\/wp-json\/wp\/v2\/pages"}],"about":[{"href":"https:\/\/agora.xtec.cat\/inssalvadorsunyer\/wp-json\/wp\/v2\/types\/page"}],"author":[{"embeddable":true,"href":"https:\/\/agora.xtec.cat\/inssalvadorsunyer\/wp-json\/wp\/v2\/users\/1"}],"replies":[{"embeddable":true,"href":"https:\/\/agora.xtec.cat\/inssalvadorsunyer\/wp-json\/wp\/v2\/comments?post=11461"}],"version-history":[{"count":3,"href":"https:\/\/agora.xtec.cat\/inssalvadorsunyer\/wp-json\/wp\/v2\/pages\/11461\/revisions"}],"predecessor-version":[{"id":11464,"href":"https:\/\/agora.xtec.cat\/inssalvadorsunyer\/wp-json\/wp\/v2\/pages\/11461\/revisions\/11464"}],"wp:attachment":[{"href":"https:\/\/agora.xtec.cat\/inssalvadorsunyer\/wp-json\/wp\/v2\/media?parent=11461"}],"curies":[{"name":"wp","href":"https:\/\/api.w.org\/{rel}","templated":true}]}}