{"id":11431,"date":"2021-03-02T11:29:55","date_gmt":"2021-03-02T10:29:55","guid":{"rendered":"http:\/\/agora.xtec.cat\/inssalvadorsunyer\/?page_id=11431"},"modified":"2021-03-02T11:30:25","modified_gmt":"2021-03-02T10:30:25","slug":"classroom","status":"publish","type":"page","link":"https:\/\/agora.xtec.cat\/inssalvadorsunyer\/classroom\/","title":{"rendered":"Classroom"},"content":{"rendered":"<p style=\"text-align: justify;\">Google Classroom \u00e9s una eina creada per Google en 2014, i destinada exclusivament al m\u00f3n educatiu. La seva missi\u00f3 \u00e9s la de permetre gestionar una aula de manera col\u00b7laborativa a trav\u00e9s d&#8217;Internet, sent una plataforma per a la gesti\u00f3 de l&#8217;aprenentatge.<br \/>\nTotes les opcions d&#8217;aquesta eina estan associades al compte de Google que el centre proporciona a tots els alumnes i docents, amb el format usuari@inssalvadorsunyer.cat, de manera que tant el docent com els estudiants hauran de tenir el seu compte, i el aquest actuar\u00e0 com el seu identificador. Aix\u00f2 vol dir que no haur\u00e0s de crear un compte espec\u00edfic per a aquesta eina, ja que s&#8217;utilitzaran les teves identitats de Google.<br \/>\nAquesta eina de Google permet gestionar les classes en l\u00ednia, i pot utilitzar-se tant per a l&#8217;aprenentatge presencial, com per a l&#8217;aprenentatge 100% a dist\u00e0ncia, o fins i tot per a l&#8217;aprenentatge mixt. Es poden crear documents, compartir informaci\u00f3 en diferents formats, agendar reunions i realitzar-les virtualment. Els alumnes tamb\u00e9 podran accedir des de qualsevol dispositiu a les seves classes, les seves anotacions o les seves tasques assignades.<\/p>\n<p style=\"text-align: justify;\">Si vols accedir al classroom, es pot fer clic en el seg\u00fcent enlla\u00e7: <a href=\"https:\/\/classroom.google.com\/u\/0\/h\">classroom<\/a><\/p>\n","protected":false},"excerpt":{"rendered":"<p>Google Classroom \u00e9s una eina creada per Google en 2014, i destinada exclusivament al m\u00f3n educatiu. La seva missi\u00f3 \u00e9s la de permetre gestionar una aula de manera col\u00b7laborativa a trav\u00e9s d&#8217;Internet, sent una plataforma per a la gesti\u00f3 de l&#8217;aprenentatge. Totes les opcions d&#8217;aquesta eina estan associades al compte de Google que el centre [&hellip;]<\/p>\n","protected":false},"author":1,"featured_media":0,"parent":0,"menu_order":0,"comment_status":"closed","ping_status":"closed","template":"","meta":{"_bbp_topic_count":0,"_bbp_reply_count":0,"_bbp_total_topic_count":0,"_bbp_total_reply_count":0,"_bbp_voice_count":0,"_bbp_anonymous_reply_count":0,"_bbp_topic_count_hidden":0,"_bbp_reply_count_hidden":0,"_bbp_forum_subforum_count":0,"site-sidebar-layout":"default","site-content-layout":"","ast-site-content-layout":"","site-content-style":"default","site-sidebar-style":"default","ast-global-header-display":"","ast-banner-title-visibility":"","ast-main-header-display":"","ast-hfb-above-header-display":"","ast-hfb-below-header-display":"","ast-hfb-mobile-header-display":"","site-post-title":"","ast-breadcrumbs-content":"","ast-featured-img":"","footer-sml-layout":"","theme-transparent-header-meta":"","adv-header-id-meta":"","stick-header-meta":"","header-above-stick-meta":"","header-main-stick-meta":"","header-below-stick-meta":"","astra-migrate-meta-layouts":"default","ast-page-background-enabled":"default","ast-page-background-meta":{"desktop":{"background-color":"var(--ast-global-color-4)","background-image":"","background-repeat":"repeat","background-position":"center center","background-size":"auto","background-attachment":"scroll","background-type":"","background-media":"","overlay-type":"","overlay-color":"","overlay-opacity":"","overlay-gradient":""},"tablet":{"background-color":"","background-image":"","background-repeat":"repeat","background-position":"center center","background-size":"auto","background-attachment":"scroll","background-type":"","background-media":"","overlay-type":"","overlay-color":"","overlay-opacity":"","overlay-gradient":""},"mobile":{"background-color":"","background-image":"","background-repeat":"repeat","background-position":"center center","background-size":"auto","background-attachment":"scroll","background-type":"","background-media":"","overlay-type":"","overlay-color":"","overlay-opacity":"","overlay-gradient":""}},"ast-content-background-meta":{"desktop":{"background-color":"var(--ast-global-color-5)","background-image":"","background-repeat":"repeat","background-position":"center center","background-size":"auto","background-attachment":"scroll","background-type":"","background-media":"","overlay-type":"","overlay-color":"","overlay-opacity":"","overlay-gradient":""},"tablet":{"background-color":"var(--ast-global-color-5)","background-image":"","background-repeat":"repeat","background-position":"center center","background-size":"auto","background-attachment":"scroll","background-type":"","background-media":"","overlay-type":"","overlay-color":"","overlay-opacity":"","overlay-gradient":""},"mobile":{"background-color":"var(--ast-global-color-5)","background-image":"","background-repeat":"repeat","background-position":"center center","background-size":"auto","background-attachment":"scroll","background-type":"","background-media":"","overlay-type":"","overlay-color":"","overlay-opacity":"","overlay-gradient":""}},"footnotes":""},"class_list":["post-11431","page","type-page","status-publish","hentry"],"post_mailing_queue_ids":[],"_links":{"self":[{"href":"https:\/\/agora.xtec.cat\/inssalvadorsunyer\/wp-json\/wp\/v2\/pages\/11431","targetHints":{"allow":["GET"]}}],"collection":[{"href":"https:\/\/agora.xtec.cat\/inssalvadorsunyer\/wp-json\/wp\/v2\/pages"}],"about":[{"href":"https:\/\/agora.xtec.cat\/inssalvadorsunyer\/wp-json\/wp\/v2\/types\/page"}],"author":[{"embeddable":true,"href":"https:\/\/agora.xtec.cat\/inssalvadorsunyer\/wp-json\/wp\/v2\/users\/1"}],"replies":[{"embeddable":true,"href":"https:\/\/agora.xtec.cat\/inssalvadorsunyer\/wp-json\/wp\/v2\/comments?post=11431"}],"version-history":[{"count":3,"href":"https:\/\/agora.xtec.cat\/inssalvadorsunyer\/wp-json\/wp\/v2\/pages\/11431\/revisions"}],"predecessor-version":[{"id":11433,"href":"https:\/\/agora.xtec.cat\/inssalvadorsunyer\/wp-json\/wp\/v2\/pages\/11431\/revisions\/11433"}],"wp:attachment":[{"href":"https:\/\/agora.xtec.cat\/inssalvadorsunyer\/wp-json\/wp\/v2\/media?parent=11431"}],"curies":[{"name":"wp","href":"https:\/\/api.w.org\/{rel}","templated":true}]}}