{"id":10318,"date":"2020-09-23T12:17:01","date_gmt":"2020-09-23T10:17:01","guid":{"rendered":"http:\/\/agora.xtec.cat\/inssalvadorsunyer\/?page_id=10318"},"modified":"2020-11-23T20:54:43","modified_gmt":"2020-11-23T19:54:43","slug":"2n-eso-c","status":"publish","type":"page","link":"https:\/\/agora.xtec.cat\/inssalvadorsunyer\/2n-eso-c\/","title":{"rendered":"2n ESO C"},"content":{"rendered":"<h6>El primer dia de confinament del grup hi haur\u00e0 una sessi\u00f3 telem\u00e0tica de tutoria amb el grup classe a les 10:20 del mat\u00ed i es penjaran les tasques de totes les mat\u00e8ries de classroom.<\/h6>\n<h6>Els dies seg\u00fcents hi haur\u00e0 dues sessions telem\u00e0tiques de dues mat\u00e8ries diferents per fer un seguiment de les tasques. L&#8217;enlla\u00e7 a aquestes sessions es far\u00e0 des del classroom de cada mat\u00e8ria.<\/h6>\n<h6>Aquestes connexions telem\u00e0tiques s\u00f3n <span style=\"text-decoration: underline;\">obligat\u00f2ries.<\/span><\/h6>\n<h2 style=\"text-align: center;\">Horari setmanal de confinament<\/h2>\n<table style=\"height: 144px;\">\n<tbody>\n<tr style=\"height: 31px;\">\n<td style=\"width: 123px; height: 31px;\"><\/td>\n<td style=\"width: 159px; text-align: center; height: 31px;\"><b>DILLUNS<\/b><\/td>\n<td style=\"width: 183px; text-align: center; height: 31px;\"><strong>DIMARTS<\/strong><\/td>\n<td style=\"width: 170px; text-align: center; height: 31px;\"><strong>DIMECRES<\/strong><\/td>\n<td style=\"width: 165px; text-align: center; height: 31px;\"><strong>DIJOUS<\/strong><\/td>\n<td style=\"width: 157px; text-align: center; height: 31px;\"><strong>DIVENDRES<\/strong><\/td>\n<\/tr>\n<tr style=\"height: 20px;\">\n<td style=\"width: 123px; text-align: center; height: 20px;\"><strong>08:55<\/strong><\/td>\n<td style=\"width: 159px; text-align: center; height: 20px;\"><\/td>\n<td style=\"width: 183px; text-align: center; height: 20px;\"><a href=\"https:\/\/classroom.google.com\/c\/MTcxODUwMTEwNDM2\">TUTORIA<\/a><\/td>\n<td style=\"width: 170px; text-align: center; height: 20px;\"><\/td>\n<td style=\"width: 165px; text-align: center; height: 20px;\"><a href=\"https:\/\/classroom.google.com\/u\/3\/c\/MTU4ODc0NjQ3NTQ2\">MATEM\u00c0TIQUES<\/a><\/p>\n<p><a href=\"https:\/\/classroom.google.com\/u\/3\/c\/MTkxMzM3ODIwMzQ2\">MATEM\u00c0TIQUES AA<\/a><\/td>\n<td style=\"width: 157px; text-align: center; height: 20px;\"><a href=\"https:\/\/classroom.google.com\/u\/4\/c\/MTY3ODI5MjM3MDIy\">FRANC\u00c8S<\/a><\/td>\n<\/tr>\n<tr style=\"height: 31px;\">\n<td style=\"width: 123px; text-align: center; height: 31px;\"><strong>10:20<\/strong><\/td>\n<td style=\"width: 159px; height: 31px; text-align: center;\"><a href=\"https:\/\/classroom.google.com\/u\/1\/c\/MTU4ODY3MTU3OTgw\">CATAL\u00c0<\/a><\/td>\n<td style=\"width: 183px; text-align: center; height: 31px;\"><\/td>\n<td style=\"width: 170px; text-align: center; height: 31px;\"><a href=\"https:\/\/classroom.google.com\/u\/1\/c\/MTY0MTUzNTEwNDE5\">SOCIALS<\/a><\/td>\n<td style=\"width: 165px; height: 31px;\"><\/td>\n<td style=\"width: 157px; text-align: center; height: 31px;\"><\/td>\n<\/tr>\n<tr style=\"height: 31px;\">\n<td style=\"width: 123px; text-align: center; height: 31px;\"><strong>11:15<\/strong><\/td>\n<td style=\"width: 159px; text-align: center; height: 31px;\"><\/td>\n<td style=\"width: 183px; height: 31px;\"><\/td>\n<td style=\"width: 170px; text-align: center; height: 31px;\"><\/td>\n<td style=\"width: 165px; text-align: center; height: 31px;\"><\/td>\n<td style=\"width: 157px; text-align: center; height: 31px;\"><a href=\"https:\/\/classroom.google.com\/u\/1\/c\/MTU4ODUyNjY0MjE4\">CASTELL\u00c0<\/a><\/td>\n<\/tr>\n<tr style=\"height: 31px;\">\n<td style=\"width: 123px; text-align: center; height: 31px;\"><strong>12:55<\/strong><\/td>\n<td style=\"width: 159px; text-align: center; height: 31px;\"><a href=\"https:\/\/classroom.google.com\/c\/MTU5NTI4NzQ1NjY3\">EDUCACI\u00d3 F\u00cdSICA<\/a><\/td>\n<td style=\"width: 183px; text-align: center; height: 31px;\"><a href=\"https:\/\/classroom.google.com\/u\/1\/c\/MTY0NTE2MDMyOTcy\">FIQ \/ TECNO<\/a><\/td>\n<td style=\"width: 170px; text-align: center; height: 31px;\"><a href=\"https:\/\/classroom.google.com\/u\/1\/c\/MTU5NzQyMjg1NjA1\">ANGL\u00c8S<\/a> \/ <a href=\"https:\/\/classroom.google.com\/u\/3\/c\/MTkxMzM3ODIwMzQ2\">CATAL\u00c0 AA<\/a><\/td>\n<td style=\"width: 165px; text-align: center; height: 31px;\"><a href=\"https:\/\/classroom.google.com\/u\/2\/c\/MTY3Mjk2MzkyNTkx\">M\u00daSICA<\/a><\/td>\n<td style=\"width: 157px; text-align: center; height: 31px;\"><\/td>\n<\/tr>\n<\/tbody>\n<\/table>\n<h2 style=\"text-align: center;\">2n C Aula d&#8217;Acollida<\/h2>\n<table style=\"height: 134px;\">\n<tbody>\n<tr style=\"height: 31px;\">\n<td style=\"width: 123px; height: 31px;\"><\/td>\n<td style=\"width: 159px; text-align: center; height: 31px;\"><strong>DILLUNS<\/strong><\/td>\n<td style=\"width: 183px; text-align: center; height: 31px;\"><strong>DIMARTS<\/strong><\/td>\n<td style=\"width: 170px; text-align: center; height: 31px;\"><strong>DIMECRES<\/strong><\/td>\n<td style=\"width: 165px; text-align: center; height: 31px;\"><strong>DIJOUS<\/strong><\/td>\n<td style=\"width: 157px; text-align: center; height: 31px;\"><strong>DIVENDRES<\/strong><\/td>\n<\/tr>\n<tr style=\"height: 20px;\">\n<td style=\"width: 123px; text-align: center; height: 10px;\"><strong>08:55<\/strong><\/td>\n<td style=\"width: 159px; text-align: center; height: 10px;\"><a href=\"https:\/\/classroom.google.com\/u\/3\/c\/MTkxMzM3ODIwMzQ2\">CATAL\u00c0 AA<\/a><\/td>\n<td style=\"width: 183px; text-align: center; height: 10px;\"><a href=\"https:\/\/classroom.google.com\/c\/MTcxODUwMTEwNDM2\">TUTORIA<\/a><\/td>\n<td style=\"width: 170px; text-align: center; height: 10px;\"><\/td>\n<td style=\"width: 165px; text-align: center; height: 10px;\"><a href=\"https:\/\/classroom.google.com\/u\/3\/c\/MTkxMzM3ODIwMzQ2\">MATEM\u00c0TIQUES AA<\/a><\/td>\n<td style=\"width: 157px; text-align: center; height: 10px;\"><\/td>\n<\/tr>\n<tr style=\"height: 31px;\">\n<td style=\"width: 123px; text-align: center; height: 31px;\"><strong>10:20<\/strong><\/td>\n<td style=\"width: 159px; height: 31px; text-align: center;\"><\/td>\n<td style=\"width: 183px; text-align: center; height: 31px;\"><\/td>\n<td style=\"width: 170px; text-align: center; height: 31px;\"><a href=\"https:\/\/classroom.google.com\/u\/1\/c\/MTY0MTUzNTEwNDE5\">SOCIALS<\/a><\/td>\n<td style=\"width: 165px; height: 31px;\"><\/td>\n<td style=\"width: 157px; text-align: center; height: 31px;\"><\/td>\n<\/tr>\n<tr style=\"height: 31px;\">\n<td style=\"width: 123px; text-align: center; height: 31px;\"><strong>11:15<\/strong><\/td>\n<td style=\"width: 159px; text-align: center; height: 31px;\"><\/td>\n<td style=\"width: 183px; height: 31px;\"><\/td>\n<td style=\"width: 170px; text-align: center; height: 31px;\"><\/td>\n<td style=\"width: 165px; text-align: center; height: 31px;\"><\/td>\n<td style=\"width: 157px; text-align: center; height: 31px;\"><a href=\"https:\/\/classroom.google.com\/u\/3\/c\/MTkxMzM3ODIwMzQ2\">CATAL\u00c0 AA<\/a><\/td>\n<\/tr>\n<tr style=\"height: 31px;\">\n<td style=\"width: 123px; text-align: center; height: 31px;\"><strong>12:55<\/strong><\/td>\n<td style=\"width: 159px; text-align: center; height: 31px;\"><a href=\"https:\/\/classroom.google.com\/c\/MTU5NTI4NzQ1NjY3\">EDUCACI\u00d3 F\u00cdSICA<\/a><\/td>\n<td style=\"width: 183px; text-align: center; height: 31px;\"><a href=\"https:\/\/classroom.google.com\/u\/1\/c\/MTY0NTE2MDMyOTcy\">FIQ \/ TECNO<\/a><\/td>\n<td style=\"width: 170px; text-align: center; height: 31px;\"><a href=\"https:\/\/classroom.google.com\/u\/1\/c\/MTU5NzQyMjg1NjA1\">ANGL\u00c8S<\/a><\/td>\n<td style=\"width: 165px; text-align: center; height: 31px;\"><a href=\"https:\/\/classroom.google.com\/u\/2\/c\/MTY3Mjk2MzkyNTkx\">M\u00daSICA<\/a><\/td>\n<td style=\"width: 157px; text-align: center; height: 31px;\"><\/td>\n<\/tr>\n<\/tbody>\n<\/table>\n","protected":false},"excerpt":{"rendered":"<p>El primer dia de confinament del grup hi haur\u00e0 una sessi\u00f3 telem\u00e0tica de tutoria amb el grup classe a les 10:20 del mat\u00ed i es penjaran les tasques de totes les mat\u00e8ries de classroom. Els dies seg\u00fcents hi haur\u00e0 dues sessions telem\u00e0tiques de dues mat\u00e8ries diferents per fer un seguiment de les tasques. L&#8217;enlla\u00e7 a [&hellip;]<\/p>\n","protected":false},"author":1,"featured_media":0,"parent":0,"menu_order":0,"comment_status":"closed","ping_status":"closed","template":"","meta":{"_bbp_topic_count":0,"_bbp_reply_count":0,"_bbp_total_topic_count":0,"_bbp_total_reply_count":0,"_bbp_voice_count":0,"_bbp_anonymous_reply_count":0,"_bbp_topic_count_hidden":0,"_bbp_reply_count_hidden":0,"_bbp_forum_subforum_count":0,"site-sidebar-layout":"default","site-content-layout":"","ast-site-content-layout":"","site-content-style":"default","site-sidebar-style":"default","ast-global-header-display":"","ast-banner-title-visibility":"","ast-main-header-display":"","ast-hfb-above-header-display":"","ast-hfb-below-header-display":"","ast-hfb-mobile-header-display":"","site-post-title":"","ast-breadcrumbs-content":"","ast-featured-img":"","footer-sml-layout":"","theme-transparent-header-meta":"","adv-header-id-meta":"","stick-header-meta":"","header-above-stick-meta":"","header-main-stick-meta":"","header-below-stick-meta":"","astra-migrate-meta-layouts":"default","ast-page-background-enabled":"default","ast-page-background-meta":{"desktop":{"background-color":"var(--ast-global-color-4)","background-image":"","background-repeat":"repeat","background-position":"center center","background-size":"auto","background-attachment":"scroll","background-type":"","background-media":"","overlay-type":"","overlay-color":"","overlay-opacity":"","overlay-gradient":""},"tablet":{"background-color":"","background-image":"","background-repeat":"repeat","background-position":"center center","background-size":"auto","background-attachment":"scroll","background-type":"","background-media":"","overlay-type":"","overlay-color":"","overlay-opacity":"","overlay-gradient":""},"mobile":{"background-color":"","background-image":"","background-repeat":"repeat","background-position":"center center","background-size":"auto","background-attachment":"scroll","background-type":"","background-media":"","overlay-type":"","overlay-color":"","overlay-opacity":"","overlay-gradient":""}},"ast-content-background-meta":{"desktop":{"background-color":"var(--ast-global-color-5)","background-image":"","background-repeat":"repeat","background-position":"center center","background-size":"auto","background-attachment":"scroll","background-type":"","background-media":"","overlay-type":"","overlay-color":"","overlay-opacity":"","overlay-gradient":""},"tablet":{"background-color":"var(--ast-global-color-5)","background-image":"","background-repeat":"repeat","background-position":"center center","background-size":"auto","background-attachment":"scroll","background-type":"","background-media":"","overlay-type":"","overlay-color":"","overlay-opacity":"","overlay-gradient":""},"mobile":{"background-color":"var(--ast-global-color-5)","background-image":"","background-repeat":"repeat","background-position":"center center","background-size":"auto","background-attachment":"scroll","background-type":"","background-media":"","overlay-type":"","overlay-color":"","overlay-opacity":"","overlay-gradient":""}},"footnotes":""},"class_list":["post-10318","page","type-page","status-publish","hentry"],"post_mailing_queue_ids":[],"_links":{"self":[{"href":"https:\/\/agora.xtec.cat\/inssalvadorsunyer\/wp-json\/wp\/v2\/pages\/10318","targetHints":{"allow":["GET"]}}],"collection":[{"href":"https:\/\/agora.xtec.cat\/inssalvadorsunyer\/wp-json\/wp\/v2\/pages"}],"about":[{"href":"https:\/\/agora.xtec.cat\/inssalvadorsunyer\/wp-json\/wp\/v2\/types\/page"}],"author":[{"embeddable":true,"href":"https:\/\/agora.xtec.cat\/inssalvadorsunyer\/wp-json\/wp\/v2\/users\/1"}],"replies":[{"embeddable":true,"href":"https:\/\/agora.xtec.cat\/inssalvadorsunyer\/wp-json\/wp\/v2\/comments?post=10318"}],"version-history":[{"count":4,"href":"https:\/\/agora.xtec.cat\/inssalvadorsunyer\/wp-json\/wp\/v2\/pages\/10318\/revisions"}],"predecessor-version":[{"id":10777,"href":"https:\/\/agora.xtec.cat\/inssalvadorsunyer\/wp-json\/wp\/v2\/pages\/10318\/revisions\/10777"}],"wp:attachment":[{"href":"https:\/\/agora.xtec.cat\/inssalvadorsunyer\/wp-json\/wp\/v2\/media?parent=10318"}],"curies":[{"name":"wp","href":"https:\/\/api.w.org\/{rel}","templated":true}]}}