{"id":10296,"date":"2020-09-22T11:13:35","date_gmt":"2020-09-22T09:13:35","guid":{"rendered":"http:\/\/agora.xtec.cat\/inssalvadorsunyer\/?page_id=10296"},"modified":"2026-02-24T01:05:23","modified_gmt":"2026-02-24T00:05:23","slug":"departaments","status":"publish","type":"page","link":"https:\/\/agora.xtec.cat\/inssalvadorsunyer\/estudis\/eso\/departaments\/","title":{"rendered":"Departaments"},"content":{"rendered":"<table style=\"width: 63.6682%; border-collapse: collapse; border-color: #ffffff; background-color: #ffffff; border-style: none;\">\n<tbody>\n<tr>\n<td style=\"width: 12.4608%; border-style: none; background-color: #ffffff;\"><a href=\"http:\/\/agora.xtec.cat\/inssalvadorsunyer\/departaments\/dep-de-ciencies\/\"><img loading=\"lazy\" decoding=\"async\" class=\"\" src=\"https:\/\/blocs.xtec.cat\/bancimatges\/files\/2019\/11\/depmates.png\" alt=\"\" width=\"69\" height=\"69\" \/><\/a><\/td>\n<td style=\"width: 12.4607%; border-style: none; background-color: #ffffff;\"><a href=\"http:\/\/agora.xtec.cat\/inssalvadorsunyer\/departaments\/dep-dexpressio\/\">\u00a0 \u00a0<img loading=\"lazy\" decoding=\"async\" class=\"\" src=\"https:\/\/blocs.xtec.cat\/bancimatges\/files\/2019\/11\/depvip.png\" alt=\"\" width=\"64\" height=\"64\" \/><\/a><\/td>\n<td style=\"width: 12.3157%; border-style: none; background-color: #ffffff;\"><a href=\"http:\/\/agora.xtec.cat\/inssalvadorsunyer\/departaments\/dep-dhumanitats\/\">\u00a0 \u00a0 <img loading=\"lazy\" decoding=\"async\" class=\"\" src=\"https:\/\/blocs.xtec.cat\/bancimatges\/files\/2019\/11\/depsocial.png\" alt=\"\" width=\"65\" height=\"65\" \/><\/a><\/td>\n<td style=\"width: 12.3883%; border-style: none; background-color: #ffffff;\"><a href=\"http:\/\/agora.xtec.cat\/inssalvadorsunyer\/departaments\/dep-de-llengues\/\"><img loading=\"lazy\" decoding=\"async\" class=\"\" src=\"https:\/\/blocs.xtec.cat\/bancimatges\/files\/2019\/11\/depcatala.png\" alt=\"\" width=\"72\" height=\"72\" \/><\/a><\/td>\n<td style=\"width: 13.621%; border-style: none; background-color: #ffffff;\"><a href=\"https:\/\/agora.xtec.cat\/inssalvadorsunyer\/departaments\/orientacio\/\">\u00a0 <img loading=\"lazy\" decoding=\"async\" class=\"alignnone wp-image-15057\" src=\"https:\/\/agora.xtec.cat\/inssalvadorsunyer\/wp-content\/uploads\/usu1009\/2023\/10\/8361304-150x150.jpg\" alt=\"\" width=\"66\" height=\"66\" \/><\/a><\/td>\n<\/tr>\n<tr>\n<td style=\"width: 12.4608%; text-align: center; border-style: none; background-color: #ffffff;\">Dep. de Ci\u00e8ncies<\/td>\n<td style=\"width: 12.4607%; text-align: center; border-style: none; background-color: #ffffff;\">Dep. d&#8217;Expressi\u00f3<\/td>\n<td style=\"width: 12.3157%; text-align: center; border-style: none; background-color: #ffffff;\">Dep. d&#8217;Humanitats<\/td>\n<td style=\"width: 12.3883%; text-align: center; border-style: none; background-color: #ffffff;\">Dep. de Lleng\u00fces<\/td>\n<td style=\"width: 13.621%; text-align: center; border-style: none; background-color: #ffffff;\">Dep. d&#8217;Orientaci\u00f3<\/td>\n<\/tr>\n<\/tbody>\n<\/table>\n","protected":false},"excerpt":{"rendered":"<p>\u00a0 \u00a0 \u00a0 \u00a0 \u00a0 Dep. de Ci\u00e8ncies Dep. d&#8217;Expressi\u00f3 Dep. d&#8217;Humanitats Dep. de Lleng\u00fces Dep. d&#8217;Orientaci\u00f3<\/p>\n","protected":false},"author":1,"featured_media":0,"parent":497,"menu_order":3,"comment_status":"closed","ping_status":"closed","template":"","meta":{"_bbp_topic_count":0,"_bbp_reply_count":0,"_bbp_total_topic_count":0,"_bbp_total_reply_count":0,"_bbp_voice_count":0,"_bbp_anonymous_reply_count":0,"_bbp_topic_count_hidden":0,"_bbp_reply_count_hidden":0,"_bbp_forum_subforum_count":0,"site-sidebar-layout":"default","site-content-layout":"","ast-site-content-layout":"","site-content-style":"default","site-sidebar-style":"default","ast-global-header-display":"","ast-banner-title-visibility":"","ast-main-header-display":"","ast-hfb-above-header-display":"","ast-hfb-below-header-display":"","ast-hfb-mobile-header-display":"","site-post-title":"","ast-breadcrumbs-content":"","ast-featured-img":"","footer-sml-layout":"","theme-transparent-header-meta":"","adv-header-id-meta":"","stick-header-meta":"","header-above-stick-meta":"","header-main-stick-meta":"","header-below-stick-meta":"","astra-migrate-meta-layouts":"default","ast-page-background-enabled":"default","ast-page-background-meta":{"desktop":{"background-color":"var(--ast-global-color-4)","background-image":"","background-repeat":"repeat","background-position":"center center","background-size":"auto","background-attachment":"scroll","background-type":"","background-media":"","overlay-type":"","overlay-color":"","overlay-opacity":"","overlay-gradient":""},"tablet":{"background-color":"","background-image":"","background-repeat":"repeat","background-position":"center center","background-size":"auto","background-attachment":"scroll","background-type":"","background-media":"","overlay-type":"","overlay-color":"","overlay-opacity":"","overlay-gradient":""},"mobile":{"background-color":"","background-image":"","background-repeat":"repeat","background-position":"center center","background-size":"auto","background-attachment":"scroll","background-type":"","background-media":"","overlay-type":"","overlay-color":"","overlay-opacity":"","overlay-gradient":""}},"ast-content-background-meta":{"desktop":{"background-color":"var(--ast-global-color-5)","background-image":"","background-repeat":"repeat","background-position":"center center","background-size":"auto","background-attachment":"scroll","background-type":"","background-media":"","overlay-type":"","overlay-color":"","overlay-opacity":"","overlay-gradient":""},"tablet":{"background-color":"var(--ast-global-color-5)","background-image":"","background-repeat":"repeat","background-position":"center center","background-size":"auto","background-attachment":"scroll","background-type":"","background-media":"","overlay-type":"","overlay-color":"","overlay-opacity":"","overlay-gradient":""},"mobile":{"background-color":"var(--ast-global-color-5)","background-image":"","background-repeat":"repeat","background-position":"center center","background-size":"auto","background-attachment":"scroll","background-type":"","background-media":"","overlay-type":"","overlay-color":"","overlay-opacity":"","overlay-gradient":""}},"footnotes":""},"class_list":["post-10296","page","type-page","status-publish","hentry"],"post_mailing_queue_ids":[],"_links":{"self":[{"href":"https:\/\/agora.xtec.cat\/inssalvadorsunyer\/wp-json\/wp\/v2\/pages\/10296","targetHints":{"allow":["GET"]}}],"collection":[{"href":"https:\/\/agora.xtec.cat\/inssalvadorsunyer\/wp-json\/wp\/v2\/pages"}],"about":[{"href":"https:\/\/agora.xtec.cat\/inssalvadorsunyer\/wp-json\/wp\/v2\/types\/page"}],"author":[{"embeddable":true,"href":"https:\/\/agora.xtec.cat\/inssalvadorsunyer\/wp-json\/wp\/v2\/users\/1"}],"replies":[{"embeddable":true,"href":"https:\/\/agora.xtec.cat\/inssalvadorsunyer\/wp-json\/wp\/v2\/comments?post=10296"}],"version-history":[{"count":6,"href":"https:\/\/agora.xtec.cat\/inssalvadorsunyer\/wp-json\/wp\/v2\/pages\/10296\/revisions"}],"predecessor-version":[{"id":15474,"href":"https:\/\/agora.xtec.cat\/inssalvadorsunyer\/wp-json\/wp\/v2\/pages\/10296\/revisions\/15474"}],"up":[{"embeddable":true,"href":"https:\/\/agora.xtec.cat\/inssalvadorsunyer\/wp-json\/wp\/v2\/pages\/497"}],"wp:attachment":[{"href":"https:\/\/agora.xtec.cat\/inssalvadorsunyer\/wp-json\/wp\/v2\/media?parent=10296"}],"curies":[{"name":"wp","href":"https:\/\/api.w.org\/{rel}","templated":true}]}}