{"id":601,"date":"2017-11-08T23:24:59","date_gmt":"2017-11-08T22:24:59","guid":{"rendered":"http:\/\/agora.xtec.cat\/insrosetamauri\/?page_id=601"},"modified":"2021-11-15T22:08:52","modified_gmt":"2021-11-15T21:08:52","slug":"acces-directe","status":"publish","type":"page","link":"https:\/\/agora.xtec.cat\/insrosetamauri\/acces-directe\/","title":{"rendered":"Acc\u00e9s directe"},"content":{"rendered":"<p>Facilitem l&#8217;acc\u00e9s directe a diverses p\u00e0gines web relacionades amb el centre:<\/p>\n<ul>\n<li><a href=\"https:\/\/login.ieduca.com\/?error=login.no_token&amp;lang=ca&amp;centre=insrosetamauri&amp;modul=base&amp;urlback=L2luZGV4LnBocD9zZWNjaW89MTQx&amp;__cf_chl_jschl_tk__=d8d7d06316b65a8d3d9fa9870b2c77b8b949626d-1607277680-0-ARa6en_4L6_I8wT0Mu0BT7DGWVkIHbfJymnfp6SwQVlYPeNAfVzKWoh-tXogGQuIpSgU6xjCh74HBnmPG1G_DGaDS6GwZU3OupsS2s6P_1-pzsC0G86iZY8OEr4QRt7OdKrEP4dDGfW7eg1G4WZ35KGsK_O0Crt7Fb7EAuFh5sbTevQmIQHVp12I5PPg1_zIxW7Sn4LBSzCnMT3mFbKc6Q5uc4dxuZf2A9HnMbIrR1ADgkRqZBzVqkmeruDWcHfwQF4TmlYJwsi7FQvJvwTI-hXHhYEJBEt-3fslZjKZIe7vd9xQ0TrTj8DVP4IHKtIgGRmCz6hidd0wU8Vo5eMsSr3_WxIldP1TpIOKmMMcosr11mBtTRRL3-pJzrspXGPG2bKbg8Sz-06uL2_scuoh4zsV_3Fstd2Ds1nncK6aYyzOVe1TY4B_1XnmOEDXQRGeRQ\" target=\"_blank\" rel=\"noopener noreferrer\">ieduca<\/a><\/li>\n<li><a href=\"https:\/\/classroom.google.com\/u\/0\/h?hl=es\" target=\"_blank\" rel=\"noopener noreferrer\">Classroom<\/a><\/li>\n<li><a href=\"https:\/\/inici.espai.educacio.gencat.cat\/\" target=\"_blank\" rel=\"noopener noreferrer\">Portal de centre<\/a><\/li>\n<li><a href=\"http:\/\/xtec.gencat.cat\/ca\/la-meva-xtec\/\" target=\"_blank\" rel=\"noopener noreferrer\">La meva xtec<\/a><\/li>\n<li><a style=\"color: #2795b6;\" href=\"http:\/\/ctti.telefonicalearningservices.com\/home?parameterAutoLoginLogin=usuari@test.com&amp;parameterAutoLoginPassword=usuari\" target=\"_blank\" rel=\"noopener noreferrer\">Konica Minolta<\/a><\/li>\n<li><a href=\"https:\/\/www.science-bits.com\/site\/index.php?lang=ca&amp;\" target=\"_blank\" rel=\"noopener noreferrer\">Science Bits<\/a><\/li>\n<li><a href=\"https:\/\/agora.xtec.cat\/insrosetamauri\/comissio-tac\/\">Comissi\u00f3 TAC<\/a><\/li>\n<\/ul>\n","protected":false},"excerpt":{"rendered":"<p>Facilitem l&#8217;acc\u00e9s directe a diverses p\u00e0gines web relacionades amb el centre:<\/p>\n<ul>\n<li><a href=\"https:\/\/login.ieduca.com\/?error=login.no_token&amp;lang=ca&amp;centre=insrosetamauri&amp;modul=base&amp;urlback=L2luZGV4LnBocD9zZWNjaW89MTQx&amp;__cf_chl_jschl_tk__=d8d7d06316b65a8d3d9fa9870b2c77b8b949626d-1607277680-0-ARa6en_4L6_I8wT0Mu0BT7DGWVkIHbfJymnfp6SwQVlYPeNAfVzKWoh-tXogGQuIpSgU6xjCh74HBnmPG1G_DGaDS6GwZU3OupsS2s6P_1-pzsC0G86iZY8OEr4QRt7OdKrEP4dDGfW7eg1G4WZ35KGsK_O0Crt7Fb7EAuFh5sbTevQmIQHVp12I5PPg1_zIxW7Sn4LBSzCnMT3mFbKc6Q5uc4dxuZf2A9HnMbIrR1ADgkRqZBzVqkmeruDWcHfwQF4TmlYJwsi7FQvJvwTI-hXHhYEJBEt-3fslZjKZIe7vd9xQ0TrTj8DVP4IHKtIgGRmCz6hidd0wU8Vo5eMsSr3_WxIldP1TpIOKmMMcosr11mBtTRRL3-pJzrspXGPG2bKbg8Sz-06uL2_scuoh4zsV_3Fstd2Ds1nncK6aYyzOVe1TY4B_1XnmOEDXQRGeRQ\" target=\"_blank\" rel=\"noopener noreferrer\">ieduca<\/a><\/li>\n<li><a href=\"https:\/\/classroom.google.com\/u\/0\/h?hl=es\" target=\"_blank\" rel=\"noopener noreferrer\">Classroom<\/a><\/li>\n<li><a href=\"https:\/\/inici.espai.educacio.gencat.cat\/\" target=\"_blank\" rel=\"noopener noreferrer\">Portal de centre<\/a><\/li>\n<li><a href=\"http:\/\/xtec.gencat.cat\/ca\/la-meva-xtec\/\" target=\"_blank\" rel=\"noopener noreferrer\">La meva xtec<\/a><\/li>\n<li><a style=\"color: #2795b6;\" href=\"http:\/\/ctti.telefonicalearningservices.com\/home?parameterAutoLoginLogin=usuari@test.com&amp;parameterAutoLoginPassword=usuari\" target=\"_blank\" rel=\"noopener noreferrer\">Konica Minolta<\/a><\/li>\n<li><a href=\"https:\/\/www.science-bits.com\/site\/index.php?lang=ca&amp;\" target=\"_blank\" rel=\"noopener noreferrer\">Science Bits<\/a><\/li>\n<li><a href=\"https:\/\/agora.xtec.cat\/insrosetamauri\/comissio-tac\/\">Comissi\u00f3 TAC<\/a><\/li>\n<\/ul>\n","protected":false},"author":3,"featured_media":0,"parent":0,"menu_order":0,"comment_status":"closed","ping_status":"closed","template":"page-templates\/side-menu.php","meta":{"_bbp_topic_count":0,"_bbp_reply_count":0,"_bbp_total_topic_count":0,"_bbp_total_reply_count":0,"_bbp_voice_count":0,"_bbp_anonymous_reply_count":0,"_bbp_topic_count_hidden":0,"_bbp_reply_count_hidden":0,"_bbp_forum_subforum_count":0,"footnotes":""},"class_list":["post-601","page","type-page","status-publish","hentry"],"post_mailing_queue_ids":[],"_links":{"self":[{"href":"https:\/\/agora.xtec.cat\/insrosetamauri\/wp-json\/wp\/v2\/pages\/601","targetHints":{"allow":["GET"]}}],"collection":[{"href":"https:\/\/agora.xtec.cat\/insrosetamauri\/wp-json\/wp\/v2\/pages"}],"about":[{"href":"https:\/\/agora.xtec.cat\/insrosetamauri\/wp-json\/wp\/v2\/types\/page"}],"author":[{"embeddable":true,"href":"https:\/\/agora.xtec.cat\/insrosetamauri\/wp-json\/wp\/v2\/users\/3"}],"replies":[{"embeddable":true,"href":"https:\/\/agora.xtec.cat\/insrosetamauri\/wp-json\/wp\/v2\/comments?post=601"}],"version-history":[{"count":4,"href":"https:\/\/agora.xtec.cat\/insrosetamauri\/wp-json\/wp\/v2\/pages\/601\/revisions"}],"predecessor-version":[{"id":3505,"href":"https:\/\/agora.xtec.cat\/insrosetamauri\/wp-json\/wp\/v2\/pages\/601\/revisions\/3505"}],"wp:attachment":[{"href":"https:\/\/agora.xtec.cat\/insrosetamauri\/wp-json\/wp\/v2\/media?parent=601"}],"curies":[{"name":"wp","href":"https:\/\/api.w.org\/{rel}","templated":true}]}}