{"id":584,"date":"2017-11-07T11:27:30","date_gmt":"2017-11-07T10:27:30","guid":{"rendered":"http:\/\/agora.xtec.cat\/insrosetamauri\/?page_id=584"},"modified":"2020-12-06T18:42:44","modified_gmt":"2020-12-06T17:42:44","slug":"aquiproubullying","status":"publish","type":"page","link":"https:\/\/agora.xtec.cat\/insrosetamauri\/projecte-educatiu\/aquiproubullying\/","title":{"rendered":"#aquiproubullying"},"content":{"rendered":"<p><strong>#aquiproubullying<\/strong><\/p>\n<p style=\"text-align: justify;\">El centre ha estat escollit per formar part del Programa d\u2019innovaci\u00f3 pedag\u00f2gica #aquiproubullying de prevenci\u00f3, detecci\u00f3 i intervenci\u00f3 davant de l\u2019assetjament escolar. Amb la participaci\u00f3 de tota\u00a0 la comunitat educativa, el programa incideix en la sensibilitzaci\u00f3 en la prevenci\u00f3 de l\u2019assetjament i la seva eradicaci\u00f3; la detecci\u00f3 i la intervenci\u00f3, davant possibles situacions d\u2019assetjament entre iguals; la implicaci\u00f3 de l\u2019alumnat per prevenir-lo i, si s\u2019escau, detectar-lo. T\u00e9 una durada de dos cursos. En el primer es du a terme la formaci\u00f3, l\u2019elaboraci\u00f3 del projecte de centre, la implementaci\u00f3 i l\u2019avaluaci\u00f3.<\/p>\n<p><a href=\"http:\/\/xtec.gencat.cat\/ca\/centres\/projeducatiu\/convivencia\/aquiproubullying\" target=\"_blank\" rel=\"noopener noreferrer\">Enlla\u00e7<\/a><\/p>\n","protected":false},"excerpt":{"rendered":"<p>#aquiproubullying<br \/>\nEl centre ha estat escollit per formar part del Programa d\u2019innovaci\u00f3 pedag\u00f2gica #aquiproubullying de prevenci\u00f3, detecci\u00f3 i intervenci\u00f3 davant de l\u2019assetjament escolar. Amb la participaci\u00f3 de tota\u00a0 la comunitat educativa, el programa incideix en la sensibilitzaci\u00f3 en la prevenci\u00f3 de l\u2019assetjament i la seva eradicaci\u00f3;&hellip;  <a href=\"https:\/\/agora.xtec.cat\/insrosetamauri\/projecte-educatiu\/aquiproubullying\/\" title=\"Read #aquiproubullying\">Llegeix m\u00e9s\u00bb<\/a><\/p>\n","protected":false},"author":3,"featured_media":0,"parent":57,"menu_order":1,"comment_status":"closed","ping_status":"closed","template":"page-templates\/side-menu.php","meta":{"_bbp_topic_count":0,"_bbp_reply_count":0,"_bbp_total_topic_count":0,"_bbp_total_reply_count":0,"_bbp_voice_count":0,"_bbp_anonymous_reply_count":0,"_bbp_topic_count_hidden":0,"_bbp_reply_count_hidden":0,"_bbp_forum_subforum_count":0,"footnotes":""},"class_list":["post-584","page","type-page","status-publish","hentry"],"post_mailing_queue_ids":[],"_links":{"self":[{"href":"https:\/\/agora.xtec.cat\/insrosetamauri\/wp-json\/wp\/v2\/pages\/584","targetHints":{"allow":["GET"]}}],"collection":[{"href":"https:\/\/agora.xtec.cat\/insrosetamauri\/wp-json\/wp\/v2\/pages"}],"about":[{"href":"https:\/\/agora.xtec.cat\/insrosetamauri\/wp-json\/wp\/v2\/types\/page"}],"author":[{"embeddable":true,"href":"https:\/\/agora.xtec.cat\/insrosetamauri\/wp-json\/wp\/v2\/users\/3"}],"replies":[{"embeddable":true,"href":"https:\/\/agora.xtec.cat\/insrosetamauri\/wp-json\/wp\/v2\/comments?post=584"}],"version-history":[{"count":3,"href":"https:\/\/agora.xtec.cat\/insrosetamauri\/wp-json\/wp\/v2\/pages\/584\/revisions"}],"predecessor-version":[{"id":2446,"href":"https:\/\/agora.xtec.cat\/insrosetamauri\/wp-json\/wp\/v2\/pages\/584\/revisions\/2446"}],"up":[{"embeddable":true,"href":"https:\/\/agora.xtec.cat\/insrosetamauri\/wp-json\/wp\/v2\/pages\/57"}],"wp:attachment":[{"href":"https:\/\/agora.xtec.cat\/insrosetamauri\/wp-json\/wp\/v2\/media?parent=584"}],"curies":[{"name":"wp","href":"https:\/\/api.w.org\/{rel}","templated":true}]}}