{"id":387,"date":"2017-10-22T20:45:15","date_gmt":"2017-10-22T18:45:15","guid":{"rendered":"http:\/\/agora.xtec.cat\/insrosetamauri\/?page_id=387"},"modified":"2020-12-06T18:43:54","modified_gmt":"2020-12-06T17:43:54","slug":"projecte-smile","status":"publish","type":"page","link":"https:\/\/agora.xtec.cat\/insrosetamauri\/projecte-educatiu\/projecte-smile\/","title":{"rendered":"Projecte SMILE"},"content":{"rendered":"<p>Aquest projecte ( Sudent Mobility In Learning English) \u00e9s un programa de treball conjunt entre la Universitat Rovira i Virgili i alguns Instituts de secund\u00e0ria del territori de Tarragona. Aquest \u00e9s el segon curs que nosaltres el desenvolupem. Est\u00e0 especialment dissenyat per impulsar l\u2019\u00fas de les lleng\u00fces estrangeres als centres de secund\u00e0ria , els quals al mateix temps esdevenen centres de pr\u00e0ctiques per als alumnes ERASMUS que v\u00e9nen a aquesta universitat procedents d\u2019altres pa\u00efsos. Aquests alumnes treballen com language assistants i obtenen 6 cr\u00e8dits despr\u00e9s de completar 40 hores de treball en els centres de secund\u00e0ria assignats.<\/p>\n","protected":false},"excerpt":{"rendered":"<p>Aquest projecte ( Sudent Mobility In Learning English) \u00e9s un programa de treball conjunt entre la Universitat Rovira i Virgili i alguns Instituts de secund\u00e0ria del territori de Tarragona. Aquest \u00e9s el segon curs que nosaltres el desenvolupem. Est\u00e0 especialment dissenyat per impulsar l\u2019\u00fas de&hellip;  <a href=\"https:\/\/agora.xtec.cat\/insrosetamauri\/projecte-educatiu\/projecte-smile\/\" title=\"Read Projecte SMILE\">Llegeix m\u00e9s\u00bb<\/a><\/p>\n","protected":false},"author":3,"featured_media":0,"parent":57,"menu_order":5,"comment_status":"closed","ping_status":"closed","template":"page-templates\/side-menu.php","meta":{"_bbp_topic_count":0,"_bbp_reply_count":0,"_bbp_total_topic_count":0,"_bbp_total_reply_count":0,"_bbp_voice_count":0,"_bbp_anonymous_reply_count":0,"_bbp_topic_count_hidden":0,"_bbp_reply_count_hidden":0,"_bbp_forum_subforum_count":0,"footnotes":""},"class_list":["post-387","page","type-page","status-publish","hentry"],"post_mailing_queue_ids":[],"_links":{"self":[{"href":"https:\/\/agora.xtec.cat\/insrosetamauri\/wp-json\/wp\/v2\/pages\/387","targetHints":{"allow":["GET"]}}],"collection":[{"href":"https:\/\/agora.xtec.cat\/insrosetamauri\/wp-json\/wp\/v2\/pages"}],"about":[{"href":"https:\/\/agora.xtec.cat\/insrosetamauri\/wp-json\/wp\/v2\/types\/page"}],"author":[{"embeddable":true,"href":"https:\/\/agora.xtec.cat\/insrosetamauri\/wp-json\/wp\/v2\/users\/3"}],"replies":[{"embeddable":true,"href":"https:\/\/agora.xtec.cat\/insrosetamauri\/wp-json\/wp\/v2\/comments?post=387"}],"version-history":[{"count":3,"href":"https:\/\/agora.xtec.cat\/insrosetamauri\/wp-json\/wp\/v2\/pages\/387\/revisions"}],"predecessor-version":[{"id":2449,"href":"https:\/\/agora.xtec.cat\/insrosetamauri\/wp-json\/wp\/v2\/pages\/387\/revisions\/2449"}],"up":[{"embeddable":true,"href":"https:\/\/agora.xtec.cat\/insrosetamauri\/wp-json\/wp\/v2\/pages\/57"}],"wp:attachment":[{"href":"https:\/\/agora.xtec.cat\/insrosetamauri\/wp-json\/wp\/v2\/media?parent=387"}],"curies":[{"name":"wp","href":"https:\/\/api.w.org\/{rel}","templated":true}]}}