{"id":383,"date":"2017-10-22T20:42:49","date_gmt":"2017-10-22T18:42:49","guid":{"rendered":"http:\/\/agora.xtec.cat\/insrosetamauri\/?page_id=383"},"modified":"2020-12-06T18:43:31","modified_gmt":"2020-12-06T17:43:31","slug":"projecte-de-teatre","status":"publish","type":"page","link":"https:\/\/agora.xtec.cat\/insrosetamauri\/projecte-educatiu\/projecte-de-teatre\/","title":{"rendered":"Projecte de teatre"},"content":{"rendered":"<div>\n<h3><\/h3>\n<p>L\u2019Institut Roseta Mauri desenvolupa\u00a0 un projecte de teatre\u00a0 des del curs 2011-2012. Els alumnes participants s\u00f3n \u00a0de segon cicle d\u2019ESO, els quals porten a terme totes les tasques\u00a0 necess\u00e0ries per representar una obra teatral (s\u00f3n maquilladors, encarregats de vestuari, de perruqueria, atrezzo&#8230;)\u00a0 . \u00c9s un exercici d\u2019aprenentatge-servei d\u2019uns alumnes envers uns altres, treballen conjuntament. D\u2019aquesta manera, adquireixen responsabilitats i compromisos en un entorn de treball en equip per tal d\u2019experimentar la satisfacci\u00f3 del treball ben fet, com a individus i com a membres d\u2019un equip.<\/p>\n<p><span lang=\"CA\">En aquest entorn, es treballen de manera transversal aspectes propis del curr\u00edculum dels alumnes, per\u00f2 tamb\u00e9 altra mena d\u2019habilitats socials i d\u2019autoconeixement (expressivitat, autonomia, atenci\u00f3, coordinaci\u00f3&#8230;) que poden ajudar-los a cr\u00e9ixer com a persones. I tot aix\u00f2\u00a0 en un ambient que no deixa de ser per a ells diferent, motivador, atractiu\u00a0 i l\u00fadic<\/span><span lang=\"CA\">.<\/span><\/p>\n<\/div>\n<div>\n<div>\n<div>\n<div><\/div>\n<\/div>\n<\/div>\n<\/div>\n","protected":false},"excerpt":{"rendered":"<p>L\u2019Institut Roseta Mauri desenvolupa\u00a0 un projecte de teatre\u00a0 des del curs 2011-2012. Els alumnes participants s\u00f3n \u00a0de segon cicle d\u2019ESO, els quals porten a terme totes les tasques\u00a0 necess\u00e0ries per representar una obra teatral (s\u00f3n maquilladors, encarregats de vestuari, de perruqueria, atrezzo&#8230;)\u00a0 . \u00c9s un&hellip;  <a href=\"https:\/\/agora.xtec.cat\/insrosetamauri\/projecte-educatiu\/projecte-de-teatre\/\" title=\"Read Projecte de teatre\">Llegeix m\u00e9s\u00bb<\/a><\/p>\n","protected":false},"author":3,"featured_media":0,"parent":57,"menu_order":4,"comment_status":"closed","ping_status":"closed","template":"page-templates\/side-menu.php","meta":{"_bbp_topic_count":0,"_bbp_reply_count":0,"_bbp_total_topic_count":0,"_bbp_total_reply_count":0,"_bbp_voice_count":0,"_bbp_anonymous_reply_count":0,"_bbp_topic_count_hidden":0,"_bbp_reply_count_hidden":0,"_bbp_forum_subforum_count":0,"footnotes":""},"class_list":["post-383","page","type-page","status-publish","hentry"],"post_mailing_queue_ids":[],"_links":{"self":[{"href":"https:\/\/agora.xtec.cat\/insrosetamauri\/wp-json\/wp\/v2\/pages\/383","targetHints":{"allow":["GET"]}}],"collection":[{"href":"https:\/\/agora.xtec.cat\/insrosetamauri\/wp-json\/wp\/v2\/pages"}],"about":[{"href":"https:\/\/agora.xtec.cat\/insrosetamauri\/wp-json\/wp\/v2\/types\/page"}],"author":[{"embeddable":true,"href":"https:\/\/agora.xtec.cat\/insrosetamauri\/wp-json\/wp\/v2\/users\/3"}],"replies":[{"embeddable":true,"href":"https:\/\/agora.xtec.cat\/insrosetamauri\/wp-json\/wp\/v2\/comments?post=383"}],"version-history":[{"count":3,"href":"https:\/\/agora.xtec.cat\/insrosetamauri\/wp-json\/wp\/v2\/pages\/383\/revisions"}],"predecessor-version":[{"id":2448,"href":"https:\/\/agora.xtec.cat\/insrosetamauri\/wp-json\/wp\/v2\/pages\/383\/revisions\/2448"}],"up":[{"embeddable":true,"href":"https:\/\/agora.xtec.cat\/insrosetamauri\/wp-json\/wp\/v2\/pages\/57"}],"wp:attachment":[{"href":"https:\/\/agora.xtec.cat\/insrosetamauri\/wp-json\/wp\/v2\/media?parent=383"}],"curies":[{"name":"wp","href":"https:\/\/api.w.org\/{rel}","templated":true}]}}