{"id":381,"date":"2017-10-22T20:39:59","date_gmt":"2017-10-22T18:39:59","guid":{"rendered":"http:\/\/agora.xtec.cat\/insrosetamauri\/?page_id=381"},"modified":"2020-12-06T18:43:16","modified_gmt":"2020-12-06T17:43:16","slug":"projecte-de-robotica-first-lego-league","status":"publish","type":"page","link":"https:\/\/agora.xtec.cat\/insrosetamauri\/projecte-educatiu\/projecte-de-robotica-first-lego-league\/","title":{"rendered":"Projecte de rob\u00f2tica. First Lego League"},"content":{"rendered":"<p>El projecte de rob\u00f2tica FIRST LEGO League suposa la integraci\u00f3 dels continguts curriculars de l\u2019\u00e0rea de Tecnologia amb valors imprescindibles per a joves que es troben en el proc\u00e9s de formaci\u00f3 com ara la innovaci\u00f3, la cooperaci\u00f3, el treball en xarxa i l\u2019emprenedoria.<br \/>\nEl projecte s\u2019estructura en tres grans blocs: dissseny i programaci\u00f3, desenvolupament i defensa d\u2019un projecte i exposici\u00f3 dels valors d\u2019equip.<br \/>\nL\u2019equip LEGO de l\u2019Institut prepara la competici\u00f3 a trav\u00e9s d\u2019una mat\u00e8ria optativa amb alumnes de 3r d\u2019ESO i fa del treball cooperatiu la seva base m\u00e9s ferma.<\/p>\n<p>Visiteu el nostre <a href=\"http:\/\/legorosetamauri.blogspot.com.es\/\" target=\"_blank\" rel=\"noopener noreferrer\">bloc<\/a>!<\/p>\n<p><a href=\"http:\/\/agora.xtec.cat\/insrosetamauri\/wp-content\/uploads\/usu605\/2017\/10\/fll.jpg\"><img loading=\"lazy\" decoding=\"async\" class=\"alignnone wp-image-629\" src=\"http:\/\/agora.xtec.cat\/insrosetamauri\/wp-content\/uploads\/usu605\/2017\/10\/fll.jpg\" alt=\"\" width=\"193\" height=\"187\" srcset=\"https:\/\/agora.xtec.cat\/insrosetamauri\/wp-content\/uploads\/usu605\/2017\/10\/fll.jpg 430w, https:\/\/agora.xtec.cat\/insrosetamauri\/wp-content\/uploads\/usu605\/2017\/10\/fll-300x291.jpg 300w\" sizes=\"auto, (max-width: 193px) 100vw, 193px\" \/><\/a><\/p>\n","protected":false},"excerpt":{"rendered":"<p>El projecte de rob\u00f2tica FIRST LEGO League suposa la integraci\u00f3 dels continguts curriculars de l\u2019\u00e0rea de Tecnologia amb valors imprescindibles per a joves que es troben en el proc\u00e9s de formaci\u00f3 com ara la innovaci\u00f3, la cooperaci\u00f3, el treball en xarxa i l\u2019emprenedoria.<br \/>\nEl projecte s\u2019estructura&hellip;  <a href=\"https:\/\/agora.xtec.cat\/insrosetamauri\/projecte-educatiu\/projecte-de-robotica-first-lego-league\/\" title=\"Read Projecte de rob\u00f2tica. First Lego League\">Llegeix m\u00e9s\u00bb<\/a><\/p>\n","protected":false},"author":3,"featured_media":0,"parent":57,"menu_order":3,"comment_status":"closed","ping_status":"closed","template":"page-templates\/side-menu.php","meta":{"_bbp_topic_count":0,"_bbp_reply_count":0,"_bbp_total_topic_count":0,"_bbp_total_reply_count":0,"_bbp_voice_count":0,"_bbp_anonymous_reply_count":0,"_bbp_topic_count_hidden":0,"_bbp_reply_count_hidden":0,"_bbp_forum_subforum_count":0,"footnotes":""},"class_list":["post-381","page","type-page","status-publish","hentry"],"post_mailing_queue_ids":[],"_links":{"self":[{"href":"https:\/\/agora.xtec.cat\/insrosetamauri\/wp-json\/wp\/v2\/pages\/381","targetHints":{"allow":["GET"]}}],"collection":[{"href":"https:\/\/agora.xtec.cat\/insrosetamauri\/wp-json\/wp\/v2\/pages"}],"about":[{"href":"https:\/\/agora.xtec.cat\/insrosetamauri\/wp-json\/wp\/v2\/types\/page"}],"author":[{"embeddable":true,"href":"https:\/\/agora.xtec.cat\/insrosetamauri\/wp-json\/wp\/v2\/users\/3"}],"replies":[{"embeddable":true,"href":"https:\/\/agora.xtec.cat\/insrosetamauri\/wp-json\/wp\/v2\/comments?post=381"}],"version-history":[{"count":3,"href":"https:\/\/agora.xtec.cat\/insrosetamauri\/wp-json\/wp\/v2\/pages\/381\/revisions"}],"predecessor-version":[{"id":631,"href":"https:\/\/agora.xtec.cat\/insrosetamauri\/wp-json\/wp\/v2\/pages\/381\/revisions\/631"}],"up":[{"embeddable":true,"href":"https:\/\/agora.xtec.cat\/insrosetamauri\/wp-json\/wp\/v2\/pages\/57"}],"wp:attachment":[{"href":"https:\/\/agora.xtec.cat\/insrosetamauri\/wp-json\/wp\/v2\/media?parent=381"}],"curies":[{"name":"wp","href":"https:\/\/api.w.org\/{rel}","templated":true}]}}