{"id":2502,"date":"2020-12-06T20:16:53","date_gmt":"2020-12-06T19:16:53","guid":{"rendered":"http:\/\/agora.xtec.cat\/insrosetamauri\/?page_id=2502"},"modified":"2021-03-01T17:52:04","modified_gmt":"2021-03-01T16:52:04","slug":"horari-datencio-al-public","status":"publish","type":"page","link":"https:\/\/agora.xtec.cat\/insrosetamauri\/secretaria-2\/horari-datencio-al-public\/","title":{"rendered":"Horari d&#8217;atenci\u00f3 al p\u00fablic"},"content":{"rendered":"<p>Horari d&#8217;atenci\u00f3 al p\u00fablic secretaria:<\/p>\n<p>De dilluns a divendres de 9:00 a 14:00<\/p>\n<p>Correu electr\u00f2nic: <a href=\"mailto:secretaria@iesrosetamauri.org\">secretaria@iesrosetamauri.org<\/a><\/p>\n<p>&nbsp;<\/p>\n","protected":false},"excerpt":{"rendered":"<p>Horari d&#8217;atenci\u00f3 al p\u00fablic secretaria:<br \/>\nDe dilluns a divendres de 9:00 a 14:00<br \/>\nCorreu electr\u00f2nic: <a href=\"mailto:secretaria@iesrosetamauri.org\">secretaria@iesrosetamauri.org<\/a><br \/>\n&nbsp;<\/p>\n","protected":false},"author":3,"featured_media":0,"parent":2499,"menu_order":1,"comment_status":"closed","ping_status":"closed","template":"page-templates\/side-menu.php","meta":{"_bbp_topic_count":0,"_bbp_reply_count":0,"_bbp_total_topic_count":0,"_bbp_total_reply_count":0,"_bbp_voice_count":0,"_bbp_anonymous_reply_count":0,"_bbp_topic_count_hidden":0,"_bbp_reply_count_hidden":0,"_bbp_forum_subforum_count":0,"footnotes":""},"class_list":["post-2502","page","type-page","status-publish","hentry"],"post_mailing_queue_ids":[],"_links":{"self":[{"href":"https:\/\/agora.xtec.cat\/insrosetamauri\/wp-json\/wp\/v2\/pages\/2502","targetHints":{"allow":["GET"]}}],"collection":[{"href":"https:\/\/agora.xtec.cat\/insrosetamauri\/wp-json\/wp\/v2\/pages"}],"about":[{"href":"https:\/\/agora.xtec.cat\/insrosetamauri\/wp-json\/wp\/v2\/types\/page"}],"author":[{"embeddable":true,"href":"https:\/\/agora.xtec.cat\/insrosetamauri\/wp-json\/wp\/v2\/users\/3"}],"replies":[{"embeddable":true,"href":"https:\/\/agora.xtec.cat\/insrosetamauri\/wp-json\/wp\/v2\/comments?post=2502"}],"version-history":[{"count":3,"href":"https:\/\/agora.xtec.cat\/insrosetamauri\/wp-json\/wp\/v2\/pages\/2502\/revisions"}],"predecessor-version":[{"id":2814,"href":"https:\/\/agora.xtec.cat\/insrosetamauri\/wp-json\/wp\/v2\/pages\/2502\/revisions\/2814"}],"up":[{"embeddable":true,"href":"https:\/\/agora.xtec.cat\/insrosetamauri\/wp-json\/wp\/v2\/pages\/2499"}],"wp:attachment":[{"href":"https:\/\/agora.xtec.cat\/insrosetamauri\/wp-json\/wp\/v2\/media?parent=2502"}],"curies":[{"name":"wp","href":"https:\/\/api.w.org\/{rel}","templated":true}]}}