{"id":2451,"date":"2020-12-06T18:36:26","date_gmt":"2020-12-06T17:36:26","guid":{"rendered":"http:\/\/agora.xtec.cat\/insrosetamauri\/?page_id=2451"},"modified":"2020-12-06T18:45:58","modified_gmt":"2020-12-06T17:45:58","slug":"programa-poefe","status":"publish","type":"page","link":"https:\/\/agora.xtec.cat\/insrosetamauri\/projecte-educatiu\/programa-poefe\/","title":{"rendered":"Programa POEFE"},"content":{"rendered":"<p>El centre forma part del Programa POEFE &#8220;Programa de Orientaci\u00f3n y Refuerzo para el Avance y el Apoyo en Educaci\u00f3n&#8221; del Ministeri d&#8217;Educaci\u00f3 i Formaci\u00f3 Professional i est\u00e0 cofinan\u00e7at pel &#8220;Programa Operatiu d&#8217;Ocupaci\u00f3, Formaci\u00f3 i Educaci\u00f3 del Fons Social Europeu 2014-2020&#8221;.<\/p>\n<p>&nbsp;<\/p>\n","protected":false},"excerpt":{"rendered":"<p>El centre forma part del Programa POEFE &#8220;Programa de Orientaci\u00f3n y Refuerzo para el Avance y el Apoyo en Educaci\u00f3n&#8221; del Ministeri d&#8217;Educaci\u00f3 i Formaci\u00f3 Professional i est\u00e0 cofinan\u00e7at pel &#8220;Programa Operatiu d&#8217;Ocupaci\u00f3, Formaci\u00f3 i Educaci\u00f3 del Fons Social Europeu 2014-2020&#8221;.<br \/>\n&nbsp;<\/p>\n","protected":false},"author":3,"featured_media":0,"parent":57,"menu_order":12,"comment_status":"closed","ping_status":"closed","template":"page-templates\/side-menu.php","meta":{"_bbp_topic_count":0,"_bbp_reply_count":0,"_bbp_total_topic_count":0,"_bbp_total_reply_count":0,"_bbp_voice_count":0,"_bbp_anonymous_reply_count":0,"_bbp_topic_count_hidden":0,"_bbp_reply_count_hidden":0,"_bbp_forum_subforum_count":0,"footnotes":""},"class_list":["post-2451","page","type-page","status-publish","hentry"],"post_mailing_queue_ids":[],"_links":{"self":[{"href":"https:\/\/agora.xtec.cat\/insrosetamauri\/wp-json\/wp\/v2\/pages\/2451","targetHints":{"allow":["GET"]}}],"collection":[{"href":"https:\/\/agora.xtec.cat\/insrosetamauri\/wp-json\/wp\/v2\/pages"}],"about":[{"href":"https:\/\/agora.xtec.cat\/insrosetamauri\/wp-json\/wp\/v2\/types\/page"}],"author":[{"embeddable":true,"href":"https:\/\/agora.xtec.cat\/insrosetamauri\/wp-json\/wp\/v2\/users\/3"}],"replies":[{"embeddable":true,"href":"https:\/\/agora.xtec.cat\/insrosetamauri\/wp-json\/wp\/v2\/comments?post=2451"}],"version-history":[{"count":1,"href":"https:\/\/agora.xtec.cat\/insrosetamauri\/wp-json\/wp\/v2\/pages\/2451\/revisions"}],"predecessor-version":[{"id":2452,"href":"https:\/\/agora.xtec.cat\/insrosetamauri\/wp-json\/wp\/v2\/pages\/2451\/revisions\/2452"}],"up":[{"embeddable":true,"href":"https:\/\/agora.xtec.cat\/insrosetamauri\/wp-json\/wp\/v2\/pages\/57"}],"wp:attachment":[{"href":"https:\/\/agora.xtec.cat\/insrosetamauri\/wp-json\/wp\/v2\/media?parent=2451"}],"curies":[{"name":"wp","href":"https:\/\/api.w.org\/{rel}","templated":true}]}}