{"id":19,"date":"2014-09-17T14:56:56","date_gmt":"2014-09-17T14:56:56","guid":{"rendered":"http:\/\/agora.xtec.cat\/insrosetamauri\/?page_id=19"},"modified":"2025-02-17T11:37:52","modified_gmt":"2025-02-17T10:37:52","slug":"linstitut","status":"publish","type":"page","link":"https:\/\/agora.xtec.cat\/insrosetamauri\/linstitut\/","title":{"rendered":"El centre"},"content":{"rendered":"<p>L\u2019<strong>Institut Roseta Mauri <\/strong>\u00e9s un centre de secund\u00e0ria p\u00fablic ubicat a la zona sud de Reus.<\/p>\n<p>Va comen\u00e7ar a funcionar al setembre del 2008 en m\u00f2duls prefabricats i, tres cursos i mig despr\u00e9s, es va traslladar a les depend\u00e8ncies actuals, un <strong>edifici nou<\/strong> situat al carrer Jaume Vidal i Alcover.<\/p>\n<p>El centre forma part d\u2019un <strong>barri en expansi\u00f3<\/strong> amb una gran quantitat de construccions noves i amb un <strong>projecte de transformaci\u00f3<\/strong> en una <strong>\u00e0mplia zona educativa.<\/strong><\/p>\n<p><iframe loading=\"lazy\" title=\"Institut Roseta Mauri\" width=\"500\" height=\"281\" src=\"https:\/\/www.youtube.com\/embed\/aWt2SIxTcAY?feature=oembed\" frameborder=\"0\" allow=\"accelerometer; autoplay; clipboard-write; encrypted-media; gyroscope; picture-in-picture; web-share\" referrerpolicy=\"strict-origin-when-cross-origin\" allowfullscreen><\/iframe><\/p>\n<p>L&#8217;Institut disposa d\u2019un ampli conjunt d\u2019<strong>instal\u00b7lacions<\/strong> per a l\u2019exercici de les activitats acad\u00e8miques i extraescolars: aula d\u2019inform\u00e0tica, laboratori de ci\u00e8ncies, laboratori de f\u00edsica i qu\u00edmica, taller de tecnologia i de rob\u00f2tica, aula d\u2019audiovisuals, aula d\u2019acollida, biblioteca, menjador-cantina amb cuina totalment equipada, departaments, despatxos i diferents aules\u00a0grup i de desdoblaments, pati i pistes esportives (incloses les instal\u00b7lacions del Camp Mas Iglesias, ubicades davant de l\u2019Institut) i hort.<\/p>\n<p>L\u2019Institut Roseta Mauri t\u00e9 per objectiu principal <strong>educar \u00edntegrament<\/strong> el seu alumnat. proc\u00e9s en el qual s\u2019integra i es fomenta l\u2019\u00fas de les<strong> noves tecnologies. \u00a0<\/strong><\/p>\n","protected":false},"excerpt":{"rendered":"<p>L\u2019Institut Roseta Mauri \u00e9s un centre de secund\u00e0ria p\u00fablic ubicat a la zona sud de Reus.<br \/>\nVa comen\u00e7ar a funcionar al setembre del 2008 en m\u00f2duls prefabricats i, tres cursos i mig despr\u00e9s, es va traslladar a les depend\u00e8ncies actuals, un edifici nou situat al carrer&hellip;  <a href=\"https:\/\/agora.xtec.cat\/insrosetamauri\/linstitut\/\" title=\"Read El centre\">Llegeix m\u00e9s\u00bb<\/a><\/p>\n","protected":false},"author":1,"featured_media":0,"parent":0,"menu_order":1,"comment_status":"closed","ping_status":"closed","template":"page-templates\/side-menu.php","meta":{"_bbp_topic_count":0,"_bbp_reply_count":0,"_bbp_total_topic_count":0,"_bbp_total_reply_count":0,"_bbp_voice_count":0,"_bbp_anonymous_reply_count":0,"_bbp_topic_count_hidden":0,"_bbp_reply_count_hidden":0,"_bbp_forum_subforum_count":0,"footnotes":""},"class_list":["post-19","page","type-page","status-publish","hentry"],"post_mailing_queue_ids":[],"_links":{"self":[{"href":"https:\/\/agora.xtec.cat\/insrosetamauri\/wp-json\/wp\/v2\/pages\/19","targetHints":{"allow":["GET"]}}],"collection":[{"href":"https:\/\/agora.xtec.cat\/insrosetamauri\/wp-json\/wp\/v2\/pages"}],"about":[{"href":"https:\/\/agora.xtec.cat\/insrosetamauri\/wp-json\/wp\/v2\/types\/page"}],"author":[{"embeddable":true,"href":"https:\/\/agora.xtec.cat\/insrosetamauri\/wp-json\/wp\/v2\/users\/1"}],"replies":[{"embeddable":true,"href":"https:\/\/agora.xtec.cat\/insrosetamauri\/wp-json\/wp\/v2\/comments?post=19"}],"version-history":[{"count":4,"href":"https:\/\/agora.xtec.cat\/insrosetamauri\/wp-json\/wp\/v2\/pages\/19\/revisions"}],"predecessor-version":[{"id":4675,"href":"https:\/\/agora.xtec.cat\/insrosetamauri\/wp-json\/wp\/v2\/pages\/19\/revisions\/4675"}],"wp:attachment":[{"href":"https:\/\/agora.xtec.cat\/insrosetamauri\/wp-json\/wp\/v2\/media?parent=19"}],"curies":[{"name":"wp","href":"https:\/\/api.w.org\/{rel}","templated":true}]}}